{"id":5549,"date":"2025-05-30T16:32:58","date_gmt":"2025-05-30T16:32:58","guid":{"rendered":"https:\/\/aurimasb15.sg-host.com\/?post_type=product&#038;p=5549"},"modified":"2025-08-07T09:16:22","modified_gmt":"2025-08-07T09:16:22","slug":"ant-vamzdzio-montuojamas-ultragarsinis-debitomatis-m-flow-pw-keitiklis-flr","status":"publish","type":"product","link":"https:\/\/invertas.lt\/en\/produktai\/srauto-matuokliai\/ant-vamzdzio-montuojamas-ultragarsinis-debitomatis-m-flow-pw-keitiklis-flr\/","title":{"rendered":"Fuji Electric ultrasonic flowmeter M-Flow"},"content":{"rendered":"<h3 data-start=\"0\" data-end=\"14\">Fields of application<\/h3>\n<p data-start=\"19\" data-end=\"161\">Measures the flow of ultra-pure water in semiconductor manufacturing plants, paints and coatings in paint processes, water in air-conditioning systems, and irrigation.<\/p>\n<h3 data-start=\"16\" data-end=\"183\">Features<\/h3>\n<ul>\n<li>Measurement accuracy: \u00b11.5%.<\/li>\n<li>Quick response time : 0.2 sec<\/li>\n<li>Compact dimensions: 130 x 140 mm<\/li>\n<li>Output signal : 4-20 mA, pulse output, relay alarm output<\/li>\n<li>Digital communication : RS485 MODBUS\u2122 option<\/li>\n<\/ul>","protected":false},"excerpt":{"rendered":"<p>Taikymo sritys Matuoja itin gryno vandens sraut\u0105 puslaidininki\u0173 gamybos \u012fmon\u0117se, da\u017e\u0173 ir dang\u0173 sraut\u0105 da\u017eymo procesuose, vanden\u012f oro kondicionavimo sistemose ir dr\u0117kinimo sistemose. Savyb\u0117s Matavimo tikslumas: \u00b11,5\u202f% Greita reakcija: 0,2 sek. Kompakti\u0161ki matmenys: 130 \u00d7 140 mm I\u0161vesties signalas: 4\u201320 mA, impulsin\u0117 i\u0161vestis, aliarmo rel\u0117s i\u0161vestis Skaitmenin\u0117 komunikacija: RS485 MODBUS\u2122 pasirinktinai<\/p>","protected":false},"featured_media":873,"comment_status":"open","ping_status":"closed","template":"","meta":{"_acf_changed":false,"inline_featured_image":false},"product_brand":[],"product_cat":[279],"product_tag":[],"class_list":{"0":"post-5549","1":"product","2":"type-product","3":"status-publish","4":"has-post-thumbnail","6":"product_cat-srauto-matuokliai","8":"first","9":"instock","10":"shipping-taxable","11":"purchasable","12":"product-type-variable"},"acf":[],"yoast_head":"<!-- This site is optimized with the Yoast SEO plugin v25.5 - https:\/\/yoast.com\/wordpress\/plugins\/seo\/ -->\n<title>Fuji Electric ultragarsinis debitomatis M-Flow - Invertas<\/title>\n<meta name=\"description\" content=\"Itin tikslus gryno vandens srauto matavimas puslaidininki\u0173 gamyboje, da\u017e\u0173 ir dang\u0173 srauto kontrol\u0117 da\u017eymo ir vandens tiekimo procesuose.\" \/>\n<meta name=\"robots\" content=\"index, follow, max-snippet:-1, max-image-preview:large, max-video-preview:-1\" \/>\n<link rel=\"canonical\" href=\"https:\/\/invertas.lt\/en\/produktai\/srauto-matuokliai\/ant-vamzdzio-montuojamas-ultragarsinis-debitomatis-m-flow-pw-keitiklis-flr\/\" \/>\n<meta property=\"og:locale\" content=\"en_GB\" \/>\n<meta property=\"og:type\" content=\"article\" \/>\n<meta property=\"og:title\" content=\"Fuji Electric ultragarsinis debitomatis M-Flow - Invertas\" \/>\n<meta property=\"og:description\" content=\"Itin tikslus gryno vandens srauto matavimas puslaidininki\u0173 gamyboje, da\u017e\u0173 ir dang\u0173 srauto kontrol\u0117 da\u017eymo ir vandens tiekimo procesuose.\" \/>\n<meta property=\"og:url\" content=\"https:\/\/invertas.lt\/en\/produktai\/srauto-matuokliai\/ant-vamzdzio-montuojamas-ultragarsinis-debitomatis-m-flow-pw-keitiklis-flr\/\" \/>\n<meta property=\"og:site_name\" content=\"Invertas\" \/>\n<meta property=\"article:modified_time\" content=\"2025-08-07T09:16:22+00:00\" \/>\n<meta property=\"og:image\" content=\"https:\/\/invertas.lt\/wp-content\/uploads\/2025\/02\/srauto_matavimas_img-3.png\" \/>\n\t<meta property=\"og:image:width\" content=\"682\" \/>\n\t<meta property=\"og:image:height\" content=\"682\" \/>\n\t<meta property=\"og:image:type\" content=\"image\/png\" \/>\n<meta name=\"twitter:card\" content=\"summary_large_image\" \/>\n<meta name=\"twitter:label1\" content=\"Estimated reading time\" \/>\n\t<meta name=\"twitter:data1\" content=\"1 minute\" \/>\n<script type=\"application\/ld+json\" class=\"yoast-schema-graph\">{\"@context\":\"https:\/\/schema.org\",\"@graph\":[{\"@type\":\"WebPage\",\"@id\":\"https:\/\/invertas.lt\/produktai\/srauto-matuokliai\/ant-vamzdzio-montuojamas-ultragarsinis-debitomatis-m-flow-pw-keitiklis-flr\/\",\"url\":\"https:\/\/invertas.lt\/produktai\/srauto-matuokliai\/ant-vamzdzio-montuojamas-ultragarsinis-debitomatis-m-flow-pw-keitiklis-flr\/\",\"name\":\"Fuji Electric ultragarsinis debitomatis M-Flow - Invertas\",\"isPartOf\":{\"@id\":\"https:\/\/invertas.lt\/#website\"},\"primaryImageOfPage\":{\"@id\":\"https:\/\/invertas.lt\/produktai\/srauto-matuokliai\/ant-vamzdzio-montuojamas-ultragarsinis-debitomatis-m-flow-pw-keitiklis-flr\/#primaryimage\"},\"image\":{\"@id\":\"https:\/\/invertas.lt\/produktai\/srauto-matuokliai\/ant-vamzdzio-montuojamas-ultragarsinis-debitomatis-m-flow-pw-keitiklis-flr\/#primaryimage\"},\"thumbnailUrl\":\"https:\/\/invertas.lt\/wp-content\/uploads\/2025\/02\/srauto_matavimas_img-3.png\",\"datePublished\":\"2025-05-30T16:32:58+00:00\",\"dateModified\":\"2025-08-07T09:16:22+00:00\",\"description\":\"Itin tikslus gryno vandens srauto matavimas puslaidininki\u0173 gamyboje, da\u017e\u0173 ir dang\u0173 srauto kontrol\u0117 da\u017eymo ir vandens tiekimo procesuose.\",\"breadcrumb\":{\"@id\":\"https:\/\/invertas.lt\/produktai\/srauto-matuokliai\/ant-vamzdzio-montuojamas-ultragarsinis-debitomatis-m-flow-pw-keitiklis-flr\/#breadcrumb\"},\"inLanguage\":\"en-GB\",\"potentialAction\":[{\"@type\":\"ReadAction\",\"target\":[\"https:\/\/invertas.lt\/produktai\/srauto-matuokliai\/ant-vamzdzio-montuojamas-ultragarsinis-debitomatis-m-flow-pw-keitiklis-flr\/\"]}]},{\"@type\":\"ImageObject\",\"inLanguage\":\"en-GB\",\"@id\":\"https:\/\/invertas.lt\/produktai\/srauto-matuokliai\/ant-vamzdzio-montuojamas-ultragarsinis-debitomatis-m-flow-pw-keitiklis-flr\/#primaryimage\",\"url\":\"https:\/\/invertas.lt\/wp-content\/uploads\/2025\/02\/srauto_matavimas_img-3.png\",\"contentUrl\":\"https:\/\/invertas.lt\/wp-content\/uploads\/2025\/02\/srauto_matavimas_img-3.png\",\"width\":682,\"height\":682},{\"@type\":\"BreadcrumbList\",\"@id\":\"https:\/\/invertas.lt\/produktai\/srauto-matuokliai\/ant-vamzdzio-montuojamas-ultragarsinis-debitomatis-m-flow-pw-keitiklis-flr\/#breadcrumb\",\"itemListElement\":[{\"@type\":\"ListItem\",\"position\":1,\"name\":\"Prad\u017eia\",\"item\":\"https:\/\/invertas.lt\/\"},{\"@type\":\"ListItem\",\"position\":2,\"name\":\"Products\",\"item\":\"https:\/\/invertas.lt\/shop\/\"},{\"@type\":\"ListItem\",\"position\":3,\"name\":\"Srauto matuokliai\",\"item\":\"https:\/\/invertas.lt\/.\/srauto-matuokliai\/\"},{\"@type\":\"ListItem\",\"position\":4,\"name\":\"Fuji Electric ultragarsinis debitomatis M-Flow\"}]},{\"@type\":\"WebSite\",\"@id\":\"https:\/\/invertas.lt\/#website\",\"url\":\"https:\/\/invertas.lt\/\",\"name\":\"Invertas\",\"description\":\"\",\"publisher\":{\"@id\":\"https:\/\/invertas.lt\/#organization\"},\"potentialAction\":[{\"@type\":\"SearchAction\",\"target\":{\"@type\":\"EntryPoint\",\"urlTemplate\":\"https:\/\/invertas.lt\/?s={search_term_string}\"},\"query-input\":{\"@type\":\"PropertyValueSpecification\",\"valueRequired\":true,\"valueName\":\"search_term_string\"}}],\"inLanguage\":\"en-GB\"},{\"@type\":\"Organization\",\"@id\":\"https:\/\/invertas.lt\/#organization\",\"name\":\"Invertas\",\"url\":\"https:\/\/invertas.lt\/\",\"logo\":{\"@type\":\"ImageObject\",\"inLanguage\":\"en-GB\",\"@id\":\"https:\/\/invertas.lt\/#\/schema\/logo\/image\/\",\"url\":\"https:\/\/invertas.lt\/wp-content\/uploads\/2025\/03\/New-Text-Document-2.svg\",\"contentUrl\":\"https:\/\/invertas.lt\/wp-content\/uploads\/2025\/03\/New-Text-Document-2.svg\",\"width\":140,\"height\":39,\"caption\":\"Invertas\"},\"image\":{\"@id\":\"https:\/\/invertas.lt\/#\/schema\/logo\/image\/\"}}]}<\/script>\n<!-- \/ Yoast SEO plugin. -->","yoast_head_json":{"title":"Fuji Electric ultragarsinis debitomatis M-Flow - Invertas","description":"Itin tikslus gryno vandens srauto matavimas puslaidininki\u0173 gamyboje, da\u017e\u0173 ir dang\u0173 srauto kontrol\u0117 da\u017eymo ir vandens tiekimo procesuose.","robots":{"index":"index","follow":"follow","max-snippet":"max-snippet:-1","max-image-preview":"max-image-preview:large","max-video-preview":"max-video-preview:-1"},"canonical":"https:\/\/invertas.lt\/en\/produktai\/srauto-matuokliai\/ant-vamzdzio-montuojamas-ultragarsinis-debitomatis-m-flow-pw-keitiklis-flr\/","og_locale":"en_GB","og_type":"article","og_title":"Fuji Electric ultragarsinis debitomatis M-Flow - Invertas","og_description":"Itin tikslus gryno vandens srauto matavimas puslaidininki\u0173 gamyboje, da\u017e\u0173 ir dang\u0173 srauto kontrol\u0117 da\u017eymo ir vandens tiekimo procesuose.","og_url":"https:\/\/invertas.lt\/en\/produktai\/srauto-matuokliai\/ant-vamzdzio-montuojamas-ultragarsinis-debitomatis-m-flow-pw-keitiklis-flr\/","og_site_name":"Invertas","article_modified_time":"2025-08-07T09:16:22+00:00","og_image":[{"width":682,"height":682,"url":"https:\/\/invertas.lt\/wp-content\/uploads\/2025\/02\/srauto_matavimas_img-3.png","type":"image\/png"}],"twitter_card":"summary_large_image","twitter_misc":{"Estimated reading time":"1 minute"},"schema":{"@context":"https:\/\/schema.org","@graph":[{"@type":"WebPage","@id":"https:\/\/invertas.lt\/produktai\/srauto-matuokliai\/ant-vamzdzio-montuojamas-ultragarsinis-debitomatis-m-flow-pw-keitiklis-flr\/","url":"https:\/\/invertas.lt\/produktai\/srauto-matuokliai\/ant-vamzdzio-montuojamas-ultragarsinis-debitomatis-m-flow-pw-keitiklis-flr\/","name":"Fuji Electric ultragarsinis debitomatis M-Flow - Invertas","isPartOf":{"@id":"https:\/\/invertas.lt\/#website"},"primaryImageOfPage":{"@id":"https:\/\/invertas.lt\/produktai\/srauto-matuokliai\/ant-vamzdzio-montuojamas-ultragarsinis-debitomatis-m-flow-pw-keitiklis-flr\/#primaryimage"},"image":{"@id":"https:\/\/invertas.lt\/produktai\/srauto-matuokliai\/ant-vamzdzio-montuojamas-ultragarsinis-debitomatis-m-flow-pw-keitiklis-flr\/#primaryimage"},"thumbnailUrl":"https:\/\/invertas.lt\/wp-content\/uploads\/2025\/02\/srauto_matavimas_img-3.png","datePublished":"2025-05-30T16:32:58+00:00","dateModified":"2025-08-07T09:16:22+00:00","description":"Itin tikslus gryno vandens srauto matavimas puslaidininki\u0173 gamyboje, da\u017e\u0173 ir dang\u0173 srauto kontrol\u0117 da\u017eymo ir vandens tiekimo procesuose.","breadcrumb":{"@id":"https:\/\/invertas.lt\/produktai\/srauto-matuokliai\/ant-vamzdzio-montuojamas-ultragarsinis-debitomatis-m-flow-pw-keitiklis-flr\/#breadcrumb"},"inLanguage":"en-GB","potentialAction":[{"@type":"ReadAction","target":["https:\/\/invertas.lt\/produktai\/srauto-matuokliai\/ant-vamzdzio-montuojamas-ultragarsinis-debitomatis-m-flow-pw-keitiklis-flr\/"]}]},{"@type":"ImageObject","inLanguage":"en-GB","@id":"https:\/\/invertas.lt\/produktai\/srauto-matuokliai\/ant-vamzdzio-montuojamas-ultragarsinis-debitomatis-m-flow-pw-keitiklis-flr\/#primaryimage","url":"https:\/\/invertas.lt\/wp-content\/uploads\/2025\/02\/srauto_matavimas_img-3.png","contentUrl":"https:\/\/invertas.lt\/wp-content\/uploads\/2025\/02\/srauto_matavimas_img-3.png","width":682,"height":682},{"@type":"BreadcrumbList","@id":"https:\/\/invertas.lt\/produktai\/srauto-matuokliai\/ant-vamzdzio-montuojamas-ultragarsinis-debitomatis-m-flow-pw-keitiklis-flr\/#breadcrumb","itemListElement":[{"@type":"ListItem","position":1,"name":"Prad\u017eia","item":"https:\/\/invertas.lt\/"},{"@type":"ListItem","position":2,"name":"Products","item":"https:\/\/invertas.lt\/shop\/"},{"@type":"ListItem","position":3,"name":"Srauto matuokliai","item":"https:\/\/invertas.lt\/.\/srauto-matuokliai\/"},{"@type":"ListItem","position":4,"name":"Fuji Electric ultragarsinis debitomatis M-Flow"}]},{"@type":"WebSite","@id":"https:\/\/invertas.lt\/#website","url":"https:\/\/invertas.lt\/","name":"Invert","description":"","publisher":{"@id":"https:\/\/invertas.lt\/#organization"},"potentialAction":[{"@type":"SearchAction","target":{"@type":"EntryPoint","urlTemplate":"https:\/\/invertas.lt\/?s={search_term_string}"},"query-input":{"@type":"PropertyValueSpecification","valueRequired":true,"valueName":"search_term_string"}}],"inLanguage":"en-GB"},{"@type":"Organization","@id":"https:\/\/invertas.lt\/#organization","name":"Invert","url":"https:\/\/invertas.lt\/","logo":{"@type":"ImageObject","inLanguage":"en-GB","@id":"https:\/\/invertas.lt\/#\/schema\/logo\/image\/","url":"https:\/\/invertas.lt\/wp-content\/uploads\/2025\/03\/New-Text-Document-2.svg","contentUrl":"https:\/\/invertas.lt\/wp-content\/uploads\/2025\/03\/New-Text-Document-2.svg","width":140,"height":39,"caption":"Invertas"},"image":{"@id":"https:\/\/invertas.lt\/#\/schema\/logo\/image\/"}}]}},"_links":{"self":[{"href":"https:\/\/invertas.lt\/en\/wp-json\/wp\/v2\/product\/5549","targetHints":{"allow":["GET"]}}],"collection":[{"href":"https:\/\/invertas.lt\/en\/wp-json\/wp\/v2\/product"}],"about":[{"href":"https:\/\/invertas.lt\/en\/wp-json\/wp\/v2\/types\/product"}],"replies":[{"embeddable":true,"href":"https:\/\/invertas.lt\/en\/wp-json\/wp\/v2\/comments?post=5549"}],"wp:featuredmedia":[{"embeddable":true,"href":"https:\/\/invertas.lt\/en\/wp-json\/wp\/v2\/media\/873"}],"wp:attachment":[{"href":"https:\/\/invertas.lt\/en\/wp-json\/wp\/v2\/media?parent=5549"}],"wp:term":[{"taxonomy":"product_brand","embeddable":true,"href":"https:\/\/invertas.lt\/en\/wp-json\/wp\/v2\/product_brand?post=5549"},{"taxonomy":"product_cat","embeddable":true,"href":"https:\/\/invertas.lt\/en\/wp-json\/wp\/v2\/product_cat?post=5549"},{"taxonomy":"product_tag","embeddable":true,"href":"https:\/\/invertas.lt\/en\/wp-json\/wp\/v2\/product_tag?post=5549"}],"curies":[{"name":"wp","href":"https:\/\/api.w.org\/{rel}","templated":true}]}}