{"id":5513,"date":"2025-05-30T16:30:32","date_gmt":"2025-05-30T16:30:32","guid":{"rendered":"https:\/\/aurimasb15.sg-host.com\/?post_type=product&#038;p=5513"},"modified":"2025-08-07T09:15:49","modified_gmt":"2025-08-07T09:15:49","slug":"nesiojamas-ultragarsinis-debitomatis-fsc","status":"publish","type":"product","link":"https:\/\/invertas.lt\/en\/produktai\/srauto-matuokliai\/nesiojamas-ultragarsinis-debitomatis-fsc\/","title":{"rendered":"Fuji Electric portable ultrasonic flowmeter \u2013 FSC"},"content":{"rendered":"<h3 data-start=\"0\" data-end=\"14\">Fields of application<\/h3>\n<p data-start=\"19\" data-end=\"161\">Due to its adaptability to various conditions and pipe sizes, the device is suitable for various applications: liquid leakage detection in a pipeline, temporary flow measurements during maintenance, volumetric flow measurement in clean or lightly contaminated liquids (e.g. surface water, wastewater), non-contact calibration of electromagnetic flow meters, pump flow control, and balancing of district heating networks.<\/p>\n<h3 data-start=\"16\" data-end=\"183\">Features<\/h3>\n<ul>\n<li>Precise liquid flow measurement<\/li>\n<li>No need to cut the pipe wall thanks to clamp-on transducers<\/li>\n<li>Quick installation<\/li>\n<li>No moving parts<\/li>\n<li>No pressure loss<\/li>\n<li>Bidirectional measurement of high flow velocities from -32 to +32 m\/s.<\/li>\n<\/ul>","protected":false},"excerpt":{"rendered":"<p>Taikymo sritys \u012erenginys d\u0117l prisitaikymo prie \u012fvairi\u0173 s\u0105lyg\u0173 ir vamzd\u017ei\u0173 dyd\u017ei\u0173 tinka \u012fvairiems pritaikymams: skys\u010dio nuot\u0117kio nustatymui vamzdyne, laikiniems srauto matavimams prie\u017ei\u016bros metu, t\u016brinio srauto matavimui \u0161variuose ar lengvai u\u017eter\u0161tuose skys\u010diuose (pvz., pavir\u0161iniame vandenyje, nuotekomis), elektromagnetinio srauto matuoklio nekontaktiniam kalibravimui, siurblio srauto valdymui bei centralizuoto \u0161ildymo tinkl\u0173 balansavimui. Savyb\u0117s Tikslus skys\u010dio srauto matavimas Nereikia pjauti [&hellip;]<\/p>","protected":false},"featured_media":5515,"comment_status":"open","ping_status":"closed","template":"","meta":{"_acf_changed":false,"inline_featured_image":false},"product_brand":[],"product_cat":[279],"product_tag":[],"class_list":{"0":"post-5513","1":"product","2":"type-product","3":"status-publish","4":"has-post-thumbnail","6":"product_cat-srauto-matuokliai","8":"first","9":"instock","10":"shipping-taxable","11":"purchasable","12":"product-type-variable"},"acf":[],"yoast_head":"<!-- This site is optimized with the Yoast SEO plugin v25.5 - https:\/\/yoast.com\/wordpress\/plugins\/seo\/ -->\n<title>Fuji Electric ne\u0161iojamas ultragarsinis debitomatis \u2013 FSC - Invertas<\/title>\n<meta name=\"description\" content=\"\u012erenginys puikiai pritaikomas \u012fvairioms srauto matavimo u\u017eduotims: tiksliai nustato skys\u010di\u0173 nuot\u0117k\u012f vamzdyne, leid\u017eia atlikti laikinuosius srauto matavimus.\" \/>\n<meta name=\"robots\" content=\"index, follow, max-snippet:-1, max-image-preview:large, max-video-preview:-1\" \/>\n<link rel=\"canonical\" href=\"https:\/\/invertas.lt\/en\/produktai\/srauto-matuokliai\/nesiojamas-ultragarsinis-debitomatis-fsc\/\" \/>\n<meta property=\"og:locale\" content=\"en_GB\" \/>\n<meta property=\"og:type\" content=\"article\" \/>\n<meta property=\"og:title\" content=\"Fuji Electric ne\u0161iojamas ultragarsinis debitomatis \u2013 FSC - Invertas\" \/>\n<meta property=\"og:description\" content=\"\u012erenginys puikiai pritaikomas \u012fvairioms srauto matavimo u\u017eduotims: tiksliai nustato skys\u010di\u0173 nuot\u0117k\u012f vamzdyne, leid\u017eia atlikti laikinuosius srauto matavimus.\" \/>\n<meta property=\"og:url\" content=\"https:\/\/invertas.lt\/en\/produktai\/srauto-matuokliai\/nesiojamas-ultragarsinis-debitomatis-fsc\/\" \/>\n<meta property=\"og:site_name\" content=\"Invertas\" \/>\n<meta property=\"article:modified_time\" content=\"2025-08-07T09:15:49+00:00\" \/>\n<meta property=\"og:image\" content=\"https:\/\/invertas.lt\/wp-content\/uploads\/2025\/04\/fsc-vue-generale-header-fr-en.webp\" \/>\n\t<meta property=\"og:image:width\" content=\"682\" \/>\n\t<meta property=\"og:image:height\" content=\"682\" \/>\n\t<meta property=\"og:image:type\" content=\"image\/webp\" \/>\n<meta name=\"twitter:card\" content=\"summary_large_image\" \/>\n<meta name=\"twitter:label1\" content=\"Estimated reading time\" \/>\n\t<meta name=\"twitter:data1\" content=\"1 minute\" \/>\n<script type=\"application\/ld+json\" class=\"yoast-schema-graph\">{\"@context\":\"https:\/\/schema.org\",\"@graph\":[{\"@type\":\"WebPage\",\"@id\":\"https:\/\/invertas.lt\/produktai\/srauto-matuokliai\/nesiojamas-ultragarsinis-debitomatis-fsc\/\",\"url\":\"https:\/\/invertas.lt\/produktai\/srauto-matuokliai\/nesiojamas-ultragarsinis-debitomatis-fsc\/\",\"name\":\"Fuji Electric ne\u0161iojamas ultragarsinis debitomatis \u2013 FSC - Invertas\",\"isPartOf\":{\"@id\":\"https:\/\/invertas.lt\/#website\"},\"primaryImageOfPage\":{\"@id\":\"https:\/\/invertas.lt\/produktai\/srauto-matuokliai\/nesiojamas-ultragarsinis-debitomatis-fsc\/#primaryimage\"},\"image\":{\"@id\":\"https:\/\/invertas.lt\/produktai\/srauto-matuokliai\/nesiojamas-ultragarsinis-debitomatis-fsc\/#primaryimage\"},\"thumbnailUrl\":\"https:\/\/invertas.lt\/wp-content\/uploads\/2025\/04\/fsc-vue-generale-header-fr-en.webp\",\"datePublished\":\"2025-05-30T16:30:32+00:00\",\"dateModified\":\"2025-08-07T09:15:49+00:00\",\"description\":\"\u012erenginys puikiai pritaikomas \u012fvairioms srauto matavimo u\u017eduotims: tiksliai nustato skys\u010di\u0173 nuot\u0117k\u012f vamzdyne, leid\u017eia atlikti laikinuosius srauto matavimus.\",\"breadcrumb\":{\"@id\":\"https:\/\/invertas.lt\/produktai\/srauto-matuokliai\/nesiojamas-ultragarsinis-debitomatis-fsc\/#breadcrumb\"},\"inLanguage\":\"en-GB\",\"potentialAction\":[{\"@type\":\"ReadAction\",\"target\":[\"https:\/\/invertas.lt\/produktai\/srauto-matuokliai\/nesiojamas-ultragarsinis-debitomatis-fsc\/\"]}]},{\"@type\":\"ImageObject\",\"inLanguage\":\"en-GB\",\"@id\":\"https:\/\/invertas.lt\/produktai\/srauto-matuokliai\/nesiojamas-ultragarsinis-debitomatis-fsc\/#primaryimage\",\"url\":\"https:\/\/invertas.lt\/wp-content\/uploads\/2025\/04\/fsc-vue-generale-header-fr-en.webp\",\"contentUrl\":\"https:\/\/invertas.lt\/wp-content\/uploads\/2025\/04\/fsc-vue-generale-header-fr-en.webp\",\"width\":682,\"height\":682},{\"@type\":\"BreadcrumbList\",\"@id\":\"https:\/\/invertas.lt\/produktai\/srauto-matuokliai\/nesiojamas-ultragarsinis-debitomatis-fsc\/#breadcrumb\",\"itemListElement\":[{\"@type\":\"ListItem\",\"position\":1,\"name\":\"Prad\u017eia\",\"item\":\"https:\/\/invertas.lt\/\"},{\"@type\":\"ListItem\",\"position\":2,\"name\":\"Products\",\"item\":\"https:\/\/invertas.lt\/shop\/\"},{\"@type\":\"ListItem\",\"position\":3,\"name\":\"Srauto matuokliai\",\"item\":\"https:\/\/invertas.lt\/.\/srauto-matuokliai\/\"},{\"@type\":\"ListItem\",\"position\":4,\"name\":\"Fuji Electric ne\u0161iojamas ultragarsinis debitomatis \u2013 FSC\"}]},{\"@type\":\"WebSite\",\"@id\":\"https:\/\/invertas.lt\/#website\",\"url\":\"https:\/\/invertas.lt\/\",\"name\":\"Invertas\",\"description\":\"\",\"publisher\":{\"@id\":\"https:\/\/invertas.lt\/#organization\"},\"potentialAction\":[{\"@type\":\"SearchAction\",\"target\":{\"@type\":\"EntryPoint\",\"urlTemplate\":\"https:\/\/invertas.lt\/?s={search_term_string}\"},\"query-input\":{\"@type\":\"PropertyValueSpecification\",\"valueRequired\":true,\"valueName\":\"search_term_string\"}}],\"inLanguage\":\"en-GB\"},{\"@type\":\"Organization\",\"@id\":\"https:\/\/invertas.lt\/#organization\",\"name\":\"Invertas\",\"url\":\"https:\/\/invertas.lt\/\",\"logo\":{\"@type\":\"ImageObject\",\"inLanguage\":\"en-GB\",\"@id\":\"https:\/\/invertas.lt\/#\/schema\/logo\/image\/\",\"url\":\"https:\/\/invertas.lt\/wp-content\/uploads\/2025\/03\/New-Text-Document-2.svg\",\"contentUrl\":\"https:\/\/invertas.lt\/wp-content\/uploads\/2025\/03\/New-Text-Document-2.svg\",\"width\":140,\"height\":39,\"caption\":\"Invertas\"},\"image\":{\"@id\":\"https:\/\/invertas.lt\/#\/schema\/logo\/image\/\"}}]}<\/script>\n<!-- \/ Yoast SEO plugin. -->","yoast_head_json":{"title":"Fuji Electric ne\u0161iojamas ultragarsinis debitomatis \u2013 FSC - Invertas","description":"\u012erenginys puikiai pritaikomas \u012fvairioms srauto matavimo u\u017eduotims: tiksliai nustato skys\u010di\u0173 nuot\u0117k\u012f vamzdyne, leid\u017eia atlikti laikinuosius srauto matavimus.","robots":{"index":"index","follow":"follow","max-snippet":"max-snippet:-1","max-image-preview":"max-image-preview:large","max-video-preview":"max-video-preview:-1"},"canonical":"https:\/\/invertas.lt\/en\/produktai\/srauto-matuokliai\/nesiojamas-ultragarsinis-debitomatis-fsc\/","og_locale":"en_GB","og_type":"article","og_title":"Fuji Electric ne\u0161iojamas ultragarsinis debitomatis \u2013 FSC - Invertas","og_description":"\u012erenginys puikiai pritaikomas \u012fvairioms srauto matavimo u\u017eduotims: tiksliai nustato skys\u010di\u0173 nuot\u0117k\u012f vamzdyne, leid\u017eia atlikti laikinuosius srauto matavimus.","og_url":"https:\/\/invertas.lt\/en\/produktai\/srauto-matuokliai\/nesiojamas-ultragarsinis-debitomatis-fsc\/","og_site_name":"Invertas","article_modified_time":"2025-08-07T09:15:49+00:00","og_image":[{"width":682,"height":682,"url":"https:\/\/invertas.lt\/wp-content\/uploads\/2025\/04\/fsc-vue-generale-header-fr-en.webp","type":"image\/webp"}],"twitter_card":"summary_large_image","twitter_misc":{"Estimated reading time":"1 minute"},"schema":{"@context":"https:\/\/schema.org","@graph":[{"@type":"WebPage","@id":"https:\/\/invertas.lt\/produktai\/srauto-matuokliai\/nesiojamas-ultragarsinis-debitomatis-fsc\/","url":"https:\/\/invertas.lt\/produktai\/srauto-matuokliai\/nesiojamas-ultragarsinis-debitomatis-fsc\/","name":"Fuji Electric ne\u0161iojamas ultragarsinis debitomatis \u2013 FSC - Invertas","isPartOf":{"@id":"https:\/\/invertas.lt\/#website"},"primaryImageOfPage":{"@id":"https:\/\/invertas.lt\/produktai\/srauto-matuokliai\/nesiojamas-ultragarsinis-debitomatis-fsc\/#primaryimage"},"image":{"@id":"https:\/\/invertas.lt\/produktai\/srauto-matuokliai\/nesiojamas-ultragarsinis-debitomatis-fsc\/#primaryimage"},"thumbnailUrl":"https:\/\/invertas.lt\/wp-content\/uploads\/2025\/04\/fsc-vue-generale-header-fr-en.webp","datePublished":"2025-05-30T16:30:32+00:00","dateModified":"2025-08-07T09:15:49+00:00","description":"\u012erenginys puikiai pritaikomas \u012fvairioms srauto matavimo u\u017eduotims: tiksliai nustato skys\u010di\u0173 nuot\u0117k\u012f vamzdyne, leid\u017eia atlikti laikinuosius srauto matavimus.","breadcrumb":{"@id":"https:\/\/invertas.lt\/produktai\/srauto-matuokliai\/nesiojamas-ultragarsinis-debitomatis-fsc\/#breadcrumb"},"inLanguage":"en-GB","potentialAction":[{"@type":"ReadAction","target":["https:\/\/invertas.lt\/produktai\/srauto-matuokliai\/nesiojamas-ultragarsinis-debitomatis-fsc\/"]}]},{"@type":"ImageObject","inLanguage":"en-GB","@id":"https:\/\/invertas.lt\/produktai\/srauto-matuokliai\/nesiojamas-ultragarsinis-debitomatis-fsc\/#primaryimage","url":"https:\/\/invertas.lt\/wp-content\/uploads\/2025\/04\/fsc-vue-generale-header-fr-en.webp","contentUrl":"https:\/\/invertas.lt\/wp-content\/uploads\/2025\/04\/fsc-vue-generale-header-fr-en.webp","width":682,"height":682},{"@type":"BreadcrumbList","@id":"https:\/\/invertas.lt\/produktai\/srauto-matuokliai\/nesiojamas-ultragarsinis-debitomatis-fsc\/#breadcrumb","itemListElement":[{"@type":"ListItem","position":1,"name":"Prad\u017eia","item":"https:\/\/invertas.lt\/"},{"@type":"ListItem","position":2,"name":"Products","item":"https:\/\/invertas.lt\/shop\/"},{"@type":"ListItem","position":3,"name":"Srauto matuokliai","item":"https:\/\/invertas.lt\/.\/srauto-matuokliai\/"},{"@type":"ListItem","position":4,"name":"Fuji Electric ne\u0161iojamas ultragarsinis debitomatis \u2013 FSC"}]},{"@type":"WebSite","@id":"https:\/\/invertas.lt\/#website","url":"https:\/\/invertas.lt\/","name":"Invert","description":"","publisher":{"@id":"https:\/\/invertas.lt\/#organization"},"potentialAction":[{"@type":"SearchAction","target":{"@type":"EntryPoint","urlTemplate":"https:\/\/invertas.lt\/?s={search_term_string}"},"query-input":{"@type":"PropertyValueSpecification","valueRequired":true,"valueName":"search_term_string"}}],"inLanguage":"en-GB"},{"@type":"Organization","@id":"https:\/\/invertas.lt\/#organization","name":"Invert","url":"https:\/\/invertas.lt\/","logo":{"@type":"ImageObject","inLanguage":"en-GB","@id":"https:\/\/invertas.lt\/#\/schema\/logo\/image\/","url":"https:\/\/invertas.lt\/wp-content\/uploads\/2025\/03\/New-Text-Document-2.svg","contentUrl":"https:\/\/invertas.lt\/wp-content\/uploads\/2025\/03\/New-Text-Document-2.svg","width":140,"height":39,"caption":"Invertas"},"image":{"@id":"https:\/\/invertas.lt\/#\/schema\/logo\/image\/"}}]}},"_links":{"self":[{"href":"https:\/\/invertas.lt\/en\/wp-json\/wp\/v2\/product\/5513","targetHints":{"allow":["GET"]}}],"collection":[{"href":"https:\/\/invertas.lt\/en\/wp-json\/wp\/v2\/product"}],"about":[{"href":"https:\/\/invertas.lt\/en\/wp-json\/wp\/v2\/types\/product"}],"replies":[{"embeddable":true,"href":"https:\/\/invertas.lt\/en\/wp-json\/wp\/v2\/comments?post=5513"}],"wp:featuredmedia":[{"embeddable":true,"href":"https:\/\/invertas.lt\/en\/wp-json\/wp\/v2\/media\/5515"}],"wp:attachment":[{"href":"https:\/\/invertas.lt\/en\/wp-json\/wp\/v2\/media?parent=5513"}],"wp:term":[{"taxonomy":"product_brand","embeddable":true,"href":"https:\/\/invertas.lt\/en\/wp-json\/wp\/v2\/product_brand?post=5513"},{"taxonomy":"product_cat","embeddable":true,"href":"https:\/\/invertas.lt\/en\/wp-json\/wp\/v2\/product_cat?post=5513"},{"taxonomy":"product_tag","embeddable":true,"href":"https:\/\/invertas.lt\/en\/wp-json\/wp\/v2\/product_tag?post=5513"}],"curies":[{"name":"wp","href":"https:\/\/api.w.org\/{rel}","templated":true}]}}