{"id":5418,"date":"2025-05-20T18:22:27","date_gmt":"2025-05-20T18:22:27","guid":{"rendered":"https:\/\/aurimasb15.sg-host.com\/?post_type=product&#038;p=5418"},"modified":"2025-10-14T15:08:41","modified_gmt":"2025-10-14T15:08:41","slug":"ic7-micro","status":"publish","type":"product","link":"https:\/\/invertas.lt\/en\/produktai\/daznio-keitikliai\/ic7-micro\/","title":{"rendered":"Danfoss iC7 Automation"},"content":{"rendered":"<p data-start=\"52\" data-end=\"70\"><strong data-start=\"52\" data-end=\"70\">Fields of application<\/strong><\/p>\n<p data-start=\"72\" data-end=\"352\">Danfoss iC7 Automation frequency converters (0.37\u2013710 kW) are compact, modular, and feature integrated safety functions up to SIL3. They offer dual Ethernet connectivity, EMC filters, and fast commissioning. These converters ensure energy efficiency, reliability, and easy integration.<\/p>\n<p data-start=\"354\" data-end=\"366\"><strong data-start=\"354\" data-end=\"366\">Features:<\/strong><\/p>\n<ul data-start=\"368\" data-end=\"602\">\n<li data-start=\"368\" data-end=\"409\">\n<p data-start=\"370\" data-end=\"409\">Integrated safety functions up to SIL3<\/p>\n<\/li>\n<li data-start=\"410\" data-end=\"474\">\n<p data-start=\"412\" data-end=\"474\">Dual Ethernet connection and modern communication protocols<\/p>\n<\/li>\n<li data-start=\"475\" data-end=\"501\">\n<p data-start=\"477\" data-end=\"501\">High EMC resistance<\/p>\n<\/li>\n<li data-start=\"502\" data-end=\"555\">\n<p data-start=\"504\" data-end=\"555\">Quick and easy startup and configuration<\/p>\n<\/li>\n<li data-start=\"556\" data-end=\"602\">\n<p data-start=\"558\" data-end=\"602\">Wide power range from 0.37 to 710 kW<\/p>\n<\/li>\n<\/ul>","protected":false},"excerpt":{"rendered":"<p>Taikymo sritys Danfoss iC7 Automation da\u017enio keitikliai (0,37\u2013710 kW) yra kompakti\u0161ki, moduliniai ir turi integruotas saugos funkcijas iki SIL3. Jie pasi\u017eymi dvigubu Ethernet ry\u0161iu, EMC filtrais ir greitu paleidimu. \u0160ie keitikliai u\u017etikrina energin\u012f efektyvum\u0105, patikimum\u0105 ir lengv\u0105 integracij\u0105. Savyb\u0117s: Integruotos saugos funkcijos iki SIL3 Dvigubas Ethernet ry\u0161ys ir modern\u016bs komunikacijos protokolai Auk\u0161tas EMC atsparumas Greitas [&hellip;]<\/p>","protected":false},"featured_media":5429,"comment_status":"open","ping_status":"closed","template":"","meta":{"_acf_changed":false,"inline_featured_image":false},"product_brand":[],"product_cat":[16],"product_tag":[],"class_list":{"0":"post-5418","1":"product","2":"type-product","3":"status-publish","4":"has-post-thumbnail","6":"product_cat-daznio-keitikliai","8":"first","9":"instock","10":"shipping-taxable","11":"purchasable","12":"product-type-variable"},"acf":[],"yoast_head":"<!-- This site is optimized with the Yoast SEO plugin v25.5 - https:\/\/yoast.com\/wordpress\/plugins\/seo\/ -->\n<title>Danfoss iC7 Automation - Invertas<\/title>\n<meta name=\"description\" content=\"Danfoss iC7 Automation da\u017enio keitikliai (0,37\u2013710 kW) yra kompakti\u0161ki, moduliniai ir turi integruotas saugos funkcijas iki SIL3.\" \/>\n<meta name=\"robots\" content=\"index, follow, max-snippet:-1, max-image-preview:large, max-video-preview:-1\" \/>\n<link rel=\"canonical\" href=\"https:\/\/invertas.lt\/en\/produktai\/daznio-keitikliai\/ic7-micro\/\" \/>\n<meta property=\"og:locale\" content=\"en_GB\" \/>\n<meta property=\"og:type\" content=\"article\" \/>\n<meta property=\"og:title\" content=\"Danfoss iC7 Automation - Invertas\" \/>\n<meta property=\"og:description\" content=\"Danfoss iC7 Automation da\u017enio keitikliai (0,37\u2013710 kW) yra kompakti\u0161ki, moduliniai ir turi integruotas saugos funkcijas iki SIL3.\" \/>\n<meta property=\"og:url\" content=\"https:\/\/invertas.lt\/en\/produktai\/daznio-keitikliai\/ic7-micro\/\" \/>\n<meta property=\"og:site_name\" content=\"Invertas\" \/>\n<meta property=\"article:modified_time\" content=\"2025-10-14T15:08:41+00:00\" \/>\n<meta property=\"og:image\" content=\"https:\/\/invertas.lt\/wp-content\/uploads\/2025\/05\/ic7-1.png\" \/>\n\t<meta property=\"og:image:width\" content=\"1448\" \/>\n\t<meta property=\"og:image:height\" content=\"1448\" \/>\n\t<meta property=\"og:image:type\" content=\"image\/png\" \/>\n<meta name=\"twitter:card\" content=\"summary_large_image\" \/>\n<meta name=\"twitter:label1\" content=\"Estimated reading time\" \/>\n\t<meta name=\"twitter:data1\" content=\"1 minute\" \/>\n<script type=\"application\/ld+json\" class=\"yoast-schema-graph\">{\"@context\":\"https:\/\/schema.org\",\"@graph\":[{\"@type\":\"WebPage\",\"@id\":\"https:\/\/invertas.lt\/produktai\/daznio-keitikliai\/ic7-micro\/\",\"url\":\"https:\/\/invertas.lt\/produktai\/daznio-keitikliai\/ic7-micro\/\",\"name\":\"Danfoss iC7 Automation - Invertas\",\"isPartOf\":{\"@id\":\"https:\/\/invertas.lt\/#website\"},\"primaryImageOfPage\":{\"@id\":\"https:\/\/invertas.lt\/produktai\/daznio-keitikliai\/ic7-micro\/#primaryimage\"},\"image\":{\"@id\":\"https:\/\/invertas.lt\/produktai\/daznio-keitikliai\/ic7-micro\/#primaryimage\"},\"thumbnailUrl\":\"https:\/\/invertas.lt\/wp-content\/uploads\/2025\/05\/ic7-1.png\",\"datePublished\":\"2025-05-20T18:22:27+00:00\",\"dateModified\":\"2025-10-14T15:08:41+00:00\",\"description\":\"Danfoss iC7 Automation da\u017enio keitikliai (0,37\u2013710 kW) yra kompakti\u0161ki, moduliniai ir turi integruotas saugos funkcijas iki SIL3.\",\"breadcrumb\":{\"@id\":\"https:\/\/invertas.lt\/produktai\/daznio-keitikliai\/ic7-micro\/#breadcrumb\"},\"inLanguage\":\"en-GB\",\"potentialAction\":[{\"@type\":\"ReadAction\",\"target\":[\"https:\/\/invertas.lt\/produktai\/daznio-keitikliai\/ic7-micro\/\"]}]},{\"@type\":\"ImageObject\",\"inLanguage\":\"en-GB\",\"@id\":\"https:\/\/invertas.lt\/produktai\/daznio-keitikliai\/ic7-micro\/#primaryimage\",\"url\":\"https:\/\/invertas.lt\/wp-content\/uploads\/2025\/05\/ic7-1.png\",\"contentUrl\":\"https:\/\/invertas.lt\/wp-content\/uploads\/2025\/05\/ic7-1.png\",\"width\":1448,\"height\":1448},{\"@type\":\"BreadcrumbList\",\"@id\":\"https:\/\/invertas.lt\/produktai\/daznio-keitikliai\/ic7-micro\/#breadcrumb\",\"itemListElement\":[{\"@type\":\"ListItem\",\"position\":1,\"name\":\"Prad\u017eia\",\"item\":\"https:\/\/invertas.lt\/\"},{\"@type\":\"ListItem\",\"position\":2,\"name\":\"Products\",\"item\":\"https:\/\/invertas.lt\/shop\/\"},{\"@type\":\"ListItem\",\"position\":3,\"name\":\"Da\u017enio keitikliai\",\"item\":\"https:\/\/invertas.lt\/.\/daznio-keitikliai\/\"},{\"@type\":\"ListItem\",\"position\":4,\"name\":\"Danfoss iC7 Automation\"}]},{\"@type\":\"WebSite\",\"@id\":\"https:\/\/invertas.lt\/#website\",\"url\":\"https:\/\/invertas.lt\/\",\"name\":\"Invertas\",\"description\":\"\",\"publisher\":{\"@id\":\"https:\/\/invertas.lt\/#organization\"},\"potentialAction\":[{\"@type\":\"SearchAction\",\"target\":{\"@type\":\"EntryPoint\",\"urlTemplate\":\"https:\/\/invertas.lt\/?s={search_term_string}\"},\"query-input\":{\"@type\":\"PropertyValueSpecification\",\"valueRequired\":true,\"valueName\":\"search_term_string\"}}],\"inLanguage\":\"en-GB\"},{\"@type\":\"Organization\",\"@id\":\"https:\/\/invertas.lt\/#organization\",\"name\":\"Invertas\",\"url\":\"https:\/\/invertas.lt\/\",\"logo\":{\"@type\":\"ImageObject\",\"inLanguage\":\"en-GB\",\"@id\":\"https:\/\/invertas.lt\/#\/schema\/logo\/image\/\",\"url\":\"https:\/\/invertas.lt\/wp-content\/uploads\/2025\/03\/New-Text-Document-2.svg\",\"contentUrl\":\"https:\/\/invertas.lt\/wp-content\/uploads\/2025\/03\/New-Text-Document-2.svg\",\"width\":140,\"height\":39,\"caption\":\"Invertas\"},\"image\":{\"@id\":\"https:\/\/invertas.lt\/#\/schema\/logo\/image\/\"}}]}<\/script>\n<!-- \/ Yoast SEO plugin. -->","yoast_head_json":{"title":"Danfoss iC7 Automation - Invertas","description":"Danfoss iC7 Automation da\u017enio keitikliai (0,37\u2013710 kW) yra kompakti\u0161ki, moduliniai ir turi integruotas saugos funkcijas iki SIL3.","robots":{"index":"index","follow":"follow","max-snippet":"max-snippet:-1","max-image-preview":"max-image-preview:large","max-video-preview":"max-video-preview:-1"},"canonical":"https:\/\/invertas.lt\/en\/produktai\/daznio-keitikliai\/ic7-micro\/","og_locale":"en_GB","og_type":"article","og_title":"Danfoss iC7 Automation - Invertas","og_description":"Danfoss iC7 Automation da\u017enio keitikliai (0,37\u2013710 kW) yra kompakti\u0161ki, moduliniai ir turi integruotas saugos funkcijas iki SIL3.","og_url":"https:\/\/invertas.lt\/en\/produktai\/daznio-keitikliai\/ic7-micro\/","og_site_name":"Invertas","article_modified_time":"2025-10-14T15:08:41+00:00","og_image":[{"width":1448,"height":1448,"url":"https:\/\/invertas.lt\/wp-content\/uploads\/2025\/05\/ic7-1.png","type":"image\/png"}],"twitter_card":"summary_large_image","twitter_misc":{"Estimated reading time":"1 minute"},"schema":{"@context":"https:\/\/schema.org","@graph":[{"@type":"WebPage","@id":"https:\/\/invertas.lt\/produktai\/daznio-keitikliai\/ic7-micro\/","url":"https:\/\/invertas.lt\/produktai\/daznio-keitikliai\/ic7-micro\/","name":"Danfoss iC7 Automation - Invertas","isPartOf":{"@id":"https:\/\/invertas.lt\/#website"},"primaryImageOfPage":{"@id":"https:\/\/invertas.lt\/produktai\/daznio-keitikliai\/ic7-micro\/#primaryimage"},"image":{"@id":"https:\/\/invertas.lt\/produktai\/daznio-keitikliai\/ic7-micro\/#primaryimage"},"thumbnailUrl":"https:\/\/invertas.lt\/wp-content\/uploads\/2025\/05\/ic7-1.png","datePublished":"2025-05-20T18:22:27+00:00","dateModified":"2025-10-14T15:08:41+00:00","description":"Danfoss iC7 Automation da\u017enio keitikliai (0,37\u2013710 kW) yra kompakti\u0161ki, moduliniai ir turi integruotas saugos funkcijas iki SIL3.","breadcrumb":{"@id":"https:\/\/invertas.lt\/produktai\/daznio-keitikliai\/ic7-micro\/#breadcrumb"},"inLanguage":"en-GB","potentialAction":[{"@type":"ReadAction","target":["https:\/\/invertas.lt\/produktai\/daznio-keitikliai\/ic7-micro\/"]}]},{"@type":"ImageObject","inLanguage":"en-GB","@id":"https:\/\/invertas.lt\/produktai\/daznio-keitikliai\/ic7-micro\/#primaryimage","url":"https:\/\/invertas.lt\/wp-content\/uploads\/2025\/05\/ic7-1.png","contentUrl":"https:\/\/invertas.lt\/wp-content\/uploads\/2025\/05\/ic7-1.png","width":1448,"height":1448},{"@type":"BreadcrumbList","@id":"https:\/\/invertas.lt\/produktai\/daznio-keitikliai\/ic7-micro\/#breadcrumb","itemListElement":[{"@type":"ListItem","position":1,"name":"Prad\u017eia","item":"https:\/\/invertas.lt\/"},{"@type":"ListItem","position":2,"name":"Products","item":"https:\/\/invertas.lt\/shop\/"},{"@type":"ListItem","position":3,"name":"Da\u017enio keitikliai","item":"https:\/\/invertas.lt\/.\/daznio-keitikliai\/"},{"@type":"ListItem","position":4,"name":"Danfoss iC7 Automation"}]},{"@type":"WebSite","@id":"https:\/\/invertas.lt\/#website","url":"https:\/\/invertas.lt\/","name":"Invert","description":"","publisher":{"@id":"https:\/\/invertas.lt\/#organization"},"potentialAction":[{"@type":"SearchAction","target":{"@type":"EntryPoint","urlTemplate":"https:\/\/invertas.lt\/?s={search_term_string}"},"query-input":{"@type":"PropertyValueSpecification","valueRequired":true,"valueName":"search_term_string"}}],"inLanguage":"en-GB"},{"@type":"Organization","@id":"https:\/\/invertas.lt\/#organization","name":"Invert","url":"https:\/\/invertas.lt\/","logo":{"@type":"ImageObject","inLanguage":"en-GB","@id":"https:\/\/invertas.lt\/#\/schema\/logo\/image\/","url":"https:\/\/invertas.lt\/wp-content\/uploads\/2025\/03\/New-Text-Document-2.svg","contentUrl":"https:\/\/invertas.lt\/wp-content\/uploads\/2025\/03\/New-Text-Document-2.svg","width":140,"height":39,"caption":"Invertas"},"image":{"@id":"https:\/\/invertas.lt\/#\/schema\/logo\/image\/"}}]}},"_links":{"self":[{"href":"https:\/\/invertas.lt\/en\/wp-json\/wp\/v2\/product\/5418","targetHints":{"allow":["GET"]}}],"collection":[{"href":"https:\/\/invertas.lt\/en\/wp-json\/wp\/v2\/product"}],"about":[{"href":"https:\/\/invertas.lt\/en\/wp-json\/wp\/v2\/types\/product"}],"replies":[{"embeddable":true,"href":"https:\/\/invertas.lt\/en\/wp-json\/wp\/v2\/comments?post=5418"}],"wp:featuredmedia":[{"embeddable":true,"href":"https:\/\/invertas.lt\/en\/wp-json\/wp\/v2\/media\/5429"}],"wp:attachment":[{"href":"https:\/\/invertas.lt\/en\/wp-json\/wp\/v2\/media?parent=5418"}],"wp:term":[{"taxonomy":"product_brand","embeddable":true,"href":"https:\/\/invertas.lt\/en\/wp-json\/wp\/v2\/product_brand?post=5418"},{"taxonomy":"product_cat","embeddable":true,"href":"https:\/\/invertas.lt\/en\/wp-json\/wp\/v2\/product_cat?post=5418"},{"taxonomy":"product_tag","embeddable":true,"href":"https:\/\/invertas.lt\/en\/wp-json\/wp\/v2\/product_tag?post=5418"}],"curies":[{"name":"wp","href":"https:\/\/api.w.org\/{rel}","templated":true}]}}