{"id":5391,"date":"2025-05-20T14:07:21","date_gmt":"2025-05-20T14:07:21","guid":{"rendered":"https:\/\/aurimasb15.sg-host.com\/?post_type=product&#038;p=5391"},"modified":"2025-10-14T17:14:02","modified_gmt":"2025-10-14T17:14:02","slug":"mcd-200","status":"publish","type":"product","link":"https:\/\/invertas.lt\/en\/produktai\/daznio-keitikliai\/mcd-200\/","title":{"rendered":"Danfoss MCD 200"},"content":{"rendered":"<p><strong>Fields of application<\/strong><\/p>\n<p data-start=\"0\" data-end=\"152\">Compact and powerful soft starters for motors up to 110 kW. The MCD 201 ensures efficient starting, while the MCD 202 offers additional protection functions.<\/p>\n<p data-start=\"154\" data-end=\"162\"><strong>Features:<\/strong><\/p>\n<ul data-start=\"163\" data-end=\"391\" data-is-last-node=\"\" data-is-only-node=\"\">\n<li data-start=\"163\" data-end=\"227\">\n<p data-start=\"165\" data-end=\"227\">Easy connection to Ethernet\/IP and Rockwell PLC systems<\/p>\n<\/li>\n<li data-start=\"228\" data-end=\"269\">\n<p data-start=\"230\" data-end=\"269\">Compact design saves space in the panel<\/p>\n<\/li>\n<li data-start=\"270\" data-end=\"352\">\n<p data-start=\"272\" data-end=\"352\">Advanced SCR control algorithms allow for more frequent starts and higher loads<\/p>\n<\/li>\n<li data-start=\"353\" data-end=\"391\" data-is-last-node=\"\">\n<p data-start=\"355\" data-end=\"391\" data-is-last-node=\"\">Operates up to 50\u00b0C without external cooling<\/p>\n<\/li>\n<\/ul>","protected":false},"excerpt":{"rendered":"<p>Taikymo sritys Kompakti\u0161ki ir galingi mink\u0161tieji paleid\u0117jai varikliams iki 110 kW. MCD 201 u\u017etikrina efektyv\u0173 paleidim\u0105, o MCD 202 si\u016blo papildomas apsaugos funkcijas. Savyb\u0117s: Paprastas prijungimas prie Ethernet\/IP ir Rockwell PLC sistem\u0173 Kompakti\u0161kas dizainas taupo viet\u0105 skyde Pa\u017eang\u016bs SCR valdymo algoritmai leid\u017eia da\u017enesnius paleidimus ir didesn\u0119 apkrov\u0105 Veikia iki 50\u00b0C be i\u0161orinio v\u0117sinimo<\/p>","protected":false},"featured_media":5505,"comment_status":"open","ping_status":"closed","template":"","meta":{"_acf_changed":false,"inline_featured_image":false},"product_brand":[],"product_cat":[16],"product_tag":[],"class_list":{"0":"post-5391","1":"product","2":"type-product","3":"status-publish","4":"has-post-thumbnail","6":"product_cat-daznio-keitikliai","8":"first","9":"instock","10":"shipping-taxable","11":"product-type-variable"},"acf":[],"yoast_head":"<!-- This site is optimized with the Yoast SEO plugin v25.5 - https:\/\/yoast.com\/wordpress\/plugins\/seo\/ -->\n<title>Danfoss MCD 200 - Invertas<\/title>\n<meta name=\"description\" content=\"Kompakti\u0161ki ir galingi mink\u0161tieji paleid\u0117jai iki 110 kW su pa\u017eangiu valdymu, lengva integracija \u012f Ethernet\/IP tinklus ir auk\u0161ta darbo temperat\u016bros riba.\" \/>\n<meta name=\"robots\" content=\"index, follow, max-snippet:-1, max-image-preview:large, max-video-preview:-1\" \/>\n<link rel=\"canonical\" href=\"https:\/\/invertas.lt\/en\/produktai\/daznio-keitikliai\/mcd-200\/\" \/>\n<meta property=\"og:locale\" content=\"en_GB\" \/>\n<meta property=\"og:type\" content=\"article\" \/>\n<meta property=\"og:title\" content=\"Danfoss MCD 200 - Invertas\" \/>\n<meta property=\"og:description\" content=\"Kompakti\u0161ki ir galingi mink\u0161tieji paleid\u0117jai iki 110 kW su pa\u017eangiu valdymu, lengva integracija \u012f Ethernet\/IP tinklus ir auk\u0161ta darbo temperat\u016bros riba.\" \/>\n<meta property=\"og:url\" content=\"https:\/\/invertas.lt\/en\/produktai\/daznio-keitikliai\/mcd-200\/\" \/>\n<meta property=\"og:site_name\" content=\"Invertas\" \/>\n<meta property=\"article:modified_time\" content=\"2025-10-14T17:14:02+00:00\" \/>\n<meta property=\"og:image\" content=\"https:\/\/invertas.lt\/wp-content\/uploads\/2025\/05\/softstarterlogofw_7-1.png\" \/>\n\t<meta property=\"og:image:width\" content=\"320\" \/>\n\t<meta property=\"og:image:height\" content=\"320\" \/>\n\t<meta property=\"og:image:type\" content=\"image\/png\" \/>\n<meta name=\"twitter:card\" content=\"summary_large_image\" \/>\n<meta name=\"twitter:label1\" content=\"Estimated reading time\" \/>\n\t<meta name=\"twitter:data1\" content=\"1 minute\" \/>\n<script type=\"application\/ld+json\" class=\"yoast-schema-graph\">{\"@context\":\"https:\/\/schema.org\",\"@graph\":[{\"@type\":\"WebPage\",\"@id\":\"https:\/\/invertas.lt\/produktai\/daznio-keitikliai\/mcd-200\/\",\"url\":\"https:\/\/invertas.lt\/produktai\/daznio-keitikliai\/mcd-200\/\",\"name\":\"Danfoss MCD 200 - Invertas\",\"isPartOf\":{\"@id\":\"https:\/\/invertas.lt\/#website\"},\"primaryImageOfPage\":{\"@id\":\"https:\/\/invertas.lt\/produktai\/daznio-keitikliai\/mcd-200\/#primaryimage\"},\"image\":{\"@id\":\"https:\/\/invertas.lt\/produktai\/daznio-keitikliai\/mcd-200\/#primaryimage\"},\"thumbnailUrl\":\"https:\/\/invertas.lt\/wp-content\/uploads\/2025\/05\/softstarterlogofw_7-1.png\",\"datePublished\":\"2025-05-20T14:07:21+00:00\",\"dateModified\":\"2025-10-14T17:14:02+00:00\",\"description\":\"Kompakti\u0161ki ir galingi mink\u0161tieji paleid\u0117jai iki 110 kW su pa\u017eangiu valdymu, lengva integracija \u012f Ethernet\/IP tinklus ir auk\u0161ta darbo temperat\u016bros riba.\",\"breadcrumb\":{\"@id\":\"https:\/\/invertas.lt\/produktai\/daznio-keitikliai\/mcd-200\/#breadcrumb\"},\"inLanguage\":\"en-GB\",\"potentialAction\":[{\"@type\":\"ReadAction\",\"target\":[\"https:\/\/invertas.lt\/produktai\/daznio-keitikliai\/mcd-200\/\"]}]},{\"@type\":\"ImageObject\",\"inLanguage\":\"en-GB\",\"@id\":\"https:\/\/invertas.lt\/produktai\/daznio-keitikliai\/mcd-200\/#primaryimage\",\"url\":\"https:\/\/invertas.lt\/wp-content\/uploads\/2025\/05\/softstarterlogofw_7-1.png\",\"contentUrl\":\"https:\/\/invertas.lt\/wp-content\/uploads\/2025\/05\/softstarterlogofw_7-1.png\",\"width\":320,\"height\":320},{\"@type\":\"BreadcrumbList\",\"@id\":\"https:\/\/invertas.lt\/produktai\/daznio-keitikliai\/mcd-200\/#breadcrumb\",\"itemListElement\":[{\"@type\":\"ListItem\",\"position\":1,\"name\":\"Prad\u017eia\",\"item\":\"https:\/\/invertas.lt\/\"},{\"@type\":\"ListItem\",\"position\":2,\"name\":\"Products\",\"item\":\"https:\/\/invertas.lt\/shop\/\"},{\"@type\":\"ListItem\",\"position\":3,\"name\":\"Da\u017enio keitikliai\",\"item\":\"https:\/\/invertas.lt\/.\/daznio-keitikliai\/\"},{\"@type\":\"ListItem\",\"position\":4,\"name\":\"Danfoss MCD 200\"}]},{\"@type\":\"WebSite\",\"@id\":\"https:\/\/invertas.lt\/#website\",\"url\":\"https:\/\/invertas.lt\/\",\"name\":\"Invertas\",\"description\":\"\",\"publisher\":{\"@id\":\"https:\/\/invertas.lt\/#organization\"},\"potentialAction\":[{\"@type\":\"SearchAction\",\"target\":{\"@type\":\"EntryPoint\",\"urlTemplate\":\"https:\/\/invertas.lt\/?s={search_term_string}\"},\"query-input\":{\"@type\":\"PropertyValueSpecification\",\"valueRequired\":true,\"valueName\":\"search_term_string\"}}],\"inLanguage\":\"en-GB\"},{\"@type\":\"Organization\",\"@id\":\"https:\/\/invertas.lt\/#organization\",\"name\":\"Invertas\",\"url\":\"https:\/\/invertas.lt\/\",\"logo\":{\"@type\":\"ImageObject\",\"inLanguage\":\"en-GB\",\"@id\":\"https:\/\/invertas.lt\/#\/schema\/logo\/image\/\",\"url\":\"https:\/\/invertas.lt\/wp-content\/uploads\/2025\/03\/New-Text-Document-2.svg\",\"contentUrl\":\"https:\/\/invertas.lt\/wp-content\/uploads\/2025\/03\/New-Text-Document-2.svg\",\"width\":140,\"height\":39,\"caption\":\"Invertas\"},\"image\":{\"@id\":\"https:\/\/invertas.lt\/#\/schema\/logo\/image\/\"}}]}<\/script>\n<!-- \/ Yoast SEO plugin. -->","yoast_head_json":{"title":"Danfoss MCD 200 - Invertas","description":"Kompakti\u0161ki ir galingi mink\u0161tieji paleid\u0117jai iki 110 kW su pa\u017eangiu valdymu, lengva integracija \u012f Ethernet\/IP tinklus ir auk\u0161ta darbo temperat\u016bros riba.","robots":{"index":"index","follow":"follow","max-snippet":"max-snippet:-1","max-image-preview":"max-image-preview:large","max-video-preview":"max-video-preview:-1"},"canonical":"https:\/\/invertas.lt\/en\/produktai\/daznio-keitikliai\/mcd-200\/","og_locale":"en_GB","og_type":"article","og_title":"Danfoss MCD 200 - Invertas","og_description":"Kompakti\u0161ki ir galingi mink\u0161tieji paleid\u0117jai iki 110 kW su pa\u017eangiu valdymu, lengva integracija \u012f Ethernet\/IP tinklus ir auk\u0161ta darbo temperat\u016bros riba.","og_url":"https:\/\/invertas.lt\/en\/produktai\/daznio-keitikliai\/mcd-200\/","og_site_name":"Invertas","article_modified_time":"2025-10-14T17:14:02+00:00","og_image":[{"width":320,"height":320,"url":"https:\/\/invertas.lt\/wp-content\/uploads\/2025\/05\/softstarterlogofw_7-1.png","type":"image\/png"}],"twitter_card":"summary_large_image","twitter_misc":{"Estimated reading time":"1 minute"},"schema":{"@context":"https:\/\/schema.org","@graph":[{"@type":"WebPage","@id":"https:\/\/invertas.lt\/produktai\/daznio-keitikliai\/mcd-200\/","url":"https:\/\/invertas.lt\/produktai\/daznio-keitikliai\/mcd-200\/","name":"Danfoss MCD 200 - Invertas","isPartOf":{"@id":"https:\/\/invertas.lt\/#website"},"primaryImageOfPage":{"@id":"https:\/\/invertas.lt\/produktai\/daznio-keitikliai\/mcd-200\/#primaryimage"},"image":{"@id":"https:\/\/invertas.lt\/produktai\/daznio-keitikliai\/mcd-200\/#primaryimage"},"thumbnailUrl":"https:\/\/invertas.lt\/wp-content\/uploads\/2025\/05\/softstarterlogofw_7-1.png","datePublished":"2025-05-20T14:07:21+00:00","dateModified":"2025-10-14T17:14:02+00:00","description":"Kompakti\u0161ki ir galingi mink\u0161tieji paleid\u0117jai iki 110 kW su pa\u017eangiu valdymu, lengva integracija \u012f Ethernet\/IP tinklus ir auk\u0161ta darbo temperat\u016bros riba.","breadcrumb":{"@id":"https:\/\/invertas.lt\/produktai\/daznio-keitikliai\/mcd-200\/#breadcrumb"},"inLanguage":"en-GB","potentialAction":[{"@type":"ReadAction","target":["https:\/\/invertas.lt\/produktai\/daznio-keitikliai\/mcd-200\/"]}]},{"@type":"ImageObject","inLanguage":"en-GB","@id":"https:\/\/invertas.lt\/produktai\/daznio-keitikliai\/mcd-200\/#primaryimage","url":"https:\/\/invertas.lt\/wp-content\/uploads\/2025\/05\/softstarterlogofw_7-1.png","contentUrl":"https:\/\/invertas.lt\/wp-content\/uploads\/2025\/05\/softstarterlogofw_7-1.png","width":320,"height":320},{"@type":"BreadcrumbList","@id":"https:\/\/invertas.lt\/produktai\/daznio-keitikliai\/mcd-200\/#breadcrumb","itemListElement":[{"@type":"ListItem","position":1,"name":"Prad\u017eia","item":"https:\/\/invertas.lt\/"},{"@type":"ListItem","position":2,"name":"Products","item":"https:\/\/invertas.lt\/shop\/"},{"@type":"ListItem","position":3,"name":"Da\u017enio keitikliai","item":"https:\/\/invertas.lt\/.\/daznio-keitikliai\/"},{"@type":"ListItem","position":4,"name":"Danfoss MCD 200"}]},{"@type":"WebSite","@id":"https:\/\/invertas.lt\/#website","url":"https:\/\/invertas.lt\/","name":"Invert","description":"","publisher":{"@id":"https:\/\/invertas.lt\/#organization"},"potentialAction":[{"@type":"SearchAction","target":{"@type":"EntryPoint","urlTemplate":"https:\/\/invertas.lt\/?s={search_term_string}"},"query-input":{"@type":"PropertyValueSpecification","valueRequired":true,"valueName":"search_term_string"}}],"inLanguage":"en-GB"},{"@type":"Organization","@id":"https:\/\/invertas.lt\/#organization","name":"Invert","url":"https:\/\/invertas.lt\/","logo":{"@type":"ImageObject","inLanguage":"en-GB","@id":"https:\/\/invertas.lt\/#\/schema\/logo\/image\/","url":"https:\/\/invertas.lt\/wp-content\/uploads\/2025\/03\/New-Text-Document-2.svg","contentUrl":"https:\/\/invertas.lt\/wp-content\/uploads\/2025\/03\/New-Text-Document-2.svg","width":140,"height":39,"caption":"Invertas"},"image":{"@id":"https:\/\/invertas.lt\/#\/schema\/logo\/image\/"}}]}},"_links":{"self":[{"href":"https:\/\/invertas.lt\/en\/wp-json\/wp\/v2\/product\/5391","targetHints":{"allow":["GET"]}}],"collection":[{"href":"https:\/\/invertas.lt\/en\/wp-json\/wp\/v2\/product"}],"about":[{"href":"https:\/\/invertas.lt\/en\/wp-json\/wp\/v2\/types\/product"}],"replies":[{"embeddable":true,"href":"https:\/\/invertas.lt\/en\/wp-json\/wp\/v2\/comments?post=5391"}],"wp:featuredmedia":[{"embeddable":true,"href":"https:\/\/invertas.lt\/en\/wp-json\/wp\/v2\/media\/5505"}],"wp:attachment":[{"href":"https:\/\/invertas.lt\/en\/wp-json\/wp\/v2\/media?parent=5391"}],"wp:term":[{"taxonomy":"product_brand","embeddable":true,"href":"https:\/\/invertas.lt\/en\/wp-json\/wp\/v2\/product_brand?post=5391"},{"taxonomy":"product_cat","embeddable":true,"href":"https:\/\/invertas.lt\/en\/wp-json\/wp\/v2\/product_cat?post=5391"},{"taxonomy":"product_tag","embeddable":true,"href":"https:\/\/invertas.lt\/en\/wp-json\/wp\/v2\/product_tag?post=5391"}],"curies":[{"name":"wp","href":"https:\/\/api.w.org\/{rel}","templated":true}]}}