{"id":5377,"date":"2025-05-20T11:48:50","date_gmt":"2025-05-20T11:48:50","guid":{"rendered":"https:\/\/aurimasb15.sg-host.com\/?post_type=product&#038;p=5377"},"modified":"2025-10-14T17:19:03","modified_gmt":"2025-10-14T17:19:03","slug":"mcd-600","status":"publish","type":"product","link":"https:\/\/invertas.lt\/en\/produktai\/daznio-keitikliai\/mcd-600\/","title":{"rendered":"Danfoss MCD 600"},"content":{"rendered":"<p data-start=\"0\" data-end=\"101\"><strong>Fields of application<\/strong><\/p>\n<p data-start=\"0\" data-end=\"101\">VLT Soft Starter MCD 600 is an advanced controller with a high level of intelligence for fixed speed applications.<\/p>\n<p data-start=\"103\" data-end=\"111\"><strong>Features<\/strong><\/p>\n<ul data-start=\"112\" data-end=\"400\" data-is-last-node=\"\" data-is-only-node=\"\">\n<li data-start=\"112\" data-end=\"163\">\n<p data-start=\"114\" data-end=\"163\">Integrated impeller and pump cleaning function<\/p>\n<\/li>\n<li data-start=\"164\" data-end=\"215\">\n<p data-start=\"166\" data-end=\"215\">Up to 348 event registration with QR code scanning<\/p>\n<\/li>\n<li data-start=\"216\" data-end=\"270\">\n<p data-start=\"218\" data-end=\"270\">USB port for quick boot and data access<\/p>\n<\/li>\n<li data-start=\"271\" data-end=\"330\">\n<p data-start=\"273\" data-end=\"330\">PowerThrough function ensures operation even in the event of a phase failure<\/p>\n<\/li>\n<li data-start=\"331\" data-end=\"400\" data-is-last-node=\"\">\n<p data-start=\"333\" data-end=\"400\" data-is-last-node=\"\">Internal bypass contactors save space and reduce installation costs<\/p>\n<\/li>\n<\/ul>","protected":false},"excerpt":{"rendered":"<p>Taikymo sritys VLT Soft Starter MCD 600 \u2013 pa\u017eangus valdiklis su auk\u0161tu intelekto lygiu fiksuoto grei\u010dio programoms. Savyb\u0117s Integruota sparnuot\u0117s ir siurblio valymo funkcija Iki 348 \u012fvyki\u0173 registracija su QR kodo nuskaitymu USB prievadas greitam paleidimui ir duomen\u0173 prieigai PowerThrough funkcija u\u017etikrina veikim\u0105 net pa\u017eeidus faz\u0119 Vidiniai ap\u0117jimo kontaktoriai taupo viet\u0105 ir ma\u017eina \u012frengimo ka\u0161tus<\/p>","protected":false},"featured_media":5417,"comment_status":"open","ping_status":"closed","template":"","meta":{"_acf_changed":false,"inline_featured_image":false},"product_brand":[],"product_cat":[16],"product_tag":[],"class_list":{"0":"post-5377","1":"product","2":"type-product","3":"status-publish","4":"has-post-thumbnail","6":"product_cat-daznio-keitikliai","8":"first","9":"instock","10":"shipping-taxable","11":"purchasable","12":"product-type-variable"},"acf":[],"yoast_head":"<!-- This site is optimized with the Yoast SEO plugin v25.5 - https:\/\/yoast.com\/wordpress\/plugins\/seo\/ -->\n<title>Danfoss MCD 600 - Invertas<\/title>\n<meta name=\"description\" content=\"MCD 600 \u2013 pa\u017eangus ir patikimas sprendimas fiksuoto grei\u010dio varikliams su efektyvia valymo funkcija, lengvu valdymu ir atsparumu fazi\u0173 gedimams.\" \/>\n<meta name=\"robots\" content=\"index, follow, max-snippet:-1, max-image-preview:large, max-video-preview:-1\" \/>\n<link rel=\"canonical\" href=\"https:\/\/invertas.lt\/en\/produktai\/daznio-keitikliai\/mcd-600\/\" \/>\n<meta property=\"og:locale\" content=\"en_GB\" \/>\n<meta property=\"og:type\" content=\"article\" \/>\n<meta property=\"og:title\" content=\"Danfoss MCD 600 - Invertas\" \/>\n<meta property=\"og:description\" content=\"MCD 600 \u2013 pa\u017eangus ir patikimas sprendimas fiksuoto grei\u010dio varikliams su efektyvia valymo funkcija, lengvu valdymu ir atsparumu fazi\u0173 gedimams.\" \/>\n<meta property=\"og:url\" content=\"https:\/\/invertas.lt\/en\/produktai\/daznio-keitikliai\/mcd-600\/\" \/>\n<meta property=\"og:site_name\" content=\"Invertas\" \/>\n<meta property=\"article:modified_time\" content=\"2025-10-14T17:19:03+00:00\" \/>\n<meta property=\"og:image\" content=\"https:\/\/invertas.lt\/wp-content\/uploads\/2025\/05\/mcd-600-softstarter-2.png\" \/>\n\t<meta property=\"og:image:width\" content=\"1112\" \/>\n\t<meta property=\"og:image:height\" content=\"1112\" \/>\n\t<meta property=\"og:image:type\" content=\"image\/png\" \/>\n<meta name=\"twitter:card\" content=\"summary_large_image\" \/>\n<meta name=\"twitter:label1\" content=\"Estimated reading time\" \/>\n\t<meta name=\"twitter:data1\" content=\"1 minute\" \/>\n<script type=\"application\/ld+json\" class=\"yoast-schema-graph\">{\"@context\":\"https:\/\/schema.org\",\"@graph\":[{\"@type\":\"WebPage\",\"@id\":\"https:\/\/invertas.lt\/produktai\/daznio-keitikliai\/mcd-600\/\",\"url\":\"https:\/\/invertas.lt\/produktai\/daznio-keitikliai\/mcd-600\/\",\"name\":\"Danfoss MCD 600 - Invertas\",\"isPartOf\":{\"@id\":\"https:\/\/invertas.lt\/#website\"},\"primaryImageOfPage\":{\"@id\":\"https:\/\/invertas.lt\/produktai\/daznio-keitikliai\/mcd-600\/#primaryimage\"},\"image\":{\"@id\":\"https:\/\/invertas.lt\/produktai\/daznio-keitikliai\/mcd-600\/#primaryimage\"},\"thumbnailUrl\":\"https:\/\/invertas.lt\/wp-content\/uploads\/2025\/05\/mcd-600-softstarter-2.png\",\"datePublished\":\"2025-05-20T11:48:50+00:00\",\"dateModified\":\"2025-10-14T17:19:03+00:00\",\"description\":\"MCD 600 \u2013 pa\u017eangus ir patikimas sprendimas fiksuoto grei\u010dio varikliams su efektyvia valymo funkcija, lengvu valdymu ir atsparumu fazi\u0173 gedimams.\",\"breadcrumb\":{\"@id\":\"https:\/\/invertas.lt\/produktai\/daznio-keitikliai\/mcd-600\/#breadcrumb\"},\"inLanguage\":\"en-GB\",\"potentialAction\":[{\"@type\":\"ReadAction\",\"target\":[\"https:\/\/invertas.lt\/produktai\/daznio-keitikliai\/mcd-600\/\"]}]},{\"@type\":\"ImageObject\",\"inLanguage\":\"en-GB\",\"@id\":\"https:\/\/invertas.lt\/produktai\/daznio-keitikliai\/mcd-600\/#primaryimage\",\"url\":\"https:\/\/invertas.lt\/wp-content\/uploads\/2025\/05\/mcd-600-softstarter-2.png\",\"contentUrl\":\"https:\/\/invertas.lt\/wp-content\/uploads\/2025\/05\/mcd-600-softstarter-2.png\",\"width\":1112,\"height\":1112},{\"@type\":\"BreadcrumbList\",\"@id\":\"https:\/\/invertas.lt\/produktai\/daznio-keitikliai\/mcd-600\/#breadcrumb\",\"itemListElement\":[{\"@type\":\"ListItem\",\"position\":1,\"name\":\"Prad\u017eia\",\"item\":\"https:\/\/invertas.lt\/\"},{\"@type\":\"ListItem\",\"position\":2,\"name\":\"Products\",\"item\":\"https:\/\/invertas.lt\/shop\/\"},{\"@type\":\"ListItem\",\"position\":3,\"name\":\"Da\u017enio keitikliai\",\"item\":\"https:\/\/invertas.lt\/.\/daznio-keitikliai\/\"},{\"@type\":\"ListItem\",\"position\":4,\"name\":\"Danfoss MCD 600\"}]},{\"@type\":\"WebSite\",\"@id\":\"https:\/\/invertas.lt\/#website\",\"url\":\"https:\/\/invertas.lt\/\",\"name\":\"Invertas\",\"description\":\"\",\"publisher\":{\"@id\":\"https:\/\/invertas.lt\/#organization\"},\"potentialAction\":[{\"@type\":\"SearchAction\",\"target\":{\"@type\":\"EntryPoint\",\"urlTemplate\":\"https:\/\/invertas.lt\/?s={search_term_string}\"},\"query-input\":{\"@type\":\"PropertyValueSpecification\",\"valueRequired\":true,\"valueName\":\"search_term_string\"}}],\"inLanguage\":\"en-GB\"},{\"@type\":\"Organization\",\"@id\":\"https:\/\/invertas.lt\/#organization\",\"name\":\"Invertas\",\"url\":\"https:\/\/invertas.lt\/\",\"logo\":{\"@type\":\"ImageObject\",\"inLanguage\":\"en-GB\",\"@id\":\"https:\/\/invertas.lt\/#\/schema\/logo\/image\/\",\"url\":\"https:\/\/invertas.lt\/wp-content\/uploads\/2025\/03\/New-Text-Document-2.svg\",\"contentUrl\":\"https:\/\/invertas.lt\/wp-content\/uploads\/2025\/03\/New-Text-Document-2.svg\",\"width\":140,\"height\":39,\"caption\":\"Invertas\"},\"image\":{\"@id\":\"https:\/\/invertas.lt\/#\/schema\/logo\/image\/\"}}]}<\/script>\n<!-- \/ Yoast SEO plugin. -->","yoast_head_json":{"title":"Danfoss MCD 600 - Invertas","description":"MCD 600 \u2013 pa\u017eangus ir patikimas sprendimas fiksuoto grei\u010dio varikliams su efektyvia valymo funkcija, lengvu valdymu ir atsparumu fazi\u0173 gedimams.","robots":{"index":"index","follow":"follow","max-snippet":"max-snippet:-1","max-image-preview":"max-image-preview:large","max-video-preview":"max-video-preview:-1"},"canonical":"https:\/\/invertas.lt\/en\/produktai\/daznio-keitikliai\/mcd-600\/","og_locale":"en_GB","og_type":"article","og_title":"Danfoss MCD 600 - Invertas","og_description":"MCD 600 \u2013 pa\u017eangus ir patikimas sprendimas fiksuoto grei\u010dio varikliams su efektyvia valymo funkcija, lengvu valdymu ir atsparumu fazi\u0173 gedimams.","og_url":"https:\/\/invertas.lt\/en\/produktai\/daznio-keitikliai\/mcd-600\/","og_site_name":"Invertas","article_modified_time":"2025-10-14T17:19:03+00:00","og_image":[{"width":1112,"height":1112,"url":"https:\/\/invertas.lt\/wp-content\/uploads\/2025\/05\/mcd-600-softstarter-2.png","type":"image\/png"}],"twitter_card":"summary_large_image","twitter_misc":{"Estimated reading time":"1 minute"},"schema":{"@context":"https:\/\/schema.org","@graph":[{"@type":"WebPage","@id":"https:\/\/invertas.lt\/produktai\/daznio-keitikliai\/mcd-600\/","url":"https:\/\/invertas.lt\/produktai\/daznio-keitikliai\/mcd-600\/","name":"Danfoss MCD 600 - Invertas","isPartOf":{"@id":"https:\/\/invertas.lt\/#website"},"primaryImageOfPage":{"@id":"https:\/\/invertas.lt\/produktai\/daznio-keitikliai\/mcd-600\/#primaryimage"},"image":{"@id":"https:\/\/invertas.lt\/produktai\/daznio-keitikliai\/mcd-600\/#primaryimage"},"thumbnailUrl":"https:\/\/invertas.lt\/wp-content\/uploads\/2025\/05\/mcd-600-softstarter-2.png","datePublished":"2025-05-20T11:48:50+00:00","dateModified":"2025-10-14T17:19:03+00:00","description":"MCD 600 \u2013 pa\u017eangus ir patikimas sprendimas fiksuoto grei\u010dio varikliams su efektyvia valymo funkcija, lengvu valdymu ir atsparumu fazi\u0173 gedimams.","breadcrumb":{"@id":"https:\/\/invertas.lt\/produktai\/daznio-keitikliai\/mcd-600\/#breadcrumb"},"inLanguage":"en-GB","potentialAction":[{"@type":"ReadAction","target":["https:\/\/invertas.lt\/produktai\/daznio-keitikliai\/mcd-600\/"]}]},{"@type":"ImageObject","inLanguage":"en-GB","@id":"https:\/\/invertas.lt\/produktai\/daznio-keitikliai\/mcd-600\/#primaryimage","url":"https:\/\/invertas.lt\/wp-content\/uploads\/2025\/05\/mcd-600-softstarter-2.png","contentUrl":"https:\/\/invertas.lt\/wp-content\/uploads\/2025\/05\/mcd-600-softstarter-2.png","width":1112,"height":1112},{"@type":"BreadcrumbList","@id":"https:\/\/invertas.lt\/produktai\/daznio-keitikliai\/mcd-600\/#breadcrumb","itemListElement":[{"@type":"ListItem","position":1,"name":"Prad\u017eia","item":"https:\/\/invertas.lt\/"},{"@type":"ListItem","position":2,"name":"Products","item":"https:\/\/invertas.lt\/shop\/"},{"@type":"ListItem","position":3,"name":"Da\u017enio keitikliai","item":"https:\/\/invertas.lt\/.\/daznio-keitikliai\/"},{"@type":"ListItem","position":4,"name":"Danfoss MCD 600"}]},{"@type":"WebSite","@id":"https:\/\/invertas.lt\/#website","url":"https:\/\/invertas.lt\/","name":"Invert","description":"","publisher":{"@id":"https:\/\/invertas.lt\/#organization"},"potentialAction":[{"@type":"SearchAction","target":{"@type":"EntryPoint","urlTemplate":"https:\/\/invertas.lt\/?s={search_term_string}"},"query-input":{"@type":"PropertyValueSpecification","valueRequired":true,"valueName":"search_term_string"}}],"inLanguage":"en-GB"},{"@type":"Organization","@id":"https:\/\/invertas.lt\/#organization","name":"Invert","url":"https:\/\/invertas.lt\/","logo":{"@type":"ImageObject","inLanguage":"en-GB","@id":"https:\/\/invertas.lt\/#\/schema\/logo\/image\/","url":"https:\/\/invertas.lt\/wp-content\/uploads\/2025\/03\/New-Text-Document-2.svg","contentUrl":"https:\/\/invertas.lt\/wp-content\/uploads\/2025\/03\/New-Text-Document-2.svg","width":140,"height":39,"caption":"Invertas"},"image":{"@id":"https:\/\/invertas.lt\/#\/schema\/logo\/image\/"}}]}},"_links":{"self":[{"href":"https:\/\/invertas.lt\/en\/wp-json\/wp\/v2\/product\/5377","targetHints":{"allow":["GET"]}}],"collection":[{"href":"https:\/\/invertas.lt\/en\/wp-json\/wp\/v2\/product"}],"about":[{"href":"https:\/\/invertas.lt\/en\/wp-json\/wp\/v2\/types\/product"}],"replies":[{"embeddable":true,"href":"https:\/\/invertas.lt\/en\/wp-json\/wp\/v2\/comments?post=5377"}],"wp:featuredmedia":[{"embeddable":true,"href":"https:\/\/invertas.lt\/en\/wp-json\/wp\/v2\/media\/5417"}],"wp:attachment":[{"href":"https:\/\/invertas.lt\/en\/wp-json\/wp\/v2\/media?parent=5377"}],"wp:term":[{"taxonomy":"product_brand","embeddable":true,"href":"https:\/\/invertas.lt\/en\/wp-json\/wp\/v2\/product_brand?post=5377"},{"taxonomy":"product_cat","embeddable":true,"href":"https:\/\/invertas.lt\/en\/wp-json\/wp\/v2\/product_cat?post=5377"},{"taxonomy":"product_tag","embeddable":true,"href":"https:\/\/invertas.lt\/en\/wp-json\/wp\/v2\/product_tag?post=5377"}],"curies":[{"name":"wp","href":"https:\/\/api.w.org\/{rel}","templated":true}]}}