{"id":5133,"date":"2025-05-19T13:21:04","date_gmt":"2025-05-19T13:21:04","guid":{"rendered":"https:\/\/aurimasb15.sg-host.com\/?post_type=product&#038;p=5133"},"modified":"2025-10-14T16:59:36","modified_gmt":"2025-10-14T16:59:36","slug":"vacon-nxp","status":"publish","type":"product","link":"https:\/\/invertas.lt\/en\/produktai\/daznio-keitikliai\/vacon-nxp\/","title":{"rendered":"VACON NXP"},"content":{"rendered":"<p data-start=\"0\" data-end=\"180\"><strong data-start=\"0\" data-end=\"18\">Fields of application<\/strong><\/p>\n<p data-start=\"0\" data-end=\"125\">VACON NXP frequency converters provide precise motor control and high performance in all conditions, suitable for power up to 2 MW.<\/p>\n<p data-start=\"127\" data-end=\"139\"><strong data-start=\"127\" data-end=\"139\">Features:<\/strong><\/p>\n<ul data-start=\"140\" data-end=\"360\" data-is-last-node=\"\" data-is-only-node=\"\">\n<li data-start=\"140\" data-end=\"188\">\n<p data-start=\"142\" data-end=\"188\">Wide power and voltage range up to 2 MW<\/p>\n<\/li>\n<li data-start=\"189\" data-end=\"237\">\n<p data-start=\"191\" data-end=\"237\">Universal adaptation to various needs<\/p>\n<\/li>\n<li data-start=\"238\" data-end=\"295\">\n<p data-start=\"240\" data-end=\"295\">Control of asynchronous and permanent magnet motors<\/p>\n<\/li>\n<li data-start=\"296\" data-end=\"331\">\n<p data-start=\"298\" data-end=\"331\">Marine classification certificates<\/p>\n<\/li>\n<li data-start=\"332\" data-end=\"360\" data-is-last-node=\"\">\n<p data-start=\"334\" data-end=\"360\" data-is-last-node=\"\">Functional safety measures<\/p>\n<\/li>\n<\/ul>","protected":false},"excerpt":{"rendered":"<p>Taikymo sritys VACON NXP da\u017enio keitikliai u\u017etikrina tiksl\u0173 variklio valdym\u0105 ir auk\u0161t\u0105 na\u0161um\u0105 visose s\u0105lygose, pritaikyti iki 2 MW galios. Savyb\u0117s: Platus galios ir \u012ftampos diapazonas iki 2 MW Universalus pritaikymas \u012fvairiems poreikiams Asinchronini\u0173 ir nuolatini\u0173 magnet\u0173 varikli\u0173 valdymas J\u016br\u0173 klasifikavimo sertifikatai Funkcin\u0117s saugos priemon\u0117s<\/p>","protected":false},"featured_media":5135,"comment_status":"open","ping_status":"closed","template":"","meta":{"_acf_changed":false,"inline_featured_image":false},"product_brand":[],"product_cat":[16],"product_tag":[],"class_list":{"0":"post-5133","1":"product","2":"type-product","3":"status-publish","4":"has-post-thumbnail","6":"product_cat-daznio-keitikliai","8":"first","9":"instock","10":"shipping-taxable","11":"purchasable","12":"product-type-variable"},"acf":[],"yoast_head":"<!-- This site is optimized with the Yoast SEO plugin v25.5 - https:\/\/yoast.com\/wordpress\/plugins\/seo\/ -->\n<title>VACON NXP - Invertas<\/title>\n<meta name=\"description\" content=\"VACON NXP \u2013 galingas ir universalus variklio valdymas iki 2 MW, su auk\u0161ta na\u0161umo kokybe, j\u016brini\u0173 standart\u0173 sertifikatais ir pa\u017eangiomis saugos funkcijomis.\" \/>\n<meta name=\"robots\" content=\"index, follow, max-snippet:-1, max-image-preview:large, max-video-preview:-1\" \/>\n<link rel=\"canonical\" href=\"https:\/\/invertas.lt\/en\/produktai\/daznio-keitikliai\/vacon-nxp\/\" \/>\n<meta property=\"og:locale\" content=\"en_GB\" \/>\n<meta property=\"og:type\" content=\"article\" \/>\n<meta property=\"og:title\" content=\"VACON NXP - Invertas\" \/>\n<meta property=\"og:description\" content=\"VACON NXP \u2013 galingas ir universalus variklio valdymas iki 2 MW, su auk\u0161ta na\u0161umo kokybe, j\u016brini\u0173 standart\u0173 sertifikatais ir pa\u017eangiomis saugos funkcijomis.\" \/>\n<meta property=\"og:url\" content=\"https:\/\/invertas.lt\/en\/produktai\/daznio-keitikliai\/vacon-nxp\/\" \/>\n<meta property=\"og:site_name\" content=\"Invertas\" \/>\n<meta property=\"article:modified_time\" content=\"2025-10-14T16:59:36+00:00\" \/>\n<meta property=\"og:image\" content=\"https:\/\/invertas.lt\/wp-content\/uploads\/2025\/05\/vacon-NXP_productss-1_resized.png\" \/>\n\t<meta property=\"og:image:width\" content=\"500\" \/>\n\t<meta property=\"og:image:height\" content=\"500\" \/>\n\t<meta property=\"og:image:type\" content=\"image\/png\" \/>\n<meta name=\"twitter:card\" content=\"summary_large_image\" \/>\n<meta name=\"twitter:label1\" content=\"Estimated reading time\" \/>\n\t<meta name=\"twitter:data1\" content=\"1 minute\" \/>\n<script type=\"application\/ld+json\" class=\"yoast-schema-graph\">{\"@context\":\"https:\/\/schema.org\",\"@graph\":[{\"@type\":\"WebPage\",\"@id\":\"https:\/\/invertas.lt\/produktai\/daznio-keitikliai\/vacon-nxp\/\",\"url\":\"https:\/\/invertas.lt\/produktai\/daznio-keitikliai\/vacon-nxp\/\",\"name\":\"VACON NXP - Invertas\",\"isPartOf\":{\"@id\":\"https:\/\/invertas.lt\/#website\"},\"primaryImageOfPage\":{\"@id\":\"https:\/\/invertas.lt\/produktai\/daznio-keitikliai\/vacon-nxp\/#primaryimage\"},\"image\":{\"@id\":\"https:\/\/invertas.lt\/produktai\/daznio-keitikliai\/vacon-nxp\/#primaryimage\"},\"thumbnailUrl\":\"https:\/\/invertas.lt\/wp-content\/uploads\/2025\/05\/vacon-NXP_productss-1_resized.png\",\"datePublished\":\"2025-05-19T13:21:04+00:00\",\"dateModified\":\"2025-10-14T16:59:36+00:00\",\"description\":\"VACON NXP \u2013 galingas ir universalus variklio valdymas iki 2 MW, su auk\u0161ta na\u0161umo kokybe, j\u016brini\u0173 standart\u0173 sertifikatais ir pa\u017eangiomis saugos funkcijomis.\",\"breadcrumb\":{\"@id\":\"https:\/\/invertas.lt\/produktai\/daznio-keitikliai\/vacon-nxp\/#breadcrumb\"},\"inLanguage\":\"en-GB\",\"potentialAction\":[{\"@type\":\"ReadAction\",\"target\":[\"https:\/\/invertas.lt\/produktai\/daznio-keitikliai\/vacon-nxp\/\"]}]},{\"@type\":\"ImageObject\",\"inLanguage\":\"en-GB\",\"@id\":\"https:\/\/invertas.lt\/produktai\/daznio-keitikliai\/vacon-nxp\/#primaryimage\",\"url\":\"https:\/\/invertas.lt\/wp-content\/uploads\/2025\/05\/vacon-NXP_productss-1_resized.png\",\"contentUrl\":\"https:\/\/invertas.lt\/wp-content\/uploads\/2025\/05\/vacon-NXP_productss-1_resized.png\",\"width\":500,\"height\":500},{\"@type\":\"BreadcrumbList\",\"@id\":\"https:\/\/invertas.lt\/produktai\/daznio-keitikliai\/vacon-nxp\/#breadcrumb\",\"itemListElement\":[{\"@type\":\"ListItem\",\"position\":1,\"name\":\"Prad\u017eia\",\"item\":\"https:\/\/invertas.lt\/\"},{\"@type\":\"ListItem\",\"position\":2,\"name\":\"Products\",\"item\":\"https:\/\/invertas.lt\/shop\/\"},{\"@type\":\"ListItem\",\"position\":3,\"name\":\"Da\u017enio keitikliai\",\"item\":\"https:\/\/invertas.lt\/.\/daznio-keitikliai\/\"},{\"@type\":\"ListItem\",\"position\":4,\"name\":\"VACON NXP\"}]},{\"@type\":\"WebSite\",\"@id\":\"https:\/\/invertas.lt\/#website\",\"url\":\"https:\/\/invertas.lt\/\",\"name\":\"Invertas\",\"description\":\"\",\"publisher\":{\"@id\":\"https:\/\/invertas.lt\/#organization\"},\"potentialAction\":[{\"@type\":\"SearchAction\",\"target\":{\"@type\":\"EntryPoint\",\"urlTemplate\":\"https:\/\/invertas.lt\/?s={search_term_string}\"},\"query-input\":{\"@type\":\"PropertyValueSpecification\",\"valueRequired\":true,\"valueName\":\"search_term_string\"}}],\"inLanguage\":\"en-GB\"},{\"@type\":\"Organization\",\"@id\":\"https:\/\/invertas.lt\/#organization\",\"name\":\"Invertas\",\"url\":\"https:\/\/invertas.lt\/\",\"logo\":{\"@type\":\"ImageObject\",\"inLanguage\":\"en-GB\",\"@id\":\"https:\/\/invertas.lt\/#\/schema\/logo\/image\/\",\"url\":\"https:\/\/invertas.lt\/wp-content\/uploads\/2025\/03\/New-Text-Document-2.svg\",\"contentUrl\":\"https:\/\/invertas.lt\/wp-content\/uploads\/2025\/03\/New-Text-Document-2.svg\",\"width\":140,\"height\":39,\"caption\":\"Invertas\"},\"image\":{\"@id\":\"https:\/\/invertas.lt\/#\/schema\/logo\/image\/\"}}]}<\/script>\n<!-- \/ Yoast SEO plugin. -->","yoast_head_json":{"title":"VACON NXP - Invertas","description":"VACON NXP \u2013 galingas ir universalus variklio valdymas iki 2 MW, su auk\u0161ta na\u0161umo kokybe, j\u016brini\u0173 standart\u0173 sertifikatais ir pa\u017eangiomis saugos funkcijomis.","robots":{"index":"index","follow":"follow","max-snippet":"max-snippet:-1","max-image-preview":"max-image-preview:large","max-video-preview":"max-video-preview:-1"},"canonical":"https:\/\/invertas.lt\/en\/produktai\/daznio-keitikliai\/vacon-nxp\/","og_locale":"en_GB","og_type":"article","og_title":"VACON NXP - Invertas","og_description":"VACON NXP \u2013 galingas ir universalus variklio valdymas iki 2 MW, su auk\u0161ta na\u0161umo kokybe, j\u016brini\u0173 standart\u0173 sertifikatais ir pa\u017eangiomis saugos funkcijomis.","og_url":"https:\/\/invertas.lt\/en\/produktai\/daznio-keitikliai\/vacon-nxp\/","og_site_name":"Invertas","article_modified_time":"2025-10-14T16:59:36+00:00","og_image":[{"width":500,"height":500,"url":"https:\/\/invertas.lt\/wp-content\/uploads\/2025\/05\/vacon-NXP_productss-1_resized.png","type":"image\/png"}],"twitter_card":"summary_large_image","twitter_misc":{"Estimated reading time":"1 minute"},"schema":{"@context":"https:\/\/schema.org","@graph":[{"@type":"WebPage","@id":"https:\/\/invertas.lt\/produktai\/daznio-keitikliai\/vacon-nxp\/","url":"https:\/\/invertas.lt\/produktai\/daznio-keitikliai\/vacon-nxp\/","name":"VACON NXP - Invertas","isPartOf":{"@id":"https:\/\/invertas.lt\/#website"},"primaryImageOfPage":{"@id":"https:\/\/invertas.lt\/produktai\/daznio-keitikliai\/vacon-nxp\/#primaryimage"},"image":{"@id":"https:\/\/invertas.lt\/produktai\/daznio-keitikliai\/vacon-nxp\/#primaryimage"},"thumbnailUrl":"https:\/\/invertas.lt\/wp-content\/uploads\/2025\/05\/vacon-NXP_productss-1_resized.png","datePublished":"2025-05-19T13:21:04+00:00","dateModified":"2025-10-14T16:59:36+00:00","description":"VACON NXP \u2013 galingas ir universalus variklio valdymas iki 2 MW, su auk\u0161ta na\u0161umo kokybe, j\u016brini\u0173 standart\u0173 sertifikatais ir pa\u017eangiomis saugos funkcijomis.","breadcrumb":{"@id":"https:\/\/invertas.lt\/produktai\/daznio-keitikliai\/vacon-nxp\/#breadcrumb"},"inLanguage":"en-GB","potentialAction":[{"@type":"ReadAction","target":["https:\/\/invertas.lt\/produktai\/daznio-keitikliai\/vacon-nxp\/"]}]},{"@type":"ImageObject","inLanguage":"en-GB","@id":"https:\/\/invertas.lt\/produktai\/daznio-keitikliai\/vacon-nxp\/#primaryimage","url":"https:\/\/invertas.lt\/wp-content\/uploads\/2025\/05\/vacon-NXP_productss-1_resized.png","contentUrl":"https:\/\/invertas.lt\/wp-content\/uploads\/2025\/05\/vacon-NXP_productss-1_resized.png","width":500,"height":500},{"@type":"BreadcrumbList","@id":"https:\/\/invertas.lt\/produktai\/daznio-keitikliai\/vacon-nxp\/#breadcrumb","itemListElement":[{"@type":"ListItem","position":1,"name":"Prad\u017eia","item":"https:\/\/invertas.lt\/"},{"@type":"ListItem","position":2,"name":"Products","item":"https:\/\/invertas.lt\/shop\/"},{"@type":"ListItem","position":3,"name":"Da\u017enio keitikliai","item":"https:\/\/invertas.lt\/.\/daznio-keitikliai\/"},{"@type":"ListItem","position":4,"name":"VACON NXP"}]},{"@type":"WebSite","@id":"https:\/\/invertas.lt\/#website","url":"https:\/\/invertas.lt\/","name":"Invert","description":"","publisher":{"@id":"https:\/\/invertas.lt\/#organization"},"potentialAction":[{"@type":"SearchAction","target":{"@type":"EntryPoint","urlTemplate":"https:\/\/invertas.lt\/?s={search_term_string}"},"query-input":{"@type":"PropertyValueSpecification","valueRequired":true,"valueName":"search_term_string"}}],"inLanguage":"en-GB"},{"@type":"Organization","@id":"https:\/\/invertas.lt\/#organization","name":"Invert","url":"https:\/\/invertas.lt\/","logo":{"@type":"ImageObject","inLanguage":"en-GB","@id":"https:\/\/invertas.lt\/#\/schema\/logo\/image\/","url":"https:\/\/invertas.lt\/wp-content\/uploads\/2025\/03\/New-Text-Document-2.svg","contentUrl":"https:\/\/invertas.lt\/wp-content\/uploads\/2025\/03\/New-Text-Document-2.svg","width":140,"height":39,"caption":"Invertas"},"image":{"@id":"https:\/\/invertas.lt\/#\/schema\/logo\/image\/"}}]}},"_links":{"self":[{"href":"https:\/\/invertas.lt\/en\/wp-json\/wp\/v2\/product\/5133","targetHints":{"allow":["GET"]}}],"collection":[{"href":"https:\/\/invertas.lt\/en\/wp-json\/wp\/v2\/product"}],"about":[{"href":"https:\/\/invertas.lt\/en\/wp-json\/wp\/v2\/types\/product"}],"replies":[{"embeddable":true,"href":"https:\/\/invertas.lt\/en\/wp-json\/wp\/v2\/comments?post=5133"}],"wp:featuredmedia":[{"embeddable":true,"href":"https:\/\/invertas.lt\/en\/wp-json\/wp\/v2\/media\/5135"}],"wp:attachment":[{"href":"https:\/\/invertas.lt\/en\/wp-json\/wp\/v2\/media?parent=5133"}],"wp:term":[{"taxonomy":"product_brand","embeddable":true,"href":"https:\/\/invertas.lt\/en\/wp-json\/wp\/v2\/product_brand?post=5133"},{"taxonomy":"product_cat","embeddable":true,"href":"https:\/\/invertas.lt\/en\/wp-json\/wp\/v2\/product_cat?post=5133"},{"taxonomy":"product_tag","embeddable":true,"href":"https:\/\/invertas.lt\/en\/wp-json\/wp\/v2\/product_tag?post=5133"}],"curies":[{"name":"wp","href":"https:\/\/api.w.org\/{rel}","templated":true}]}}