{"id":4916,"date":"2025-05-18T20:50:05","date_gmt":"2025-05-18T20:50:05","guid":{"rendered":"https:\/\/aurimasb15.sg-host.com\/?post_type=product&#038;p=4916"},"modified":"2025-10-14T15:39:37","modified_gmt":"2025-10-14T15:39:37","slug":"vacon-100-x","status":"publish","type":"product","link":"https:\/\/invertas.lt\/en\/produktai\/daznio-keitikliai\/vacon-100-x\/","title":{"rendered":"VACON 100X"},"content":{"rendered":"<p data-start=\"0\" data-end=\"269\"><strong data-start=\"0\" data-end=\"18\">Fields of application<\/strong><\/p>\n<p data-start=\"0\" data-end=\"269\">VACON 100 X is an advanced decentralized drive up to 37 kW for precise and reliable motor control. The metal housing with a &quot;breathing&quot; ventilation valve and harmonic filters ensures high protection and durability.<\/p>\n<p data-start=\"271\" data-end=\"284\"><strong data-start=\"271\" data-end=\"282\">Features<\/strong><\/p>\n<ul data-start=\"285\" data-end=\"472\" data-is-last-node=\"\" data-is-only-node=\"\">\n<li data-start=\"285\" data-end=\"337\">\n<p data-start=\"287\" data-end=\"337\">IP66 \/ Type 4X protection, 3G vibration resistance<\/p>\n<\/li>\n<li data-start=\"338\" data-end=\"369\">\n<p data-start=\"340\" data-end=\"369\">Operates from -40\u00b0C to 60\u00b0C<\/p>\n<\/li>\n<li data-start=\"370\" data-end=\"418\">\n<p data-start=\"372\" data-end=\"418\">SIL3 Safe Torque Off (STO)<\/p>\n<\/li>\n<li data-start=\"419\" data-end=\"472\" data-is-last-node=\"\">\n<p data-start=\"421\" data-end=\"472\" data-is-last-node=\"\">Film capacitor for durability<\/p>\n<\/li>\n<\/ul>","protected":false},"excerpt":{"rendered":"<p>Taikymo sritys VACON 100 X \u2013 pa\u017eangus decentralizuot\u0173 disk\u0173 da\u017enio keitiklis iki 37 kW, skirtas tiksliam ir patikimam variklio valdymui. Metalinis korpusas su \u201ekv\u0117puojan\u010diu\u201c ventiliacijos vo\u017etuvu ir harmonik\u0173 filtrais u\u017etikrina auk\u0161t\u0105 apsaug\u0105 bei ilgaam\u017ei\u0161kum\u0105. Savyb\u0117s IP66 \/ Type 4X apsauga, 3G atsparumas vibracijai Veikia nuo -40 \u00b0C iki 60 \u00b0C SIL3 saugaus sukimo momento i\u0161jungimas [&hellip;]<\/p>","protected":false},"featured_media":19,"comment_status":"open","ping_status":"closed","template":"","meta":{"_acf_changed":false,"inline_featured_image":false},"product_brand":[],"product_cat":[16],"product_tag":[],"class_list":{"0":"post-4916","1":"product","2":"type-product","3":"status-publish","4":"has-post-thumbnail","6":"product_cat-daznio-keitikliai","8":"first","9":"instock","10":"shipping-taxable","11":"purchasable","12":"product-type-variable"},"acf":[],"yoast_head":"<!-- This site is optimized with the Yoast SEO plugin v25.5 - https:\/\/yoast.com\/wordpress\/plugins\/seo\/ -->\n<title>VACON 100 X - Invertas<\/title>\n<meta name=\"description\" content=\"VACON 100 X \u2013 galingas ir patvarus da\u017enio keitiklis iki 37 kW su IP66 apsauga, SIL3 saugumo funkcija ir efektyviu variklio valdymu ekstremaliomis s\u0105lygomis.\" \/>\n<meta name=\"robots\" content=\"index, follow, max-snippet:-1, max-image-preview:large, max-video-preview:-1\" \/>\n<link rel=\"canonical\" href=\"https:\/\/invertas.lt\/en\/produktai\/daznio-keitikliai\/vacon-100-x\/\" \/>\n<meta property=\"og:locale\" content=\"en_GB\" \/>\n<meta property=\"og:type\" content=\"article\" \/>\n<meta property=\"og:title\" content=\"VACON 100 X - Invertas\" \/>\n<meta property=\"og:description\" content=\"VACON 100 X \u2013 galingas ir patvarus da\u017enio keitiklis iki 37 kW su IP66 apsauga, SIL3 saugumo funkcija ir efektyviu variklio valdymu ekstremaliomis s\u0105lygomis.\" \/>\n<meta property=\"og:url\" content=\"https:\/\/invertas.lt\/en\/produktai\/daznio-keitikliai\/vacon-100-x\/\" \/>\n<meta property=\"og:site_name\" content=\"Invertas\" \/>\n<meta property=\"article:modified_time\" content=\"2025-10-14T15:39:37+00:00\" \/>\n<meta property=\"og:image\" content=\"https:\/\/invertas.lt\/wp-content\/uploads\/2025\/02\/08e83511065e93e07b6d19445325d5e1-e1740333937484.png\" \/>\n\t<meta property=\"og:image:width\" content=\"435\" \/>\n\t<meta property=\"og:image:height\" content=\"435\" \/>\n\t<meta property=\"og:image:type\" content=\"image\/png\" \/>\n<meta name=\"twitter:card\" content=\"summary_large_image\" \/>\n<meta name=\"twitter:label1\" content=\"Estimated reading time\" \/>\n\t<meta name=\"twitter:data1\" content=\"1 minute\" \/>\n<script type=\"application\/ld+json\" class=\"yoast-schema-graph\">{\"@context\":\"https:\/\/schema.org\",\"@graph\":[{\"@type\":\"WebPage\",\"@id\":\"https:\/\/invertas.lt\/produktai\/daznio-keitikliai\/vacon-100-x\/\",\"url\":\"https:\/\/invertas.lt\/produktai\/daznio-keitikliai\/vacon-100-x\/\",\"name\":\"VACON 100 X - Invertas\",\"isPartOf\":{\"@id\":\"https:\/\/invertas.lt\/#website\"},\"primaryImageOfPage\":{\"@id\":\"https:\/\/invertas.lt\/produktai\/daznio-keitikliai\/vacon-100-x\/#primaryimage\"},\"image\":{\"@id\":\"https:\/\/invertas.lt\/produktai\/daznio-keitikliai\/vacon-100-x\/#primaryimage\"},\"thumbnailUrl\":\"https:\/\/invertas.lt\/wp-content\/uploads\/2025\/02\/08e83511065e93e07b6d19445325d5e1-e1740333937484.png\",\"datePublished\":\"2025-05-18T20:50:05+00:00\",\"dateModified\":\"2025-10-14T15:39:37+00:00\",\"description\":\"VACON 100 X \u2013 galingas ir patvarus da\u017enio keitiklis iki 37 kW su IP66 apsauga, SIL3 saugumo funkcija ir efektyviu variklio valdymu ekstremaliomis s\u0105lygomis.\",\"breadcrumb\":{\"@id\":\"https:\/\/invertas.lt\/produktai\/daznio-keitikliai\/vacon-100-x\/#breadcrumb\"},\"inLanguage\":\"en-GB\",\"potentialAction\":[{\"@type\":\"ReadAction\",\"target\":[\"https:\/\/invertas.lt\/produktai\/daznio-keitikliai\/vacon-100-x\/\"]}]},{\"@type\":\"ImageObject\",\"inLanguage\":\"en-GB\",\"@id\":\"https:\/\/invertas.lt\/produktai\/daznio-keitikliai\/vacon-100-x\/#primaryimage\",\"url\":\"https:\/\/invertas.lt\/wp-content\/uploads\/2025\/02\/08e83511065e93e07b6d19445325d5e1-e1740333937484.png\",\"contentUrl\":\"https:\/\/invertas.lt\/wp-content\/uploads\/2025\/02\/08e83511065e93e07b6d19445325d5e1-e1740333937484.png\",\"width\":435,\"height\":435},{\"@type\":\"BreadcrumbList\",\"@id\":\"https:\/\/invertas.lt\/produktai\/daznio-keitikliai\/vacon-100-x\/#breadcrumb\",\"itemListElement\":[{\"@type\":\"ListItem\",\"position\":1,\"name\":\"Prad\u017eia\",\"item\":\"https:\/\/invertas.lt\/\"},{\"@type\":\"ListItem\",\"position\":2,\"name\":\"Products\",\"item\":\"https:\/\/invertas.lt\/shop\/\"},{\"@type\":\"ListItem\",\"position\":3,\"name\":\"Da\u017enio keitikliai\",\"item\":\"https:\/\/invertas.lt\/.\/daznio-keitikliai\/\"},{\"@type\":\"ListItem\",\"position\":4,\"name\":\"VACON 100 X\"}]},{\"@type\":\"WebSite\",\"@id\":\"https:\/\/invertas.lt\/#website\",\"url\":\"https:\/\/invertas.lt\/\",\"name\":\"Invertas\",\"description\":\"\",\"publisher\":{\"@id\":\"https:\/\/invertas.lt\/#organization\"},\"potentialAction\":[{\"@type\":\"SearchAction\",\"target\":{\"@type\":\"EntryPoint\",\"urlTemplate\":\"https:\/\/invertas.lt\/?s={search_term_string}\"},\"query-input\":{\"@type\":\"PropertyValueSpecification\",\"valueRequired\":true,\"valueName\":\"search_term_string\"}}],\"inLanguage\":\"en-GB\"},{\"@type\":\"Organization\",\"@id\":\"https:\/\/invertas.lt\/#organization\",\"name\":\"Invertas\",\"url\":\"https:\/\/invertas.lt\/\",\"logo\":{\"@type\":\"ImageObject\",\"inLanguage\":\"en-GB\",\"@id\":\"https:\/\/invertas.lt\/#\/schema\/logo\/image\/\",\"url\":\"https:\/\/invertas.lt\/wp-content\/uploads\/2025\/03\/New-Text-Document-2.svg\",\"contentUrl\":\"https:\/\/invertas.lt\/wp-content\/uploads\/2025\/03\/New-Text-Document-2.svg\",\"width\":140,\"height\":39,\"caption\":\"Invertas\"},\"image\":{\"@id\":\"https:\/\/invertas.lt\/#\/schema\/logo\/image\/\"}}]}<\/script>\n<!-- \/ Yoast SEO plugin. -->","yoast_head_json":{"title":"VACON 100 X - Invertas","description":"VACON 100 X \u2013 galingas ir patvarus da\u017enio keitiklis iki 37 kW su IP66 apsauga, SIL3 saugumo funkcija ir efektyviu variklio valdymu ekstremaliomis s\u0105lygomis.","robots":{"index":"index","follow":"follow","max-snippet":"max-snippet:-1","max-image-preview":"max-image-preview:large","max-video-preview":"max-video-preview:-1"},"canonical":"https:\/\/invertas.lt\/en\/produktai\/daznio-keitikliai\/vacon-100-x\/","og_locale":"en_GB","og_type":"article","og_title":"VACON 100 X - Invertas","og_description":"VACON 100 X \u2013 galingas ir patvarus da\u017enio keitiklis iki 37 kW su IP66 apsauga, SIL3 saugumo funkcija ir efektyviu variklio valdymu ekstremaliomis s\u0105lygomis.","og_url":"https:\/\/invertas.lt\/en\/produktai\/daznio-keitikliai\/vacon-100-x\/","og_site_name":"Invertas","article_modified_time":"2025-10-14T15:39:37+00:00","og_image":[{"width":435,"height":435,"url":"https:\/\/invertas.lt\/wp-content\/uploads\/2025\/02\/08e83511065e93e07b6d19445325d5e1-e1740333937484.png","type":"image\/png"}],"twitter_card":"summary_large_image","twitter_misc":{"Estimated reading time":"1 minute"},"schema":{"@context":"https:\/\/schema.org","@graph":[{"@type":"WebPage","@id":"https:\/\/invertas.lt\/produktai\/daznio-keitikliai\/vacon-100-x\/","url":"https:\/\/invertas.lt\/produktai\/daznio-keitikliai\/vacon-100-x\/","name":"VACON 100 X - Invertas","isPartOf":{"@id":"https:\/\/invertas.lt\/#website"},"primaryImageOfPage":{"@id":"https:\/\/invertas.lt\/produktai\/daznio-keitikliai\/vacon-100-x\/#primaryimage"},"image":{"@id":"https:\/\/invertas.lt\/produktai\/daznio-keitikliai\/vacon-100-x\/#primaryimage"},"thumbnailUrl":"https:\/\/invertas.lt\/wp-content\/uploads\/2025\/02\/08e83511065e93e07b6d19445325d5e1-e1740333937484.png","datePublished":"2025-05-18T20:50:05+00:00","dateModified":"2025-10-14T15:39:37+00:00","description":"VACON 100 X \u2013 galingas ir patvarus da\u017enio keitiklis iki 37 kW su IP66 apsauga, SIL3 saugumo funkcija ir efektyviu variklio valdymu ekstremaliomis s\u0105lygomis.","breadcrumb":{"@id":"https:\/\/invertas.lt\/produktai\/daznio-keitikliai\/vacon-100-x\/#breadcrumb"},"inLanguage":"en-GB","potentialAction":[{"@type":"ReadAction","target":["https:\/\/invertas.lt\/produktai\/daznio-keitikliai\/vacon-100-x\/"]}]},{"@type":"ImageObject","inLanguage":"en-GB","@id":"https:\/\/invertas.lt\/produktai\/daznio-keitikliai\/vacon-100-x\/#primaryimage","url":"https:\/\/invertas.lt\/wp-content\/uploads\/2025\/02\/08e83511065e93e07b6d19445325d5e1-e1740333937484.png","contentUrl":"https:\/\/invertas.lt\/wp-content\/uploads\/2025\/02\/08e83511065e93e07b6d19445325d5e1-e1740333937484.png","width":435,"height":435},{"@type":"BreadcrumbList","@id":"https:\/\/invertas.lt\/produktai\/daznio-keitikliai\/vacon-100-x\/#breadcrumb","itemListElement":[{"@type":"ListItem","position":1,"name":"Prad\u017eia","item":"https:\/\/invertas.lt\/"},{"@type":"ListItem","position":2,"name":"Products","item":"https:\/\/invertas.lt\/shop\/"},{"@type":"ListItem","position":3,"name":"Da\u017enio keitikliai","item":"https:\/\/invertas.lt\/.\/daznio-keitikliai\/"},{"@type":"ListItem","position":4,"name":"VACON 100 X"}]},{"@type":"WebSite","@id":"https:\/\/invertas.lt\/#website","url":"https:\/\/invertas.lt\/","name":"Invert","description":"","publisher":{"@id":"https:\/\/invertas.lt\/#organization"},"potentialAction":[{"@type":"SearchAction","target":{"@type":"EntryPoint","urlTemplate":"https:\/\/invertas.lt\/?s={search_term_string}"},"query-input":{"@type":"PropertyValueSpecification","valueRequired":true,"valueName":"search_term_string"}}],"inLanguage":"en-GB"},{"@type":"Organization","@id":"https:\/\/invertas.lt\/#organization","name":"Invert","url":"https:\/\/invertas.lt\/","logo":{"@type":"ImageObject","inLanguage":"en-GB","@id":"https:\/\/invertas.lt\/#\/schema\/logo\/image\/","url":"https:\/\/invertas.lt\/wp-content\/uploads\/2025\/03\/New-Text-Document-2.svg","contentUrl":"https:\/\/invertas.lt\/wp-content\/uploads\/2025\/03\/New-Text-Document-2.svg","width":140,"height":39,"caption":"Invertas"},"image":{"@id":"https:\/\/invertas.lt\/#\/schema\/logo\/image\/"}}]}},"_links":{"self":[{"href":"https:\/\/invertas.lt\/en\/wp-json\/wp\/v2\/product\/4916","targetHints":{"allow":["GET"]}}],"collection":[{"href":"https:\/\/invertas.lt\/en\/wp-json\/wp\/v2\/product"}],"about":[{"href":"https:\/\/invertas.lt\/en\/wp-json\/wp\/v2\/types\/product"}],"replies":[{"embeddable":true,"href":"https:\/\/invertas.lt\/en\/wp-json\/wp\/v2\/comments?post=4916"}],"wp:featuredmedia":[{"embeddable":true,"href":"https:\/\/invertas.lt\/en\/wp-json\/wp\/v2\/media\/19"}],"wp:attachment":[{"href":"https:\/\/invertas.lt\/en\/wp-json\/wp\/v2\/media?parent=4916"}],"wp:term":[{"taxonomy":"product_brand","embeddable":true,"href":"https:\/\/invertas.lt\/en\/wp-json\/wp\/v2\/product_brand?post=4916"},{"taxonomy":"product_cat","embeddable":true,"href":"https:\/\/invertas.lt\/en\/wp-json\/wp\/v2\/product_cat?post=4916"},{"taxonomy":"product_tag","embeddable":true,"href":"https:\/\/invertas.lt\/en\/wp-json\/wp\/v2\/product_tag?post=4916"}],"curies":[{"name":"wp","href":"https:\/\/api.w.org\/{rel}","templated":true}]}}