{"id":4626,"date":"2025-05-18T12:13:28","date_gmt":"2025-05-18T12:13:28","guid":{"rendered":"https:\/\/aurimasb15.sg-host.com\/?post_type=product&#038;p=4626"},"modified":"2025-10-14T15:34:23","modified_gmt":"2025-10-14T15:34:23","slug":"vacon-100-industrial","status":"publish","type":"product","link":"https:\/\/invertas.lt\/en\/produktai\/daznio-keitikliai\/vacon-100-industrial\/","title":{"rendered":"VACON 100 INDUSTRIAL"},"content":{"rendered":"<p><strong>Fields of application<\/strong><\/p>\n<p data-start=\"0\" data-end=\"242\">VACON 100 Industrial is a versatile AC drive with a wide range of applications for various industries. It is easily integrated into automation systems via Ethernet and supports remote start-up and maintenance with VACON Live software.<\/p>\n<p data-start=\"244\" data-end=\"253\"><strong>Features<\/strong><\/p>\n<ul data-start=\"254\" data-end=\"500\" data-is-last-node=\"\" data-is-only-node=\"\">\n<li data-start=\"254\" data-end=\"302\">\n<p data-start=\"256\" data-end=\"302\">Efficient integration with all types of engines<\/p>\n<\/li>\n<li data-start=\"303\" data-end=\"360\">\n<p data-start=\"305\" data-end=\"360\">Long service life due to film capacitor<\/p>\n<\/li>\n<li data-start=\"361\" data-end=\"404\">\n<p data-start=\"363\" data-end=\"404\">Easy startup with graphical wizard<\/p>\n<\/li>\n<li data-start=\"405\" data-end=\"444\">\n<p data-start=\"407\" data-end=\"444\">Integrated Ethernet and RS485 communication<\/p>\n<\/li>\n<li data-start=\"445\" data-end=\"500\" data-is-last-node=\"\">\n<p data-start=\"447\" data-end=\"500\" data-is-last-node=\"\">Maximum load of 150 % and hard start function<\/p>\n<\/li>\n<\/ul>","protected":false},"excerpt":{"rendered":"<p>Taikymo sritys VACON 100 Industrial \u2013 universali kintamosios srov\u0117s pavara su daugybe program\u0173, skirta \u012fvairioms pramon\u0117s \u0161akoms. Lengvai integruojama \u012f automatizavimo sistemas per Ethernet, palaiko nuotolin\u012f paleidim\u0105 ir prie\u017ei\u016br\u0105 su \u201eVACON Live\u201c programine \u012franga. Savyb\u0117s Efektyvi integracija su vis\u0173 tip\u0173 varikliais Ilgas tarnavimo laikas d\u0117l pl\u0117velinio kondensatoriaus Paprastas paleidimas su grafiniu vedliu Integruotas Ethernet ir [&hellip;]<\/p>","protected":false},"featured_media":5399,"comment_status":"open","ping_status":"closed","template":"","meta":{"_acf_changed":false,"inline_featured_image":false},"product_brand":[],"product_cat":[16],"product_tag":[],"class_list":{"0":"post-4626","1":"product","2":"type-product","3":"status-publish","4":"has-post-thumbnail","6":"product_cat-daznio-keitikliai","8":"first","9":"instock","10":"shipping-taxable","11":"purchasable","12":"product-type-variable"},"acf":[],"yoast_head":"<!-- This site is optimized with the Yoast SEO plugin v25.5 - https:\/\/yoast.com\/wordpress\/plugins\/seo\/ -->\n<title>VACON 100 INDUSTRIAL - Invertas<\/title>\n<meta name=\"description\" content=\"VACON 100 \u2013 universali kintamosios srov\u0117s pavara su pla\u010diu pritaikymu, lengva integracija per Ethernet, ilgu tarnavimo laiku ir efektyviu valdymu.\" \/>\n<meta name=\"robots\" content=\"index, follow, max-snippet:-1, max-image-preview:large, max-video-preview:-1\" \/>\n<link rel=\"canonical\" href=\"https:\/\/invertas.lt\/en\/produktai\/daznio-keitikliai\/vacon-100-industrial\/\" \/>\n<meta property=\"og:locale\" content=\"en_GB\" \/>\n<meta property=\"og:type\" content=\"article\" \/>\n<meta property=\"og:title\" content=\"VACON 100 INDUSTRIAL - Invertas\" \/>\n<meta property=\"og:description\" content=\"VACON 100 \u2013 universali kintamosios srov\u0117s pavara su pla\u010diu pritaikymu, lengva integracija per Ethernet, ilgu tarnavimo laiku ir efektyviu valdymu.\" \/>\n<meta property=\"og:url\" content=\"https:\/\/invertas.lt\/en\/produktai\/daznio-keitikliai\/vacon-100-industrial\/\" \/>\n<meta property=\"og:site_name\" content=\"Invertas\" \/>\n<meta property=\"article:modified_time\" content=\"2025-10-14T15:34:23+00:00\" \/>\n<meta property=\"og:image\" content=\"https:\/\/invertas.lt\/wp-content\/uploads\/2025\/05\/vacon-100-flow.png\" \/>\n\t<meta property=\"og:image:width\" content=\"864\" \/>\n\t<meta property=\"og:image:height\" content=\"864\" \/>\n\t<meta property=\"og:image:type\" content=\"image\/png\" \/>\n<meta name=\"twitter:card\" content=\"summary_large_image\" \/>\n<meta name=\"twitter:label1\" content=\"Estimated reading time\" \/>\n\t<meta name=\"twitter:data1\" content=\"1 minute\" \/>\n<script type=\"application\/ld+json\" class=\"yoast-schema-graph\">{\"@context\":\"https:\/\/schema.org\",\"@graph\":[{\"@type\":\"WebPage\",\"@id\":\"https:\/\/invertas.lt\/produktai\/daznio-keitikliai\/vacon-100-industrial\/\",\"url\":\"https:\/\/invertas.lt\/produktai\/daznio-keitikliai\/vacon-100-industrial\/\",\"name\":\"VACON 100 INDUSTRIAL - Invertas\",\"isPartOf\":{\"@id\":\"https:\/\/invertas.lt\/#website\"},\"primaryImageOfPage\":{\"@id\":\"https:\/\/invertas.lt\/produktai\/daznio-keitikliai\/vacon-100-industrial\/#primaryimage\"},\"image\":{\"@id\":\"https:\/\/invertas.lt\/produktai\/daznio-keitikliai\/vacon-100-industrial\/#primaryimage\"},\"thumbnailUrl\":\"https:\/\/invertas.lt\/wp-content\/uploads\/2025\/05\/vacon-100-flow.png\",\"datePublished\":\"2025-05-18T12:13:28+00:00\",\"dateModified\":\"2025-10-14T15:34:23+00:00\",\"description\":\"VACON 100 \u2013 universali kintamosios srov\u0117s pavara su pla\u010diu pritaikymu, lengva integracija per Ethernet, ilgu tarnavimo laiku ir efektyviu valdymu.\",\"breadcrumb\":{\"@id\":\"https:\/\/invertas.lt\/produktai\/daznio-keitikliai\/vacon-100-industrial\/#breadcrumb\"},\"inLanguage\":\"en-GB\",\"potentialAction\":[{\"@type\":\"ReadAction\",\"target\":[\"https:\/\/invertas.lt\/produktai\/daznio-keitikliai\/vacon-100-industrial\/\"]}]},{\"@type\":\"ImageObject\",\"inLanguage\":\"en-GB\",\"@id\":\"https:\/\/invertas.lt\/produktai\/daznio-keitikliai\/vacon-100-industrial\/#primaryimage\",\"url\":\"https:\/\/invertas.lt\/wp-content\/uploads\/2025\/05\/vacon-100-flow.png\",\"contentUrl\":\"https:\/\/invertas.lt\/wp-content\/uploads\/2025\/05\/vacon-100-flow.png\",\"width\":864,\"height\":864},{\"@type\":\"BreadcrumbList\",\"@id\":\"https:\/\/invertas.lt\/produktai\/daznio-keitikliai\/vacon-100-industrial\/#breadcrumb\",\"itemListElement\":[{\"@type\":\"ListItem\",\"position\":1,\"name\":\"Prad\u017eia\",\"item\":\"https:\/\/invertas.lt\/\"},{\"@type\":\"ListItem\",\"position\":2,\"name\":\"Products\",\"item\":\"https:\/\/invertas.lt\/shop\/\"},{\"@type\":\"ListItem\",\"position\":3,\"name\":\"Da\u017enio keitikliai\",\"item\":\"https:\/\/invertas.lt\/.\/daznio-keitikliai\/\"},{\"@type\":\"ListItem\",\"position\":4,\"name\":\"VACON 100 INDUSTRIAL\"}]},{\"@type\":\"WebSite\",\"@id\":\"https:\/\/invertas.lt\/#website\",\"url\":\"https:\/\/invertas.lt\/\",\"name\":\"Invertas\",\"description\":\"\",\"publisher\":{\"@id\":\"https:\/\/invertas.lt\/#organization\"},\"potentialAction\":[{\"@type\":\"SearchAction\",\"target\":{\"@type\":\"EntryPoint\",\"urlTemplate\":\"https:\/\/invertas.lt\/?s={search_term_string}\"},\"query-input\":{\"@type\":\"PropertyValueSpecification\",\"valueRequired\":true,\"valueName\":\"search_term_string\"}}],\"inLanguage\":\"en-GB\"},{\"@type\":\"Organization\",\"@id\":\"https:\/\/invertas.lt\/#organization\",\"name\":\"Invertas\",\"url\":\"https:\/\/invertas.lt\/\",\"logo\":{\"@type\":\"ImageObject\",\"inLanguage\":\"en-GB\",\"@id\":\"https:\/\/invertas.lt\/#\/schema\/logo\/image\/\",\"url\":\"https:\/\/invertas.lt\/wp-content\/uploads\/2025\/03\/New-Text-Document-2.svg\",\"contentUrl\":\"https:\/\/invertas.lt\/wp-content\/uploads\/2025\/03\/New-Text-Document-2.svg\",\"width\":140,\"height\":39,\"caption\":\"Invertas\"},\"image\":{\"@id\":\"https:\/\/invertas.lt\/#\/schema\/logo\/image\/\"}}]}<\/script>\n<!-- \/ Yoast SEO plugin. -->","yoast_head_json":{"title":"VACON 100 INDUSTRIAL - Invertas","description":"VACON 100 \u2013 universali kintamosios srov\u0117s pavara su pla\u010diu pritaikymu, lengva integracija per Ethernet, ilgu tarnavimo laiku ir efektyviu valdymu.","robots":{"index":"index","follow":"follow","max-snippet":"max-snippet:-1","max-image-preview":"max-image-preview:large","max-video-preview":"max-video-preview:-1"},"canonical":"https:\/\/invertas.lt\/en\/produktai\/daznio-keitikliai\/vacon-100-industrial\/","og_locale":"en_GB","og_type":"article","og_title":"VACON 100 INDUSTRIAL - Invertas","og_description":"VACON 100 \u2013 universali kintamosios srov\u0117s pavara su pla\u010diu pritaikymu, lengva integracija per Ethernet, ilgu tarnavimo laiku ir efektyviu valdymu.","og_url":"https:\/\/invertas.lt\/en\/produktai\/daznio-keitikliai\/vacon-100-industrial\/","og_site_name":"Invertas","article_modified_time":"2025-10-14T15:34:23+00:00","og_image":[{"width":864,"height":864,"url":"https:\/\/invertas.lt\/wp-content\/uploads\/2025\/05\/vacon-100-flow.png","type":"image\/png"}],"twitter_card":"summary_large_image","twitter_misc":{"Estimated reading time":"1 minute"},"schema":{"@context":"https:\/\/schema.org","@graph":[{"@type":"WebPage","@id":"https:\/\/invertas.lt\/produktai\/daznio-keitikliai\/vacon-100-industrial\/","url":"https:\/\/invertas.lt\/produktai\/daznio-keitikliai\/vacon-100-industrial\/","name":"VACON 100 INDUSTRIAL - Invertas","isPartOf":{"@id":"https:\/\/invertas.lt\/#website"},"primaryImageOfPage":{"@id":"https:\/\/invertas.lt\/produktai\/daznio-keitikliai\/vacon-100-industrial\/#primaryimage"},"image":{"@id":"https:\/\/invertas.lt\/produktai\/daznio-keitikliai\/vacon-100-industrial\/#primaryimage"},"thumbnailUrl":"https:\/\/invertas.lt\/wp-content\/uploads\/2025\/05\/vacon-100-flow.png","datePublished":"2025-05-18T12:13:28+00:00","dateModified":"2025-10-14T15:34:23+00:00","description":"VACON 100 \u2013 universali kintamosios srov\u0117s pavara su pla\u010diu pritaikymu, lengva integracija per Ethernet, ilgu tarnavimo laiku ir efektyviu valdymu.","breadcrumb":{"@id":"https:\/\/invertas.lt\/produktai\/daznio-keitikliai\/vacon-100-industrial\/#breadcrumb"},"inLanguage":"en-GB","potentialAction":[{"@type":"ReadAction","target":["https:\/\/invertas.lt\/produktai\/daznio-keitikliai\/vacon-100-industrial\/"]}]},{"@type":"ImageObject","inLanguage":"en-GB","@id":"https:\/\/invertas.lt\/produktai\/daznio-keitikliai\/vacon-100-industrial\/#primaryimage","url":"https:\/\/invertas.lt\/wp-content\/uploads\/2025\/05\/vacon-100-flow.png","contentUrl":"https:\/\/invertas.lt\/wp-content\/uploads\/2025\/05\/vacon-100-flow.png","width":864,"height":864},{"@type":"BreadcrumbList","@id":"https:\/\/invertas.lt\/produktai\/daznio-keitikliai\/vacon-100-industrial\/#breadcrumb","itemListElement":[{"@type":"ListItem","position":1,"name":"Prad\u017eia","item":"https:\/\/invertas.lt\/"},{"@type":"ListItem","position":2,"name":"Products","item":"https:\/\/invertas.lt\/shop\/"},{"@type":"ListItem","position":3,"name":"Da\u017enio keitikliai","item":"https:\/\/invertas.lt\/.\/daznio-keitikliai\/"},{"@type":"ListItem","position":4,"name":"VACON 100 INDUSTRIAL"}]},{"@type":"WebSite","@id":"https:\/\/invertas.lt\/#website","url":"https:\/\/invertas.lt\/","name":"Invert","description":"","publisher":{"@id":"https:\/\/invertas.lt\/#organization"},"potentialAction":[{"@type":"SearchAction","target":{"@type":"EntryPoint","urlTemplate":"https:\/\/invertas.lt\/?s={search_term_string}"},"query-input":{"@type":"PropertyValueSpecification","valueRequired":true,"valueName":"search_term_string"}}],"inLanguage":"en-GB"},{"@type":"Organization","@id":"https:\/\/invertas.lt\/#organization","name":"Invert","url":"https:\/\/invertas.lt\/","logo":{"@type":"ImageObject","inLanguage":"en-GB","@id":"https:\/\/invertas.lt\/#\/schema\/logo\/image\/","url":"https:\/\/invertas.lt\/wp-content\/uploads\/2025\/03\/New-Text-Document-2.svg","contentUrl":"https:\/\/invertas.lt\/wp-content\/uploads\/2025\/03\/New-Text-Document-2.svg","width":140,"height":39,"caption":"Invertas"},"image":{"@id":"https:\/\/invertas.lt\/#\/schema\/logo\/image\/"}}]}},"_links":{"self":[{"href":"https:\/\/invertas.lt\/en\/wp-json\/wp\/v2\/product\/4626","targetHints":{"allow":["GET"]}}],"collection":[{"href":"https:\/\/invertas.lt\/en\/wp-json\/wp\/v2\/product"}],"about":[{"href":"https:\/\/invertas.lt\/en\/wp-json\/wp\/v2\/types\/product"}],"replies":[{"embeddable":true,"href":"https:\/\/invertas.lt\/en\/wp-json\/wp\/v2\/comments?post=4626"}],"wp:featuredmedia":[{"embeddable":true,"href":"https:\/\/invertas.lt\/en\/wp-json\/wp\/v2\/media\/5399"}],"wp:attachment":[{"href":"https:\/\/invertas.lt\/en\/wp-json\/wp\/v2\/media?parent=4626"}],"wp:term":[{"taxonomy":"product_brand","embeddable":true,"href":"https:\/\/invertas.lt\/en\/wp-json\/wp\/v2\/product_brand?post=4626"},{"taxonomy":"product_cat","embeddable":true,"href":"https:\/\/invertas.lt\/en\/wp-json\/wp\/v2\/product_cat?post=4626"},{"taxonomy":"product_tag","embeddable":true,"href":"https:\/\/invertas.lt\/en\/wp-json\/wp\/v2\/product_tag?post=4626"}],"curies":[{"name":"wp","href":"https:\/\/api.w.org\/{rel}","templated":true}]}}