{"id":4453,"date":"2025-05-16T19:22:51","date_gmt":"2025-05-16T19:22:51","guid":{"rendered":"https:\/\/aurimasb15.sg-host.com\/?post_type=product&#038;p=4453"},"modified":"2025-10-14T15:29:07","modified_gmt":"2025-10-14T15:29:07","slug":"vacon-100-flow","status":"publish","type":"product","link":"https:\/\/invertas.lt\/en\/produktai\/daznio-keitikliai\/vacon-100-flow\/","title":{"rendered":"VACON 100 FLOW"},"content":{"rendered":"<p data-start=\"0\" data-end=\"14\"><strong>Fields of application<\/strong><\/p>\n<p data-start=\"16\" data-end=\"195\">VACON 100 FLOW is an AC drive designed for flow control in water, wastewater treatment and building automation systems, with special functions for controlling multiple pumps.<\/p>\n<p data-start=\"197\" data-end=\"204\"><strong>Features<\/strong><\/p>\n<ul data-start=\"206\" data-end=\"441\" data-is-last-node=\"\" data-is-only-node=\"\">\n<li data-start=\"206\" data-end=\"275\">\n<p data-start=\"208\" data-end=\"275\">Efficient integration for pumps, fans and compressors<\/p>\n<\/li>\n<li data-start=\"276\" data-end=\"334\">\n<p data-start=\"278\" data-end=\"334\">Long service life thanks to film capacitor<\/p>\n<\/li>\n<li data-start=\"335\" data-end=\"391\">\n<p data-start=\"337\" data-end=\"391\">Easy commissioning with graphical programming wizard<\/p>\n<\/li>\n<li data-start=\"392\" data-end=\"441\" data-is-last-node=\"\">\n<p data-start=\"394\" data-end=\"441\" data-is-last-node=\"\">Integrated Ethernet and RS485 communication for automation<\/p>\n<\/li>\n<\/ul>","protected":false},"excerpt":{"rendered":"<p>Taikymo sritys VACON 100 FLOW \u2013 kintamosios srov\u0117s pavara, skirta srauto valdymui vandens, nuotek\u0173 valymo ir pastat\u0173 automatikos sistemose, su specialiomis funkcijomis keli\u0173 siurbli\u0173 valdymui. Savyb\u0117s Efektyvi integracija siurbliams, ventiliatoriams ir kompresoriams Ilgas tarnavimo laikas d\u0117ka pl\u0117velinio kondensatoriaus Paprastas paleidimas su grafiniu programavimo vedliu Integruotas Ethernet ir RS485 ry\u0161ys automatikai<\/p>","protected":false},"featured_media":5399,"comment_status":"open","ping_status":"closed","template":"","meta":{"_acf_changed":false,"inline_featured_image":false},"product_brand":[],"product_cat":[16],"product_tag":[],"class_list":{"0":"post-4453","1":"product","2":"type-product","3":"status-publish","4":"has-post-thumbnail","6":"product_cat-daznio-keitikliai","8":"first","9":"instock","10":"shipping-taxable","11":"purchasable","12":"product-type-variable"},"acf":[],"yoast_head":"<!-- This site is optimized with the Yoast SEO plugin v25.5 - https:\/\/yoast.com\/wordpress\/plugins\/seo\/ -->\n<title>VACON 100 FLOW - Invertas<\/title>\n<meta name=\"description\" content=\"VACON 100 FLOW \u2013 kintamosios srov\u0117s pavara skirta vandens ir nuotek\u0173 valdymui bei pastat\u0173 automatizavimui. Palaiko keli\u0173 siurbli\u0173 valdym\u0105.\" \/>\n<meta name=\"robots\" content=\"index, follow, max-snippet:-1, max-image-preview:large, max-video-preview:-1\" \/>\n<link rel=\"canonical\" href=\"https:\/\/invertas.lt\/en\/produktai\/daznio-keitikliai\/vacon-100-flow\/\" \/>\n<meta property=\"og:locale\" content=\"en_GB\" \/>\n<meta property=\"og:type\" content=\"article\" \/>\n<meta property=\"og:title\" content=\"VACON 100 FLOW - Invertas\" \/>\n<meta property=\"og:description\" content=\"VACON 100 FLOW \u2013 kintamosios srov\u0117s pavara skirta vandens ir nuotek\u0173 valdymui bei pastat\u0173 automatizavimui. Palaiko keli\u0173 siurbli\u0173 valdym\u0105.\" \/>\n<meta property=\"og:url\" content=\"https:\/\/invertas.lt\/en\/produktai\/daznio-keitikliai\/vacon-100-flow\/\" \/>\n<meta property=\"og:site_name\" content=\"Invertas\" \/>\n<meta property=\"article:modified_time\" content=\"2025-10-14T15:29:07+00:00\" \/>\n<meta property=\"og:image\" content=\"https:\/\/invertas.lt\/wp-content\/uploads\/2025\/05\/vacon-100-flow.png\" \/>\n\t<meta property=\"og:image:width\" content=\"864\" \/>\n\t<meta property=\"og:image:height\" content=\"864\" \/>\n\t<meta property=\"og:image:type\" content=\"image\/png\" \/>\n<meta name=\"twitter:card\" content=\"summary_large_image\" \/>\n<meta name=\"twitter:label1\" content=\"Estimated reading time\" \/>\n\t<meta name=\"twitter:data1\" content=\"1 minute\" \/>\n<script type=\"application\/ld+json\" class=\"yoast-schema-graph\">{\"@context\":\"https:\/\/schema.org\",\"@graph\":[{\"@type\":\"WebPage\",\"@id\":\"https:\/\/invertas.lt\/produktai\/daznio-keitikliai\/vacon-100-flow\/\",\"url\":\"https:\/\/invertas.lt\/produktai\/daznio-keitikliai\/vacon-100-flow\/\",\"name\":\"VACON 100 FLOW - Invertas\",\"isPartOf\":{\"@id\":\"https:\/\/invertas.lt\/#website\"},\"primaryImageOfPage\":{\"@id\":\"https:\/\/invertas.lt\/produktai\/daznio-keitikliai\/vacon-100-flow\/#primaryimage\"},\"image\":{\"@id\":\"https:\/\/invertas.lt\/produktai\/daznio-keitikliai\/vacon-100-flow\/#primaryimage\"},\"thumbnailUrl\":\"https:\/\/invertas.lt\/wp-content\/uploads\/2025\/05\/vacon-100-flow.png\",\"datePublished\":\"2025-05-16T19:22:51+00:00\",\"dateModified\":\"2025-10-14T15:29:07+00:00\",\"description\":\"VACON 100 FLOW \u2013 kintamosios srov\u0117s pavara skirta vandens ir nuotek\u0173 valdymui bei pastat\u0173 automatizavimui. Palaiko keli\u0173 siurbli\u0173 valdym\u0105.\",\"breadcrumb\":{\"@id\":\"https:\/\/invertas.lt\/produktai\/daznio-keitikliai\/vacon-100-flow\/#breadcrumb\"},\"inLanguage\":\"en-GB\",\"potentialAction\":[{\"@type\":\"ReadAction\",\"target\":[\"https:\/\/invertas.lt\/produktai\/daznio-keitikliai\/vacon-100-flow\/\"]}]},{\"@type\":\"ImageObject\",\"inLanguage\":\"en-GB\",\"@id\":\"https:\/\/invertas.lt\/produktai\/daznio-keitikliai\/vacon-100-flow\/#primaryimage\",\"url\":\"https:\/\/invertas.lt\/wp-content\/uploads\/2025\/05\/vacon-100-flow.png\",\"contentUrl\":\"https:\/\/invertas.lt\/wp-content\/uploads\/2025\/05\/vacon-100-flow.png\",\"width\":864,\"height\":864},{\"@type\":\"BreadcrumbList\",\"@id\":\"https:\/\/invertas.lt\/produktai\/daznio-keitikliai\/vacon-100-flow\/#breadcrumb\",\"itemListElement\":[{\"@type\":\"ListItem\",\"position\":1,\"name\":\"Prad\u017eia\",\"item\":\"https:\/\/invertas.lt\/\"},{\"@type\":\"ListItem\",\"position\":2,\"name\":\"Products\",\"item\":\"https:\/\/invertas.lt\/shop\/\"},{\"@type\":\"ListItem\",\"position\":3,\"name\":\"Da\u017enio keitikliai\",\"item\":\"https:\/\/invertas.lt\/.\/daznio-keitikliai\/\"},{\"@type\":\"ListItem\",\"position\":4,\"name\":\"VACON 100 FLOW\"}]},{\"@type\":\"WebSite\",\"@id\":\"https:\/\/invertas.lt\/#website\",\"url\":\"https:\/\/invertas.lt\/\",\"name\":\"Invertas\",\"description\":\"\",\"publisher\":{\"@id\":\"https:\/\/invertas.lt\/#organization\"},\"potentialAction\":[{\"@type\":\"SearchAction\",\"target\":{\"@type\":\"EntryPoint\",\"urlTemplate\":\"https:\/\/invertas.lt\/?s={search_term_string}\"},\"query-input\":{\"@type\":\"PropertyValueSpecification\",\"valueRequired\":true,\"valueName\":\"search_term_string\"}}],\"inLanguage\":\"en-GB\"},{\"@type\":\"Organization\",\"@id\":\"https:\/\/invertas.lt\/#organization\",\"name\":\"Invertas\",\"url\":\"https:\/\/invertas.lt\/\",\"logo\":{\"@type\":\"ImageObject\",\"inLanguage\":\"en-GB\",\"@id\":\"https:\/\/invertas.lt\/#\/schema\/logo\/image\/\",\"url\":\"https:\/\/invertas.lt\/wp-content\/uploads\/2025\/03\/New-Text-Document-2.svg\",\"contentUrl\":\"https:\/\/invertas.lt\/wp-content\/uploads\/2025\/03\/New-Text-Document-2.svg\",\"width\":140,\"height\":39,\"caption\":\"Invertas\"},\"image\":{\"@id\":\"https:\/\/invertas.lt\/#\/schema\/logo\/image\/\"}}]}<\/script>\n<!-- \/ Yoast SEO plugin. -->","yoast_head_json":{"title":"VACON 100 FLOW - Invertas","description":"VACON 100 FLOW \u2013 kintamosios srov\u0117s pavara skirta vandens ir nuotek\u0173 valdymui bei pastat\u0173 automatizavimui. Palaiko keli\u0173 siurbli\u0173 valdym\u0105.","robots":{"index":"index","follow":"follow","max-snippet":"max-snippet:-1","max-image-preview":"max-image-preview:large","max-video-preview":"max-video-preview:-1"},"canonical":"https:\/\/invertas.lt\/en\/produktai\/daznio-keitikliai\/vacon-100-flow\/","og_locale":"en_GB","og_type":"article","og_title":"VACON 100 FLOW - Invertas","og_description":"VACON 100 FLOW \u2013 kintamosios srov\u0117s pavara skirta vandens ir nuotek\u0173 valdymui bei pastat\u0173 automatizavimui. Palaiko keli\u0173 siurbli\u0173 valdym\u0105.","og_url":"https:\/\/invertas.lt\/en\/produktai\/daznio-keitikliai\/vacon-100-flow\/","og_site_name":"Invertas","article_modified_time":"2025-10-14T15:29:07+00:00","og_image":[{"width":864,"height":864,"url":"https:\/\/invertas.lt\/wp-content\/uploads\/2025\/05\/vacon-100-flow.png","type":"image\/png"}],"twitter_card":"summary_large_image","twitter_misc":{"Estimated reading time":"1 minute"},"schema":{"@context":"https:\/\/schema.org","@graph":[{"@type":"WebPage","@id":"https:\/\/invertas.lt\/produktai\/daznio-keitikliai\/vacon-100-flow\/","url":"https:\/\/invertas.lt\/produktai\/daznio-keitikliai\/vacon-100-flow\/","name":"VACON 100 FLOW - Invertas","isPartOf":{"@id":"https:\/\/invertas.lt\/#website"},"primaryImageOfPage":{"@id":"https:\/\/invertas.lt\/produktai\/daznio-keitikliai\/vacon-100-flow\/#primaryimage"},"image":{"@id":"https:\/\/invertas.lt\/produktai\/daznio-keitikliai\/vacon-100-flow\/#primaryimage"},"thumbnailUrl":"https:\/\/invertas.lt\/wp-content\/uploads\/2025\/05\/vacon-100-flow.png","datePublished":"2025-05-16T19:22:51+00:00","dateModified":"2025-10-14T15:29:07+00:00","description":"VACON 100 FLOW \u2013 kintamosios srov\u0117s pavara skirta vandens ir nuotek\u0173 valdymui bei pastat\u0173 automatizavimui. Palaiko keli\u0173 siurbli\u0173 valdym\u0105.","breadcrumb":{"@id":"https:\/\/invertas.lt\/produktai\/daznio-keitikliai\/vacon-100-flow\/#breadcrumb"},"inLanguage":"en-GB","potentialAction":[{"@type":"ReadAction","target":["https:\/\/invertas.lt\/produktai\/daznio-keitikliai\/vacon-100-flow\/"]}]},{"@type":"ImageObject","inLanguage":"en-GB","@id":"https:\/\/invertas.lt\/produktai\/daznio-keitikliai\/vacon-100-flow\/#primaryimage","url":"https:\/\/invertas.lt\/wp-content\/uploads\/2025\/05\/vacon-100-flow.png","contentUrl":"https:\/\/invertas.lt\/wp-content\/uploads\/2025\/05\/vacon-100-flow.png","width":864,"height":864},{"@type":"BreadcrumbList","@id":"https:\/\/invertas.lt\/produktai\/daznio-keitikliai\/vacon-100-flow\/#breadcrumb","itemListElement":[{"@type":"ListItem","position":1,"name":"Prad\u017eia","item":"https:\/\/invertas.lt\/"},{"@type":"ListItem","position":2,"name":"Products","item":"https:\/\/invertas.lt\/shop\/"},{"@type":"ListItem","position":3,"name":"Da\u017enio keitikliai","item":"https:\/\/invertas.lt\/.\/daznio-keitikliai\/"},{"@type":"ListItem","position":4,"name":"VACON 100 FLOW"}]},{"@type":"WebSite","@id":"https:\/\/invertas.lt\/#website","url":"https:\/\/invertas.lt\/","name":"Invert","description":"","publisher":{"@id":"https:\/\/invertas.lt\/#organization"},"potentialAction":[{"@type":"SearchAction","target":{"@type":"EntryPoint","urlTemplate":"https:\/\/invertas.lt\/?s={search_term_string}"},"query-input":{"@type":"PropertyValueSpecification","valueRequired":true,"valueName":"search_term_string"}}],"inLanguage":"en-GB"},{"@type":"Organization","@id":"https:\/\/invertas.lt\/#organization","name":"Invert","url":"https:\/\/invertas.lt\/","logo":{"@type":"ImageObject","inLanguage":"en-GB","@id":"https:\/\/invertas.lt\/#\/schema\/logo\/image\/","url":"https:\/\/invertas.lt\/wp-content\/uploads\/2025\/03\/New-Text-Document-2.svg","contentUrl":"https:\/\/invertas.lt\/wp-content\/uploads\/2025\/03\/New-Text-Document-2.svg","width":140,"height":39,"caption":"Invertas"},"image":{"@id":"https:\/\/invertas.lt\/#\/schema\/logo\/image\/"}}]}},"_links":{"self":[{"href":"https:\/\/invertas.lt\/en\/wp-json\/wp\/v2\/product\/4453","targetHints":{"allow":["GET"]}}],"collection":[{"href":"https:\/\/invertas.lt\/en\/wp-json\/wp\/v2\/product"}],"about":[{"href":"https:\/\/invertas.lt\/en\/wp-json\/wp\/v2\/types\/product"}],"replies":[{"embeddable":true,"href":"https:\/\/invertas.lt\/en\/wp-json\/wp\/v2\/comments?post=4453"}],"wp:featuredmedia":[{"embeddable":true,"href":"https:\/\/invertas.lt\/en\/wp-json\/wp\/v2\/media\/5399"}],"wp:attachment":[{"href":"https:\/\/invertas.lt\/en\/wp-json\/wp\/v2\/media?parent=4453"}],"wp:term":[{"taxonomy":"product_brand","embeddable":true,"href":"https:\/\/invertas.lt\/en\/wp-json\/wp\/v2\/product_brand?post=4453"},{"taxonomy":"product_cat","embeddable":true,"href":"https:\/\/invertas.lt\/en\/wp-json\/wp\/v2\/product_cat?post=4453"},{"taxonomy":"product_tag","embeddable":true,"href":"https:\/\/invertas.lt\/en\/wp-json\/wp\/v2\/product_tag?post=4453"}],"curies":[{"name":"wp","href":"https:\/\/api.w.org\/{rel}","templated":true}]}}