{"id":4377,"date":"2025-05-07T13:05:48","date_gmt":"2025-05-07T13:05:48","guid":{"rendered":"https:\/\/aurimasb15.sg-host.com\/?post_type=product&#038;p=4377"},"modified":"2025-10-14T15:18:12","modified_gmt":"2025-10-14T15:18:12","slug":"vacon-20","status":"publish","type":"product","link":"https:\/\/invertas.lt\/en\/produktai\/daznio-keitikliai\/vacon-20\/","title":{"rendered":"VACON 20"},"content":{"rendered":"<article class=\"text-token-text-primary w-full focus:outline-none scroll-mt-(--header-height)\" dir=\"auto\" tabindex=\"-1\" data-testid=\"conversation-turn-81\" data-scroll-anchor=\"false\" data-turn=\"user\">\n<div class=\"text-base my-auto mx-auto pt-12 [--thread-content-margin:--spacing(4)] @[37rem]:[--thread-content-margin:--spacing(6)] @[72rem]:[--thread-content-margin:--spacing(16)] px-(--thread-content-margin)\">\n<div class=\"[--thread-content-max-width:32rem] @[34rem]:[--thread-content-max-width:40rem] @[64rem]:[--thread-content-max-width:48rem] mx-auto max-w-(--thread-content-max-width) flex-1 group\/turn-messages focus-visible:outline-hidden relative flex w-full min-w-0 flex-col\" tabindex=\"-1\">\n<div class=\"flex max-w-full flex-col grow\">\n<div class=\"min-h-8 text-message relative flex w-full flex-col items-end gap-2 text-start break-words whitespace-normal [.text-message+&amp;]:mt-5\" dir=\"auto\" data-message-author-role=\"user\" data-message-id=\"aaa66b38-a4bf-4a23-b528-306b12fe3d96\">\n<div class=\"flex w-full flex-col gap-1 empty:hidden items-end rtl:items-start\">\n<div class=\"user-message-bubble-color relative max-w-[var(--user-chat-width,70%)] rounded-[18px] px-4 py-1.5 data-[multiline]:py-3\" data-multiline=\"\">\n<div class=\"whitespace-pre-wrap\"><strong data-start=\"0\" data-end=\"18\">Fields of application<\/strong><\/div>\n<\/div>\n<\/div>\n<\/div>\n<\/div>\n<\/div>\n<\/div>\n<\/article>\n<article class=\"text-token-text-primary w-full focus:outline-none scroll-mt-[calc(var(--header-height)+min(200px,max(70px,20svh)))]\" dir=\"auto\" tabindex=\"-1\" data-testid=\"conversation-turn-82\" data-scroll-anchor=\"true\" data-turn=\"assistant\">\n<div class=\"text-base my-auto mx-auto pb-10 [--thread-content-margin:--spacing(4)] @[37rem]:[--thread-content-margin:--spacing(6)] @[72rem]:[--thread-content-margin:--spacing(16)] px-(--thread-content-margin)\">\n<div class=\"[--thread-content-max-width:32rem] @[34rem]:[--thread-content-max-width:40rem] @[64rem]:[--thread-content-max-width:48rem] mx-auto max-w-(--thread-content-max-width) flex-1 group\/turn-messages focus-visible:outline-hidden relative flex w-full min-w-0 flex-col agent-turn\" tabindex=\"-1\">\n<div class=\"flex max-w-full flex-col grow\">\n<div class=\"min-h-8 text-message relative flex w-full flex-col items-end gap-2 text-start break-words whitespace-normal [.text-message+&amp;]:mt-5\" dir=\"auto\" data-message-author-role=\"assistant\" data-message-id=\"8dbce05d-47bd-4c12-976f-d4b81a866bac\" data-message-model-slug=\"gpt-4-1-mini\">\n<div class=\"flex w-full flex-col gap-1 empty:hidden first:pt-[3px]\">\n<div class=\"markdown prose dark:prose-invert w-full break-words light\">\n<p data-start=\"20\" data-end=\"250\">VACON 20 is a compact yet powerful AC drive up to 18.5 kW with integrated PLC. Ideal for large-scale production processes such as packaging and assembly lines, providing fast installation and flexibility.<\/p>\n<p data-start=\"252\" data-end=\"263\"><strong data-start=\"252\" data-end=\"263\">Features<\/strong><\/p>\n<ul data-start=\"265\" data-end=\"446\" data-is-last-node=\"\" data-is-only-node=\"\">\n<li data-start=\"265\" data-end=\"312\">\n<p data-start=\"267\" data-end=\"312\">Wide range of functions and high performance<\/p>\n<\/li>\n<li data-start=\"313\" data-end=\"365\">\n<p data-start=\"315\" data-end=\"365\">Supports CANOpen, DeviceNet, Profibus buses<\/p>\n<\/li>\n<li data-start=\"366\" data-end=\"411\">\n<p data-start=\"368\" data-end=\"411\">Parameters copying without mains power<\/p>\n<\/li>\n<li data-start=\"412\" data-end=\"446\" data-is-last-node=\"\">\n<p data-start=\"414\" data-end=\"446\" data-is-last-node=\"\">Quick and easy configuration<\/p>\n<\/li>\n<\/ul>\n<\/div>\n<\/div>\n<\/div>\n<\/div>\n<\/div>\n<\/div>\n<\/article>","protected":false},"excerpt":{"rendered":"<p>Taikymo sritys VACON 20\u2013 kompakti\u0161ka, ta\u010diau galinga kintamosios srov\u0117s pavara iki 18,5 kW, su integruotu PLC. Ideali sprendimas didelio masto gamybos procesams, pvz., pakavimui ir gamybos linijoms, u\u017etikrinanti greit\u0105 montavim\u0105 ir lankstum\u0105. Savyb\u0117s Platus funkcij\u0173 spektras ir auk\u0161tas na\u0161umas Palaiko CANOpen, DeviceNet, Profibus magistrales Parametr\u0173 kopijavimas be tinklo maitinimo Greita ir paprasta konfig\u016bracija<\/p>","protected":false},"featured_media":5503,"comment_status":"open","ping_status":"closed","template":"","meta":{"_acf_changed":false,"inline_featured_image":false},"product_brand":[],"product_cat":[16],"product_tag":[],"class_list":{"0":"post-4377","1":"product","2":"type-product","3":"status-publish","4":"has-post-thumbnail","6":"product_cat-daznio-keitikliai","8":"first","9":"instock","10":"shipping-taxable","11":"purchasable","12":"product-type-variable"},"acf":[],"yoast_head":"<!-- This site is optimized with the Yoast SEO plugin v25.5 - https:\/\/yoast.com\/wordpress\/plugins\/seo\/ -->\n<title>VACON 20 - Invertas<\/title>\n<meta name=\"description\" content=\"VACON 20 \u2013 galinga iki 18,5 kW kintamosios srov\u0117s pavara su integruotu PLC. Skirta pakavimui, gamybos linijoms. Lengvas montavimas ir konfig\u016bracija.\" \/>\n<meta name=\"robots\" content=\"index, follow, max-snippet:-1, max-image-preview:large, max-video-preview:-1\" \/>\n<link rel=\"canonical\" href=\"https:\/\/invertas.lt\/en\/produktai\/daznio-keitikliai\/vacon-20\/\" \/>\n<meta property=\"og:locale\" content=\"en_GB\" \/>\n<meta property=\"og:type\" content=\"article\" \/>\n<meta property=\"og:title\" content=\"VACON 20 - Invertas\" \/>\n<meta property=\"og:description\" content=\"VACON 20 \u2013 galinga iki 18,5 kW kintamosios srov\u0117s pavara su integruotu PLC. Skirta pakavimui, gamybos linijoms. Lengvas montavimas ir konfig\u016bracija.\" \/>\n<meta property=\"og:url\" content=\"https:\/\/invertas.lt\/en\/produktai\/daznio-keitikliai\/vacon-20\/\" \/>\n<meta property=\"og:site_name\" content=\"Invertas\" \/>\n<meta property=\"article:modified_time\" content=\"2025-10-14T15:18:12+00:00\" \/>\n<meta property=\"og:image\" content=\"https:\/\/invertas.lt\/wp-content\/uploads\/2025\/05\/vacon20-1-600x800__42561__62259.jpg\" \/>\n\t<meta property=\"og:image:width\" content=\"880\" \/>\n\t<meta property=\"og:image:height\" content=\"880\" \/>\n\t<meta property=\"og:image:type\" content=\"image\/jpeg\" \/>\n<meta name=\"twitter:card\" content=\"summary_large_image\" \/>\n<meta name=\"twitter:label1\" content=\"Estimated reading time\" \/>\n\t<meta name=\"twitter:data1\" content=\"1 minute\" \/>\n<script type=\"application\/ld+json\" class=\"yoast-schema-graph\">{\"@context\":\"https:\/\/schema.org\",\"@graph\":[{\"@type\":\"WebPage\",\"@id\":\"https:\/\/invertas.lt\/produktai\/daznio-keitikliai\/vacon-20\/\",\"url\":\"https:\/\/invertas.lt\/produktai\/daznio-keitikliai\/vacon-20\/\",\"name\":\"VACON 20 - Invertas\",\"isPartOf\":{\"@id\":\"https:\/\/invertas.lt\/#website\"},\"primaryImageOfPage\":{\"@id\":\"https:\/\/invertas.lt\/produktai\/daznio-keitikliai\/vacon-20\/#primaryimage\"},\"image\":{\"@id\":\"https:\/\/invertas.lt\/produktai\/daznio-keitikliai\/vacon-20\/#primaryimage\"},\"thumbnailUrl\":\"https:\/\/invertas.lt\/wp-content\/uploads\/2025\/05\/vacon20-1-600x800__42561__62259.jpg\",\"datePublished\":\"2025-05-07T13:05:48+00:00\",\"dateModified\":\"2025-10-14T15:18:12+00:00\",\"description\":\"VACON 20 \u2013 galinga iki 18,5 kW kintamosios srov\u0117s pavara su integruotu PLC. Skirta pakavimui, gamybos linijoms. Lengvas montavimas ir konfig\u016bracija.\",\"breadcrumb\":{\"@id\":\"https:\/\/invertas.lt\/produktai\/daznio-keitikliai\/vacon-20\/#breadcrumb\"},\"inLanguage\":\"en-GB\",\"potentialAction\":[{\"@type\":\"ReadAction\",\"target\":[\"https:\/\/invertas.lt\/produktai\/daznio-keitikliai\/vacon-20\/\"]}]},{\"@type\":\"ImageObject\",\"inLanguage\":\"en-GB\",\"@id\":\"https:\/\/invertas.lt\/produktai\/daznio-keitikliai\/vacon-20\/#primaryimage\",\"url\":\"https:\/\/invertas.lt\/wp-content\/uploads\/2025\/05\/vacon20-1-600x800__42561__62259.jpg\",\"contentUrl\":\"https:\/\/invertas.lt\/wp-content\/uploads\/2025\/05\/vacon20-1-600x800__42561__62259.jpg\",\"width\":880,\"height\":880},{\"@type\":\"BreadcrumbList\",\"@id\":\"https:\/\/invertas.lt\/produktai\/daznio-keitikliai\/vacon-20\/#breadcrumb\",\"itemListElement\":[{\"@type\":\"ListItem\",\"position\":1,\"name\":\"Prad\u017eia\",\"item\":\"https:\/\/invertas.lt\/\"},{\"@type\":\"ListItem\",\"position\":2,\"name\":\"Products\",\"item\":\"https:\/\/invertas.lt\/shop\/\"},{\"@type\":\"ListItem\",\"position\":3,\"name\":\"Da\u017enio keitikliai\",\"item\":\"https:\/\/invertas.lt\/.\/daznio-keitikliai\/\"},{\"@type\":\"ListItem\",\"position\":4,\"name\":\"VACON 20\"}]},{\"@type\":\"WebSite\",\"@id\":\"https:\/\/invertas.lt\/#website\",\"url\":\"https:\/\/invertas.lt\/\",\"name\":\"Invertas\",\"description\":\"\",\"publisher\":{\"@id\":\"https:\/\/invertas.lt\/#organization\"},\"potentialAction\":[{\"@type\":\"SearchAction\",\"target\":{\"@type\":\"EntryPoint\",\"urlTemplate\":\"https:\/\/invertas.lt\/?s={search_term_string}\"},\"query-input\":{\"@type\":\"PropertyValueSpecification\",\"valueRequired\":true,\"valueName\":\"search_term_string\"}}],\"inLanguage\":\"en-GB\"},{\"@type\":\"Organization\",\"@id\":\"https:\/\/invertas.lt\/#organization\",\"name\":\"Invertas\",\"url\":\"https:\/\/invertas.lt\/\",\"logo\":{\"@type\":\"ImageObject\",\"inLanguage\":\"en-GB\",\"@id\":\"https:\/\/invertas.lt\/#\/schema\/logo\/image\/\",\"url\":\"https:\/\/invertas.lt\/wp-content\/uploads\/2025\/03\/New-Text-Document-2.svg\",\"contentUrl\":\"https:\/\/invertas.lt\/wp-content\/uploads\/2025\/03\/New-Text-Document-2.svg\",\"width\":140,\"height\":39,\"caption\":\"Invertas\"},\"image\":{\"@id\":\"https:\/\/invertas.lt\/#\/schema\/logo\/image\/\"}}]}<\/script>\n<!-- \/ Yoast SEO plugin. -->","yoast_head_json":{"title":"VACON 20 - Invertas","description":"VACON 20 \u2013 galinga iki 18,5 kW kintamosios srov\u0117s pavara su integruotu PLC. Skirta pakavimui, gamybos linijoms. Lengvas montavimas ir konfig\u016bracija.","robots":{"index":"index","follow":"follow","max-snippet":"max-snippet:-1","max-image-preview":"max-image-preview:large","max-video-preview":"max-video-preview:-1"},"canonical":"https:\/\/invertas.lt\/en\/produktai\/daznio-keitikliai\/vacon-20\/","og_locale":"en_GB","og_type":"article","og_title":"VACON 20 - Invertas","og_description":"VACON 20 \u2013 galinga iki 18,5 kW kintamosios srov\u0117s pavara su integruotu PLC. Skirta pakavimui, gamybos linijoms. Lengvas montavimas ir konfig\u016bracija.","og_url":"https:\/\/invertas.lt\/en\/produktai\/daznio-keitikliai\/vacon-20\/","og_site_name":"Invertas","article_modified_time":"2025-10-14T15:18:12+00:00","og_image":[{"width":880,"height":880,"url":"https:\/\/invertas.lt\/wp-content\/uploads\/2025\/05\/vacon20-1-600x800__42561__62259.jpg","type":"image\/jpeg"}],"twitter_card":"summary_large_image","twitter_misc":{"Estimated reading time":"1 minute"},"schema":{"@context":"https:\/\/schema.org","@graph":[{"@type":"WebPage","@id":"https:\/\/invertas.lt\/produktai\/daznio-keitikliai\/vacon-20\/","url":"https:\/\/invertas.lt\/produktai\/daznio-keitikliai\/vacon-20\/","name":"VACON 20 - Invertas","isPartOf":{"@id":"https:\/\/invertas.lt\/#website"},"primaryImageOfPage":{"@id":"https:\/\/invertas.lt\/produktai\/daznio-keitikliai\/vacon-20\/#primaryimage"},"image":{"@id":"https:\/\/invertas.lt\/produktai\/daznio-keitikliai\/vacon-20\/#primaryimage"},"thumbnailUrl":"https:\/\/invertas.lt\/wp-content\/uploads\/2025\/05\/vacon20-1-600x800__42561__62259.jpg","datePublished":"2025-05-07T13:05:48+00:00","dateModified":"2025-10-14T15:18:12+00:00","description":"VACON 20 \u2013 galinga iki 18,5 kW kintamosios srov\u0117s pavara su integruotu PLC. Skirta pakavimui, gamybos linijoms. Lengvas montavimas ir konfig\u016bracija.","breadcrumb":{"@id":"https:\/\/invertas.lt\/produktai\/daznio-keitikliai\/vacon-20\/#breadcrumb"},"inLanguage":"en-GB","potentialAction":[{"@type":"ReadAction","target":["https:\/\/invertas.lt\/produktai\/daznio-keitikliai\/vacon-20\/"]}]},{"@type":"ImageObject","inLanguage":"en-GB","@id":"https:\/\/invertas.lt\/produktai\/daznio-keitikliai\/vacon-20\/#primaryimage","url":"https:\/\/invertas.lt\/wp-content\/uploads\/2025\/05\/vacon20-1-600x800__42561__62259.jpg","contentUrl":"https:\/\/invertas.lt\/wp-content\/uploads\/2025\/05\/vacon20-1-600x800__42561__62259.jpg","width":880,"height":880},{"@type":"BreadcrumbList","@id":"https:\/\/invertas.lt\/produktai\/daznio-keitikliai\/vacon-20\/#breadcrumb","itemListElement":[{"@type":"ListItem","position":1,"name":"Prad\u017eia","item":"https:\/\/invertas.lt\/"},{"@type":"ListItem","position":2,"name":"Products","item":"https:\/\/invertas.lt\/shop\/"},{"@type":"ListItem","position":3,"name":"Da\u017enio keitikliai","item":"https:\/\/invertas.lt\/.\/daznio-keitikliai\/"},{"@type":"ListItem","position":4,"name":"VACON 20"}]},{"@type":"WebSite","@id":"https:\/\/invertas.lt\/#website","url":"https:\/\/invertas.lt\/","name":"Invert","description":"","publisher":{"@id":"https:\/\/invertas.lt\/#organization"},"potentialAction":[{"@type":"SearchAction","target":{"@type":"EntryPoint","urlTemplate":"https:\/\/invertas.lt\/?s={search_term_string}"},"query-input":{"@type":"PropertyValueSpecification","valueRequired":true,"valueName":"search_term_string"}}],"inLanguage":"en-GB"},{"@type":"Organization","@id":"https:\/\/invertas.lt\/#organization","name":"Invert","url":"https:\/\/invertas.lt\/","logo":{"@type":"ImageObject","inLanguage":"en-GB","@id":"https:\/\/invertas.lt\/#\/schema\/logo\/image\/","url":"https:\/\/invertas.lt\/wp-content\/uploads\/2025\/03\/New-Text-Document-2.svg","contentUrl":"https:\/\/invertas.lt\/wp-content\/uploads\/2025\/03\/New-Text-Document-2.svg","width":140,"height":39,"caption":"Invertas"},"image":{"@id":"https:\/\/invertas.lt\/#\/schema\/logo\/image\/"}}]}},"_links":{"self":[{"href":"https:\/\/invertas.lt\/en\/wp-json\/wp\/v2\/product\/4377","targetHints":{"allow":["GET"]}}],"collection":[{"href":"https:\/\/invertas.lt\/en\/wp-json\/wp\/v2\/product"}],"about":[{"href":"https:\/\/invertas.lt\/en\/wp-json\/wp\/v2\/types\/product"}],"replies":[{"embeddable":true,"href":"https:\/\/invertas.lt\/en\/wp-json\/wp\/v2\/comments?post=4377"}],"wp:featuredmedia":[{"embeddable":true,"href":"https:\/\/invertas.lt\/en\/wp-json\/wp\/v2\/media\/5503"}],"wp:attachment":[{"href":"https:\/\/invertas.lt\/en\/wp-json\/wp\/v2\/media?parent=4377"}],"wp:term":[{"taxonomy":"product_brand","embeddable":true,"href":"https:\/\/invertas.lt\/en\/wp-json\/wp\/v2\/product_brand?post=4377"},{"taxonomy":"product_cat","embeddable":true,"href":"https:\/\/invertas.lt\/en\/wp-json\/wp\/v2\/product_cat?post=4377"},{"taxonomy":"product_tag","embeddable":true,"href":"https:\/\/invertas.lt\/en\/wp-json\/wp\/v2\/product_tag?post=4377"}],"curies":[{"name":"wp","href":"https:\/\/api.w.org\/{rel}","templated":true}]}}