{"id":4359,"date":"2025-05-01T11:00:30","date_gmt":"2025-05-01T11:00:30","guid":{"rendered":"https:\/\/aurimasb15.sg-host.com\/?post_type=product&#038;p=4359"},"modified":"2025-08-07T06:54:00","modified_gmt":"2025-08-07T06:54:00","slug":"5-voztuvu-kolektorius-diferencialinio-slegio-siustuvui","status":"publish","type":"product","link":"https:\/\/invertas.lt\/en\/produktai\/slegio-jutikliai\/5-voztuvu-kolektorius-diferencialinio-slegio-siustuvui\/","title":{"rendered":"Fuji Electric 5-valve manifold for differential pressure sensor"},"content":{"rendered":"<h3 data-start=\"0\" data-end=\"21\"><strong data-start=\"0\" data-end=\"21\">Fields of application<\/strong><\/h3>\n<p class=\"\" data-start=\"23\" data-end=\"270\">Oil and gas, petrochemical and chemical industries, power generation, water treatment<\/p>\n<h3 data-start=\"272\" data-end=\"283\"><strong data-start=\"272\" data-end=\"283\">Features<\/strong><\/h3>\n<ul>\n<li data-start=\"287\" data-end=\"310\">Long service life thanks to robust design<\/li>\n<li data-start=\"313\" data-end=\"350\">Reliability with enhanced safety even at high pressures<\/li>\n<li data-start=\"353\" data-end=\"381\">Versatility with additional fittings<\/li>\n<li data-start=\"353\" data-end=\"381\">Simplified maintenance and calibration<\/li>\n<\/ul>","protected":false},"excerpt":{"rendered":"<p>Pritaikymo sritys Naftos ir duj\u0173, naftos chemijos ir chemijos pramon\u0117, energijos gamyba, vandens valymas Savyb\u0117s Ilgas eksploatavimo laikas d\u0117l tvirtos konstrukcijos Patikimumas su padidintu saugumu net esant auk\u0161tam sl\u0117giui Universalumas su papildomom jungiamosiomis detal\u0117mis Supaprastinta prie\u017ei\u016bra ir kalibravimas<\/p>","protected":false},"featured_media":4363,"comment_status":"open","ping_status":"closed","template":"","meta":{"_acf_changed":false,"inline_featured_image":false},"product_brand":[],"product_cat":[41],"product_tag":[],"class_list":{"0":"post-4359","1":"product","2":"type-product","3":"status-publish","4":"has-post-thumbnail","6":"product_cat-slegio-jutikliai","8":"first","9":"instock","10":"shipping-taxable","11":"purchasable","12":"product-type-simple"},"acf":[],"yoast_head":"<!-- This site is optimized with the Yoast SEO plugin v25.5 - https:\/\/yoast.com\/wordpress\/plugins\/seo\/ -->\n<title>Fuji Electric 5 vo\u017etuv\u0173 kolektorius diferencinio sl\u0117gio jutikliui - Invertas<\/title>\n<meta name=\"description\" content=\"5 vo\u017etuv\u0173 kolektorius u\u017etikrina patikim\u0105 diferencialinio sl\u0117gio jutikli\u0173 valdym\u0105 ir saug\u0173 sl\u0117gio matavim\u0105 pramonin\u0117se sistemose.\" \/>\n<meta name=\"robots\" content=\"index, follow, max-snippet:-1, max-image-preview:large, max-video-preview:-1\" \/>\n<link rel=\"canonical\" href=\"https:\/\/invertas.lt\/en\/produktai\/slegio-jutikliai\/5-voztuvu-kolektorius-diferencialinio-slegio-siustuvui\/\" \/>\n<meta property=\"og:locale\" content=\"en_GB\" \/>\n<meta property=\"og:type\" content=\"article\" \/>\n<meta property=\"og:title\" content=\"Fuji Electric 5 vo\u017etuv\u0173 kolektorius diferencinio sl\u0117gio jutikliui - Invertas\" \/>\n<meta property=\"og:description\" content=\"5 vo\u017etuv\u0173 kolektorius u\u017etikrina patikim\u0105 diferencialinio sl\u0117gio jutikli\u0173 valdym\u0105 ir saug\u0173 sl\u0117gio matavim\u0105 pramonin\u0117se sistemose.\" \/>\n<meta property=\"og:url\" content=\"https:\/\/invertas.lt\/en\/produktai\/slegio-jutikliai\/5-voztuvu-kolektorius-diferencialinio-slegio-siustuvui\/\" \/>\n<meta property=\"og:site_name\" content=\"Invertas\" \/>\n<meta property=\"article:modified_time\" content=\"2025-08-07T06:54:00+00:00\" \/>\n<meta property=\"og:image\" content=\"https:\/\/invertas.lt\/wp-content\/uploads\/2025\/05\/manifold-5-voies-header-fr-en.webp\" \/>\n\t<meta property=\"og:image:width\" content=\"682\" \/>\n\t<meta property=\"og:image:height\" content=\"682\" \/>\n\t<meta property=\"og:image:type\" content=\"image\/webp\" \/>\n<meta name=\"twitter:card\" content=\"summary_large_image\" \/>\n<meta name=\"twitter:label1\" content=\"Estimated reading time\" \/>\n\t<meta name=\"twitter:data1\" content=\"1 minute\" \/>\n<script type=\"application\/ld+json\" class=\"yoast-schema-graph\">{\"@context\":\"https:\/\/schema.org\",\"@graph\":[{\"@type\":\"WebPage\",\"@id\":\"https:\/\/invertas.lt\/produktai\/slegio-jutikliai\/5-voztuvu-kolektorius-diferencialinio-slegio-siustuvui\/\",\"url\":\"https:\/\/invertas.lt\/produktai\/slegio-jutikliai\/5-voztuvu-kolektorius-diferencialinio-slegio-siustuvui\/\",\"name\":\"Fuji Electric 5 vo\u017etuv\u0173 kolektorius diferencinio sl\u0117gio jutikliui - Invertas\",\"isPartOf\":{\"@id\":\"https:\/\/invertas.lt\/#website\"},\"primaryImageOfPage\":{\"@id\":\"https:\/\/invertas.lt\/produktai\/slegio-jutikliai\/5-voztuvu-kolektorius-diferencialinio-slegio-siustuvui\/#primaryimage\"},\"image\":{\"@id\":\"https:\/\/invertas.lt\/produktai\/slegio-jutikliai\/5-voztuvu-kolektorius-diferencialinio-slegio-siustuvui\/#primaryimage\"},\"thumbnailUrl\":\"https:\/\/invertas.lt\/wp-content\/uploads\/2025\/05\/manifold-5-voies-header-fr-en.webp\",\"datePublished\":\"2025-05-01T11:00:30+00:00\",\"dateModified\":\"2025-08-07T06:54:00+00:00\",\"description\":\"5 vo\u017etuv\u0173 kolektorius u\u017etikrina patikim\u0105 diferencialinio sl\u0117gio jutikli\u0173 valdym\u0105 ir saug\u0173 sl\u0117gio matavim\u0105 pramonin\u0117se sistemose.\",\"breadcrumb\":{\"@id\":\"https:\/\/invertas.lt\/produktai\/slegio-jutikliai\/5-voztuvu-kolektorius-diferencialinio-slegio-siustuvui\/#breadcrumb\"},\"inLanguage\":\"en-GB\",\"potentialAction\":[{\"@type\":\"ReadAction\",\"target\":[\"https:\/\/invertas.lt\/produktai\/slegio-jutikliai\/5-voztuvu-kolektorius-diferencialinio-slegio-siustuvui\/\"]}]},{\"@type\":\"ImageObject\",\"inLanguage\":\"en-GB\",\"@id\":\"https:\/\/invertas.lt\/produktai\/slegio-jutikliai\/5-voztuvu-kolektorius-diferencialinio-slegio-siustuvui\/#primaryimage\",\"url\":\"https:\/\/invertas.lt\/wp-content\/uploads\/2025\/05\/manifold-5-voies-header-fr-en.webp\",\"contentUrl\":\"https:\/\/invertas.lt\/wp-content\/uploads\/2025\/05\/manifold-5-voies-header-fr-en.webp\",\"width\":682,\"height\":682},{\"@type\":\"BreadcrumbList\",\"@id\":\"https:\/\/invertas.lt\/produktai\/slegio-jutikliai\/5-voztuvu-kolektorius-diferencialinio-slegio-siustuvui\/#breadcrumb\",\"itemListElement\":[{\"@type\":\"ListItem\",\"position\":1,\"name\":\"Prad\u017eia\",\"item\":\"https:\/\/invertas.lt\/\"},{\"@type\":\"ListItem\",\"position\":2,\"name\":\"Products\",\"item\":\"https:\/\/invertas.lt\/shop\/\"},{\"@type\":\"ListItem\",\"position\":3,\"name\":\"Sl\u0117gio jutikliai\",\"item\":\"https:\/\/invertas.lt\/.\/slegio-jutikliai\/\"},{\"@type\":\"ListItem\",\"position\":4,\"name\":\"Fuji Electric 5 vo\u017etuv\u0173 kolektorius diferencinio sl\u0117gio jutikliui\"}]},{\"@type\":\"WebSite\",\"@id\":\"https:\/\/invertas.lt\/#website\",\"url\":\"https:\/\/invertas.lt\/\",\"name\":\"Invertas\",\"description\":\"\",\"publisher\":{\"@id\":\"https:\/\/invertas.lt\/#organization\"},\"potentialAction\":[{\"@type\":\"SearchAction\",\"target\":{\"@type\":\"EntryPoint\",\"urlTemplate\":\"https:\/\/invertas.lt\/?s={search_term_string}\"},\"query-input\":{\"@type\":\"PropertyValueSpecification\",\"valueRequired\":true,\"valueName\":\"search_term_string\"}}],\"inLanguage\":\"en-GB\"},{\"@type\":\"Organization\",\"@id\":\"https:\/\/invertas.lt\/#organization\",\"name\":\"Invertas\",\"url\":\"https:\/\/invertas.lt\/\",\"logo\":{\"@type\":\"ImageObject\",\"inLanguage\":\"en-GB\",\"@id\":\"https:\/\/invertas.lt\/#\/schema\/logo\/image\/\",\"url\":\"https:\/\/invertas.lt\/wp-content\/uploads\/2025\/03\/New-Text-Document-2.svg\",\"contentUrl\":\"https:\/\/invertas.lt\/wp-content\/uploads\/2025\/03\/New-Text-Document-2.svg\",\"width\":140,\"height\":39,\"caption\":\"Invertas\"},\"image\":{\"@id\":\"https:\/\/invertas.lt\/#\/schema\/logo\/image\/\"}}]}<\/script>\n<!-- \/ Yoast SEO plugin. -->","yoast_head_json":{"title":"Fuji Electric 5 vo\u017etuv\u0173 kolektorius diferencinio sl\u0117gio jutikliui - Invertas","description":"5 vo\u017etuv\u0173 kolektorius u\u017etikrina patikim\u0105 diferencialinio sl\u0117gio jutikli\u0173 valdym\u0105 ir saug\u0173 sl\u0117gio matavim\u0105 pramonin\u0117se sistemose.","robots":{"index":"index","follow":"follow","max-snippet":"max-snippet:-1","max-image-preview":"max-image-preview:large","max-video-preview":"max-video-preview:-1"},"canonical":"https:\/\/invertas.lt\/en\/produktai\/slegio-jutikliai\/5-voztuvu-kolektorius-diferencialinio-slegio-siustuvui\/","og_locale":"en_GB","og_type":"article","og_title":"Fuji Electric 5 vo\u017etuv\u0173 kolektorius diferencinio sl\u0117gio jutikliui - Invertas","og_description":"5 vo\u017etuv\u0173 kolektorius u\u017etikrina patikim\u0105 diferencialinio sl\u0117gio jutikli\u0173 valdym\u0105 ir saug\u0173 sl\u0117gio matavim\u0105 pramonin\u0117se sistemose.","og_url":"https:\/\/invertas.lt\/en\/produktai\/slegio-jutikliai\/5-voztuvu-kolektorius-diferencialinio-slegio-siustuvui\/","og_site_name":"Invertas","article_modified_time":"2025-08-07T06:54:00+00:00","og_image":[{"width":682,"height":682,"url":"https:\/\/invertas.lt\/wp-content\/uploads\/2025\/05\/manifold-5-voies-header-fr-en.webp","type":"image\/webp"}],"twitter_card":"summary_large_image","twitter_misc":{"Estimated reading time":"1 minute"},"schema":{"@context":"https:\/\/schema.org","@graph":[{"@type":"WebPage","@id":"https:\/\/invertas.lt\/produktai\/slegio-jutikliai\/5-voztuvu-kolektorius-diferencialinio-slegio-siustuvui\/","url":"https:\/\/invertas.lt\/produktai\/slegio-jutikliai\/5-voztuvu-kolektorius-diferencialinio-slegio-siustuvui\/","name":"Fuji Electric 5 vo\u017etuv\u0173 kolektorius diferencinio sl\u0117gio jutikliui - Invertas","isPartOf":{"@id":"https:\/\/invertas.lt\/#website"},"primaryImageOfPage":{"@id":"https:\/\/invertas.lt\/produktai\/slegio-jutikliai\/5-voztuvu-kolektorius-diferencialinio-slegio-siustuvui\/#primaryimage"},"image":{"@id":"https:\/\/invertas.lt\/produktai\/slegio-jutikliai\/5-voztuvu-kolektorius-diferencialinio-slegio-siustuvui\/#primaryimage"},"thumbnailUrl":"https:\/\/invertas.lt\/wp-content\/uploads\/2025\/05\/manifold-5-voies-header-fr-en.webp","datePublished":"2025-05-01T11:00:30+00:00","dateModified":"2025-08-07T06:54:00+00:00","description":"5 vo\u017etuv\u0173 kolektorius u\u017etikrina patikim\u0105 diferencialinio sl\u0117gio jutikli\u0173 valdym\u0105 ir saug\u0173 sl\u0117gio matavim\u0105 pramonin\u0117se sistemose.","breadcrumb":{"@id":"https:\/\/invertas.lt\/produktai\/slegio-jutikliai\/5-voztuvu-kolektorius-diferencialinio-slegio-siustuvui\/#breadcrumb"},"inLanguage":"en-GB","potentialAction":[{"@type":"ReadAction","target":["https:\/\/invertas.lt\/produktai\/slegio-jutikliai\/5-voztuvu-kolektorius-diferencialinio-slegio-siustuvui\/"]}]},{"@type":"ImageObject","inLanguage":"en-GB","@id":"https:\/\/invertas.lt\/produktai\/slegio-jutikliai\/5-voztuvu-kolektorius-diferencialinio-slegio-siustuvui\/#primaryimage","url":"https:\/\/invertas.lt\/wp-content\/uploads\/2025\/05\/manifold-5-voies-header-fr-en.webp","contentUrl":"https:\/\/invertas.lt\/wp-content\/uploads\/2025\/05\/manifold-5-voies-header-fr-en.webp","width":682,"height":682},{"@type":"BreadcrumbList","@id":"https:\/\/invertas.lt\/produktai\/slegio-jutikliai\/5-voztuvu-kolektorius-diferencialinio-slegio-siustuvui\/#breadcrumb","itemListElement":[{"@type":"ListItem","position":1,"name":"Prad\u017eia","item":"https:\/\/invertas.lt\/"},{"@type":"ListItem","position":2,"name":"Products","item":"https:\/\/invertas.lt\/shop\/"},{"@type":"ListItem","position":3,"name":"Sl\u0117gio jutikliai","item":"https:\/\/invertas.lt\/.\/slegio-jutikliai\/"},{"@type":"ListItem","position":4,"name":"Fuji Electric 5 vo\u017etuv\u0173 kolektorius diferencinio sl\u0117gio jutikliui"}]},{"@type":"WebSite","@id":"https:\/\/invertas.lt\/#website","url":"https:\/\/invertas.lt\/","name":"Invert","description":"","publisher":{"@id":"https:\/\/invertas.lt\/#organization"},"potentialAction":[{"@type":"SearchAction","target":{"@type":"EntryPoint","urlTemplate":"https:\/\/invertas.lt\/?s={search_term_string}"},"query-input":{"@type":"PropertyValueSpecification","valueRequired":true,"valueName":"search_term_string"}}],"inLanguage":"en-GB"},{"@type":"Organization","@id":"https:\/\/invertas.lt\/#organization","name":"Invert","url":"https:\/\/invertas.lt\/","logo":{"@type":"ImageObject","inLanguage":"en-GB","@id":"https:\/\/invertas.lt\/#\/schema\/logo\/image\/","url":"https:\/\/invertas.lt\/wp-content\/uploads\/2025\/03\/New-Text-Document-2.svg","contentUrl":"https:\/\/invertas.lt\/wp-content\/uploads\/2025\/03\/New-Text-Document-2.svg","width":140,"height":39,"caption":"Invertas"},"image":{"@id":"https:\/\/invertas.lt\/#\/schema\/logo\/image\/"}}]}},"_links":{"self":[{"href":"https:\/\/invertas.lt\/en\/wp-json\/wp\/v2\/product\/4359","targetHints":{"allow":["GET"]}}],"collection":[{"href":"https:\/\/invertas.lt\/en\/wp-json\/wp\/v2\/product"}],"about":[{"href":"https:\/\/invertas.lt\/en\/wp-json\/wp\/v2\/types\/product"}],"replies":[{"embeddable":true,"href":"https:\/\/invertas.lt\/en\/wp-json\/wp\/v2\/comments?post=4359"}],"wp:featuredmedia":[{"embeddable":true,"href":"https:\/\/invertas.lt\/en\/wp-json\/wp\/v2\/media\/4363"}],"wp:attachment":[{"href":"https:\/\/invertas.lt\/en\/wp-json\/wp\/v2\/media?parent=4359"}],"wp:term":[{"taxonomy":"product_brand","embeddable":true,"href":"https:\/\/invertas.lt\/en\/wp-json\/wp\/v2\/product_brand?post=4359"},{"taxonomy":"product_cat","embeddable":true,"href":"https:\/\/invertas.lt\/en\/wp-json\/wp\/v2\/product_cat?post=4359"},{"taxonomy":"product_tag","embeddable":true,"href":"https:\/\/invertas.lt\/en\/wp-json\/wp\/v2\/product_tag?post=4359"}],"curies":[{"name":"wp","href":"https:\/\/api.w.org\/{rel}","templated":true}]}}