{"id":4326,"date":"2025-04-30T09:35:28","date_gmt":"2025-04-30T09:35:28","guid":{"rendered":"https:\/\/aurimasb15.sg-host.com\/?post_type=product&#038;p=4326"},"modified":"2025-08-07T06:47:57","modified_gmt":"2025-08-07T06:47:57","slug":"branduolinis-analoginis-manometrinis-slegio-jutiklis-fyg-k3","status":"publish","type":"product","link":"https:\/\/invertas.lt\/en\/produktai\/slegio-jutikliai\/branduolinis-analoginis-manometrinis-slegio-jutiklis-fyg-k3\/","title":{"rendered":"Fuji Electric Nuclear Manometric Pressure Sensor \u2013 FYG \u2013 K3"},"content":{"rendered":"<h3 data-start=\"0\" data-end=\"21\"><strong data-start=\"0\" data-end=\"21\">Fields of application<\/strong><\/h3>\n<p class=\"\" data-start=\"23\" data-end=\"270\">The nuclear analog manometric pressure sensor FYG \u2013 K3 can be used to measure the pressure of any compressed gas or liquid in pipelines or tanks in nuclear applications.<\/p>\n<h3 data-start=\"272\" data-end=\"283\"><strong data-start=\"272\" data-end=\"283\">Features<\/strong><\/h3>\n<ul>\n<li data-start=\"287\" data-end=\"310\">High accuracy and reliability<\/li>\n<li data-start=\"313\" data-end=\"350\">Minimal influence on the environment<\/li>\n<li data-start=\"353\" data-end=\"381\">Wide measurement ranges<\/li>\n<li data-start=\"384\" data-end=\"416\">Compliance with current regulations<\/li>\n<\/ul>","protected":false},"excerpt":{"rendered":"<p>Pritaikymo sritys Branduolinis analoginis manometrinis sl\u0117gio jutiklis FYG \u2013 K3 gali b\u016bti naudojamas bet kuri\u0173 susl\u0117gt\u0173 duj\u0173 ar skys\u010di\u0173 sl\u0117giui vamzdynuose ar talpyklose matuoti branduolin\u0117se taikomosiose srityse. Savyb\u0117s Didelis tikslumas ir patikimumas Minimali aplinkos \u012ftaka Platus matavimo diapazonas Atitinka galiojan\u010dius reglamentus<\/p>","protected":false},"featured_media":4294,"comment_status":"open","ping_status":"closed","template":"","meta":{"_acf_changed":false,"inline_featured_image":false},"product_brand":[],"product_cat":[41],"product_tag":[],"class_list":{"0":"post-4326","1":"product","2":"type-product","3":"status-publish","4":"has-post-thumbnail","6":"product_cat-slegio-jutikliai","8":"first","9":"instock","10":"shipping-taxable","11":"purchasable","12":"product-type-simple"},"acf":[],"yoast_head":"<!-- This site is optimized with the Yoast SEO plugin v25.5 - https:\/\/yoast.com\/wordpress\/plugins\/seo\/ -->\n<title>Fuji Electric branduolinis manometrinis sl\u0117gio jutiklis \u2013 FYG \u2013 K3 - Invertas<\/title>\n<meta name=\"description\" content=\"Branduolinis sl\u0117gio jutiklis FYG-K3 skirtas tiksliai matuoti susl\u0117gt\u0173 duj\u0173 ir skys\u010di\u0173 sl\u0117g\u012f vamzdynuose bei talpyklose branduolin\u0117se taikomosiose srityse.\" \/>\n<meta name=\"robots\" content=\"index, follow, max-snippet:-1, max-image-preview:large, max-video-preview:-1\" \/>\n<link rel=\"canonical\" href=\"https:\/\/invertas.lt\/en\/produktai\/slegio-jutikliai\/branduolinis-analoginis-manometrinis-slegio-jutiklis-fyg-k3\/\" \/>\n<meta property=\"og:locale\" content=\"en_GB\" \/>\n<meta property=\"og:type\" content=\"article\" \/>\n<meta property=\"og:title\" content=\"Fuji Electric branduolinis manometrinis sl\u0117gio jutiklis \u2013 FYG \u2013 K3 - Invertas\" \/>\n<meta property=\"og:description\" content=\"Branduolinis sl\u0117gio jutiklis FYG-K3 skirtas tiksliai matuoti susl\u0117gt\u0173 duj\u0173 ir skys\u010di\u0173 sl\u0117g\u012f vamzdynuose bei talpyklose branduolin\u0117se taikomosiose srityse.\" \/>\n<meta property=\"og:url\" content=\"https:\/\/invertas.lt\/en\/produktai\/slegio-jutikliai\/branduolinis-analoginis-manometrinis-slegio-jutiklis-fyg-k3\/\" \/>\n<meta property=\"og:site_name\" content=\"Invertas\" \/>\n<meta property=\"article:modified_time\" content=\"2025-08-07T06:47:57+00:00\" \/>\n<meta property=\"og:image\" content=\"https:\/\/invertas.lt\/wp-content\/uploads\/2025\/04\/fkg-nc-k3-vue-generale-diagonale-haut-gauche-header-fr-en.webp\" \/>\n\t<meta property=\"og:image:width\" content=\"682\" \/>\n\t<meta property=\"og:image:height\" content=\"682\" \/>\n\t<meta property=\"og:image:type\" content=\"image\/webp\" \/>\n<meta name=\"twitter:card\" content=\"summary_large_image\" \/>\n<meta name=\"twitter:label1\" content=\"Estimated reading time\" \/>\n\t<meta name=\"twitter:data1\" content=\"1 minute\" \/>\n<script type=\"application\/ld+json\" class=\"yoast-schema-graph\">{\"@context\":\"https:\/\/schema.org\",\"@graph\":[{\"@type\":\"WebPage\",\"@id\":\"https:\/\/invertas.lt\/produktai\/slegio-jutikliai\/branduolinis-analoginis-manometrinis-slegio-jutiklis-fyg-k3\/\",\"url\":\"https:\/\/invertas.lt\/produktai\/slegio-jutikliai\/branduolinis-analoginis-manometrinis-slegio-jutiklis-fyg-k3\/\",\"name\":\"Fuji Electric branduolinis manometrinis sl\u0117gio jutiklis \u2013 FYG \u2013 K3 - Invertas\",\"isPartOf\":{\"@id\":\"https:\/\/invertas.lt\/#website\"},\"primaryImageOfPage\":{\"@id\":\"https:\/\/invertas.lt\/produktai\/slegio-jutikliai\/branduolinis-analoginis-manometrinis-slegio-jutiklis-fyg-k3\/#primaryimage\"},\"image\":{\"@id\":\"https:\/\/invertas.lt\/produktai\/slegio-jutikliai\/branduolinis-analoginis-manometrinis-slegio-jutiklis-fyg-k3\/#primaryimage\"},\"thumbnailUrl\":\"https:\/\/invertas.lt\/wp-content\/uploads\/2025\/04\/fkg-nc-k3-vue-generale-diagonale-haut-gauche-header-fr-en.webp\",\"datePublished\":\"2025-04-30T09:35:28+00:00\",\"dateModified\":\"2025-08-07T06:47:57+00:00\",\"description\":\"Branduolinis sl\u0117gio jutiklis FYG-K3 skirtas tiksliai matuoti susl\u0117gt\u0173 duj\u0173 ir skys\u010di\u0173 sl\u0117g\u012f vamzdynuose bei talpyklose branduolin\u0117se taikomosiose srityse.\",\"breadcrumb\":{\"@id\":\"https:\/\/invertas.lt\/produktai\/slegio-jutikliai\/branduolinis-analoginis-manometrinis-slegio-jutiklis-fyg-k3\/#breadcrumb\"},\"inLanguage\":\"en-GB\",\"potentialAction\":[{\"@type\":\"ReadAction\",\"target\":[\"https:\/\/invertas.lt\/produktai\/slegio-jutikliai\/branduolinis-analoginis-manometrinis-slegio-jutiklis-fyg-k3\/\"]}]},{\"@type\":\"ImageObject\",\"inLanguage\":\"en-GB\",\"@id\":\"https:\/\/invertas.lt\/produktai\/slegio-jutikliai\/branduolinis-analoginis-manometrinis-slegio-jutiklis-fyg-k3\/#primaryimage\",\"url\":\"https:\/\/invertas.lt\/wp-content\/uploads\/2025\/04\/fkg-nc-k3-vue-generale-diagonale-haut-gauche-header-fr-en.webp\",\"contentUrl\":\"https:\/\/invertas.lt\/wp-content\/uploads\/2025\/04\/fkg-nc-k3-vue-generale-diagonale-haut-gauche-header-fr-en.webp\",\"width\":682,\"height\":682},{\"@type\":\"BreadcrumbList\",\"@id\":\"https:\/\/invertas.lt\/produktai\/slegio-jutikliai\/branduolinis-analoginis-manometrinis-slegio-jutiklis-fyg-k3\/#breadcrumb\",\"itemListElement\":[{\"@type\":\"ListItem\",\"position\":1,\"name\":\"Prad\u017eia\",\"item\":\"https:\/\/invertas.lt\/\"},{\"@type\":\"ListItem\",\"position\":2,\"name\":\"Products\",\"item\":\"https:\/\/invertas.lt\/shop\/\"},{\"@type\":\"ListItem\",\"position\":3,\"name\":\"Sl\u0117gio jutikliai\",\"item\":\"https:\/\/invertas.lt\/.\/slegio-jutikliai\/\"},{\"@type\":\"ListItem\",\"position\":4,\"name\":\"Fuji Electric branduolinis manometrinis sl\u0117gio jutiklis \u2013 FYG \u2013 K3\"}]},{\"@type\":\"WebSite\",\"@id\":\"https:\/\/invertas.lt\/#website\",\"url\":\"https:\/\/invertas.lt\/\",\"name\":\"Invertas\",\"description\":\"\",\"publisher\":{\"@id\":\"https:\/\/invertas.lt\/#organization\"},\"potentialAction\":[{\"@type\":\"SearchAction\",\"target\":{\"@type\":\"EntryPoint\",\"urlTemplate\":\"https:\/\/invertas.lt\/?s={search_term_string}\"},\"query-input\":{\"@type\":\"PropertyValueSpecification\",\"valueRequired\":true,\"valueName\":\"search_term_string\"}}],\"inLanguage\":\"en-GB\"},{\"@type\":\"Organization\",\"@id\":\"https:\/\/invertas.lt\/#organization\",\"name\":\"Invertas\",\"url\":\"https:\/\/invertas.lt\/\",\"logo\":{\"@type\":\"ImageObject\",\"inLanguage\":\"en-GB\",\"@id\":\"https:\/\/invertas.lt\/#\/schema\/logo\/image\/\",\"url\":\"https:\/\/invertas.lt\/wp-content\/uploads\/2025\/03\/New-Text-Document-2.svg\",\"contentUrl\":\"https:\/\/invertas.lt\/wp-content\/uploads\/2025\/03\/New-Text-Document-2.svg\",\"width\":140,\"height\":39,\"caption\":\"Invertas\"},\"image\":{\"@id\":\"https:\/\/invertas.lt\/#\/schema\/logo\/image\/\"}}]}<\/script>\n<!-- \/ Yoast SEO plugin. -->","yoast_head_json":{"title":"Fuji Electric branduolinis manometrinis sl\u0117gio jutiklis \u2013 FYG \u2013 K3 - Invertas","description":"Branduolinis sl\u0117gio jutiklis FYG-K3 skirtas tiksliai matuoti susl\u0117gt\u0173 duj\u0173 ir skys\u010di\u0173 sl\u0117g\u012f vamzdynuose bei talpyklose branduolin\u0117se taikomosiose srityse.","robots":{"index":"index","follow":"follow","max-snippet":"max-snippet:-1","max-image-preview":"max-image-preview:large","max-video-preview":"max-video-preview:-1"},"canonical":"https:\/\/invertas.lt\/en\/produktai\/slegio-jutikliai\/branduolinis-analoginis-manometrinis-slegio-jutiklis-fyg-k3\/","og_locale":"en_GB","og_type":"article","og_title":"Fuji Electric branduolinis manometrinis sl\u0117gio jutiklis \u2013 FYG \u2013 K3 - Invertas","og_description":"Branduolinis sl\u0117gio jutiklis FYG-K3 skirtas tiksliai matuoti susl\u0117gt\u0173 duj\u0173 ir skys\u010di\u0173 sl\u0117g\u012f vamzdynuose bei talpyklose branduolin\u0117se taikomosiose srityse.","og_url":"https:\/\/invertas.lt\/en\/produktai\/slegio-jutikliai\/branduolinis-analoginis-manometrinis-slegio-jutiklis-fyg-k3\/","og_site_name":"Invertas","article_modified_time":"2025-08-07T06:47:57+00:00","og_image":[{"width":682,"height":682,"url":"https:\/\/invertas.lt\/wp-content\/uploads\/2025\/04\/fkg-nc-k3-vue-generale-diagonale-haut-gauche-header-fr-en.webp","type":"image\/webp"}],"twitter_card":"summary_large_image","twitter_misc":{"Estimated reading time":"1 minute"},"schema":{"@context":"https:\/\/schema.org","@graph":[{"@type":"WebPage","@id":"https:\/\/invertas.lt\/produktai\/slegio-jutikliai\/branduolinis-analoginis-manometrinis-slegio-jutiklis-fyg-k3\/","url":"https:\/\/invertas.lt\/produktai\/slegio-jutikliai\/branduolinis-analoginis-manometrinis-slegio-jutiklis-fyg-k3\/","name":"Fuji Electric branduolinis manometrinis sl\u0117gio jutiklis \u2013 FYG \u2013 K3 - Invertas","isPartOf":{"@id":"https:\/\/invertas.lt\/#website"},"primaryImageOfPage":{"@id":"https:\/\/invertas.lt\/produktai\/slegio-jutikliai\/branduolinis-analoginis-manometrinis-slegio-jutiklis-fyg-k3\/#primaryimage"},"image":{"@id":"https:\/\/invertas.lt\/produktai\/slegio-jutikliai\/branduolinis-analoginis-manometrinis-slegio-jutiklis-fyg-k3\/#primaryimage"},"thumbnailUrl":"https:\/\/invertas.lt\/wp-content\/uploads\/2025\/04\/fkg-nc-k3-vue-generale-diagonale-haut-gauche-header-fr-en.webp","datePublished":"2025-04-30T09:35:28+00:00","dateModified":"2025-08-07T06:47:57+00:00","description":"Branduolinis sl\u0117gio jutiklis FYG-K3 skirtas tiksliai matuoti susl\u0117gt\u0173 duj\u0173 ir skys\u010di\u0173 sl\u0117g\u012f vamzdynuose bei talpyklose branduolin\u0117se taikomosiose srityse.","breadcrumb":{"@id":"https:\/\/invertas.lt\/produktai\/slegio-jutikliai\/branduolinis-analoginis-manometrinis-slegio-jutiklis-fyg-k3\/#breadcrumb"},"inLanguage":"en-GB","potentialAction":[{"@type":"ReadAction","target":["https:\/\/invertas.lt\/produktai\/slegio-jutikliai\/branduolinis-analoginis-manometrinis-slegio-jutiklis-fyg-k3\/"]}]},{"@type":"ImageObject","inLanguage":"en-GB","@id":"https:\/\/invertas.lt\/produktai\/slegio-jutikliai\/branduolinis-analoginis-manometrinis-slegio-jutiklis-fyg-k3\/#primaryimage","url":"https:\/\/invertas.lt\/wp-content\/uploads\/2025\/04\/fkg-nc-k3-vue-generale-diagonale-haut-gauche-header-fr-en.webp","contentUrl":"https:\/\/invertas.lt\/wp-content\/uploads\/2025\/04\/fkg-nc-k3-vue-generale-diagonale-haut-gauche-header-fr-en.webp","width":682,"height":682},{"@type":"BreadcrumbList","@id":"https:\/\/invertas.lt\/produktai\/slegio-jutikliai\/branduolinis-analoginis-manometrinis-slegio-jutiklis-fyg-k3\/#breadcrumb","itemListElement":[{"@type":"ListItem","position":1,"name":"Prad\u017eia","item":"https:\/\/invertas.lt\/"},{"@type":"ListItem","position":2,"name":"Products","item":"https:\/\/invertas.lt\/shop\/"},{"@type":"ListItem","position":3,"name":"Sl\u0117gio jutikliai","item":"https:\/\/invertas.lt\/.\/slegio-jutikliai\/"},{"@type":"ListItem","position":4,"name":"Fuji Electric branduolinis manometrinis sl\u0117gio jutiklis \u2013 FYG \u2013 K3"}]},{"@type":"WebSite","@id":"https:\/\/invertas.lt\/#website","url":"https:\/\/invertas.lt\/","name":"Invert","description":"","publisher":{"@id":"https:\/\/invertas.lt\/#organization"},"potentialAction":[{"@type":"SearchAction","target":{"@type":"EntryPoint","urlTemplate":"https:\/\/invertas.lt\/?s={search_term_string}"},"query-input":{"@type":"PropertyValueSpecification","valueRequired":true,"valueName":"search_term_string"}}],"inLanguage":"en-GB"},{"@type":"Organization","@id":"https:\/\/invertas.lt\/#organization","name":"Invert","url":"https:\/\/invertas.lt\/","logo":{"@type":"ImageObject","inLanguage":"en-GB","@id":"https:\/\/invertas.lt\/#\/schema\/logo\/image\/","url":"https:\/\/invertas.lt\/wp-content\/uploads\/2025\/03\/New-Text-Document-2.svg","contentUrl":"https:\/\/invertas.lt\/wp-content\/uploads\/2025\/03\/New-Text-Document-2.svg","width":140,"height":39,"caption":"Invertas"},"image":{"@id":"https:\/\/invertas.lt\/#\/schema\/logo\/image\/"}}]}},"_links":{"self":[{"href":"https:\/\/invertas.lt\/en\/wp-json\/wp\/v2\/product\/4326","targetHints":{"allow":["GET"]}}],"collection":[{"href":"https:\/\/invertas.lt\/en\/wp-json\/wp\/v2\/product"}],"about":[{"href":"https:\/\/invertas.lt\/en\/wp-json\/wp\/v2\/types\/product"}],"replies":[{"embeddable":true,"href":"https:\/\/invertas.lt\/en\/wp-json\/wp\/v2\/comments?post=4326"}],"wp:featuredmedia":[{"embeddable":true,"href":"https:\/\/invertas.lt\/en\/wp-json\/wp\/v2\/media\/4294"}],"wp:attachment":[{"href":"https:\/\/invertas.lt\/en\/wp-json\/wp\/v2\/media?parent=4326"}],"wp:term":[{"taxonomy":"product_brand","embeddable":true,"href":"https:\/\/invertas.lt\/en\/wp-json\/wp\/v2\/product_brand?post=4326"},{"taxonomy":"product_cat","embeddable":true,"href":"https:\/\/invertas.lt\/en\/wp-json\/wp\/v2\/product_cat?post=4326"},{"taxonomy":"product_tag","embeddable":true,"href":"https:\/\/invertas.lt\/en\/wp-json\/wp\/v2\/product_tag?post=4326"}],"curies":[{"name":"wp","href":"https:\/\/api.w.org\/{rel}","templated":true}]}}