{"id":4323,"date":"2025-04-29T19:07:22","date_gmt":"2025-04-29T19:07:22","guid":{"rendered":"https:\/\/aurimasb15.sg-host.com\/?post_type=product&#038;p=4323"},"modified":"2025-08-07T06:46:44","modified_gmt":"2025-08-07T06:46:44","slug":"branduolinis-analoginis-diferencialinio-slegio-jutiklis-fyc-k3","status":"publish","type":"product","link":"https:\/\/invertas.lt\/en\/produktai\/slegio-jutikliai\/branduolinis-analoginis-diferencialinio-slegio-jutiklis-fyc-k3\/","title":{"rendered":"Fuji Electric Nuclear Differential Pressure Sensor \u2013 FYC \u2013 K3"},"content":{"rendered":"<h3 data-start=\"0\" data-end=\"21\"><strong data-start=\"0\" data-end=\"21\">Fields of application<\/strong><\/h3>\n<p class=\"\" data-start=\"23\" data-end=\"270\">Branduolinis analoginis diferencialinio sl\u0117gio jutiklis FYC &#8211; K3 u\u017etikrina lygio, srauto, tankio, filtravimo ir s\u0105sajos matavimus branduolin\u0117se srityse.<\/p>\n<h3 data-start=\"272\" data-end=\"283\"><strong data-start=\"272\" data-end=\"283\">Features<\/strong><\/h3>\n<ul>\n<li data-start=\"287\" data-end=\"310\">High measurement accuracy<\/li>\n<li data-start=\"313\" data-end=\"350\">Measurement of very low and very high static pressures<\/li>\n<li data-start=\"353\" data-end=\"381\">Resistant to extreme temperatures and harsh environments<\/li>\n<li data-start=\"384\" data-end=\"416\">Compliance with current regulations<\/li>\n<\/ul>","protected":false},"excerpt":{"rendered":"<p>Pritaikymo sritys Branduolinis analoginis diferencialinio sl\u0117gio jutiklis FYC &#8211; K3 u\u017etikrina lygio, srauto, tankio, filtravimo ir s\u0105sajos matavimus branduolin\u0117se srityse. Savyb\u0117s Didelis matavimo tikslumas Labai \u017eem\u0173 ir labai auk\u0161t\u0173 statini\u0173 sl\u0117gi\u0173 matavimas Atsparumas ekstremalioms temperat\u016broms ir sunkioms aplinkos s\u0105lygoms Atitinka galiojan\u010dius reglamentus<\/p>","protected":false},"featured_media":4281,"comment_status":"open","ping_status":"closed","template":"","meta":{"_acf_changed":false,"inline_featured_image":false},"product_brand":[],"product_cat":[41],"product_tag":[],"class_list":{"0":"post-4323","1":"product","2":"type-product","3":"status-publish","4":"has-post-thumbnail","6":"product_cat-slegio-jutikliai","8":"first","9":"instock","10":"shipping-taxable","11":"purchasable","12":"product-type-simple"},"acf":[],"yoast_head":"<!-- This site is optimized with the Yoast SEO plugin v25.5 - https:\/\/yoast.com\/wordpress\/plugins\/seo\/ -->\n<title>Fuji Electric branduolinis diferencinio sl\u0117gio jutiklis \u2013 FYC - K3 - Invertas<\/title>\n<meta name=\"description\" content=\"Branduolinis analoginis diferencialinio sl\u0117gio jutiklis FYC-K3 skirtas tiksliems lygio, srauto, tankio ir filtravimo matavimams branduolin\u0117se srityse.\" \/>\n<meta name=\"robots\" content=\"index, follow, max-snippet:-1, max-image-preview:large, max-video-preview:-1\" \/>\n<link rel=\"canonical\" href=\"https:\/\/invertas.lt\/en\/produktai\/slegio-jutikliai\/branduolinis-analoginis-diferencialinio-slegio-jutiklis-fyc-k3\/\" \/>\n<meta property=\"og:locale\" content=\"en_GB\" \/>\n<meta property=\"og:type\" content=\"article\" \/>\n<meta property=\"og:title\" content=\"Fuji Electric branduolinis diferencinio sl\u0117gio jutiklis \u2013 FYC - K3 - Invertas\" \/>\n<meta property=\"og:description\" content=\"Branduolinis analoginis diferencialinio sl\u0117gio jutiklis FYC-K3 skirtas tiksliems lygio, srauto, tankio ir filtravimo matavimams branduolin\u0117se srityse.\" \/>\n<meta property=\"og:url\" content=\"https:\/\/invertas.lt\/en\/produktai\/slegio-jutikliai\/branduolinis-analoginis-diferencialinio-slegio-jutiklis-fyc-k3\/\" \/>\n<meta property=\"og:site_name\" content=\"Invertas\" \/>\n<meta property=\"article:modified_time\" content=\"2025-08-07T06:46:44+00:00\" \/>\n<meta property=\"og:image\" content=\"https:\/\/invertas.lt\/wp-content\/uploads\/2025\/04\/fkc-nc-k3-vue-generale-gauche-face-header-fr-en.webp\" \/>\n\t<meta property=\"og:image:width\" content=\"682\" \/>\n\t<meta property=\"og:image:height\" content=\"682\" \/>\n\t<meta property=\"og:image:type\" content=\"image\/webp\" \/>\n<meta name=\"twitter:card\" content=\"summary_large_image\" \/>\n<meta name=\"twitter:label1\" content=\"Estimated reading time\" \/>\n\t<meta name=\"twitter:data1\" content=\"1 minute\" \/>\n<script type=\"application\/ld+json\" class=\"yoast-schema-graph\">{\"@context\":\"https:\/\/schema.org\",\"@graph\":[{\"@type\":\"WebPage\",\"@id\":\"https:\/\/invertas.lt\/produktai\/slegio-jutikliai\/branduolinis-analoginis-diferencialinio-slegio-jutiklis-fyc-k3\/\",\"url\":\"https:\/\/invertas.lt\/produktai\/slegio-jutikliai\/branduolinis-analoginis-diferencialinio-slegio-jutiklis-fyc-k3\/\",\"name\":\"Fuji Electric branduolinis diferencinio sl\u0117gio jutiklis \u2013 FYC - K3 - Invertas\",\"isPartOf\":{\"@id\":\"https:\/\/invertas.lt\/#website\"},\"primaryImageOfPage\":{\"@id\":\"https:\/\/invertas.lt\/produktai\/slegio-jutikliai\/branduolinis-analoginis-diferencialinio-slegio-jutiklis-fyc-k3\/#primaryimage\"},\"image\":{\"@id\":\"https:\/\/invertas.lt\/produktai\/slegio-jutikliai\/branduolinis-analoginis-diferencialinio-slegio-jutiklis-fyc-k3\/#primaryimage\"},\"thumbnailUrl\":\"https:\/\/invertas.lt\/wp-content\/uploads\/2025\/04\/fkc-nc-k3-vue-generale-gauche-face-header-fr-en.webp\",\"datePublished\":\"2025-04-29T19:07:22+00:00\",\"dateModified\":\"2025-08-07T06:46:44+00:00\",\"description\":\"Branduolinis analoginis diferencialinio sl\u0117gio jutiklis FYC-K3 skirtas tiksliems lygio, srauto, tankio ir filtravimo matavimams branduolin\u0117se srityse.\",\"breadcrumb\":{\"@id\":\"https:\/\/invertas.lt\/produktai\/slegio-jutikliai\/branduolinis-analoginis-diferencialinio-slegio-jutiklis-fyc-k3\/#breadcrumb\"},\"inLanguage\":\"en-GB\",\"potentialAction\":[{\"@type\":\"ReadAction\",\"target\":[\"https:\/\/invertas.lt\/produktai\/slegio-jutikliai\/branduolinis-analoginis-diferencialinio-slegio-jutiklis-fyc-k3\/\"]}]},{\"@type\":\"ImageObject\",\"inLanguage\":\"en-GB\",\"@id\":\"https:\/\/invertas.lt\/produktai\/slegio-jutikliai\/branduolinis-analoginis-diferencialinio-slegio-jutiklis-fyc-k3\/#primaryimage\",\"url\":\"https:\/\/invertas.lt\/wp-content\/uploads\/2025\/04\/fkc-nc-k3-vue-generale-gauche-face-header-fr-en.webp\",\"contentUrl\":\"https:\/\/invertas.lt\/wp-content\/uploads\/2025\/04\/fkc-nc-k3-vue-generale-gauche-face-header-fr-en.webp\",\"width\":682,\"height\":682},{\"@type\":\"BreadcrumbList\",\"@id\":\"https:\/\/invertas.lt\/produktai\/slegio-jutikliai\/branduolinis-analoginis-diferencialinio-slegio-jutiklis-fyc-k3\/#breadcrumb\",\"itemListElement\":[{\"@type\":\"ListItem\",\"position\":1,\"name\":\"Prad\u017eia\",\"item\":\"https:\/\/invertas.lt\/\"},{\"@type\":\"ListItem\",\"position\":2,\"name\":\"Products\",\"item\":\"https:\/\/invertas.lt\/shop\/\"},{\"@type\":\"ListItem\",\"position\":3,\"name\":\"Sl\u0117gio jutikliai\",\"item\":\"https:\/\/invertas.lt\/.\/slegio-jutikliai\/\"},{\"@type\":\"ListItem\",\"position\":4,\"name\":\"Fuji Electric branduolinis diferencinio sl\u0117gio jutiklis \u2013 FYC &#8211; K3\"}]},{\"@type\":\"WebSite\",\"@id\":\"https:\/\/invertas.lt\/#website\",\"url\":\"https:\/\/invertas.lt\/\",\"name\":\"Invertas\",\"description\":\"\",\"publisher\":{\"@id\":\"https:\/\/invertas.lt\/#organization\"},\"potentialAction\":[{\"@type\":\"SearchAction\",\"target\":{\"@type\":\"EntryPoint\",\"urlTemplate\":\"https:\/\/invertas.lt\/?s={search_term_string}\"},\"query-input\":{\"@type\":\"PropertyValueSpecification\",\"valueRequired\":true,\"valueName\":\"search_term_string\"}}],\"inLanguage\":\"en-GB\"},{\"@type\":\"Organization\",\"@id\":\"https:\/\/invertas.lt\/#organization\",\"name\":\"Invertas\",\"url\":\"https:\/\/invertas.lt\/\",\"logo\":{\"@type\":\"ImageObject\",\"inLanguage\":\"en-GB\",\"@id\":\"https:\/\/invertas.lt\/#\/schema\/logo\/image\/\",\"url\":\"https:\/\/invertas.lt\/wp-content\/uploads\/2025\/03\/New-Text-Document-2.svg\",\"contentUrl\":\"https:\/\/invertas.lt\/wp-content\/uploads\/2025\/03\/New-Text-Document-2.svg\",\"width\":140,\"height\":39,\"caption\":\"Invertas\"},\"image\":{\"@id\":\"https:\/\/invertas.lt\/#\/schema\/logo\/image\/\"}}]}<\/script>\n<!-- \/ Yoast SEO plugin. -->","yoast_head_json":{"title":"Fuji Electric branduolinis diferencinio sl\u0117gio jutiklis \u2013 FYC - K3 - Invertas","description":"Branduolinis analoginis diferencialinio sl\u0117gio jutiklis FYC-K3 skirtas tiksliems lygio, srauto, tankio ir filtravimo matavimams branduolin\u0117se srityse.","robots":{"index":"index","follow":"follow","max-snippet":"max-snippet:-1","max-image-preview":"max-image-preview:large","max-video-preview":"max-video-preview:-1"},"canonical":"https:\/\/invertas.lt\/en\/produktai\/slegio-jutikliai\/branduolinis-analoginis-diferencialinio-slegio-jutiklis-fyc-k3\/","og_locale":"en_GB","og_type":"article","og_title":"Fuji Electric branduolinis diferencinio sl\u0117gio jutiklis \u2013 FYC - K3 - Invertas","og_description":"Branduolinis analoginis diferencialinio sl\u0117gio jutiklis FYC-K3 skirtas tiksliems lygio, srauto, tankio ir filtravimo matavimams branduolin\u0117se srityse.","og_url":"https:\/\/invertas.lt\/en\/produktai\/slegio-jutikliai\/branduolinis-analoginis-diferencialinio-slegio-jutiklis-fyc-k3\/","og_site_name":"Invertas","article_modified_time":"2025-08-07T06:46:44+00:00","og_image":[{"width":682,"height":682,"url":"https:\/\/invertas.lt\/wp-content\/uploads\/2025\/04\/fkc-nc-k3-vue-generale-gauche-face-header-fr-en.webp","type":"image\/webp"}],"twitter_card":"summary_large_image","twitter_misc":{"Estimated reading time":"1 minute"},"schema":{"@context":"https:\/\/schema.org","@graph":[{"@type":"WebPage","@id":"https:\/\/invertas.lt\/produktai\/slegio-jutikliai\/branduolinis-analoginis-diferencialinio-slegio-jutiklis-fyc-k3\/","url":"https:\/\/invertas.lt\/produktai\/slegio-jutikliai\/branduolinis-analoginis-diferencialinio-slegio-jutiklis-fyc-k3\/","name":"Fuji Electric branduolinis diferencinio sl\u0117gio jutiklis \u2013 FYC - K3 - Invertas","isPartOf":{"@id":"https:\/\/invertas.lt\/#website"},"primaryImageOfPage":{"@id":"https:\/\/invertas.lt\/produktai\/slegio-jutikliai\/branduolinis-analoginis-diferencialinio-slegio-jutiklis-fyc-k3\/#primaryimage"},"image":{"@id":"https:\/\/invertas.lt\/produktai\/slegio-jutikliai\/branduolinis-analoginis-diferencialinio-slegio-jutiklis-fyc-k3\/#primaryimage"},"thumbnailUrl":"https:\/\/invertas.lt\/wp-content\/uploads\/2025\/04\/fkc-nc-k3-vue-generale-gauche-face-header-fr-en.webp","datePublished":"2025-04-29T19:07:22+00:00","dateModified":"2025-08-07T06:46:44+00:00","description":"Branduolinis analoginis diferencialinio sl\u0117gio jutiklis FYC-K3 skirtas tiksliems lygio, srauto, tankio ir filtravimo matavimams branduolin\u0117se srityse.","breadcrumb":{"@id":"https:\/\/invertas.lt\/produktai\/slegio-jutikliai\/branduolinis-analoginis-diferencialinio-slegio-jutiklis-fyc-k3\/#breadcrumb"},"inLanguage":"en-GB","potentialAction":[{"@type":"ReadAction","target":["https:\/\/invertas.lt\/produktai\/slegio-jutikliai\/branduolinis-analoginis-diferencialinio-slegio-jutiklis-fyc-k3\/"]}]},{"@type":"ImageObject","inLanguage":"en-GB","@id":"https:\/\/invertas.lt\/produktai\/slegio-jutikliai\/branduolinis-analoginis-diferencialinio-slegio-jutiklis-fyc-k3\/#primaryimage","url":"https:\/\/invertas.lt\/wp-content\/uploads\/2025\/04\/fkc-nc-k3-vue-generale-gauche-face-header-fr-en.webp","contentUrl":"https:\/\/invertas.lt\/wp-content\/uploads\/2025\/04\/fkc-nc-k3-vue-generale-gauche-face-header-fr-en.webp","width":682,"height":682},{"@type":"BreadcrumbList","@id":"https:\/\/invertas.lt\/produktai\/slegio-jutikliai\/branduolinis-analoginis-diferencialinio-slegio-jutiklis-fyc-k3\/#breadcrumb","itemListElement":[{"@type":"ListItem","position":1,"name":"Prad\u017eia","item":"https:\/\/invertas.lt\/"},{"@type":"ListItem","position":2,"name":"Products","item":"https:\/\/invertas.lt\/shop\/"},{"@type":"ListItem","position":3,"name":"Sl\u0117gio jutikliai","item":"https:\/\/invertas.lt\/.\/slegio-jutikliai\/"},{"@type":"ListItem","position":4,"name":"Fuji Electric branduolinis diferencinio sl\u0117gio jutiklis \u2013 FYC &#8211; K3"}]},{"@type":"WebSite","@id":"https:\/\/invertas.lt\/#website","url":"https:\/\/invertas.lt\/","name":"Invert","description":"","publisher":{"@id":"https:\/\/invertas.lt\/#organization"},"potentialAction":[{"@type":"SearchAction","target":{"@type":"EntryPoint","urlTemplate":"https:\/\/invertas.lt\/?s={search_term_string}"},"query-input":{"@type":"PropertyValueSpecification","valueRequired":true,"valueName":"search_term_string"}}],"inLanguage":"en-GB"},{"@type":"Organization","@id":"https:\/\/invertas.lt\/#organization","name":"Invert","url":"https:\/\/invertas.lt\/","logo":{"@type":"ImageObject","inLanguage":"en-GB","@id":"https:\/\/invertas.lt\/#\/schema\/logo\/image\/","url":"https:\/\/invertas.lt\/wp-content\/uploads\/2025\/03\/New-Text-Document-2.svg","contentUrl":"https:\/\/invertas.lt\/wp-content\/uploads\/2025\/03\/New-Text-Document-2.svg","width":140,"height":39,"caption":"Invertas"},"image":{"@id":"https:\/\/invertas.lt\/#\/schema\/logo\/image\/"}}]}},"_links":{"self":[{"href":"https:\/\/invertas.lt\/en\/wp-json\/wp\/v2\/product\/4323","targetHints":{"allow":["GET"]}}],"collection":[{"href":"https:\/\/invertas.lt\/en\/wp-json\/wp\/v2\/product"}],"about":[{"href":"https:\/\/invertas.lt\/en\/wp-json\/wp\/v2\/types\/product"}],"replies":[{"embeddable":true,"href":"https:\/\/invertas.lt\/en\/wp-json\/wp\/v2\/comments?post=4323"}],"wp:featuredmedia":[{"embeddable":true,"href":"https:\/\/invertas.lt\/en\/wp-json\/wp\/v2\/media\/4281"}],"wp:attachment":[{"href":"https:\/\/invertas.lt\/en\/wp-json\/wp\/v2\/media?parent=4323"}],"wp:term":[{"taxonomy":"product_brand","embeddable":true,"href":"https:\/\/invertas.lt\/en\/wp-json\/wp\/v2\/product_brand?post=4323"},{"taxonomy":"product_cat","embeddable":true,"href":"https:\/\/invertas.lt\/en\/wp-json\/wp\/v2\/product_cat?post=4323"},{"taxonomy":"product_tag","embeddable":true,"href":"https:\/\/invertas.lt\/en\/wp-json\/wp\/v2\/product_tag?post=4323"}],"curies":[{"name":"wp","href":"https:\/\/api.w.org\/{rel}","templated":true}]}}