{"id":4308,"date":"2025-04-29T17:30:56","date_gmt":"2025-04-29T17:30:56","guid":{"rendered":"https:\/\/aurimasb15.sg-host.com\/?post_type=product&#038;p=4308"},"modified":"2025-08-07T06:44:25","modified_gmt":"2025-08-07T06:44:25","slug":"branduolinis-manometrinis-slegio-jutiklis-su-diafragminiu-sandarikliu-fkb-nc-k3","status":"publish","type":"product","link":"https:\/\/invertas.lt\/en\/produktai\/slegio-jutikliai\/branduolinis-manometrinis-slegio-jutiklis-su-diafragminiu-sandarikliu-fkb-nc-k3\/","title":{"rendered":"Fuji Electric nuclear pressure sensor \u2013 FKB \u2013 NC \u2013 K3"},"content":{"rendered":"<h3 data-start=\"0\" data-end=\"21\"><strong data-start=\"0\" data-end=\"21\">Fields of application<\/strong><\/h3>\n<p class=\"\" data-start=\"23\" data-end=\"270\">A pressure sensor for nuclear applications with a diaphragm seal can be used to measure liquid flow, gas flow, steam flow, liquid level in a tank, liquid density or pressure at low or high temperatures.<\/p>\n<h3 data-start=\"272\" data-end=\"283\"><strong data-start=\"272\" data-end=\"283\">Features<\/strong><\/h3>\n<ul>\n<li data-start=\"287\" data-end=\"310\">Precise measurement even at low pressures<\/li>\n<li data-start=\"313\" data-end=\"350\">Accessible sensor installation and reading<\/li>\n<li data-start=\"313\" data-end=\"350\">Diaphragm seals can be mounted on all transmitter types<\/li>\n<li data-start=\"384\" data-end=\"416\">Compliance with current regulations<\/li>\n<\/ul>","protected":false},"excerpt":{"rendered":"<p>Pritaikymo sritys Branduolin\u0117ms reikm\u0117ms skirtas sl\u0117gio jutiklis su diafragminiu sandarikliu gali b\u016bti naudojamas skys\u010dio srautui, duj\u0173 srautui, garo srautui, skys\u010dio lygiui bake, skys\u010dio tankiui ar sl\u0117giui matuoti \u017eemoje arba auk\u0161toje temperat\u016broje. Savyb\u0117s Tikslus matavimas net esant \u017eemam sl\u0117giui Patogus jutiklio montavimas ir duomen\u0173 nuskaitymas Diafragminiai sandarikliai gali b\u016bti montuojami ant vis\u0173 si\u0173stuv\u0173 tip\u0173 Atitinka galiojan\u010dius [&hellip;]<\/p>","protected":false},"featured_media":4309,"comment_status":"open","ping_status":"closed","template":"","meta":{"_acf_changed":false,"inline_featured_image":false},"product_brand":[],"product_cat":[41],"product_tag":[],"class_list":{"0":"post-4308","1":"product","2":"type-product","3":"status-publish","4":"has-post-thumbnail","6":"product_cat-slegio-jutikliai","8":"first","9":"instock","10":"shipping-taxable","11":"purchasable","12":"product-type-simple"},"acf":[],"yoast_head":"<!-- This site is optimized with the Yoast SEO plugin v25.5 - https:\/\/yoast.com\/wordpress\/plugins\/seo\/ -->\n<title>Fuji Electric branduolinis sl\u0117gio jutiklis \u2013 FKB - NC - K3 - Invertas<\/title>\n<meta name=\"description\" content=\"Branduolin\u0117ms reikm\u0117ms skirtas sl\u0117gio si\u0173stuvas su diafragminiu sandarikliu u\u017etikrina tiksl\u0173 skys\u010dio, duj\u0173, garo sraut\u0173, lygio, tankio ir sl\u0117gio matavim\u0105.\" \/>\n<meta name=\"robots\" content=\"index, follow, max-snippet:-1, max-image-preview:large, max-video-preview:-1\" \/>\n<link rel=\"canonical\" href=\"https:\/\/invertas.lt\/en\/produktai\/slegio-jutikliai\/branduolinis-manometrinis-slegio-jutiklis-su-diafragminiu-sandarikliu-fkb-nc-k3\/\" \/>\n<meta property=\"og:locale\" content=\"en_GB\" \/>\n<meta property=\"og:type\" content=\"article\" \/>\n<meta property=\"og:title\" content=\"Fuji Electric branduolinis sl\u0117gio jutiklis \u2013 FKB - NC - K3 - Invertas\" \/>\n<meta property=\"og:description\" content=\"Branduolin\u0117ms reikm\u0117ms skirtas sl\u0117gio si\u0173stuvas su diafragminiu sandarikliu u\u017etikrina tiksl\u0173 skys\u010dio, duj\u0173, garo sraut\u0173, lygio, tankio ir sl\u0117gio matavim\u0105.\" \/>\n<meta property=\"og:url\" content=\"https:\/\/invertas.lt\/en\/produktai\/slegio-jutikliai\/branduolinis-manometrinis-slegio-jutiklis-su-diafragminiu-sandarikliu-fkb-nc-k3\/\" \/>\n<meta property=\"og:site_name\" content=\"Invertas\" \/>\n<meta property=\"article:modified_time\" content=\"2025-08-07T06:44:25+00:00\" \/>\n<meta property=\"og:image\" content=\"https:\/\/invertas.lt\/wp-content\/uploads\/2025\/04\/fkb-nc-k3-vue-generale-face-separateur-header-fr-en.webp\" \/>\n\t<meta property=\"og:image:width\" content=\"682\" \/>\n\t<meta property=\"og:image:height\" content=\"682\" \/>\n\t<meta property=\"og:image:type\" content=\"image\/webp\" \/>\n<meta name=\"twitter:card\" content=\"summary_large_image\" \/>\n<meta name=\"twitter:label1\" content=\"Estimated reading time\" \/>\n\t<meta name=\"twitter:data1\" content=\"1 minute\" \/>\n<script type=\"application\/ld+json\" class=\"yoast-schema-graph\">{\"@context\":\"https:\/\/schema.org\",\"@graph\":[{\"@type\":\"WebPage\",\"@id\":\"https:\/\/invertas.lt\/produktai\/slegio-jutikliai\/branduolinis-manometrinis-slegio-jutiklis-su-diafragminiu-sandarikliu-fkb-nc-k3\/\",\"url\":\"https:\/\/invertas.lt\/produktai\/slegio-jutikliai\/branduolinis-manometrinis-slegio-jutiklis-su-diafragminiu-sandarikliu-fkb-nc-k3\/\",\"name\":\"Fuji Electric branduolinis sl\u0117gio jutiklis \u2013 FKB - NC - K3 - Invertas\",\"isPartOf\":{\"@id\":\"https:\/\/invertas.lt\/#website\"},\"primaryImageOfPage\":{\"@id\":\"https:\/\/invertas.lt\/produktai\/slegio-jutikliai\/branduolinis-manometrinis-slegio-jutiklis-su-diafragminiu-sandarikliu-fkb-nc-k3\/#primaryimage\"},\"image\":{\"@id\":\"https:\/\/invertas.lt\/produktai\/slegio-jutikliai\/branduolinis-manometrinis-slegio-jutiklis-su-diafragminiu-sandarikliu-fkb-nc-k3\/#primaryimage\"},\"thumbnailUrl\":\"https:\/\/invertas.lt\/wp-content\/uploads\/2025\/04\/fkb-nc-k3-vue-generale-face-separateur-header-fr-en.webp\",\"datePublished\":\"2025-04-29T17:30:56+00:00\",\"dateModified\":\"2025-08-07T06:44:25+00:00\",\"description\":\"Branduolin\u0117ms reikm\u0117ms skirtas sl\u0117gio si\u0173stuvas su diafragminiu sandarikliu u\u017etikrina tiksl\u0173 skys\u010dio, duj\u0173, garo sraut\u0173, lygio, tankio ir sl\u0117gio matavim\u0105.\",\"breadcrumb\":{\"@id\":\"https:\/\/invertas.lt\/produktai\/slegio-jutikliai\/branduolinis-manometrinis-slegio-jutiklis-su-diafragminiu-sandarikliu-fkb-nc-k3\/#breadcrumb\"},\"inLanguage\":\"en-GB\",\"potentialAction\":[{\"@type\":\"ReadAction\",\"target\":[\"https:\/\/invertas.lt\/produktai\/slegio-jutikliai\/branduolinis-manometrinis-slegio-jutiklis-su-diafragminiu-sandarikliu-fkb-nc-k3\/\"]}]},{\"@type\":\"ImageObject\",\"inLanguage\":\"en-GB\",\"@id\":\"https:\/\/invertas.lt\/produktai\/slegio-jutikliai\/branduolinis-manometrinis-slegio-jutiklis-su-diafragminiu-sandarikliu-fkb-nc-k3\/#primaryimage\",\"url\":\"https:\/\/invertas.lt\/wp-content\/uploads\/2025\/04\/fkb-nc-k3-vue-generale-face-separateur-header-fr-en.webp\",\"contentUrl\":\"https:\/\/invertas.lt\/wp-content\/uploads\/2025\/04\/fkb-nc-k3-vue-generale-face-separateur-header-fr-en.webp\",\"width\":682,\"height\":682},{\"@type\":\"BreadcrumbList\",\"@id\":\"https:\/\/invertas.lt\/produktai\/slegio-jutikliai\/branduolinis-manometrinis-slegio-jutiklis-su-diafragminiu-sandarikliu-fkb-nc-k3\/#breadcrumb\",\"itemListElement\":[{\"@type\":\"ListItem\",\"position\":1,\"name\":\"Prad\u017eia\",\"item\":\"https:\/\/invertas.lt\/\"},{\"@type\":\"ListItem\",\"position\":2,\"name\":\"Products\",\"item\":\"https:\/\/invertas.lt\/shop\/\"},{\"@type\":\"ListItem\",\"position\":3,\"name\":\"Sl\u0117gio jutikliai\",\"item\":\"https:\/\/invertas.lt\/.\/slegio-jutikliai\/\"},{\"@type\":\"ListItem\",\"position\":4,\"name\":\"Fuji Electric branduolinis sl\u0117gio jutiklis \u2013 FKB &#8211; NC &#8211; K3\"}]},{\"@type\":\"WebSite\",\"@id\":\"https:\/\/invertas.lt\/#website\",\"url\":\"https:\/\/invertas.lt\/\",\"name\":\"Invertas\",\"description\":\"\",\"publisher\":{\"@id\":\"https:\/\/invertas.lt\/#organization\"},\"potentialAction\":[{\"@type\":\"SearchAction\",\"target\":{\"@type\":\"EntryPoint\",\"urlTemplate\":\"https:\/\/invertas.lt\/?s={search_term_string}\"},\"query-input\":{\"@type\":\"PropertyValueSpecification\",\"valueRequired\":true,\"valueName\":\"search_term_string\"}}],\"inLanguage\":\"en-GB\"},{\"@type\":\"Organization\",\"@id\":\"https:\/\/invertas.lt\/#organization\",\"name\":\"Invertas\",\"url\":\"https:\/\/invertas.lt\/\",\"logo\":{\"@type\":\"ImageObject\",\"inLanguage\":\"en-GB\",\"@id\":\"https:\/\/invertas.lt\/#\/schema\/logo\/image\/\",\"url\":\"https:\/\/invertas.lt\/wp-content\/uploads\/2025\/03\/New-Text-Document-2.svg\",\"contentUrl\":\"https:\/\/invertas.lt\/wp-content\/uploads\/2025\/03\/New-Text-Document-2.svg\",\"width\":140,\"height\":39,\"caption\":\"Invertas\"},\"image\":{\"@id\":\"https:\/\/invertas.lt\/#\/schema\/logo\/image\/\"}}]}<\/script>\n<!-- \/ Yoast SEO plugin. -->","yoast_head_json":{"title":"Fuji Electric branduolinis sl\u0117gio jutiklis \u2013 FKB - NC - K3 - Invertas","description":"Branduolin\u0117ms reikm\u0117ms skirtas sl\u0117gio si\u0173stuvas su diafragminiu sandarikliu u\u017etikrina tiksl\u0173 skys\u010dio, duj\u0173, garo sraut\u0173, lygio, tankio ir sl\u0117gio matavim\u0105.","robots":{"index":"index","follow":"follow","max-snippet":"max-snippet:-1","max-image-preview":"max-image-preview:large","max-video-preview":"max-video-preview:-1"},"canonical":"https:\/\/invertas.lt\/en\/produktai\/slegio-jutikliai\/branduolinis-manometrinis-slegio-jutiklis-su-diafragminiu-sandarikliu-fkb-nc-k3\/","og_locale":"en_GB","og_type":"article","og_title":"Fuji Electric branduolinis sl\u0117gio jutiklis \u2013 FKB - NC - K3 - Invertas","og_description":"Branduolin\u0117ms reikm\u0117ms skirtas sl\u0117gio si\u0173stuvas su diafragminiu sandarikliu u\u017etikrina tiksl\u0173 skys\u010dio, duj\u0173, garo sraut\u0173, lygio, tankio ir sl\u0117gio matavim\u0105.","og_url":"https:\/\/invertas.lt\/en\/produktai\/slegio-jutikliai\/branduolinis-manometrinis-slegio-jutiklis-su-diafragminiu-sandarikliu-fkb-nc-k3\/","og_site_name":"Invertas","article_modified_time":"2025-08-07T06:44:25+00:00","og_image":[{"width":682,"height":682,"url":"https:\/\/invertas.lt\/wp-content\/uploads\/2025\/04\/fkb-nc-k3-vue-generale-face-separateur-header-fr-en.webp","type":"image\/webp"}],"twitter_card":"summary_large_image","twitter_misc":{"Estimated reading time":"1 minute"},"schema":{"@context":"https:\/\/schema.org","@graph":[{"@type":"WebPage","@id":"https:\/\/invertas.lt\/produktai\/slegio-jutikliai\/branduolinis-manometrinis-slegio-jutiklis-su-diafragminiu-sandarikliu-fkb-nc-k3\/","url":"https:\/\/invertas.lt\/produktai\/slegio-jutikliai\/branduolinis-manometrinis-slegio-jutiklis-su-diafragminiu-sandarikliu-fkb-nc-k3\/","name":"Fuji Electric branduolinis sl\u0117gio jutiklis \u2013 FKB - NC - K3 - Invertas","isPartOf":{"@id":"https:\/\/invertas.lt\/#website"},"primaryImageOfPage":{"@id":"https:\/\/invertas.lt\/produktai\/slegio-jutikliai\/branduolinis-manometrinis-slegio-jutiklis-su-diafragminiu-sandarikliu-fkb-nc-k3\/#primaryimage"},"image":{"@id":"https:\/\/invertas.lt\/produktai\/slegio-jutikliai\/branduolinis-manometrinis-slegio-jutiklis-su-diafragminiu-sandarikliu-fkb-nc-k3\/#primaryimage"},"thumbnailUrl":"https:\/\/invertas.lt\/wp-content\/uploads\/2025\/04\/fkb-nc-k3-vue-generale-face-separateur-header-fr-en.webp","datePublished":"2025-04-29T17:30:56+00:00","dateModified":"2025-08-07T06:44:25+00:00","description":"Branduolin\u0117ms reikm\u0117ms skirtas sl\u0117gio si\u0173stuvas su diafragminiu sandarikliu u\u017etikrina tiksl\u0173 skys\u010dio, duj\u0173, garo sraut\u0173, lygio, tankio ir sl\u0117gio matavim\u0105.","breadcrumb":{"@id":"https:\/\/invertas.lt\/produktai\/slegio-jutikliai\/branduolinis-manometrinis-slegio-jutiklis-su-diafragminiu-sandarikliu-fkb-nc-k3\/#breadcrumb"},"inLanguage":"en-GB","potentialAction":[{"@type":"ReadAction","target":["https:\/\/invertas.lt\/produktai\/slegio-jutikliai\/branduolinis-manometrinis-slegio-jutiklis-su-diafragminiu-sandarikliu-fkb-nc-k3\/"]}]},{"@type":"ImageObject","inLanguage":"en-GB","@id":"https:\/\/invertas.lt\/produktai\/slegio-jutikliai\/branduolinis-manometrinis-slegio-jutiklis-su-diafragminiu-sandarikliu-fkb-nc-k3\/#primaryimage","url":"https:\/\/invertas.lt\/wp-content\/uploads\/2025\/04\/fkb-nc-k3-vue-generale-face-separateur-header-fr-en.webp","contentUrl":"https:\/\/invertas.lt\/wp-content\/uploads\/2025\/04\/fkb-nc-k3-vue-generale-face-separateur-header-fr-en.webp","width":682,"height":682},{"@type":"BreadcrumbList","@id":"https:\/\/invertas.lt\/produktai\/slegio-jutikliai\/branduolinis-manometrinis-slegio-jutiklis-su-diafragminiu-sandarikliu-fkb-nc-k3\/#breadcrumb","itemListElement":[{"@type":"ListItem","position":1,"name":"Prad\u017eia","item":"https:\/\/invertas.lt\/"},{"@type":"ListItem","position":2,"name":"Products","item":"https:\/\/invertas.lt\/shop\/"},{"@type":"ListItem","position":3,"name":"Sl\u0117gio jutikliai","item":"https:\/\/invertas.lt\/.\/slegio-jutikliai\/"},{"@type":"ListItem","position":4,"name":"Fuji Electric branduolinis sl\u0117gio jutiklis \u2013 FKB &#8211; NC &#8211; K3"}]},{"@type":"WebSite","@id":"https:\/\/invertas.lt\/#website","url":"https:\/\/invertas.lt\/","name":"Invert","description":"","publisher":{"@id":"https:\/\/invertas.lt\/#organization"},"potentialAction":[{"@type":"SearchAction","target":{"@type":"EntryPoint","urlTemplate":"https:\/\/invertas.lt\/?s={search_term_string}"},"query-input":{"@type":"PropertyValueSpecification","valueRequired":true,"valueName":"search_term_string"}}],"inLanguage":"en-GB"},{"@type":"Organization","@id":"https:\/\/invertas.lt\/#organization","name":"Invert","url":"https:\/\/invertas.lt\/","logo":{"@type":"ImageObject","inLanguage":"en-GB","@id":"https:\/\/invertas.lt\/#\/schema\/logo\/image\/","url":"https:\/\/invertas.lt\/wp-content\/uploads\/2025\/03\/New-Text-Document-2.svg","contentUrl":"https:\/\/invertas.lt\/wp-content\/uploads\/2025\/03\/New-Text-Document-2.svg","width":140,"height":39,"caption":"Invertas"},"image":{"@id":"https:\/\/invertas.lt\/#\/schema\/logo\/image\/"}}]}},"_links":{"self":[{"href":"https:\/\/invertas.lt\/en\/wp-json\/wp\/v2\/product\/4308","targetHints":{"allow":["GET"]}}],"collection":[{"href":"https:\/\/invertas.lt\/en\/wp-json\/wp\/v2\/product"}],"about":[{"href":"https:\/\/invertas.lt\/en\/wp-json\/wp\/v2\/types\/product"}],"replies":[{"embeddable":true,"href":"https:\/\/invertas.lt\/en\/wp-json\/wp\/v2\/comments?post=4308"}],"wp:featuredmedia":[{"embeddable":true,"href":"https:\/\/invertas.lt\/en\/wp-json\/wp\/v2\/media\/4309"}],"wp:attachment":[{"href":"https:\/\/invertas.lt\/en\/wp-json\/wp\/v2\/media?parent=4308"}],"wp:term":[{"taxonomy":"product_brand","embeddable":true,"href":"https:\/\/invertas.lt\/en\/wp-json\/wp\/v2\/product_brand?post=4308"},{"taxonomy":"product_cat","embeddable":true,"href":"https:\/\/invertas.lt\/en\/wp-json\/wp\/v2\/product_cat?post=4308"},{"taxonomy":"product_tag","embeddable":true,"href":"https:\/\/invertas.lt\/en\/wp-json\/wp\/v2\/product_tag?post=4308"}],"curies":[{"name":"wp","href":"https:\/\/api.w.org\/{rel}","templated":true}]}}