{"id":4104,"date":"2025-04-29T08:11:34","date_gmt":"2025-04-29T08:11:34","guid":{"rendered":"https:\/\/aurimasb15.sg-host.com\/?post_type=product&#038;p=4104"},"modified":"2025-08-07T06:35:28","modified_gmt":"2025-08-07T06:35:28","slug":"manometrinio-slegio-jutiklis-tr","status":"publish","type":"product","link":"https:\/\/invertas.lt\/en\/produktai\/slegio-jutikliai\/manometrinio-slegio-jutiklis-tr\/","title":{"rendered":"Fuji Electric gauge pressure sensor \u2013 TR"},"content":{"rendered":"<h3 data-start=\"0\" data-end=\"21\"><strong data-start=\"0\" data-end=\"21\">Fields of application<\/strong><\/h3>\n<p class=\"\" data-start=\"67\" data-end=\"356\">The TR gauge pressure sensor is designed for industrial applications where robust, cost-effective gas, liquid and vapor measurement devices with good repeatability are required.<\/p>\n<h3 data-start=\"272\" data-end=\"283\"><strong data-start=\"272\" data-end=\"283\">Features<\/strong><\/h3>\n<ul>\n<li data-start=\"287\" data-end=\"310\">No special maintenance required<\/li>\n<li data-start=\"313\" data-end=\"350\">Compact sensor<\/li>\n<li data-start=\"353\" data-end=\"381\">Economical measuring device<\/li>\n<li data-start=\"384\" data-end=\"416\">Increased robustness and watertightness<\/li>\n<\/ul>","protected":false},"excerpt":{"rendered":"<p>Pritaikymo sritys Manometrinio sl\u0117gio jutiklis TR sukurtas pramonin\u0117ms reikm\u0117ms, kai reikalingi tvirti, ekonomi\u0161ki duj\u0173, skys\u010di\u0173 ir gar\u0173 matavimo \u012frenginiai su gera pakartojamumo charakteristika. Savyb\u0117s Speciali prie\u017ei\u016bra nereikalinga Kompakti\u0161kas jutiklis Ekonomi\u0161kas matavimo \u012frenginys Padidintas tvirtumas ir sandarumas<\/p>","protected":false},"featured_media":4129,"comment_status":"open","ping_status":"closed","template":"","meta":{"_acf_changed":false,"inline_featured_image":false},"product_brand":[],"product_cat":[41],"product_tag":[],"class_list":{"0":"post-4104","1":"product","2":"type-product","3":"status-publish","4":"has-post-thumbnail","6":"product_cat-slegio-jutikliai","8":"first","9":"instock","10":"shipping-taxable","11":"purchasable","12":"product-type-variable"},"acf":[],"yoast_head":"<!-- This site is optimized with the Yoast SEO plugin v25.5 - https:\/\/yoast.com\/wordpress\/plugins\/seo\/ -->\n<title>Fuji Electric manometrinio sl\u0117gio jutiklis \u2013 TR - Invertas<\/title>\n<meta name=\"description\" content=\"Manometrinis sl\u0117gio jutiklis TR \u2013 patikimas ir ekonomi\u0161kas pramoninis sprendimas duj\u0173, skys\u010di\u0173 ir gar\u0173 sl\u0117giui matuoti. Kompakti\u0161kas, tvirtas.\" \/>\n<meta name=\"robots\" content=\"index, follow, max-snippet:-1, max-image-preview:large, max-video-preview:-1\" \/>\n<link rel=\"canonical\" href=\"https:\/\/invertas.lt\/en\/produktai\/slegio-jutikliai\/manometrinio-slegio-jutiklis-tr\/\" \/>\n<meta property=\"og:locale\" content=\"en_GB\" \/>\n<meta property=\"og:type\" content=\"article\" \/>\n<meta property=\"og:title\" content=\"Fuji Electric manometrinio sl\u0117gio jutiklis \u2013 TR - Invertas\" \/>\n<meta property=\"og:description\" content=\"Manometrinis sl\u0117gio jutiklis TR \u2013 patikimas ir ekonomi\u0161kas pramoninis sprendimas duj\u0173, skys\u010di\u0173 ir gar\u0173 sl\u0117giui matuoti. Kompakti\u0161kas, tvirtas.\" \/>\n<meta property=\"og:url\" content=\"https:\/\/invertas.lt\/en\/produktai\/slegio-jutikliai\/manometrinio-slegio-jutiklis-tr\/\" \/>\n<meta property=\"og:site_name\" content=\"Invertas\" \/>\n<meta property=\"article:modified_time\" content=\"2025-08-07T06:35:28+00:00\" \/>\n<meta property=\"og:image\" content=\"https:\/\/invertas.lt\/wp-content\/uploads\/2025\/04\/tr-vue-generale-header-droite-fr-en.webp\" \/>\n\t<meta property=\"og:image:width\" content=\"682\" \/>\n\t<meta property=\"og:image:height\" content=\"682\" \/>\n\t<meta property=\"og:image:type\" content=\"image\/webp\" \/>\n<meta name=\"twitter:card\" content=\"summary_large_image\" \/>\n<meta name=\"twitter:label1\" content=\"Estimated reading time\" \/>\n\t<meta name=\"twitter:data1\" content=\"1 minute\" \/>\n<script type=\"application\/ld+json\" class=\"yoast-schema-graph\">{\"@context\":\"https:\/\/schema.org\",\"@graph\":[{\"@type\":\"WebPage\",\"@id\":\"https:\/\/invertas.lt\/produktai\/slegio-jutikliai\/manometrinio-slegio-jutiklis-tr\/\",\"url\":\"https:\/\/invertas.lt\/produktai\/slegio-jutikliai\/manometrinio-slegio-jutiklis-tr\/\",\"name\":\"Fuji Electric manometrinio sl\u0117gio jutiklis \u2013 TR - Invertas\",\"isPartOf\":{\"@id\":\"https:\/\/invertas.lt\/#website\"},\"primaryImageOfPage\":{\"@id\":\"https:\/\/invertas.lt\/produktai\/slegio-jutikliai\/manometrinio-slegio-jutiklis-tr\/#primaryimage\"},\"image\":{\"@id\":\"https:\/\/invertas.lt\/produktai\/slegio-jutikliai\/manometrinio-slegio-jutiklis-tr\/#primaryimage\"},\"thumbnailUrl\":\"https:\/\/invertas.lt\/wp-content\/uploads\/2025\/04\/tr-vue-generale-header-droite-fr-en.webp\",\"datePublished\":\"2025-04-29T08:11:34+00:00\",\"dateModified\":\"2025-08-07T06:35:28+00:00\",\"description\":\"Manometrinis sl\u0117gio jutiklis TR \u2013 patikimas ir ekonomi\u0161kas pramoninis sprendimas duj\u0173, skys\u010di\u0173 ir gar\u0173 sl\u0117giui matuoti. Kompakti\u0161kas, tvirtas.\",\"breadcrumb\":{\"@id\":\"https:\/\/invertas.lt\/produktai\/slegio-jutikliai\/manometrinio-slegio-jutiklis-tr\/#breadcrumb\"},\"inLanguage\":\"en-GB\",\"potentialAction\":[{\"@type\":\"ReadAction\",\"target\":[\"https:\/\/invertas.lt\/produktai\/slegio-jutikliai\/manometrinio-slegio-jutiklis-tr\/\"]}]},{\"@type\":\"ImageObject\",\"inLanguage\":\"en-GB\",\"@id\":\"https:\/\/invertas.lt\/produktai\/slegio-jutikliai\/manometrinio-slegio-jutiklis-tr\/#primaryimage\",\"url\":\"https:\/\/invertas.lt\/wp-content\/uploads\/2025\/04\/tr-vue-generale-header-droite-fr-en.webp\",\"contentUrl\":\"https:\/\/invertas.lt\/wp-content\/uploads\/2025\/04\/tr-vue-generale-header-droite-fr-en.webp\",\"width\":682,\"height\":682},{\"@type\":\"BreadcrumbList\",\"@id\":\"https:\/\/invertas.lt\/produktai\/slegio-jutikliai\/manometrinio-slegio-jutiklis-tr\/#breadcrumb\",\"itemListElement\":[{\"@type\":\"ListItem\",\"position\":1,\"name\":\"Prad\u017eia\",\"item\":\"https:\/\/invertas.lt\/\"},{\"@type\":\"ListItem\",\"position\":2,\"name\":\"Products\",\"item\":\"https:\/\/invertas.lt\/shop\/\"},{\"@type\":\"ListItem\",\"position\":3,\"name\":\"Sl\u0117gio jutikliai\",\"item\":\"https:\/\/invertas.lt\/.\/slegio-jutikliai\/\"},{\"@type\":\"ListItem\",\"position\":4,\"name\":\"Fuji Electric manometrinio sl\u0117gio jutiklis \u2013 TR\"}]},{\"@type\":\"WebSite\",\"@id\":\"https:\/\/invertas.lt\/#website\",\"url\":\"https:\/\/invertas.lt\/\",\"name\":\"Invertas\",\"description\":\"\",\"publisher\":{\"@id\":\"https:\/\/invertas.lt\/#organization\"},\"potentialAction\":[{\"@type\":\"SearchAction\",\"target\":{\"@type\":\"EntryPoint\",\"urlTemplate\":\"https:\/\/invertas.lt\/?s={search_term_string}\"},\"query-input\":{\"@type\":\"PropertyValueSpecification\",\"valueRequired\":true,\"valueName\":\"search_term_string\"}}],\"inLanguage\":\"en-GB\"},{\"@type\":\"Organization\",\"@id\":\"https:\/\/invertas.lt\/#organization\",\"name\":\"Invertas\",\"url\":\"https:\/\/invertas.lt\/\",\"logo\":{\"@type\":\"ImageObject\",\"inLanguage\":\"en-GB\",\"@id\":\"https:\/\/invertas.lt\/#\/schema\/logo\/image\/\",\"url\":\"https:\/\/invertas.lt\/wp-content\/uploads\/2025\/03\/New-Text-Document-2.svg\",\"contentUrl\":\"https:\/\/invertas.lt\/wp-content\/uploads\/2025\/03\/New-Text-Document-2.svg\",\"width\":140,\"height\":39,\"caption\":\"Invertas\"},\"image\":{\"@id\":\"https:\/\/invertas.lt\/#\/schema\/logo\/image\/\"}}]}<\/script>\n<!-- \/ Yoast SEO plugin. -->","yoast_head_json":{"title":"Fuji Electric manometrinio sl\u0117gio jutiklis \u2013 TR - Invertas","description":"Manometrinis sl\u0117gio jutiklis TR \u2013 patikimas ir ekonomi\u0161kas pramoninis sprendimas duj\u0173, skys\u010di\u0173 ir gar\u0173 sl\u0117giui matuoti. Kompakti\u0161kas, tvirtas.","robots":{"index":"index","follow":"follow","max-snippet":"max-snippet:-1","max-image-preview":"max-image-preview:large","max-video-preview":"max-video-preview:-1"},"canonical":"https:\/\/invertas.lt\/en\/produktai\/slegio-jutikliai\/manometrinio-slegio-jutiklis-tr\/","og_locale":"en_GB","og_type":"article","og_title":"Fuji Electric manometrinio sl\u0117gio jutiklis \u2013 TR - Invertas","og_description":"Manometrinis sl\u0117gio jutiklis TR \u2013 patikimas ir ekonomi\u0161kas pramoninis sprendimas duj\u0173, skys\u010di\u0173 ir gar\u0173 sl\u0117giui matuoti. Kompakti\u0161kas, tvirtas.","og_url":"https:\/\/invertas.lt\/en\/produktai\/slegio-jutikliai\/manometrinio-slegio-jutiklis-tr\/","og_site_name":"Invertas","article_modified_time":"2025-08-07T06:35:28+00:00","og_image":[{"width":682,"height":682,"url":"https:\/\/invertas.lt\/wp-content\/uploads\/2025\/04\/tr-vue-generale-header-droite-fr-en.webp","type":"image\/webp"}],"twitter_card":"summary_large_image","twitter_misc":{"Estimated reading time":"1 minute"},"schema":{"@context":"https:\/\/schema.org","@graph":[{"@type":"WebPage","@id":"https:\/\/invertas.lt\/produktai\/slegio-jutikliai\/manometrinio-slegio-jutiklis-tr\/","url":"https:\/\/invertas.lt\/produktai\/slegio-jutikliai\/manometrinio-slegio-jutiklis-tr\/","name":"Fuji Electric manometrinio sl\u0117gio jutiklis \u2013 TR - Invertas","isPartOf":{"@id":"https:\/\/invertas.lt\/#website"},"primaryImageOfPage":{"@id":"https:\/\/invertas.lt\/produktai\/slegio-jutikliai\/manometrinio-slegio-jutiklis-tr\/#primaryimage"},"image":{"@id":"https:\/\/invertas.lt\/produktai\/slegio-jutikliai\/manometrinio-slegio-jutiklis-tr\/#primaryimage"},"thumbnailUrl":"https:\/\/invertas.lt\/wp-content\/uploads\/2025\/04\/tr-vue-generale-header-droite-fr-en.webp","datePublished":"2025-04-29T08:11:34+00:00","dateModified":"2025-08-07T06:35:28+00:00","description":"Manometrinis sl\u0117gio jutiklis TR \u2013 patikimas ir ekonomi\u0161kas pramoninis sprendimas duj\u0173, skys\u010di\u0173 ir gar\u0173 sl\u0117giui matuoti. Kompakti\u0161kas, tvirtas.","breadcrumb":{"@id":"https:\/\/invertas.lt\/produktai\/slegio-jutikliai\/manometrinio-slegio-jutiklis-tr\/#breadcrumb"},"inLanguage":"en-GB","potentialAction":[{"@type":"ReadAction","target":["https:\/\/invertas.lt\/produktai\/slegio-jutikliai\/manometrinio-slegio-jutiklis-tr\/"]}]},{"@type":"ImageObject","inLanguage":"en-GB","@id":"https:\/\/invertas.lt\/produktai\/slegio-jutikliai\/manometrinio-slegio-jutiklis-tr\/#primaryimage","url":"https:\/\/invertas.lt\/wp-content\/uploads\/2025\/04\/tr-vue-generale-header-droite-fr-en.webp","contentUrl":"https:\/\/invertas.lt\/wp-content\/uploads\/2025\/04\/tr-vue-generale-header-droite-fr-en.webp","width":682,"height":682},{"@type":"BreadcrumbList","@id":"https:\/\/invertas.lt\/produktai\/slegio-jutikliai\/manometrinio-slegio-jutiklis-tr\/#breadcrumb","itemListElement":[{"@type":"ListItem","position":1,"name":"Prad\u017eia","item":"https:\/\/invertas.lt\/"},{"@type":"ListItem","position":2,"name":"Products","item":"https:\/\/invertas.lt\/shop\/"},{"@type":"ListItem","position":3,"name":"Sl\u0117gio jutikliai","item":"https:\/\/invertas.lt\/.\/slegio-jutikliai\/"},{"@type":"ListItem","position":4,"name":"Fuji Electric manometrinio sl\u0117gio jutiklis \u2013 TR"}]},{"@type":"WebSite","@id":"https:\/\/invertas.lt\/#website","url":"https:\/\/invertas.lt\/","name":"Invert","description":"","publisher":{"@id":"https:\/\/invertas.lt\/#organization"},"potentialAction":[{"@type":"SearchAction","target":{"@type":"EntryPoint","urlTemplate":"https:\/\/invertas.lt\/?s={search_term_string}"},"query-input":{"@type":"PropertyValueSpecification","valueRequired":true,"valueName":"search_term_string"}}],"inLanguage":"en-GB"},{"@type":"Organization","@id":"https:\/\/invertas.lt\/#organization","name":"Invert","url":"https:\/\/invertas.lt\/","logo":{"@type":"ImageObject","inLanguage":"en-GB","@id":"https:\/\/invertas.lt\/#\/schema\/logo\/image\/","url":"https:\/\/invertas.lt\/wp-content\/uploads\/2025\/03\/New-Text-Document-2.svg","contentUrl":"https:\/\/invertas.lt\/wp-content\/uploads\/2025\/03\/New-Text-Document-2.svg","width":140,"height":39,"caption":"Invertas"},"image":{"@id":"https:\/\/invertas.lt\/#\/schema\/logo\/image\/"}}]}},"_links":{"self":[{"href":"https:\/\/invertas.lt\/en\/wp-json\/wp\/v2\/product\/4104","targetHints":{"allow":["GET"]}}],"collection":[{"href":"https:\/\/invertas.lt\/en\/wp-json\/wp\/v2\/product"}],"about":[{"href":"https:\/\/invertas.lt\/en\/wp-json\/wp\/v2\/types\/product"}],"replies":[{"embeddable":true,"href":"https:\/\/invertas.lt\/en\/wp-json\/wp\/v2\/comments?post=4104"}],"wp:featuredmedia":[{"embeddable":true,"href":"https:\/\/invertas.lt\/en\/wp-json\/wp\/v2\/media\/4129"}],"wp:attachment":[{"href":"https:\/\/invertas.lt\/en\/wp-json\/wp\/v2\/media?parent=4104"}],"wp:term":[{"taxonomy":"product_brand","embeddable":true,"href":"https:\/\/invertas.lt\/en\/wp-json\/wp\/v2\/product_brand?post=4104"},{"taxonomy":"product_cat","embeddable":true,"href":"https:\/\/invertas.lt\/en\/wp-json\/wp\/v2\/product_cat?post=4104"},{"taxonomy":"product_tag","embeddable":true,"href":"https:\/\/invertas.lt\/en\/wp-json\/wp\/v2\/product_tag?post=4104"}],"curies":[{"name":"wp","href":"https:\/\/api.w.org\/{rel}","templated":true}]}}