{"id":4053,"date":"2025-04-28T19:24:43","date_gmt":"2025-04-28T19:24:43","guid":{"rendered":"https:\/\/aurimasb15.sg-host.com\/?post_type=product&#038;p=4053"},"modified":"2025-08-07T06:34:47","modified_gmt":"2025-08-07T06:34:47","slug":"absoliutaus-slegio-keitiklis-ga","status":"publish","type":"product","link":"https:\/\/invertas.lt\/en\/produktai\/slegio-jutikliai\/absoliutaus-slegio-keitiklis-ga\/","title":{"rendered":"Fuji Electric absolute pressure sensor \u2013 GA"},"content":{"rendered":"<h3 data-start=\"0\" data-end=\"21\"><strong data-start=\"0\" data-end=\"21\">Fields of application<\/strong><\/h3>\n<p class=\"\" data-start=\"67\" data-end=\"356\">The GA absolute pressure sensor is designed for industrial applications where robust, cost-effective gas, liquid and vapor measurement devices with good repeatability are required.<\/p>\n<h3 data-start=\"272\" data-end=\"283\"><strong data-start=\"272\" data-end=\"283\">Features<\/strong><\/h3>\n<ul>\n<li data-start=\"287\" data-end=\"310\">No special maintenance required<\/li>\n<li data-start=\"313\" data-end=\"350\">Compact sensor<\/li>\n<li data-start=\"353\" data-end=\"381\">Economical measuring device<\/li>\n<li data-start=\"384\" data-end=\"416\">Increased robustness and watertightness<\/li>\n<\/ul>","protected":false},"excerpt":{"rendered":"<p>Pritaikymo sritys Absoliutaus sl\u0117gio jutiklis GA sukurtas pramonin\u0117ms reikm\u0117ms, kai reikalingi tvirti, ekonomi\u0161ki duj\u0173, skys\u010di\u0173 ir gar\u0173 matavimo \u012frenginiai su gera pakartojamumo charakteristika. Savyb\u0117s Speciali prie\u017ei\u016bra nereikalinga Kompakti\u0161kas jutiklis Ekonomi\u0161kas matavimo \u012frenginys Padidintas tvirtumas ir sandarumas<\/p>","protected":false},"featured_media":4076,"comment_status":"open","ping_status":"closed","template":"","meta":{"_acf_changed":false,"inline_featured_image":false},"product_brand":[],"product_cat":[41],"product_tag":[],"class_list":{"0":"post-4053","1":"product","2":"type-product","3":"status-publish","4":"has-post-thumbnail","6":"product_cat-slegio-jutikliai","8":"first","9":"instock","10":"shipping-taxable","11":"purchasable","12":"product-type-variable"},"acf":[],"yoast_head":"<!-- This site is optimized with the Yoast SEO plugin v25.5 - https:\/\/yoast.com\/wordpress\/plugins\/seo\/ -->\n<title>Fuji Electric absoliutaus sl\u0117gio jutiklis \u2013 GA - Invertas<\/title>\n<meta name=\"description\" content=\"Fuji Electric absoliutaus sl\u0117gio jutiklis GA \u2013 patikimas ir ekonomi\u0161kas sprendimas pramoniniam duj\u0173, skys\u010di\u0173 ir gar\u0173 matavimui.\" \/>\n<meta name=\"robots\" content=\"index, follow, max-snippet:-1, max-image-preview:large, max-video-preview:-1\" \/>\n<link rel=\"canonical\" href=\"https:\/\/invertas.lt\/en\/produktai\/slegio-jutikliai\/absoliutaus-slegio-keitiklis-ga\/\" \/>\n<meta property=\"og:locale\" content=\"en_GB\" \/>\n<meta property=\"og:type\" content=\"article\" \/>\n<meta property=\"og:title\" content=\"Fuji Electric absoliutaus sl\u0117gio jutiklis \u2013 GA - Invertas\" \/>\n<meta property=\"og:description\" content=\"Fuji Electric absoliutaus sl\u0117gio jutiklis GA \u2013 patikimas ir ekonomi\u0161kas sprendimas pramoniniam duj\u0173, skys\u010di\u0173 ir gar\u0173 matavimui.\" \/>\n<meta property=\"og:url\" content=\"https:\/\/invertas.lt\/en\/produktai\/slegio-jutikliai\/absoliutaus-slegio-keitiklis-ga\/\" \/>\n<meta property=\"og:site_name\" content=\"Invertas\" \/>\n<meta property=\"article:modified_time\" content=\"2025-08-07T06:34:47+00:00\" \/>\n<meta property=\"og:image\" content=\"https:\/\/invertas.lt\/wp-content\/uploads\/2025\/04\/ga-vue-generale-header-fr-en.webp\" \/>\n\t<meta property=\"og:image:width\" content=\"682\" \/>\n\t<meta property=\"og:image:height\" content=\"682\" \/>\n\t<meta property=\"og:image:type\" content=\"image\/webp\" \/>\n<meta name=\"twitter:card\" content=\"summary_large_image\" \/>\n<meta name=\"twitter:label1\" content=\"Estimated reading time\" \/>\n\t<meta name=\"twitter:data1\" content=\"1 minute\" \/>\n<script type=\"application\/ld+json\" class=\"yoast-schema-graph\">{\"@context\":\"https:\/\/schema.org\",\"@graph\":[{\"@type\":\"WebPage\",\"@id\":\"https:\/\/invertas.lt\/produktai\/slegio-jutikliai\/absoliutaus-slegio-keitiklis-ga\/\",\"url\":\"https:\/\/invertas.lt\/produktai\/slegio-jutikliai\/absoliutaus-slegio-keitiklis-ga\/\",\"name\":\"Fuji Electric absoliutaus sl\u0117gio jutiklis \u2013 GA - Invertas\",\"isPartOf\":{\"@id\":\"https:\/\/invertas.lt\/#website\"},\"primaryImageOfPage\":{\"@id\":\"https:\/\/invertas.lt\/produktai\/slegio-jutikliai\/absoliutaus-slegio-keitiklis-ga\/#primaryimage\"},\"image\":{\"@id\":\"https:\/\/invertas.lt\/produktai\/slegio-jutikliai\/absoliutaus-slegio-keitiklis-ga\/#primaryimage\"},\"thumbnailUrl\":\"https:\/\/invertas.lt\/wp-content\/uploads\/2025\/04\/ga-vue-generale-header-fr-en.webp\",\"datePublished\":\"2025-04-28T19:24:43+00:00\",\"dateModified\":\"2025-08-07T06:34:47+00:00\",\"description\":\"Fuji Electric absoliutaus sl\u0117gio jutiklis GA \u2013 patikimas ir ekonomi\u0161kas sprendimas pramoniniam duj\u0173, skys\u010di\u0173 ir gar\u0173 matavimui.\",\"breadcrumb\":{\"@id\":\"https:\/\/invertas.lt\/produktai\/slegio-jutikliai\/absoliutaus-slegio-keitiklis-ga\/#breadcrumb\"},\"inLanguage\":\"en-GB\",\"potentialAction\":[{\"@type\":\"ReadAction\",\"target\":[\"https:\/\/invertas.lt\/produktai\/slegio-jutikliai\/absoliutaus-slegio-keitiklis-ga\/\"]}]},{\"@type\":\"ImageObject\",\"inLanguage\":\"en-GB\",\"@id\":\"https:\/\/invertas.lt\/produktai\/slegio-jutikliai\/absoliutaus-slegio-keitiklis-ga\/#primaryimage\",\"url\":\"https:\/\/invertas.lt\/wp-content\/uploads\/2025\/04\/ga-vue-generale-header-fr-en.webp\",\"contentUrl\":\"https:\/\/invertas.lt\/wp-content\/uploads\/2025\/04\/ga-vue-generale-header-fr-en.webp\",\"width\":682,\"height\":682},{\"@type\":\"BreadcrumbList\",\"@id\":\"https:\/\/invertas.lt\/produktai\/slegio-jutikliai\/absoliutaus-slegio-keitiklis-ga\/#breadcrumb\",\"itemListElement\":[{\"@type\":\"ListItem\",\"position\":1,\"name\":\"Prad\u017eia\",\"item\":\"https:\/\/invertas.lt\/\"},{\"@type\":\"ListItem\",\"position\":2,\"name\":\"Products\",\"item\":\"https:\/\/invertas.lt\/shop\/\"},{\"@type\":\"ListItem\",\"position\":3,\"name\":\"Sl\u0117gio jutikliai\",\"item\":\"https:\/\/invertas.lt\/.\/slegio-jutikliai\/\"},{\"@type\":\"ListItem\",\"position\":4,\"name\":\"Fuji Electric absoliutaus sl\u0117gio jutiklis \u2013 GA\"}]},{\"@type\":\"WebSite\",\"@id\":\"https:\/\/invertas.lt\/#website\",\"url\":\"https:\/\/invertas.lt\/\",\"name\":\"Invertas\",\"description\":\"\",\"publisher\":{\"@id\":\"https:\/\/invertas.lt\/#organization\"},\"potentialAction\":[{\"@type\":\"SearchAction\",\"target\":{\"@type\":\"EntryPoint\",\"urlTemplate\":\"https:\/\/invertas.lt\/?s={search_term_string}\"},\"query-input\":{\"@type\":\"PropertyValueSpecification\",\"valueRequired\":true,\"valueName\":\"search_term_string\"}}],\"inLanguage\":\"en-GB\"},{\"@type\":\"Organization\",\"@id\":\"https:\/\/invertas.lt\/#organization\",\"name\":\"Invertas\",\"url\":\"https:\/\/invertas.lt\/\",\"logo\":{\"@type\":\"ImageObject\",\"inLanguage\":\"en-GB\",\"@id\":\"https:\/\/invertas.lt\/#\/schema\/logo\/image\/\",\"url\":\"https:\/\/invertas.lt\/wp-content\/uploads\/2025\/03\/New-Text-Document-2.svg\",\"contentUrl\":\"https:\/\/invertas.lt\/wp-content\/uploads\/2025\/03\/New-Text-Document-2.svg\",\"width\":140,\"height\":39,\"caption\":\"Invertas\"},\"image\":{\"@id\":\"https:\/\/invertas.lt\/#\/schema\/logo\/image\/\"}}]}<\/script>\n<!-- \/ Yoast SEO plugin. -->","yoast_head_json":{"title":"Fuji Electric absoliutaus sl\u0117gio jutiklis \u2013 GA - Invertas","description":"Fuji Electric absoliutaus sl\u0117gio jutiklis GA \u2013 patikimas ir ekonomi\u0161kas sprendimas pramoniniam duj\u0173, skys\u010di\u0173 ir gar\u0173 matavimui.","robots":{"index":"index","follow":"follow","max-snippet":"max-snippet:-1","max-image-preview":"max-image-preview:large","max-video-preview":"max-video-preview:-1"},"canonical":"https:\/\/invertas.lt\/en\/produktai\/slegio-jutikliai\/absoliutaus-slegio-keitiklis-ga\/","og_locale":"en_GB","og_type":"article","og_title":"Fuji Electric absoliutaus sl\u0117gio jutiklis \u2013 GA - Invertas","og_description":"Fuji Electric absoliutaus sl\u0117gio jutiklis GA \u2013 patikimas ir ekonomi\u0161kas sprendimas pramoniniam duj\u0173, skys\u010di\u0173 ir gar\u0173 matavimui.","og_url":"https:\/\/invertas.lt\/en\/produktai\/slegio-jutikliai\/absoliutaus-slegio-keitiklis-ga\/","og_site_name":"Invertas","article_modified_time":"2025-08-07T06:34:47+00:00","og_image":[{"width":682,"height":682,"url":"https:\/\/invertas.lt\/wp-content\/uploads\/2025\/04\/ga-vue-generale-header-fr-en.webp","type":"image\/webp"}],"twitter_card":"summary_large_image","twitter_misc":{"Estimated reading time":"1 minute"},"schema":{"@context":"https:\/\/schema.org","@graph":[{"@type":"WebPage","@id":"https:\/\/invertas.lt\/produktai\/slegio-jutikliai\/absoliutaus-slegio-keitiklis-ga\/","url":"https:\/\/invertas.lt\/produktai\/slegio-jutikliai\/absoliutaus-slegio-keitiklis-ga\/","name":"Fuji Electric absoliutaus sl\u0117gio jutiklis \u2013 GA - Invertas","isPartOf":{"@id":"https:\/\/invertas.lt\/#website"},"primaryImageOfPage":{"@id":"https:\/\/invertas.lt\/produktai\/slegio-jutikliai\/absoliutaus-slegio-keitiklis-ga\/#primaryimage"},"image":{"@id":"https:\/\/invertas.lt\/produktai\/slegio-jutikliai\/absoliutaus-slegio-keitiklis-ga\/#primaryimage"},"thumbnailUrl":"https:\/\/invertas.lt\/wp-content\/uploads\/2025\/04\/ga-vue-generale-header-fr-en.webp","datePublished":"2025-04-28T19:24:43+00:00","dateModified":"2025-08-07T06:34:47+00:00","description":"Fuji Electric absoliutaus sl\u0117gio jutiklis GA \u2013 patikimas ir ekonomi\u0161kas sprendimas pramoniniam duj\u0173, skys\u010di\u0173 ir gar\u0173 matavimui.","breadcrumb":{"@id":"https:\/\/invertas.lt\/produktai\/slegio-jutikliai\/absoliutaus-slegio-keitiklis-ga\/#breadcrumb"},"inLanguage":"en-GB","potentialAction":[{"@type":"ReadAction","target":["https:\/\/invertas.lt\/produktai\/slegio-jutikliai\/absoliutaus-slegio-keitiklis-ga\/"]}]},{"@type":"ImageObject","inLanguage":"en-GB","@id":"https:\/\/invertas.lt\/produktai\/slegio-jutikliai\/absoliutaus-slegio-keitiklis-ga\/#primaryimage","url":"https:\/\/invertas.lt\/wp-content\/uploads\/2025\/04\/ga-vue-generale-header-fr-en.webp","contentUrl":"https:\/\/invertas.lt\/wp-content\/uploads\/2025\/04\/ga-vue-generale-header-fr-en.webp","width":682,"height":682},{"@type":"BreadcrumbList","@id":"https:\/\/invertas.lt\/produktai\/slegio-jutikliai\/absoliutaus-slegio-keitiklis-ga\/#breadcrumb","itemListElement":[{"@type":"ListItem","position":1,"name":"Prad\u017eia","item":"https:\/\/invertas.lt\/"},{"@type":"ListItem","position":2,"name":"Products","item":"https:\/\/invertas.lt\/shop\/"},{"@type":"ListItem","position":3,"name":"Sl\u0117gio jutikliai","item":"https:\/\/invertas.lt\/.\/slegio-jutikliai\/"},{"@type":"ListItem","position":4,"name":"Fuji Electric absoliutaus sl\u0117gio jutiklis \u2013 GA"}]},{"@type":"WebSite","@id":"https:\/\/invertas.lt\/#website","url":"https:\/\/invertas.lt\/","name":"Invert","description":"","publisher":{"@id":"https:\/\/invertas.lt\/#organization"},"potentialAction":[{"@type":"SearchAction","target":{"@type":"EntryPoint","urlTemplate":"https:\/\/invertas.lt\/?s={search_term_string}"},"query-input":{"@type":"PropertyValueSpecification","valueRequired":true,"valueName":"search_term_string"}}],"inLanguage":"en-GB"},{"@type":"Organization","@id":"https:\/\/invertas.lt\/#organization","name":"Invert","url":"https:\/\/invertas.lt\/","logo":{"@type":"ImageObject","inLanguage":"en-GB","@id":"https:\/\/invertas.lt\/#\/schema\/logo\/image\/","url":"https:\/\/invertas.lt\/wp-content\/uploads\/2025\/03\/New-Text-Document-2.svg","contentUrl":"https:\/\/invertas.lt\/wp-content\/uploads\/2025\/03\/New-Text-Document-2.svg","width":140,"height":39,"caption":"Invertas"},"image":{"@id":"https:\/\/invertas.lt\/#\/schema\/logo\/image\/"}}]}},"_links":{"self":[{"href":"https:\/\/invertas.lt\/en\/wp-json\/wp\/v2\/product\/4053","targetHints":{"allow":["GET"]}}],"collection":[{"href":"https:\/\/invertas.lt\/en\/wp-json\/wp\/v2\/product"}],"about":[{"href":"https:\/\/invertas.lt\/en\/wp-json\/wp\/v2\/types\/product"}],"replies":[{"embeddable":true,"href":"https:\/\/invertas.lt\/en\/wp-json\/wp\/v2\/comments?post=4053"}],"wp:featuredmedia":[{"embeddable":true,"href":"https:\/\/invertas.lt\/en\/wp-json\/wp\/v2\/media\/4076"}],"wp:attachment":[{"href":"https:\/\/invertas.lt\/en\/wp-json\/wp\/v2\/media?parent=4053"}],"wp:term":[{"taxonomy":"product_brand","embeddable":true,"href":"https:\/\/invertas.lt\/en\/wp-json\/wp\/v2\/product_brand?post=4053"},{"taxonomy":"product_cat","embeddable":true,"href":"https:\/\/invertas.lt\/en\/wp-json\/wp\/v2\/product_cat?post=4053"},{"taxonomy":"product_tag","embeddable":true,"href":"https:\/\/invertas.lt\/en\/wp-json\/wp\/v2\/product_tag?post=4053"}],"curies":[{"name":"wp","href":"https:\/\/api.w.org\/{rel}","templated":true}]}}