{"id":3478,"date":"2025-04-26T16:08:44","date_gmt":"2025-04-26T16:08:44","guid":{"rendered":"https:\/\/aurimasb15.sg-host.com\/?post_type=product&#038;p=3478"},"modified":"2025-08-07T06:22:48","modified_gmt":"2025-08-07T06:22:48","slug":"manometrinis-slegio-siustuvas-su-diafragminiu-sandarikliu-fkb","status":"publish","type":"product","link":"https:\/\/invertas.lt\/en\/produktai\/slegio-jutikliai\/manometrinis-slegio-siustuvas-su-diafragminiu-sandarikliu-fkb\/","title":{"rendered":"Fuji Electric pressure sensor with diaphragm seal \u2013 FKB"},"content":{"rendered":"<h3 data-start=\"0\" data-end=\"21\"><strong data-start=\"0\" data-end=\"21\">Fields of application<\/strong><\/h3>\n<p class=\"\" data-start=\"23\" data-end=\"270\">With a diaphragm seal, a pressure sensor can be used for a wide range of applications: liquid flow measurement, gas flow measurement, vapor flow measurement, liquid level measurement in a container, liquid density measurement, or pressure measurement at low or high temperatures.<\/p>\n<h3 data-start=\"272\" data-end=\"283\"><strong data-start=\"272\" data-end=\"283\">Features<\/strong><\/h3>\n<ul>\n<li data-start=\"287\" data-end=\"310\">Precise measurement even at low pressures<\/li>\n<li data-start=\"313\" data-end=\"350\">Accessible sensor installation and reading<\/li>\n<li data-start=\"353\" data-end=\"381\">Diaphragm seals can be mounted on all transmitter types<\/li>\n<li data-start=\"384\" data-end=\"416\">A wide range of possible applications<\/li>\n<\/ul>","protected":false},"excerpt":{"rendered":"<p>Pritaikymo sritys Su diafragminiu sandarikliu sl\u0117gio jutiklis gali b\u016bti naudojamas pla\u010diam taikymo spektrui: skys\u010dio srauto matavimui, duj\u0173 srauto matavimui, gar\u0173 srauto matavimui, skys\u010dio lygio matavimui talpykloje, skys\u010dio tankio matavimui arba sl\u0117gio matavimui esant \u017eemai ar auk\u0161tai temperat\u016brai. Savyb\u0117s Tikslus matavimas net ir esant \u017eemam sl\u0117giui Lengva jutiklio montavimo ir nuskaitymo prieiga Diafragminiai sandarikliai gali b\u016bti [&hellip;]<\/p>","protected":false},"featured_media":3527,"comment_status":"open","ping_status":"closed","template":"","meta":{"_acf_changed":false,"inline_featured_image":false},"product_brand":[],"product_cat":[41],"product_tag":[],"class_list":{"0":"post-3478","1":"product","2":"type-product","3":"status-publish","4":"has-post-thumbnail","6":"product_cat-slegio-jutikliai","8":"first","9":"instock","10":"shipping-taxable","11":"purchasable","12":"product-type-variable"},"acf":[],"yoast_head":"<!-- This site is optimized with the Yoast SEO plugin v25.5 - https:\/\/yoast.com\/wordpress\/plugins\/seo\/ -->\n<title>Fuji Electric sl\u0117gio jutiklis su diafragminiu sandarikliu - FKB - Invertas<\/title>\n<meta name=\"description\" content=\"Sl\u0117gio jutiklis su diafragminiu sandarikliu \u2013 universalus sprendimas tiksliai matuoti sl\u0117g\u012f, sraut\u0105, lyg\u012f ar tank\u012f sud\u0117tingoms temperat\u016brin\u0117ms s\u0105lygoms.\" \/>\n<meta name=\"robots\" content=\"index, follow, max-snippet:-1, max-image-preview:large, max-video-preview:-1\" \/>\n<link rel=\"canonical\" href=\"https:\/\/invertas.lt\/en\/produktai\/slegio-jutikliai\/manometrinis-slegio-siustuvas-su-diafragminiu-sandarikliu-fkb\/\" \/>\n<meta property=\"og:locale\" content=\"en_GB\" \/>\n<meta property=\"og:type\" content=\"article\" \/>\n<meta property=\"og:title\" content=\"Fuji Electric sl\u0117gio jutiklis su diafragminiu sandarikliu - FKB - Invertas\" \/>\n<meta property=\"og:description\" content=\"Sl\u0117gio jutiklis su diafragminiu sandarikliu \u2013 universalus sprendimas tiksliai matuoti sl\u0117g\u012f, sraut\u0105, lyg\u012f ar tank\u012f sud\u0117tingoms temperat\u016brin\u0117ms s\u0105lygoms.\" \/>\n<meta property=\"og:url\" content=\"https:\/\/invertas.lt\/en\/produktai\/slegio-jutikliai\/manometrinis-slegio-siustuvas-su-diafragminiu-sandarikliu-fkb\/\" \/>\n<meta property=\"og:site_name\" content=\"Invertas\" \/>\n<meta property=\"article:modified_time\" content=\"2025-08-07T06:22:48+00:00\" \/>\n<meta property=\"og:image\" content=\"https:\/\/invertas.lt\/wp-content\/uploads\/2025\/04\/fkb-v6-l-vue-generale-profil-droite-separateur-header-fr-en.webp\" \/>\n\t<meta property=\"og:image:width\" content=\"682\" \/>\n\t<meta property=\"og:image:height\" content=\"682\" \/>\n\t<meta property=\"og:image:type\" content=\"image\/webp\" \/>\n<meta name=\"twitter:card\" content=\"summary_large_image\" \/>\n<meta name=\"twitter:label1\" content=\"Estimated reading time\" \/>\n\t<meta name=\"twitter:data1\" content=\"1 minute\" \/>\n<script type=\"application\/ld+json\" class=\"yoast-schema-graph\">{\"@context\":\"https:\/\/schema.org\",\"@graph\":[{\"@type\":\"WebPage\",\"@id\":\"https:\/\/invertas.lt\/produktai\/slegio-jutikliai\/manometrinis-slegio-siustuvas-su-diafragminiu-sandarikliu-fkb\/\",\"url\":\"https:\/\/invertas.lt\/produktai\/slegio-jutikliai\/manometrinis-slegio-siustuvas-su-diafragminiu-sandarikliu-fkb\/\",\"name\":\"Fuji Electric sl\u0117gio jutiklis su diafragminiu sandarikliu - FKB - Invertas\",\"isPartOf\":{\"@id\":\"https:\/\/invertas.lt\/#website\"},\"primaryImageOfPage\":{\"@id\":\"https:\/\/invertas.lt\/produktai\/slegio-jutikliai\/manometrinis-slegio-siustuvas-su-diafragminiu-sandarikliu-fkb\/#primaryimage\"},\"image\":{\"@id\":\"https:\/\/invertas.lt\/produktai\/slegio-jutikliai\/manometrinis-slegio-siustuvas-su-diafragminiu-sandarikliu-fkb\/#primaryimage\"},\"thumbnailUrl\":\"https:\/\/invertas.lt\/wp-content\/uploads\/2025\/04\/fkb-v6-l-vue-generale-profil-droite-separateur-header-fr-en.webp\",\"datePublished\":\"2025-04-26T16:08:44+00:00\",\"dateModified\":\"2025-08-07T06:22:48+00:00\",\"description\":\"Sl\u0117gio jutiklis su diafragminiu sandarikliu \u2013 universalus sprendimas tiksliai matuoti sl\u0117g\u012f, sraut\u0105, lyg\u012f ar tank\u012f sud\u0117tingoms temperat\u016brin\u0117ms s\u0105lygoms.\",\"breadcrumb\":{\"@id\":\"https:\/\/invertas.lt\/produktai\/slegio-jutikliai\/manometrinis-slegio-siustuvas-su-diafragminiu-sandarikliu-fkb\/#breadcrumb\"},\"inLanguage\":\"en-GB\",\"potentialAction\":[{\"@type\":\"ReadAction\",\"target\":[\"https:\/\/invertas.lt\/produktai\/slegio-jutikliai\/manometrinis-slegio-siustuvas-su-diafragminiu-sandarikliu-fkb\/\"]}]},{\"@type\":\"ImageObject\",\"inLanguage\":\"en-GB\",\"@id\":\"https:\/\/invertas.lt\/produktai\/slegio-jutikliai\/manometrinis-slegio-siustuvas-su-diafragminiu-sandarikliu-fkb\/#primaryimage\",\"url\":\"https:\/\/invertas.lt\/wp-content\/uploads\/2025\/04\/fkb-v6-l-vue-generale-profil-droite-separateur-header-fr-en.webp\",\"contentUrl\":\"https:\/\/invertas.lt\/wp-content\/uploads\/2025\/04\/fkb-v6-l-vue-generale-profil-droite-separateur-header-fr-en.webp\",\"width\":682,\"height\":682},{\"@type\":\"BreadcrumbList\",\"@id\":\"https:\/\/invertas.lt\/produktai\/slegio-jutikliai\/manometrinis-slegio-siustuvas-su-diafragminiu-sandarikliu-fkb\/#breadcrumb\",\"itemListElement\":[{\"@type\":\"ListItem\",\"position\":1,\"name\":\"Prad\u017eia\",\"item\":\"https:\/\/invertas.lt\/\"},{\"@type\":\"ListItem\",\"position\":2,\"name\":\"Products\",\"item\":\"https:\/\/invertas.lt\/shop\/\"},{\"@type\":\"ListItem\",\"position\":3,\"name\":\"Sl\u0117gio jutikliai\",\"item\":\"https:\/\/invertas.lt\/.\/slegio-jutikliai\/\"},{\"@type\":\"ListItem\",\"position\":4,\"name\":\"Fuji Electric sl\u0117gio jutiklis su diafragminiu sandarikliu &#8211; FKB\"}]},{\"@type\":\"WebSite\",\"@id\":\"https:\/\/invertas.lt\/#website\",\"url\":\"https:\/\/invertas.lt\/\",\"name\":\"Invertas\",\"description\":\"\",\"publisher\":{\"@id\":\"https:\/\/invertas.lt\/#organization\"},\"potentialAction\":[{\"@type\":\"SearchAction\",\"target\":{\"@type\":\"EntryPoint\",\"urlTemplate\":\"https:\/\/invertas.lt\/?s={search_term_string}\"},\"query-input\":{\"@type\":\"PropertyValueSpecification\",\"valueRequired\":true,\"valueName\":\"search_term_string\"}}],\"inLanguage\":\"en-GB\"},{\"@type\":\"Organization\",\"@id\":\"https:\/\/invertas.lt\/#organization\",\"name\":\"Invertas\",\"url\":\"https:\/\/invertas.lt\/\",\"logo\":{\"@type\":\"ImageObject\",\"inLanguage\":\"en-GB\",\"@id\":\"https:\/\/invertas.lt\/#\/schema\/logo\/image\/\",\"url\":\"https:\/\/invertas.lt\/wp-content\/uploads\/2025\/03\/New-Text-Document-2.svg\",\"contentUrl\":\"https:\/\/invertas.lt\/wp-content\/uploads\/2025\/03\/New-Text-Document-2.svg\",\"width\":140,\"height\":39,\"caption\":\"Invertas\"},\"image\":{\"@id\":\"https:\/\/invertas.lt\/#\/schema\/logo\/image\/\"}}]}<\/script>\n<!-- \/ Yoast SEO plugin. -->","yoast_head_json":{"title":"Fuji Electric sl\u0117gio jutiklis su diafragminiu sandarikliu - FKB - Invertas","description":"Sl\u0117gio jutiklis su diafragminiu sandarikliu \u2013 universalus sprendimas tiksliai matuoti sl\u0117g\u012f, sraut\u0105, lyg\u012f ar tank\u012f sud\u0117tingoms temperat\u016brin\u0117ms s\u0105lygoms.","robots":{"index":"index","follow":"follow","max-snippet":"max-snippet:-1","max-image-preview":"max-image-preview:large","max-video-preview":"max-video-preview:-1"},"canonical":"https:\/\/invertas.lt\/en\/produktai\/slegio-jutikliai\/manometrinis-slegio-siustuvas-su-diafragminiu-sandarikliu-fkb\/","og_locale":"en_GB","og_type":"article","og_title":"Fuji Electric sl\u0117gio jutiklis su diafragminiu sandarikliu - FKB - Invertas","og_description":"Sl\u0117gio jutiklis su diafragminiu sandarikliu \u2013 universalus sprendimas tiksliai matuoti sl\u0117g\u012f, sraut\u0105, lyg\u012f ar tank\u012f sud\u0117tingoms temperat\u016brin\u0117ms s\u0105lygoms.","og_url":"https:\/\/invertas.lt\/en\/produktai\/slegio-jutikliai\/manometrinis-slegio-siustuvas-su-diafragminiu-sandarikliu-fkb\/","og_site_name":"Invertas","article_modified_time":"2025-08-07T06:22:48+00:00","og_image":[{"width":682,"height":682,"url":"https:\/\/invertas.lt\/wp-content\/uploads\/2025\/04\/fkb-v6-l-vue-generale-profil-droite-separateur-header-fr-en.webp","type":"image\/webp"}],"twitter_card":"summary_large_image","twitter_misc":{"Estimated reading time":"1 minute"},"schema":{"@context":"https:\/\/schema.org","@graph":[{"@type":"WebPage","@id":"https:\/\/invertas.lt\/produktai\/slegio-jutikliai\/manometrinis-slegio-siustuvas-su-diafragminiu-sandarikliu-fkb\/","url":"https:\/\/invertas.lt\/produktai\/slegio-jutikliai\/manometrinis-slegio-siustuvas-su-diafragminiu-sandarikliu-fkb\/","name":"Fuji Electric sl\u0117gio jutiklis su diafragminiu sandarikliu - FKB - Invertas","isPartOf":{"@id":"https:\/\/invertas.lt\/#website"},"primaryImageOfPage":{"@id":"https:\/\/invertas.lt\/produktai\/slegio-jutikliai\/manometrinis-slegio-siustuvas-su-diafragminiu-sandarikliu-fkb\/#primaryimage"},"image":{"@id":"https:\/\/invertas.lt\/produktai\/slegio-jutikliai\/manometrinis-slegio-siustuvas-su-diafragminiu-sandarikliu-fkb\/#primaryimage"},"thumbnailUrl":"https:\/\/invertas.lt\/wp-content\/uploads\/2025\/04\/fkb-v6-l-vue-generale-profil-droite-separateur-header-fr-en.webp","datePublished":"2025-04-26T16:08:44+00:00","dateModified":"2025-08-07T06:22:48+00:00","description":"Sl\u0117gio jutiklis su diafragminiu sandarikliu \u2013 universalus sprendimas tiksliai matuoti sl\u0117g\u012f, sraut\u0105, lyg\u012f ar tank\u012f sud\u0117tingoms temperat\u016brin\u0117ms s\u0105lygoms.","breadcrumb":{"@id":"https:\/\/invertas.lt\/produktai\/slegio-jutikliai\/manometrinis-slegio-siustuvas-su-diafragminiu-sandarikliu-fkb\/#breadcrumb"},"inLanguage":"en-GB","potentialAction":[{"@type":"ReadAction","target":["https:\/\/invertas.lt\/produktai\/slegio-jutikliai\/manometrinis-slegio-siustuvas-su-diafragminiu-sandarikliu-fkb\/"]}]},{"@type":"ImageObject","inLanguage":"en-GB","@id":"https:\/\/invertas.lt\/produktai\/slegio-jutikliai\/manometrinis-slegio-siustuvas-su-diafragminiu-sandarikliu-fkb\/#primaryimage","url":"https:\/\/invertas.lt\/wp-content\/uploads\/2025\/04\/fkb-v6-l-vue-generale-profil-droite-separateur-header-fr-en.webp","contentUrl":"https:\/\/invertas.lt\/wp-content\/uploads\/2025\/04\/fkb-v6-l-vue-generale-profil-droite-separateur-header-fr-en.webp","width":682,"height":682},{"@type":"BreadcrumbList","@id":"https:\/\/invertas.lt\/produktai\/slegio-jutikliai\/manometrinis-slegio-siustuvas-su-diafragminiu-sandarikliu-fkb\/#breadcrumb","itemListElement":[{"@type":"ListItem","position":1,"name":"Prad\u017eia","item":"https:\/\/invertas.lt\/"},{"@type":"ListItem","position":2,"name":"Products","item":"https:\/\/invertas.lt\/shop\/"},{"@type":"ListItem","position":3,"name":"Sl\u0117gio jutikliai","item":"https:\/\/invertas.lt\/.\/slegio-jutikliai\/"},{"@type":"ListItem","position":4,"name":"Fuji Electric sl\u0117gio jutiklis su diafragminiu sandarikliu &#8211; FKB"}]},{"@type":"WebSite","@id":"https:\/\/invertas.lt\/#website","url":"https:\/\/invertas.lt\/","name":"Invert","description":"","publisher":{"@id":"https:\/\/invertas.lt\/#organization"},"potentialAction":[{"@type":"SearchAction","target":{"@type":"EntryPoint","urlTemplate":"https:\/\/invertas.lt\/?s={search_term_string}"},"query-input":{"@type":"PropertyValueSpecification","valueRequired":true,"valueName":"search_term_string"}}],"inLanguage":"en-GB"},{"@type":"Organization","@id":"https:\/\/invertas.lt\/#organization","name":"Invert","url":"https:\/\/invertas.lt\/","logo":{"@type":"ImageObject","inLanguage":"en-GB","@id":"https:\/\/invertas.lt\/#\/schema\/logo\/image\/","url":"https:\/\/invertas.lt\/wp-content\/uploads\/2025\/03\/New-Text-Document-2.svg","contentUrl":"https:\/\/invertas.lt\/wp-content\/uploads\/2025\/03\/New-Text-Document-2.svg","width":140,"height":39,"caption":"Invertas"},"image":{"@id":"https:\/\/invertas.lt\/#\/schema\/logo\/image\/"}}]}},"_links":{"self":[{"href":"https:\/\/invertas.lt\/en\/wp-json\/wp\/v2\/product\/3478","targetHints":{"allow":["GET"]}}],"collection":[{"href":"https:\/\/invertas.lt\/en\/wp-json\/wp\/v2\/product"}],"about":[{"href":"https:\/\/invertas.lt\/en\/wp-json\/wp\/v2\/types\/product"}],"replies":[{"embeddable":true,"href":"https:\/\/invertas.lt\/en\/wp-json\/wp\/v2\/comments?post=3478"}],"wp:featuredmedia":[{"embeddable":true,"href":"https:\/\/invertas.lt\/en\/wp-json\/wp\/v2\/media\/3527"}],"wp:attachment":[{"href":"https:\/\/invertas.lt\/en\/wp-json\/wp\/v2\/media?parent=3478"}],"wp:term":[{"taxonomy":"product_brand","embeddable":true,"href":"https:\/\/invertas.lt\/en\/wp-json\/wp\/v2\/product_brand?post=3478"},{"taxonomy":"product_cat","embeddable":true,"href":"https:\/\/invertas.lt\/en\/wp-json\/wp\/v2\/product_cat?post=3478"},{"taxonomy":"product_tag","embeddable":true,"href":"https:\/\/invertas.lt\/en\/wp-json\/wp\/v2\/product_tag?post=3478"}],"curies":[{"name":"wp","href":"https:\/\/api.w.org\/{rel}","templated":true}]}}