{"id":3369,"date":"2025-04-26T12:27:18","date_gmt":"2025-04-26T12:27:18","guid":{"rendered":"https:\/\/aurimasb15.sg-host.com\/?post_type=product&#038;p=3369"},"modified":"2025-08-07T06:15:36","modified_gmt":"2025-08-07T06:15:36","slug":"pressure-transmitter-fke","status":"publish","type":"product","link":"https:\/\/invertas.lt\/en\/produktai\/slegio-jutikliai\/pressure-transmitter-fke\/","title":{"rendered":"Fuji Electric pressure sensor \u2013 FKE"},"content":{"rendered":"<h3 data-start=\"0\" data-end=\"21\"><strong data-start=\"0\" data-end=\"21\">Fields of application<\/strong><\/h3>\n<p class=\"\" data-start=\"23\" data-end=\"270\">Pressure sensor <strong data-start=\"112\" data-end=\"119\">FKE<\/strong> can be used for any level measurement \u2013 in both corrosive and non-corrosive media, as well as in closed or open containers.<\/p>\n<h3 data-start=\"272\" data-end=\"283\"><strong data-start=\"272\" data-end=\"283\">Features<\/strong><\/h3>\n<ul>\n<li data-start=\"287\" data-end=\"310\">High precision and long-term stability<\/li>\n<li data-start=\"313\" data-end=\"350\">Flexibility of use<\/li>\n<li data-start=\"353\" data-end=\"381\">Minimal influence on the environment<\/li>\n<li data-start=\"384\" data-end=\"416\">Integrated linearisation function<\/li>\n<\/ul>","protected":false},"excerpt":{"rendered":"<p>Pritaikymo sritys Sl\u0117gio jutiklis FKE gali b\u016bti naudojamas bet kokiam lygio matavimui \u2013 tiek korozin\u0117se, tiek nekorozin\u0117se terp\u0117se, taip pat u\u017edaruose arba atvirose talpyklose. Savyb\u0117s Didelis tikslumas ir ilgalaikis stabilumas Naudojimo lankstumas Minimalus poveikis aplinkai Integruota linearizacijos funkcija<\/p>","protected":false},"featured_media":3418,"comment_status":"open","ping_status":"closed","template":"","meta":{"_acf_changed":false,"inline_featured_image":false},"product_brand":[],"product_cat":[41],"product_tag":[],"class_list":{"0":"post-3369","1":"product","2":"type-product","3":"status-publish","4":"has-post-thumbnail","6":"product_cat-slegio-jutikliai","8":"first","9":"instock","10":"shipping-taxable","11":"purchasable","12":"product-type-variable"},"acf":[],"yoast_head":"<!-- This site is optimized with the Yoast SEO plugin v25.5 - https:\/\/yoast.com\/wordpress\/plugins\/seo\/ -->\n<title>Fuji Electric sl\u0117gio jutiklis \u2013 FKE - Invertas<\/title>\n<meta name=\"description\" content=\"FKE sl\u0117gio si\u0173stuvas \u2013 universalus lygio matavimo sprendimas korozin\u0117ms ir nekorozin\u0117ms terp\u0117ms tiek atvirose, tiek u\u017edarose talpyklose.\" \/>\n<meta name=\"robots\" content=\"index, follow, max-snippet:-1, max-image-preview:large, max-video-preview:-1\" \/>\n<link rel=\"canonical\" href=\"https:\/\/invertas.lt\/en\/produktai\/slegio-jutikliai\/pressure-transmitter-fke\/\" \/>\n<meta property=\"og:locale\" content=\"en_GB\" \/>\n<meta property=\"og:type\" content=\"article\" \/>\n<meta property=\"og:title\" content=\"Fuji Electric sl\u0117gio jutiklis \u2013 FKE - Invertas\" \/>\n<meta property=\"og:description\" content=\"FKE sl\u0117gio si\u0173stuvas \u2013 universalus lygio matavimo sprendimas korozin\u0117ms ir nekorozin\u0117ms terp\u0117ms tiek atvirose, tiek u\u017edarose talpyklose.\" \/>\n<meta property=\"og:url\" content=\"https:\/\/invertas.lt\/en\/produktai\/slegio-jutikliai\/pressure-transmitter-fke\/\" \/>\n<meta property=\"og:site_name\" content=\"Invertas\" \/>\n<meta property=\"article:modified_time\" content=\"2025-08-07T06:15:36+00:00\" \/>\n<meta property=\"og:image\" content=\"https:\/\/invertas.lt\/wp-content\/uploads\/2025\/04\/fke-v6-l-diagonale-droite-haut-header-fr-en-1.webp\" \/>\n\t<meta property=\"og:image:width\" content=\"682\" \/>\n\t<meta property=\"og:image:height\" content=\"682\" \/>\n\t<meta property=\"og:image:type\" content=\"image\/webp\" \/>\n<meta name=\"twitter:card\" content=\"summary_large_image\" \/>\n<meta name=\"twitter:label1\" content=\"Estimated reading time\" \/>\n\t<meta name=\"twitter:data1\" content=\"1 minute\" \/>\n<script type=\"application\/ld+json\" class=\"yoast-schema-graph\">{\"@context\":\"https:\/\/schema.org\",\"@graph\":[{\"@type\":\"WebPage\",\"@id\":\"https:\/\/invertas.lt\/produktai\/slegio-jutikliai\/pressure-transmitter-fke\/\",\"url\":\"https:\/\/invertas.lt\/produktai\/slegio-jutikliai\/pressure-transmitter-fke\/\",\"name\":\"Fuji Electric sl\u0117gio jutiklis \u2013 FKE - Invertas\",\"isPartOf\":{\"@id\":\"https:\/\/invertas.lt\/#website\"},\"primaryImageOfPage\":{\"@id\":\"https:\/\/invertas.lt\/produktai\/slegio-jutikliai\/pressure-transmitter-fke\/#primaryimage\"},\"image\":{\"@id\":\"https:\/\/invertas.lt\/produktai\/slegio-jutikliai\/pressure-transmitter-fke\/#primaryimage\"},\"thumbnailUrl\":\"https:\/\/invertas.lt\/wp-content\/uploads\/2025\/04\/fke-v6-l-diagonale-droite-haut-header-fr-en-1.webp\",\"datePublished\":\"2025-04-26T12:27:18+00:00\",\"dateModified\":\"2025-08-07T06:15:36+00:00\",\"description\":\"FKE sl\u0117gio si\u0173stuvas \u2013 universalus lygio matavimo sprendimas korozin\u0117ms ir nekorozin\u0117ms terp\u0117ms tiek atvirose, tiek u\u017edarose talpyklose.\",\"breadcrumb\":{\"@id\":\"https:\/\/invertas.lt\/produktai\/slegio-jutikliai\/pressure-transmitter-fke\/#breadcrumb\"},\"inLanguage\":\"en-GB\",\"potentialAction\":[{\"@type\":\"ReadAction\",\"target\":[\"https:\/\/invertas.lt\/produktai\/slegio-jutikliai\/pressure-transmitter-fke\/\"]}]},{\"@type\":\"ImageObject\",\"inLanguage\":\"en-GB\",\"@id\":\"https:\/\/invertas.lt\/produktai\/slegio-jutikliai\/pressure-transmitter-fke\/#primaryimage\",\"url\":\"https:\/\/invertas.lt\/wp-content\/uploads\/2025\/04\/fke-v6-l-diagonale-droite-haut-header-fr-en-1.webp\",\"contentUrl\":\"https:\/\/invertas.lt\/wp-content\/uploads\/2025\/04\/fke-v6-l-diagonale-droite-haut-header-fr-en-1.webp\",\"width\":682,\"height\":682},{\"@type\":\"BreadcrumbList\",\"@id\":\"https:\/\/invertas.lt\/produktai\/slegio-jutikliai\/pressure-transmitter-fke\/#breadcrumb\",\"itemListElement\":[{\"@type\":\"ListItem\",\"position\":1,\"name\":\"Prad\u017eia\",\"item\":\"https:\/\/invertas.lt\/\"},{\"@type\":\"ListItem\",\"position\":2,\"name\":\"Products\",\"item\":\"https:\/\/invertas.lt\/shop\/\"},{\"@type\":\"ListItem\",\"position\":3,\"name\":\"Sl\u0117gio jutikliai\",\"item\":\"https:\/\/invertas.lt\/.\/slegio-jutikliai\/\"},{\"@type\":\"ListItem\",\"position\":4,\"name\":\"Fuji Electric sl\u0117gio jutiklis \u2013 FKE\"}]},{\"@type\":\"WebSite\",\"@id\":\"https:\/\/invertas.lt\/#website\",\"url\":\"https:\/\/invertas.lt\/\",\"name\":\"Invertas\",\"description\":\"\",\"publisher\":{\"@id\":\"https:\/\/invertas.lt\/#organization\"},\"potentialAction\":[{\"@type\":\"SearchAction\",\"target\":{\"@type\":\"EntryPoint\",\"urlTemplate\":\"https:\/\/invertas.lt\/?s={search_term_string}\"},\"query-input\":{\"@type\":\"PropertyValueSpecification\",\"valueRequired\":true,\"valueName\":\"search_term_string\"}}],\"inLanguage\":\"en-GB\"},{\"@type\":\"Organization\",\"@id\":\"https:\/\/invertas.lt\/#organization\",\"name\":\"Invertas\",\"url\":\"https:\/\/invertas.lt\/\",\"logo\":{\"@type\":\"ImageObject\",\"inLanguage\":\"en-GB\",\"@id\":\"https:\/\/invertas.lt\/#\/schema\/logo\/image\/\",\"url\":\"https:\/\/invertas.lt\/wp-content\/uploads\/2025\/03\/New-Text-Document-2.svg\",\"contentUrl\":\"https:\/\/invertas.lt\/wp-content\/uploads\/2025\/03\/New-Text-Document-2.svg\",\"width\":140,\"height\":39,\"caption\":\"Invertas\"},\"image\":{\"@id\":\"https:\/\/invertas.lt\/#\/schema\/logo\/image\/\"}}]}<\/script>\n<!-- \/ Yoast SEO plugin. -->","yoast_head_json":{"title":"Fuji Electric sl\u0117gio jutiklis \u2013 FKE - Invertas","description":"FKE sl\u0117gio si\u0173stuvas \u2013 universalus lygio matavimo sprendimas korozin\u0117ms ir nekorozin\u0117ms terp\u0117ms tiek atvirose, tiek u\u017edarose talpyklose.","robots":{"index":"index","follow":"follow","max-snippet":"max-snippet:-1","max-image-preview":"max-image-preview:large","max-video-preview":"max-video-preview:-1"},"canonical":"https:\/\/invertas.lt\/en\/produktai\/slegio-jutikliai\/pressure-transmitter-fke\/","og_locale":"en_GB","og_type":"article","og_title":"Fuji Electric sl\u0117gio jutiklis \u2013 FKE - Invertas","og_description":"FKE sl\u0117gio si\u0173stuvas \u2013 universalus lygio matavimo sprendimas korozin\u0117ms ir nekorozin\u0117ms terp\u0117ms tiek atvirose, tiek u\u017edarose talpyklose.","og_url":"https:\/\/invertas.lt\/en\/produktai\/slegio-jutikliai\/pressure-transmitter-fke\/","og_site_name":"Invertas","article_modified_time":"2025-08-07T06:15:36+00:00","og_image":[{"width":682,"height":682,"url":"https:\/\/invertas.lt\/wp-content\/uploads\/2025\/04\/fke-v6-l-diagonale-droite-haut-header-fr-en-1.webp","type":"image\/webp"}],"twitter_card":"summary_large_image","twitter_misc":{"Estimated reading time":"1 minute"},"schema":{"@context":"https:\/\/schema.org","@graph":[{"@type":"WebPage","@id":"https:\/\/invertas.lt\/produktai\/slegio-jutikliai\/pressure-transmitter-fke\/","url":"https:\/\/invertas.lt\/produktai\/slegio-jutikliai\/pressure-transmitter-fke\/","name":"Fuji Electric sl\u0117gio jutiklis \u2013 FKE - Invertas","isPartOf":{"@id":"https:\/\/invertas.lt\/#website"},"primaryImageOfPage":{"@id":"https:\/\/invertas.lt\/produktai\/slegio-jutikliai\/pressure-transmitter-fke\/#primaryimage"},"image":{"@id":"https:\/\/invertas.lt\/produktai\/slegio-jutikliai\/pressure-transmitter-fke\/#primaryimage"},"thumbnailUrl":"https:\/\/invertas.lt\/wp-content\/uploads\/2025\/04\/fke-v6-l-diagonale-droite-haut-header-fr-en-1.webp","datePublished":"2025-04-26T12:27:18+00:00","dateModified":"2025-08-07T06:15:36+00:00","description":"FKE sl\u0117gio si\u0173stuvas \u2013 universalus lygio matavimo sprendimas korozin\u0117ms ir nekorozin\u0117ms terp\u0117ms tiek atvirose, tiek u\u017edarose talpyklose.","breadcrumb":{"@id":"https:\/\/invertas.lt\/produktai\/slegio-jutikliai\/pressure-transmitter-fke\/#breadcrumb"},"inLanguage":"en-GB","potentialAction":[{"@type":"ReadAction","target":["https:\/\/invertas.lt\/produktai\/slegio-jutikliai\/pressure-transmitter-fke\/"]}]},{"@type":"ImageObject","inLanguage":"en-GB","@id":"https:\/\/invertas.lt\/produktai\/slegio-jutikliai\/pressure-transmitter-fke\/#primaryimage","url":"https:\/\/invertas.lt\/wp-content\/uploads\/2025\/04\/fke-v6-l-diagonale-droite-haut-header-fr-en-1.webp","contentUrl":"https:\/\/invertas.lt\/wp-content\/uploads\/2025\/04\/fke-v6-l-diagonale-droite-haut-header-fr-en-1.webp","width":682,"height":682},{"@type":"BreadcrumbList","@id":"https:\/\/invertas.lt\/produktai\/slegio-jutikliai\/pressure-transmitter-fke\/#breadcrumb","itemListElement":[{"@type":"ListItem","position":1,"name":"Prad\u017eia","item":"https:\/\/invertas.lt\/"},{"@type":"ListItem","position":2,"name":"Products","item":"https:\/\/invertas.lt\/shop\/"},{"@type":"ListItem","position":3,"name":"Sl\u0117gio jutikliai","item":"https:\/\/invertas.lt\/.\/slegio-jutikliai\/"},{"@type":"ListItem","position":4,"name":"Fuji Electric sl\u0117gio jutiklis \u2013 FKE"}]},{"@type":"WebSite","@id":"https:\/\/invertas.lt\/#website","url":"https:\/\/invertas.lt\/","name":"Invert","description":"","publisher":{"@id":"https:\/\/invertas.lt\/#organization"},"potentialAction":[{"@type":"SearchAction","target":{"@type":"EntryPoint","urlTemplate":"https:\/\/invertas.lt\/?s={search_term_string}"},"query-input":{"@type":"PropertyValueSpecification","valueRequired":true,"valueName":"search_term_string"}}],"inLanguage":"en-GB"},{"@type":"Organization","@id":"https:\/\/invertas.lt\/#organization","name":"Invert","url":"https:\/\/invertas.lt\/","logo":{"@type":"ImageObject","inLanguage":"en-GB","@id":"https:\/\/invertas.lt\/#\/schema\/logo\/image\/","url":"https:\/\/invertas.lt\/wp-content\/uploads\/2025\/03\/New-Text-Document-2.svg","contentUrl":"https:\/\/invertas.lt\/wp-content\/uploads\/2025\/03\/New-Text-Document-2.svg","width":140,"height":39,"caption":"Invertas"},"image":{"@id":"https:\/\/invertas.lt\/#\/schema\/logo\/image\/"}}]}},"_links":{"self":[{"href":"https:\/\/invertas.lt\/en\/wp-json\/wp\/v2\/product\/3369","targetHints":{"allow":["GET"]}}],"collection":[{"href":"https:\/\/invertas.lt\/en\/wp-json\/wp\/v2\/product"}],"about":[{"href":"https:\/\/invertas.lt\/en\/wp-json\/wp\/v2\/types\/product"}],"replies":[{"embeddable":true,"href":"https:\/\/invertas.lt\/en\/wp-json\/wp\/v2\/comments?post=3369"}],"wp:featuredmedia":[{"embeddable":true,"href":"https:\/\/invertas.lt\/en\/wp-json\/wp\/v2\/media\/3418"}],"wp:attachment":[{"href":"https:\/\/invertas.lt\/en\/wp-json\/wp\/v2\/media?parent=3369"}],"wp:term":[{"taxonomy":"product_brand","embeddable":true,"href":"https:\/\/invertas.lt\/en\/wp-json\/wp\/v2\/product_brand?post=3369"},{"taxonomy":"product_cat","embeddable":true,"href":"https:\/\/invertas.lt\/en\/wp-json\/wp\/v2\/product_cat?post=3369"},{"taxonomy":"product_tag","embeddable":true,"href":"https:\/\/invertas.lt\/en\/wp-json\/wp\/v2\/product_tag?post=3369"}],"curies":[{"name":"wp","href":"https:\/\/api.w.org\/{rel}","templated":true}]}}