{"id":3249,"date":"2025-04-16T13:11:10","date_gmt":"2025-04-16T13:11:10","guid":{"rendered":"https:\/\/aurimasb15.sg-host.com\/?post_type=product&#038;p=3249"},"modified":"2025-08-06T20:06:08","modified_gmt":"2025-08-06T20:06:08","slug":"manometrinis-slegio-siustuvas-fkp","status":"publish","type":"product","link":"https:\/\/invertas.lt\/en\/produktai\/slegio-jutikliai\/manometrinis-slegio-siustuvas-fkp\/","title":{"rendered":"Fuji Electric manometric pressure sensor \u2013 FKP"},"content":{"rendered":"<h3 data-start=\"0\" data-end=\"21\"><strong data-start=\"0\" data-end=\"21\">Fields of application<\/strong><\/h3>\n<p class=\"\" data-start=\"23\" data-end=\"270\">The FKP manometric pressure sensor measures the pressure of a gas or liquid relative to atmospheric pressure and can be used in industrial processes such as the oil and gas industry, the chemical industry, power generation and water treatment.<\/p>\n<h3 data-start=\"272\" data-end=\"283\"><strong data-start=\"272\" data-end=\"283\">Features<\/strong><\/h3>\n<ul>\n<li data-start=\"287\" data-end=\"310\">Long-term stability<\/li>\n<li data-start=\"313\" data-end=\"350\">High repeatability and accuracy<\/li>\n<li data-start=\"353\" data-end=\"381\">Wide measurement ranges<\/li>\n<li data-start=\"384\" data-end=\"416\">Easy installation and operation<\/li>\n<\/ul>","protected":false},"excerpt":{"rendered":"<p>Pritaikymo sritys Manometrinis sl\u0117gio jutiklis FKP matuoja duj\u0173 arba skys\u010dio sl\u0117g\u012f atmosferinio sl\u0117gio at\u017evilgiu ir gali b\u016bti naudojamas pramoniniuose procesuose, tokiuose kaip naftos ir duj\u0173 pramon\u0117, chemijos pramon\u0117, elektros energijos gamyba ir vandens valymas. Savyb\u0117s Ilgalaikis stabilumas Didelis pakartojamumas ir tikslumas Platus matavimo diapazonas Lengvas montavimas ir naudojimas<\/p>","protected":false},"featured_media":3298,"comment_status":"open","ping_status":"closed","template":"","meta":{"_acf_changed":false,"inline_featured_image":false},"product_brand":[],"product_cat":[41],"product_tag":[],"class_list":{"0":"post-3249","1":"product","2":"type-product","3":"status-publish","4":"has-post-thumbnail","6":"product_cat-slegio-jutikliai","8":"first","9":"instock","10":"shipping-taxable","11":"purchasable","12":"product-type-variable"},"acf":[],"yoast_head":"<!-- This site is optimized with the Yoast SEO plugin v25.5 - https:\/\/yoast.com\/wordpress\/plugins\/seo\/ -->\n<title>Fuji Electric manometrinis sl\u0117gio jutiklis \u2013 FKP - Invertas<\/title>\n<meta name=\"description\" content=\"FKP manometrinis sl\u0117gio jutiklis \u2013 patikimas sl\u0117gio matavimas dujoms ir skys\u010diams \u012fvairiose pramon\u0117s \u0161akose. Platus matavimo diapazonas.\" \/>\n<meta name=\"robots\" content=\"index, follow, max-snippet:-1, max-image-preview:large, max-video-preview:-1\" \/>\n<link rel=\"canonical\" href=\"https:\/\/invertas.lt\/en\/produktai\/slegio-jutikliai\/manometrinis-slegio-siustuvas-fkp\/\" \/>\n<meta property=\"og:locale\" content=\"en_GB\" \/>\n<meta property=\"og:type\" content=\"article\" \/>\n<meta property=\"og:title\" content=\"Fuji Electric manometrinis sl\u0117gio jutiklis \u2013 FKP - Invertas\" \/>\n<meta property=\"og:description\" content=\"FKP manometrinis sl\u0117gio jutiklis \u2013 patikimas sl\u0117gio matavimas dujoms ir skys\u010diams \u012fvairiose pramon\u0117s \u0161akose. Platus matavimo diapazonas.\" \/>\n<meta property=\"og:url\" content=\"https:\/\/invertas.lt\/en\/produktai\/slegio-jutikliai\/manometrinis-slegio-siustuvas-fkp\/\" \/>\n<meta property=\"og:site_name\" content=\"Invertas\" \/>\n<meta property=\"article:modified_time\" content=\"2025-08-06T20:06:08+00:00\" \/>\n<meta property=\"og:image\" content=\"https:\/\/invertas.lt\/wp-content\/uploads\/2025\/04\/fkp-v6-t-vue-generale-diagonale-gauche-haut-header-fr-en.webp\" \/>\n\t<meta property=\"og:image:width\" content=\"682\" \/>\n\t<meta property=\"og:image:height\" content=\"682\" \/>\n\t<meta property=\"og:image:type\" content=\"image\/webp\" \/>\n<meta name=\"twitter:card\" content=\"summary_large_image\" \/>\n<meta name=\"twitter:label1\" content=\"Estimated reading time\" \/>\n\t<meta name=\"twitter:data1\" content=\"1 minute\" \/>\n<script type=\"application\/ld+json\" class=\"yoast-schema-graph\">{\"@context\":\"https:\/\/schema.org\",\"@graph\":[{\"@type\":\"WebPage\",\"@id\":\"https:\/\/invertas.lt\/produktai\/slegio-jutikliai\/manometrinis-slegio-siustuvas-fkp\/\",\"url\":\"https:\/\/invertas.lt\/produktai\/slegio-jutikliai\/manometrinis-slegio-siustuvas-fkp\/\",\"name\":\"Fuji Electric manometrinis sl\u0117gio jutiklis \u2013 FKP - Invertas\",\"isPartOf\":{\"@id\":\"https:\/\/invertas.lt\/#website\"},\"primaryImageOfPage\":{\"@id\":\"https:\/\/invertas.lt\/produktai\/slegio-jutikliai\/manometrinis-slegio-siustuvas-fkp\/#primaryimage\"},\"image\":{\"@id\":\"https:\/\/invertas.lt\/produktai\/slegio-jutikliai\/manometrinis-slegio-siustuvas-fkp\/#primaryimage\"},\"thumbnailUrl\":\"https:\/\/invertas.lt\/wp-content\/uploads\/2025\/04\/fkp-v6-t-vue-generale-diagonale-gauche-haut-header-fr-en.webp\",\"datePublished\":\"2025-04-16T13:11:10+00:00\",\"dateModified\":\"2025-08-06T20:06:08+00:00\",\"description\":\"FKP manometrinis sl\u0117gio jutiklis \u2013 patikimas sl\u0117gio matavimas dujoms ir skys\u010diams \u012fvairiose pramon\u0117s \u0161akose. Platus matavimo diapazonas.\",\"breadcrumb\":{\"@id\":\"https:\/\/invertas.lt\/produktai\/slegio-jutikliai\/manometrinis-slegio-siustuvas-fkp\/#breadcrumb\"},\"inLanguage\":\"en-GB\",\"potentialAction\":[{\"@type\":\"ReadAction\",\"target\":[\"https:\/\/invertas.lt\/produktai\/slegio-jutikliai\/manometrinis-slegio-siustuvas-fkp\/\"]}]},{\"@type\":\"ImageObject\",\"inLanguage\":\"en-GB\",\"@id\":\"https:\/\/invertas.lt\/produktai\/slegio-jutikliai\/manometrinis-slegio-siustuvas-fkp\/#primaryimage\",\"url\":\"https:\/\/invertas.lt\/wp-content\/uploads\/2025\/04\/fkp-v6-t-vue-generale-diagonale-gauche-haut-header-fr-en.webp\",\"contentUrl\":\"https:\/\/invertas.lt\/wp-content\/uploads\/2025\/04\/fkp-v6-t-vue-generale-diagonale-gauche-haut-header-fr-en.webp\",\"width\":682,\"height\":682},{\"@type\":\"BreadcrumbList\",\"@id\":\"https:\/\/invertas.lt\/produktai\/slegio-jutikliai\/manometrinis-slegio-siustuvas-fkp\/#breadcrumb\",\"itemListElement\":[{\"@type\":\"ListItem\",\"position\":1,\"name\":\"Prad\u017eia\",\"item\":\"https:\/\/invertas.lt\/\"},{\"@type\":\"ListItem\",\"position\":2,\"name\":\"Products\",\"item\":\"https:\/\/invertas.lt\/shop\/\"},{\"@type\":\"ListItem\",\"position\":3,\"name\":\"Sl\u0117gio jutikliai\",\"item\":\"https:\/\/invertas.lt\/.\/slegio-jutikliai\/\"},{\"@type\":\"ListItem\",\"position\":4,\"name\":\"Fuji Electric manometrinis sl\u0117gio jutiklis \u2013 FKP\"}]},{\"@type\":\"WebSite\",\"@id\":\"https:\/\/invertas.lt\/#website\",\"url\":\"https:\/\/invertas.lt\/\",\"name\":\"Invertas\",\"description\":\"\",\"publisher\":{\"@id\":\"https:\/\/invertas.lt\/#organization\"},\"potentialAction\":[{\"@type\":\"SearchAction\",\"target\":{\"@type\":\"EntryPoint\",\"urlTemplate\":\"https:\/\/invertas.lt\/?s={search_term_string}\"},\"query-input\":{\"@type\":\"PropertyValueSpecification\",\"valueRequired\":true,\"valueName\":\"search_term_string\"}}],\"inLanguage\":\"en-GB\"},{\"@type\":\"Organization\",\"@id\":\"https:\/\/invertas.lt\/#organization\",\"name\":\"Invertas\",\"url\":\"https:\/\/invertas.lt\/\",\"logo\":{\"@type\":\"ImageObject\",\"inLanguage\":\"en-GB\",\"@id\":\"https:\/\/invertas.lt\/#\/schema\/logo\/image\/\",\"url\":\"https:\/\/invertas.lt\/wp-content\/uploads\/2025\/03\/New-Text-Document-2.svg\",\"contentUrl\":\"https:\/\/invertas.lt\/wp-content\/uploads\/2025\/03\/New-Text-Document-2.svg\",\"width\":140,\"height\":39,\"caption\":\"Invertas\"},\"image\":{\"@id\":\"https:\/\/invertas.lt\/#\/schema\/logo\/image\/\"}}]}<\/script>\n<!-- \/ Yoast SEO plugin. -->","yoast_head_json":{"title":"Fuji Electric manometrinis sl\u0117gio jutiklis \u2013 FKP - Invertas","description":"FKP manometrinis sl\u0117gio jutiklis \u2013 patikimas sl\u0117gio matavimas dujoms ir skys\u010diams \u012fvairiose pramon\u0117s \u0161akose. Platus matavimo diapazonas.","robots":{"index":"index","follow":"follow","max-snippet":"max-snippet:-1","max-image-preview":"max-image-preview:large","max-video-preview":"max-video-preview:-1"},"canonical":"https:\/\/invertas.lt\/en\/produktai\/slegio-jutikliai\/manometrinis-slegio-siustuvas-fkp\/","og_locale":"en_GB","og_type":"article","og_title":"Fuji Electric manometrinis sl\u0117gio jutiklis \u2013 FKP - Invertas","og_description":"FKP manometrinis sl\u0117gio jutiklis \u2013 patikimas sl\u0117gio matavimas dujoms ir skys\u010diams \u012fvairiose pramon\u0117s \u0161akose. Platus matavimo diapazonas.","og_url":"https:\/\/invertas.lt\/en\/produktai\/slegio-jutikliai\/manometrinis-slegio-siustuvas-fkp\/","og_site_name":"Invertas","article_modified_time":"2025-08-06T20:06:08+00:00","og_image":[{"width":682,"height":682,"url":"https:\/\/invertas.lt\/wp-content\/uploads\/2025\/04\/fkp-v6-t-vue-generale-diagonale-gauche-haut-header-fr-en.webp","type":"image\/webp"}],"twitter_card":"summary_large_image","twitter_misc":{"Estimated reading time":"1 minute"},"schema":{"@context":"https:\/\/schema.org","@graph":[{"@type":"WebPage","@id":"https:\/\/invertas.lt\/produktai\/slegio-jutikliai\/manometrinis-slegio-siustuvas-fkp\/","url":"https:\/\/invertas.lt\/produktai\/slegio-jutikliai\/manometrinis-slegio-siustuvas-fkp\/","name":"Fuji Electric manometrinis sl\u0117gio jutiklis \u2013 FKP - Invertas","isPartOf":{"@id":"https:\/\/invertas.lt\/#website"},"primaryImageOfPage":{"@id":"https:\/\/invertas.lt\/produktai\/slegio-jutikliai\/manometrinis-slegio-siustuvas-fkp\/#primaryimage"},"image":{"@id":"https:\/\/invertas.lt\/produktai\/slegio-jutikliai\/manometrinis-slegio-siustuvas-fkp\/#primaryimage"},"thumbnailUrl":"https:\/\/invertas.lt\/wp-content\/uploads\/2025\/04\/fkp-v6-t-vue-generale-diagonale-gauche-haut-header-fr-en.webp","datePublished":"2025-04-16T13:11:10+00:00","dateModified":"2025-08-06T20:06:08+00:00","description":"FKP manometrinis sl\u0117gio jutiklis \u2013 patikimas sl\u0117gio matavimas dujoms ir skys\u010diams \u012fvairiose pramon\u0117s \u0161akose. Platus matavimo diapazonas.","breadcrumb":{"@id":"https:\/\/invertas.lt\/produktai\/slegio-jutikliai\/manometrinis-slegio-siustuvas-fkp\/#breadcrumb"},"inLanguage":"en-GB","potentialAction":[{"@type":"ReadAction","target":["https:\/\/invertas.lt\/produktai\/slegio-jutikliai\/manometrinis-slegio-siustuvas-fkp\/"]}]},{"@type":"ImageObject","inLanguage":"en-GB","@id":"https:\/\/invertas.lt\/produktai\/slegio-jutikliai\/manometrinis-slegio-siustuvas-fkp\/#primaryimage","url":"https:\/\/invertas.lt\/wp-content\/uploads\/2025\/04\/fkp-v6-t-vue-generale-diagonale-gauche-haut-header-fr-en.webp","contentUrl":"https:\/\/invertas.lt\/wp-content\/uploads\/2025\/04\/fkp-v6-t-vue-generale-diagonale-gauche-haut-header-fr-en.webp","width":682,"height":682},{"@type":"BreadcrumbList","@id":"https:\/\/invertas.lt\/produktai\/slegio-jutikliai\/manometrinis-slegio-siustuvas-fkp\/#breadcrumb","itemListElement":[{"@type":"ListItem","position":1,"name":"Prad\u017eia","item":"https:\/\/invertas.lt\/"},{"@type":"ListItem","position":2,"name":"Products","item":"https:\/\/invertas.lt\/shop\/"},{"@type":"ListItem","position":3,"name":"Sl\u0117gio jutikliai","item":"https:\/\/invertas.lt\/.\/slegio-jutikliai\/"},{"@type":"ListItem","position":4,"name":"Fuji Electric manometrinis sl\u0117gio jutiklis \u2013 FKP"}]},{"@type":"WebSite","@id":"https:\/\/invertas.lt\/#website","url":"https:\/\/invertas.lt\/","name":"Invert","description":"","publisher":{"@id":"https:\/\/invertas.lt\/#organization"},"potentialAction":[{"@type":"SearchAction","target":{"@type":"EntryPoint","urlTemplate":"https:\/\/invertas.lt\/?s={search_term_string}"},"query-input":{"@type":"PropertyValueSpecification","valueRequired":true,"valueName":"search_term_string"}}],"inLanguage":"en-GB"},{"@type":"Organization","@id":"https:\/\/invertas.lt\/#organization","name":"Invert","url":"https:\/\/invertas.lt\/","logo":{"@type":"ImageObject","inLanguage":"en-GB","@id":"https:\/\/invertas.lt\/#\/schema\/logo\/image\/","url":"https:\/\/invertas.lt\/wp-content\/uploads\/2025\/03\/New-Text-Document-2.svg","contentUrl":"https:\/\/invertas.lt\/wp-content\/uploads\/2025\/03\/New-Text-Document-2.svg","width":140,"height":39,"caption":"Invertas"},"image":{"@id":"https:\/\/invertas.lt\/#\/schema\/logo\/image\/"}}]}},"_links":{"self":[{"href":"https:\/\/invertas.lt\/en\/wp-json\/wp\/v2\/product\/3249","targetHints":{"allow":["GET"]}}],"collection":[{"href":"https:\/\/invertas.lt\/en\/wp-json\/wp\/v2\/product"}],"about":[{"href":"https:\/\/invertas.lt\/en\/wp-json\/wp\/v2\/types\/product"}],"replies":[{"embeddable":true,"href":"https:\/\/invertas.lt\/en\/wp-json\/wp\/v2\/comments?post=3249"}],"wp:featuredmedia":[{"embeddable":true,"href":"https:\/\/invertas.lt\/en\/wp-json\/wp\/v2\/media\/3298"}],"wp:attachment":[{"href":"https:\/\/invertas.lt\/en\/wp-json\/wp\/v2\/media?parent=3249"}],"wp:term":[{"taxonomy":"product_brand","embeddable":true,"href":"https:\/\/invertas.lt\/en\/wp-json\/wp\/v2\/product_brand?post=3249"},{"taxonomy":"product_cat","embeddable":true,"href":"https:\/\/invertas.lt\/en\/wp-json\/wp\/v2\/product_cat?post=3249"},{"taxonomy":"product_tag","embeddable":true,"href":"https:\/\/invertas.lt\/en\/wp-json\/wp\/v2\/product_tag?post=3249"}],"curies":[{"name":"wp","href":"https:\/\/api.w.org\/{rel}","templated":true}]}}