{"id":3150,"date":"2025-04-15T17:27:22","date_gmt":"2025-04-15T17:27:22","guid":{"rendered":"https:\/\/aurimasb15.sg-host.com\/?post_type=product&#038;p=3150"},"modified":"2025-08-06T20:05:10","modified_gmt":"2025-08-06T20:05:10","slug":"absoliutaus-slegio-siustuvas-fkh","status":"publish","type":"product","link":"https:\/\/invertas.lt\/en\/produktai\/slegio-jutikliai\/absoliutaus-slegio-siustuvas-fkh\/","title":{"rendered":"Fuji Electric absolute pressure sensor \u2013 FKH"},"content":{"rendered":"<h3 data-start=\"0\" data-end=\"18\"><strong data-start=\"0\" data-end=\"18\">Fields of application<\/strong><\/h3>\n<p class=\"\" data-start=\"20\" data-end=\"196\">The direct-mount absolute pressure sensor FKH allows for precise measurement of any compressed gas or liquid using a fixed vacuum pressure as a reference point.<\/p>\n<h3 data-start=\"198\" data-end=\"209\"><strong data-start=\"198\" data-end=\"209\">Features<\/strong><\/h3>\n<ul>\n<li data-start=\"213\" data-end=\"244\">Barometric pressure measurement<\/li>\n<li data-start=\"247\" data-end=\"282\">Not affected by atmospheric pressure<\/li>\n<li data-start=\"285\" data-end=\"322\">High repeatability and accuracy<\/li>\n<li data-start=\"325\" data-end=\"346\">Long-term stability<\/li>\n<\/ul>","protected":false},"excerpt":{"rendered":"<p>Taikymo sritys Tiesioginio montavimo absoliutaus sl\u0117gio jutiklis FKH leid\u017eia tiksliai matuoti bet kokias susl\u0117gtas dujas ar skys\u010dius, naudojant fiksuot\u0105 vakuumin\u012f sl\u0117g\u012f kaip atskaitos ta\u0161k\u0105. Savyb\u0117s Barometrinio sl\u0117gio matavimas Nepaveikiamas atmosferinio sl\u0117gio Didelis pakartojamumas ir tikslumas Ilgalaikis stabilumas<\/p>","protected":false},"featured_media":3187,"comment_status":"open","ping_status":"closed","template":"","meta":{"_acf_changed":false,"inline_featured_image":false},"product_brand":[],"product_cat":[41],"product_tag":[],"class_list":{"0":"post-3150","1":"product","2":"type-product","3":"status-publish","4":"has-post-thumbnail","6":"product_cat-slegio-jutikliai","8":"first","9":"instock","10":"shipping-taxable","11":"purchasable","12":"product-type-variable"},"acf":[],"yoast_head":"<!-- This site is optimized with the Yoast SEO plugin v25.5 - https:\/\/yoast.com\/wordpress\/plugins\/seo\/ -->\n<title>Fuji Electric absoliutaus sl\u0117gio jutiklis \u2013 FKH - Invertas<\/title>\n<meta name=\"description\" content=\"Tiesioginio montavimo absoliutaus sl\u0117gio jutiklis FKH \u2013 patikimas ir tikslus sl\u0117gio matavimas dujoms ar skys\u010diams, nepriklausomas nuo atmosferos s\u0105lyg\u0173.\" \/>\n<meta name=\"robots\" content=\"index, follow, max-snippet:-1, max-image-preview:large, max-video-preview:-1\" \/>\n<link rel=\"canonical\" href=\"https:\/\/invertas.lt\/en\/produktai\/slegio-jutikliai\/absoliutaus-slegio-siustuvas-fkh\/\" \/>\n<meta property=\"og:locale\" content=\"en_GB\" \/>\n<meta property=\"og:type\" content=\"article\" \/>\n<meta property=\"og:title\" content=\"Fuji Electric absoliutaus sl\u0117gio jutiklis \u2013 FKH - Invertas\" \/>\n<meta property=\"og:description\" content=\"Tiesioginio montavimo absoliutaus sl\u0117gio jutiklis FKH \u2013 patikimas ir tikslus sl\u0117gio matavimas dujoms ar skys\u010diams, nepriklausomas nuo atmosferos s\u0105lyg\u0173.\" \/>\n<meta property=\"og:url\" content=\"https:\/\/invertas.lt\/en\/produktai\/slegio-jutikliai\/absoliutaus-slegio-siustuvas-fkh\/\" \/>\n<meta property=\"og:site_name\" content=\"Invertas\" \/>\n<meta property=\"article:modified_time\" content=\"2025-08-06T20:05:10+00:00\" \/>\n<meta property=\"og:image\" content=\"https:\/\/invertas.lt\/wp-content\/uploads\/2025\/04\/fkh-v6-vue-diagonale-gauche-haut-fr-en.webp\" \/>\n\t<meta property=\"og:image:width\" content=\"682\" \/>\n\t<meta property=\"og:image:height\" content=\"682\" \/>\n\t<meta property=\"og:image:type\" content=\"image\/webp\" \/>\n<meta name=\"twitter:card\" content=\"summary_large_image\" \/>\n<meta name=\"twitter:label1\" content=\"Estimated reading time\" \/>\n\t<meta name=\"twitter:data1\" content=\"1 minute\" \/>\n<script type=\"application\/ld+json\" class=\"yoast-schema-graph\">{\"@context\":\"https:\/\/schema.org\",\"@graph\":[{\"@type\":\"WebPage\",\"@id\":\"https:\/\/invertas.lt\/produktai\/slegio-jutikliai\/absoliutaus-slegio-siustuvas-fkh\/\",\"url\":\"https:\/\/invertas.lt\/produktai\/slegio-jutikliai\/absoliutaus-slegio-siustuvas-fkh\/\",\"name\":\"Fuji Electric absoliutaus sl\u0117gio jutiklis \u2013 FKH - Invertas\",\"isPartOf\":{\"@id\":\"https:\/\/invertas.lt\/#website\"},\"primaryImageOfPage\":{\"@id\":\"https:\/\/invertas.lt\/produktai\/slegio-jutikliai\/absoliutaus-slegio-siustuvas-fkh\/#primaryimage\"},\"image\":{\"@id\":\"https:\/\/invertas.lt\/produktai\/slegio-jutikliai\/absoliutaus-slegio-siustuvas-fkh\/#primaryimage\"},\"thumbnailUrl\":\"https:\/\/invertas.lt\/wp-content\/uploads\/2025\/04\/fkh-v6-vue-diagonale-gauche-haut-fr-en.webp\",\"datePublished\":\"2025-04-15T17:27:22+00:00\",\"dateModified\":\"2025-08-06T20:05:10+00:00\",\"description\":\"Tiesioginio montavimo absoliutaus sl\u0117gio jutiklis FKH \u2013 patikimas ir tikslus sl\u0117gio matavimas dujoms ar skys\u010diams, nepriklausomas nuo atmosferos s\u0105lyg\u0173.\",\"breadcrumb\":{\"@id\":\"https:\/\/invertas.lt\/produktai\/slegio-jutikliai\/absoliutaus-slegio-siustuvas-fkh\/#breadcrumb\"},\"inLanguage\":\"en-GB\",\"potentialAction\":[{\"@type\":\"ReadAction\",\"target\":[\"https:\/\/invertas.lt\/produktai\/slegio-jutikliai\/absoliutaus-slegio-siustuvas-fkh\/\"]}]},{\"@type\":\"ImageObject\",\"inLanguage\":\"en-GB\",\"@id\":\"https:\/\/invertas.lt\/produktai\/slegio-jutikliai\/absoliutaus-slegio-siustuvas-fkh\/#primaryimage\",\"url\":\"https:\/\/invertas.lt\/wp-content\/uploads\/2025\/04\/fkh-v6-vue-diagonale-gauche-haut-fr-en.webp\",\"contentUrl\":\"https:\/\/invertas.lt\/wp-content\/uploads\/2025\/04\/fkh-v6-vue-diagonale-gauche-haut-fr-en.webp\",\"width\":682,\"height\":682},{\"@type\":\"BreadcrumbList\",\"@id\":\"https:\/\/invertas.lt\/produktai\/slegio-jutikliai\/absoliutaus-slegio-siustuvas-fkh\/#breadcrumb\",\"itemListElement\":[{\"@type\":\"ListItem\",\"position\":1,\"name\":\"Prad\u017eia\",\"item\":\"https:\/\/invertas.lt\/\"},{\"@type\":\"ListItem\",\"position\":2,\"name\":\"Products\",\"item\":\"https:\/\/invertas.lt\/shop\/\"},{\"@type\":\"ListItem\",\"position\":3,\"name\":\"Sl\u0117gio jutikliai\",\"item\":\"https:\/\/invertas.lt\/.\/slegio-jutikliai\/\"},{\"@type\":\"ListItem\",\"position\":4,\"name\":\"Fuji Electric absoliutaus sl\u0117gio jutiklis \u2013 FKH\"}]},{\"@type\":\"WebSite\",\"@id\":\"https:\/\/invertas.lt\/#website\",\"url\":\"https:\/\/invertas.lt\/\",\"name\":\"Invertas\",\"description\":\"\",\"publisher\":{\"@id\":\"https:\/\/invertas.lt\/#organization\"},\"potentialAction\":[{\"@type\":\"SearchAction\",\"target\":{\"@type\":\"EntryPoint\",\"urlTemplate\":\"https:\/\/invertas.lt\/?s={search_term_string}\"},\"query-input\":{\"@type\":\"PropertyValueSpecification\",\"valueRequired\":true,\"valueName\":\"search_term_string\"}}],\"inLanguage\":\"en-GB\"},{\"@type\":\"Organization\",\"@id\":\"https:\/\/invertas.lt\/#organization\",\"name\":\"Invertas\",\"url\":\"https:\/\/invertas.lt\/\",\"logo\":{\"@type\":\"ImageObject\",\"inLanguage\":\"en-GB\",\"@id\":\"https:\/\/invertas.lt\/#\/schema\/logo\/image\/\",\"url\":\"https:\/\/invertas.lt\/wp-content\/uploads\/2025\/03\/New-Text-Document-2.svg\",\"contentUrl\":\"https:\/\/invertas.lt\/wp-content\/uploads\/2025\/03\/New-Text-Document-2.svg\",\"width\":140,\"height\":39,\"caption\":\"Invertas\"},\"image\":{\"@id\":\"https:\/\/invertas.lt\/#\/schema\/logo\/image\/\"}}]}<\/script>\n<!-- \/ Yoast SEO plugin. -->","yoast_head_json":{"title":"Fuji Electric absoliutaus sl\u0117gio jutiklis \u2013 FKH - Invertas","description":"Tiesioginio montavimo absoliutaus sl\u0117gio jutiklis FKH \u2013 patikimas ir tikslus sl\u0117gio matavimas dujoms ar skys\u010diams, nepriklausomas nuo atmosferos s\u0105lyg\u0173.","robots":{"index":"index","follow":"follow","max-snippet":"max-snippet:-1","max-image-preview":"max-image-preview:large","max-video-preview":"max-video-preview:-1"},"canonical":"https:\/\/invertas.lt\/en\/produktai\/slegio-jutikliai\/absoliutaus-slegio-siustuvas-fkh\/","og_locale":"en_GB","og_type":"article","og_title":"Fuji Electric absoliutaus sl\u0117gio jutiklis \u2013 FKH - Invertas","og_description":"Tiesioginio montavimo absoliutaus sl\u0117gio jutiklis FKH \u2013 patikimas ir tikslus sl\u0117gio matavimas dujoms ar skys\u010diams, nepriklausomas nuo atmosferos s\u0105lyg\u0173.","og_url":"https:\/\/invertas.lt\/en\/produktai\/slegio-jutikliai\/absoliutaus-slegio-siustuvas-fkh\/","og_site_name":"Invertas","article_modified_time":"2025-08-06T20:05:10+00:00","og_image":[{"width":682,"height":682,"url":"https:\/\/invertas.lt\/wp-content\/uploads\/2025\/04\/fkh-v6-vue-diagonale-gauche-haut-fr-en.webp","type":"image\/webp"}],"twitter_card":"summary_large_image","twitter_misc":{"Estimated reading time":"1 minute"},"schema":{"@context":"https:\/\/schema.org","@graph":[{"@type":"WebPage","@id":"https:\/\/invertas.lt\/produktai\/slegio-jutikliai\/absoliutaus-slegio-siustuvas-fkh\/","url":"https:\/\/invertas.lt\/produktai\/slegio-jutikliai\/absoliutaus-slegio-siustuvas-fkh\/","name":"Fuji Electric absoliutaus sl\u0117gio jutiklis \u2013 FKH - Invertas","isPartOf":{"@id":"https:\/\/invertas.lt\/#website"},"primaryImageOfPage":{"@id":"https:\/\/invertas.lt\/produktai\/slegio-jutikliai\/absoliutaus-slegio-siustuvas-fkh\/#primaryimage"},"image":{"@id":"https:\/\/invertas.lt\/produktai\/slegio-jutikliai\/absoliutaus-slegio-siustuvas-fkh\/#primaryimage"},"thumbnailUrl":"https:\/\/invertas.lt\/wp-content\/uploads\/2025\/04\/fkh-v6-vue-diagonale-gauche-haut-fr-en.webp","datePublished":"2025-04-15T17:27:22+00:00","dateModified":"2025-08-06T20:05:10+00:00","description":"Tiesioginio montavimo absoliutaus sl\u0117gio jutiklis FKH \u2013 patikimas ir tikslus sl\u0117gio matavimas dujoms ar skys\u010diams, nepriklausomas nuo atmosferos s\u0105lyg\u0173.","breadcrumb":{"@id":"https:\/\/invertas.lt\/produktai\/slegio-jutikliai\/absoliutaus-slegio-siustuvas-fkh\/#breadcrumb"},"inLanguage":"en-GB","potentialAction":[{"@type":"ReadAction","target":["https:\/\/invertas.lt\/produktai\/slegio-jutikliai\/absoliutaus-slegio-siustuvas-fkh\/"]}]},{"@type":"ImageObject","inLanguage":"en-GB","@id":"https:\/\/invertas.lt\/produktai\/slegio-jutikliai\/absoliutaus-slegio-siustuvas-fkh\/#primaryimage","url":"https:\/\/invertas.lt\/wp-content\/uploads\/2025\/04\/fkh-v6-vue-diagonale-gauche-haut-fr-en.webp","contentUrl":"https:\/\/invertas.lt\/wp-content\/uploads\/2025\/04\/fkh-v6-vue-diagonale-gauche-haut-fr-en.webp","width":682,"height":682},{"@type":"BreadcrumbList","@id":"https:\/\/invertas.lt\/produktai\/slegio-jutikliai\/absoliutaus-slegio-siustuvas-fkh\/#breadcrumb","itemListElement":[{"@type":"ListItem","position":1,"name":"Prad\u017eia","item":"https:\/\/invertas.lt\/"},{"@type":"ListItem","position":2,"name":"Products","item":"https:\/\/invertas.lt\/shop\/"},{"@type":"ListItem","position":3,"name":"Sl\u0117gio jutikliai","item":"https:\/\/invertas.lt\/.\/slegio-jutikliai\/"},{"@type":"ListItem","position":4,"name":"Fuji Electric absoliutaus sl\u0117gio jutiklis \u2013 FKH"}]},{"@type":"WebSite","@id":"https:\/\/invertas.lt\/#website","url":"https:\/\/invertas.lt\/","name":"Invert","description":"","publisher":{"@id":"https:\/\/invertas.lt\/#organization"},"potentialAction":[{"@type":"SearchAction","target":{"@type":"EntryPoint","urlTemplate":"https:\/\/invertas.lt\/?s={search_term_string}"},"query-input":{"@type":"PropertyValueSpecification","valueRequired":true,"valueName":"search_term_string"}}],"inLanguage":"en-GB"},{"@type":"Organization","@id":"https:\/\/invertas.lt\/#organization","name":"Invert","url":"https:\/\/invertas.lt\/","logo":{"@type":"ImageObject","inLanguage":"en-GB","@id":"https:\/\/invertas.lt\/#\/schema\/logo\/image\/","url":"https:\/\/invertas.lt\/wp-content\/uploads\/2025\/03\/New-Text-Document-2.svg","contentUrl":"https:\/\/invertas.lt\/wp-content\/uploads\/2025\/03\/New-Text-Document-2.svg","width":140,"height":39,"caption":"Invertas"},"image":{"@id":"https:\/\/invertas.lt\/#\/schema\/logo\/image\/"}}]}},"_links":{"self":[{"href":"https:\/\/invertas.lt\/en\/wp-json\/wp\/v2\/product\/3150","targetHints":{"allow":["GET"]}}],"collection":[{"href":"https:\/\/invertas.lt\/en\/wp-json\/wp\/v2\/product"}],"about":[{"href":"https:\/\/invertas.lt\/en\/wp-json\/wp\/v2\/types\/product"}],"replies":[{"embeddable":true,"href":"https:\/\/invertas.lt\/en\/wp-json\/wp\/v2\/comments?post=3150"}],"wp:featuredmedia":[{"embeddable":true,"href":"https:\/\/invertas.lt\/en\/wp-json\/wp\/v2\/media\/3187"}],"wp:attachment":[{"href":"https:\/\/invertas.lt\/en\/wp-json\/wp\/v2\/media?parent=3150"}],"wp:term":[{"taxonomy":"product_brand","embeddable":true,"href":"https:\/\/invertas.lt\/en\/wp-json\/wp\/v2\/product_brand?post=3150"},{"taxonomy":"product_cat","embeddable":true,"href":"https:\/\/invertas.lt\/en\/wp-json\/wp\/v2\/product_cat?post=3150"},{"taxonomy":"product_tag","embeddable":true,"href":"https:\/\/invertas.lt\/en\/wp-json\/wp\/v2\/product_tag?post=3150"}],"curies":[{"name":"wp","href":"https:\/\/api.w.org\/{rel}","templated":true}]}}