{"id":2953,"date":"2025-04-15T12:04:30","date_gmt":"2025-04-15T12:04:30","guid":{"rendered":"https:\/\/aurimasb15.sg-host.com\/?post_type=product&#038;p=2953"},"modified":"2025-08-06T20:02:12","modified_gmt":"2025-08-06T20:02:12","slug":"manometrinio-slegio-siustuvas-fkg","status":"publish","type":"product","link":"https:\/\/invertas.lt\/en\/produktai\/slegio-jutikliai\/manometrinio-slegio-siustuvas-fkg\/","title":{"rendered":"Fuji Electric gauge pressure transmitter \u2013 FKG"},"content":{"rendered":"<h3 data-start=\"0\" data-end=\"18\"><strong data-start=\"0\" data-end=\"18\">Fields of application<\/strong><\/h3>\n<p class=\"\" data-start=\"20\" data-end=\"195\">The gauge pressure transmitter FKG can be used in a variety of industries to measure the pressure of any pressurized gas or fluid in pipes or vessels.<\/p>\n<h3 data-start=\"0\" data-end=\"11\"><strong data-start=\"0\" data-end=\"11\">Features<\/strong><\/h3>\n<ul>\n<li data-start=\"15\" data-end=\"49\">High accuracy and reliability<\/li>\n<li data-start=\"52\" data-end=\"81\">Minimal influence on the environment<\/li>\n<li data-start=\"84\" data-end=\"112\">Wide measurement ranges<\/li>\n<li data-start=\"115\" data-end=\"126\">Economical<\/li>\n<\/ul>","protected":false},"excerpt":{"rendered":"<p>Taikymo sritys Manometrinio sl\u0117gio si\u0173stuvas FKG gali b\u016bti naudojamas \u012fvairiose pramon\u0117s \u0161akose sl\u0117giui matuoti bet kuriame susl\u0117gtame dujiniame ar skystame terp\u0117je vamzdynuose arba talpose. Savyb\u0117s Didelis tikslumas ir patikimumas Minimalus poveikis aplinkai Platus matavimo diapazonas Ekonomi\u0161kas<\/p>","protected":false},"featured_media":2954,"comment_status":"open","ping_status":"closed","template":"","meta":{"_acf_changed":false,"inline_featured_image":false},"product_brand":[],"product_cat":[41],"product_tag":[],"class_list":{"0":"post-2953","1":"product","2":"type-product","3":"status-publish","4":"has-post-thumbnail","6":"product_cat-slegio-jutikliai","8":"first","9":"instock","10":"shipping-taxable","11":"purchasable","12":"product-type-variable"},"acf":[],"yoast_head":"<!-- This site is optimized with the Yoast SEO plugin v25.5 - https:\/\/yoast.com\/wordpress\/plugins\/seo\/ -->\n<title>Fuji Electric manometrinio sl\u0117gio si\u0173stuvas \u2013 FKG - Invertas<\/title>\n<meta name=\"description\" content=\"Manometrinio sl\u0117gio si\u0173stuvas FKG \u2013 patikimas ir ekonomi\u0161kas sprendimas sl\u0117gio matavimui skys\u010diuose ir dujose pramonin\u0117se sistemose.\" \/>\n<meta name=\"robots\" content=\"index, follow, max-snippet:-1, max-image-preview:large, max-video-preview:-1\" \/>\n<link rel=\"canonical\" href=\"https:\/\/invertas.lt\/en\/produktai\/slegio-jutikliai\/manometrinio-slegio-siustuvas-fkg\/\" \/>\n<meta property=\"og:locale\" content=\"en_GB\" \/>\n<meta property=\"og:type\" content=\"article\" \/>\n<meta property=\"og:title\" content=\"Fuji Electric manometrinio sl\u0117gio si\u0173stuvas \u2013 FKG - Invertas\" \/>\n<meta property=\"og:description\" content=\"Manometrinio sl\u0117gio si\u0173stuvas FKG \u2013 patikimas ir ekonomi\u0161kas sprendimas sl\u0117gio matavimui skys\u010diuose ir dujose pramonin\u0117se sistemose.\" \/>\n<meta property=\"og:url\" content=\"https:\/\/invertas.lt\/en\/produktai\/slegio-jutikliai\/manometrinio-slegio-siustuvas-fkg\/\" \/>\n<meta property=\"og:site_name\" content=\"Invertas\" \/>\n<meta property=\"article:modified_time\" content=\"2025-08-06T20:02:12+00:00\" \/>\n<meta property=\"og:image\" content=\"https:\/\/invertas.lt\/wp-content\/uploads\/2025\/04\/fkg-v6-vue-generale-diagonale-gauche-haut-header-fr-en.webp\" \/>\n\t<meta property=\"og:image:width\" content=\"682\" \/>\n\t<meta property=\"og:image:height\" content=\"682\" \/>\n\t<meta property=\"og:image:type\" content=\"image\/webp\" \/>\n<meta name=\"twitter:card\" content=\"summary_large_image\" \/>\n<meta name=\"twitter:label1\" content=\"Estimated reading time\" \/>\n\t<meta name=\"twitter:data1\" content=\"1 minute\" \/>\n<script type=\"application\/ld+json\" class=\"yoast-schema-graph\">{\"@context\":\"https:\/\/schema.org\",\"@graph\":[{\"@type\":\"WebPage\",\"@id\":\"https:\/\/invertas.lt\/produktai\/slegio-jutikliai\/manometrinio-slegio-siustuvas-fkg\/\",\"url\":\"https:\/\/invertas.lt\/produktai\/slegio-jutikliai\/manometrinio-slegio-siustuvas-fkg\/\",\"name\":\"Fuji Electric manometrinio sl\u0117gio si\u0173stuvas \u2013 FKG - Invertas\",\"isPartOf\":{\"@id\":\"https:\/\/invertas.lt\/#website\"},\"primaryImageOfPage\":{\"@id\":\"https:\/\/invertas.lt\/produktai\/slegio-jutikliai\/manometrinio-slegio-siustuvas-fkg\/#primaryimage\"},\"image\":{\"@id\":\"https:\/\/invertas.lt\/produktai\/slegio-jutikliai\/manometrinio-slegio-siustuvas-fkg\/#primaryimage\"},\"thumbnailUrl\":\"https:\/\/invertas.lt\/wp-content\/uploads\/2025\/04\/fkg-v6-vue-generale-diagonale-gauche-haut-header-fr-en.webp\",\"datePublished\":\"2025-04-15T12:04:30+00:00\",\"dateModified\":\"2025-08-06T20:02:12+00:00\",\"description\":\"Manometrinio sl\u0117gio si\u0173stuvas FKG \u2013 patikimas ir ekonomi\u0161kas sprendimas sl\u0117gio matavimui skys\u010diuose ir dujose pramonin\u0117se sistemose.\",\"breadcrumb\":{\"@id\":\"https:\/\/invertas.lt\/produktai\/slegio-jutikliai\/manometrinio-slegio-siustuvas-fkg\/#breadcrumb\"},\"inLanguage\":\"en-GB\",\"potentialAction\":[{\"@type\":\"ReadAction\",\"target\":[\"https:\/\/invertas.lt\/produktai\/slegio-jutikliai\/manometrinio-slegio-siustuvas-fkg\/\"]}]},{\"@type\":\"ImageObject\",\"inLanguage\":\"en-GB\",\"@id\":\"https:\/\/invertas.lt\/produktai\/slegio-jutikliai\/manometrinio-slegio-siustuvas-fkg\/#primaryimage\",\"url\":\"https:\/\/invertas.lt\/wp-content\/uploads\/2025\/04\/fkg-v6-vue-generale-diagonale-gauche-haut-header-fr-en.webp\",\"contentUrl\":\"https:\/\/invertas.lt\/wp-content\/uploads\/2025\/04\/fkg-v6-vue-generale-diagonale-gauche-haut-header-fr-en.webp\",\"width\":682,\"height\":682},{\"@type\":\"BreadcrumbList\",\"@id\":\"https:\/\/invertas.lt\/produktai\/slegio-jutikliai\/manometrinio-slegio-siustuvas-fkg\/#breadcrumb\",\"itemListElement\":[{\"@type\":\"ListItem\",\"position\":1,\"name\":\"Prad\u017eia\",\"item\":\"https:\/\/invertas.lt\/\"},{\"@type\":\"ListItem\",\"position\":2,\"name\":\"Products\",\"item\":\"https:\/\/invertas.lt\/shop\/\"},{\"@type\":\"ListItem\",\"position\":3,\"name\":\"Sl\u0117gio jutikliai\",\"item\":\"https:\/\/invertas.lt\/.\/slegio-jutikliai\/\"},{\"@type\":\"ListItem\",\"position\":4,\"name\":\"Fuji Electric manometrinio sl\u0117gio si\u0173stuvas \u2013 FKG\"}]},{\"@type\":\"WebSite\",\"@id\":\"https:\/\/invertas.lt\/#website\",\"url\":\"https:\/\/invertas.lt\/\",\"name\":\"Invertas\",\"description\":\"\",\"publisher\":{\"@id\":\"https:\/\/invertas.lt\/#organization\"},\"potentialAction\":[{\"@type\":\"SearchAction\",\"target\":{\"@type\":\"EntryPoint\",\"urlTemplate\":\"https:\/\/invertas.lt\/?s={search_term_string}\"},\"query-input\":{\"@type\":\"PropertyValueSpecification\",\"valueRequired\":true,\"valueName\":\"search_term_string\"}}],\"inLanguage\":\"en-GB\"},{\"@type\":\"Organization\",\"@id\":\"https:\/\/invertas.lt\/#organization\",\"name\":\"Invertas\",\"url\":\"https:\/\/invertas.lt\/\",\"logo\":{\"@type\":\"ImageObject\",\"inLanguage\":\"en-GB\",\"@id\":\"https:\/\/invertas.lt\/#\/schema\/logo\/image\/\",\"url\":\"https:\/\/invertas.lt\/wp-content\/uploads\/2025\/03\/New-Text-Document-2.svg\",\"contentUrl\":\"https:\/\/invertas.lt\/wp-content\/uploads\/2025\/03\/New-Text-Document-2.svg\",\"width\":140,\"height\":39,\"caption\":\"Invertas\"},\"image\":{\"@id\":\"https:\/\/invertas.lt\/#\/schema\/logo\/image\/\"}}]}<\/script>\n<!-- \/ Yoast SEO plugin. -->","yoast_head_json":{"title":"Fuji Electric manometrinio sl\u0117gio si\u0173stuvas \u2013 FKG - Invertas","description":"Manometrinio sl\u0117gio si\u0173stuvas FKG \u2013 patikimas ir ekonomi\u0161kas sprendimas sl\u0117gio matavimui skys\u010diuose ir dujose pramonin\u0117se sistemose.","robots":{"index":"index","follow":"follow","max-snippet":"max-snippet:-1","max-image-preview":"max-image-preview:large","max-video-preview":"max-video-preview:-1"},"canonical":"https:\/\/invertas.lt\/en\/produktai\/slegio-jutikliai\/manometrinio-slegio-siustuvas-fkg\/","og_locale":"en_GB","og_type":"article","og_title":"Fuji Electric manometrinio sl\u0117gio si\u0173stuvas \u2013 FKG - Invertas","og_description":"Manometrinio sl\u0117gio si\u0173stuvas FKG \u2013 patikimas ir ekonomi\u0161kas sprendimas sl\u0117gio matavimui skys\u010diuose ir dujose pramonin\u0117se sistemose.","og_url":"https:\/\/invertas.lt\/en\/produktai\/slegio-jutikliai\/manometrinio-slegio-siustuvas-fkg\/","og_site_name":"Invertas","article_modified_time":"2025-08-06T20:02:12+00:00","og_image":[{"width":682,"height":682,"url":"https:\/\/invertas.lt\/wp-content\/uploads\/2025\/04\/fkg-v6-vue-generale-diagonale-gauche-haut-header-fr-en.webp","type":"image\/webp"}],"twitter_card":"summary_large_image","twitter_misc":{"Estimated reading time":"1 minute"},"schema":{"@context":"https:\/\/schema.org","@graph":[{"@type":"WebPage","@id":"https:\/\/invertas.lt\/produktai\/slegio-jutikliai\/manometrinio-slegio-siustuvas-fkg\/","url":"https:\/\/invertas.lt\/produktai\/slegio-jutikliai\/manometrinio-slegio-siustuvas-fkg\/","name":"Fuji Electric manometrinio sl\u0117gio si\u0173stuvas \u2013 FKG - Invertas","isPartOf":{"@id":"https:\/\/invertas.lt\/#website"},"primaryImageOfPage":{"@id":"https:\/\/invertas.lt\/produktai\/slegio-jutikliai\/manometrinio-slegio-siustuvas-fkg\/#primaryimage"},"image":{"@id":"https:\/\/invertas.lt\/produktai\/slegio-jutikliai\/manometrinio-slegio-siustuvas-fkg\/#primaryimage"},"thumbnailUrl":"https:\/\/invertas.lt\/wp-content\/uploads\/2025\/04\/fkg-v6-vue-generale-diagonale-gauche-haut-header-fr-en.webp","datePublished":"2025-04-15T12:04:30+00:00","dateModified":"2025-08-06T20:02:12+00:00","description":"Manometrinio sl\u0117gio si\u0173stuvas FKG \u2013 patikimas ir ekonomi\u0161kas sprendimas sl\u0117gio matavimui skys\u010diuose ir dujose pramonin\u0117se sistemose.","breadcrumb":{"@id":"https:\/\/invertas.lt\/produktai\/slegio-jutikliai\/manometrinio-slegio-siustuvas-fkg\/#breadcrumb"},"inLanguage":"en-GB","potentialAction":[{"@type":"ReadAction","target":["https:\/\/invertas.lt\/produktai\/slegio-jutikliai\/manometrinio-slegio-siustuvas-fkg\/"]}]},{"@type":"ImageObject","inLanguage":"en-GB","@id":"https:\/\/invertas.lt\/produktai\/slegio-jutikliai\/manometrinio-slegio-siustuvas-fkg\/#primaryimage","url":"https:\/\/invertas.lt\/wp-content\/uploads\/2025\/04\/fkg-v6-vue-generale-diagonale-gauche-haut-header-fr-en.webp","contentUrl":"https:\/\/invertas.lt\/wp-content\/uploads\/2025\/04\/fkg-v6-vue-generale-diagonale-gauche-haut-header-fr-en.webp","width":682,"height":682},{"@type":"BreadcrumbList","@id":"https:\/\/invertas.lt\/produktai\/slegio-jutikliai\/manometrinio-slegio-siustuvas-fkg\/#breadcrumb","itemListElement":[{"@type":"ListItem","position":1,"name":"Prad\u017eia","item":"https:\/\/invertas.lt\/"},{"@type":"ListItem","position":2,"name":"Products","item":"https:\/\/invertas.lt\/shop\/"},{"@type":"ListItem","position":3,"name":"Sl\u0117gio jutikliai","item":"https:\/\/invertas.lt\/.\/slegio-jutikliai\/"},{"@type":"ListItem","position":4,"name":"Fuji Electric manometrinio sl\u0117gio si\u0173stuvas \u2013 FKG"}]},{"@type":"WebSite","@id":"https:\/\/invertas.lt\/#website","url":"https:\/\/invertas.lt\/","name":"Invert","description":"","publisher":{"@id":"https:\/\/invertas.lt\/#organization"},"potentialAction":[{"@type":"SearchAction","target":{"@type":"EntryPoint","urlTemplate":"https:\/\/invertas.lt\/?s={search_term_string}"},"query-input":{"@type":"PropertyValueSpecification","valueRequired":true,"valueName":"search_term_string"}}],"inLanguage":"en-GB"},{"@type":"Organization","@id":"https:\/\/invertas.lt\/#organization","name":"Invert","url":"https:\/\/invertas.lt\/","logo":{"@type":"ImageObject","inLanguage":"en-GB","@id":"https:\/\/invertas.lt\/#\/schema\/logo\/image\/","url":"https:\/\/invertas.lt\/wp-content\/uploads\/2025\/03\/New-Text-Document-2.svg","contentUrl":"https:\/\/invertas.lt\/wp-content\/uploads\/2025\/03\/New-Text-Document-2.svg","width":140,"height":39,"caption":"Invertas"},"image":{"@id":"https:\/\/invertas.lt\/#\/schema\/logo\/image\/"}}]}},"_links":{"self":[{"href":"https:\/\/invertas.lt\/en\/wp-json\/wp\/v2\/product\/2953","targetHints":{"allow":["GET"]}}],"collection":[{"href":"https:\/\/invertas.lt\/en\/wp-json\/wp\/v2\/product"}],"about":[{"href":"https:\/\/invertas.lt\/en\/wp-json\/wp\/v2\/types\/product"}],"replies":[{"embeddable":true,"href":"https:\/\/invertas.lt\/en\/wp-json\/wp\/v2\/comments?post=2953"}],"wp:featuredmedia":[{"embeddable":true,"href":"https:\/\/invertas.lt\/en\/wp-json\/wp\/v2\/media\/2954"}],"wp:attachment":[{"href":"https:\/\/invertas.lt\/en\/wp-json\/wp\/v2\/media?parent=2953"}],"wp:term":[{"taxonomy":"product_brand","embeddable":true,"href":"https:\/\/invertas.lt\/en\/wp-json\/wp\/v2\/product_brand?post=2953"},{"taxonomy":"product_cat","embeddable":true,"href":"https:\/\/invertas.lt\/en\/wp-json\/wp\/v2\/product_cat?post=2953"},{"taxonomy":"product_tag","embeddable":true,"href":"https:\/\/invertas.lt\/en\/wp-json\/wp\/v2\/product_tag?post=2953"}],"curies":[{"name":"wp","href":"https:\/\/api.w.org\/{rel}","templated":true}]}}