{"id":2809,"date":"2025-04-09T10:52:54","date_gmt":"2025-04-09T10:52:54","guid":{"rendered":"https:\/\/aurimasb15.sg-host.com\/?post_type=product&#038;p=2809"},"modified":"2025-08-06T20:02:52","modified_gmt":"2025-08-06T20:02:52","slug":"differential-pressure-transmitter-fkc","status":"publish","type":"product","link":"https:\/\/invertas.lt\/en\/produktai\/slegio-jutikliai\/differential-pressure-transmitter-fkc\/","title":{"rendered":"Fuji Electric differential pressure sensor \u2013 FKC"},"content":{"rendered":"<h3 data-start=\"0\" data-end=\"14\">Fields of application<\/h3>\n<p class=\"\" data-start=\"16\" data-end=\"183\">The FKC differential pressure sensor is used in various applications such as level measurement, flow measurement, density measurement, filtration and phase boundary measurement.<\/p>\n<h3 data-start=\"16\" data-end=\"183\">Features<\/h3>\n<ul>\n<li>High measurement accuracy<\/li>\n<li>Measurement of very low and very high static pressures<\/li>\n<li>Resistant to extreme temperatures and harsh environments<\/li>\n<\/ul>","protected":false},"excerpt":{"rendered":"<p>Taikymo sritys Diferencinio sl\u0117gio jutiklis FKC naudojamas \u012fvairiose srityse, tokiose kaip lygio matavimas, srauto matavimas, tankio matavimas, filtravimas ir fazi\u0173 ribos matavimas. Savyb\u0117s Didelis matavimo tikslumas Galimyb\u0117 matuoti tiek labai \u017eemus, tiek labai auk\u0161tus statinius sl\u0117gius Atsparumas ekstremalioms temperat\u016broms ir at\u0161iaurioms aplinkos s\u0105lygoms<\/p>","protected":false},"featured_media":2814,"comment_status":"open","ping_status":"closed","template":"","meta":{"_acf_changed":false,"inline_featured_image":false},"product_brand":[],"product_cat":[41],"product_tag":[],"class_list":{"0":"post-2809","1":"product","2":"type-product","3":"status-publish","4":"has-post-thumbnail","6":"product_cat-slegio-jutikliai","8":"first","9":"instock","10":"shipping-taxable","11":"purchasable","12":"product-type-variable"},"acf":[],"yoast_head":"<!-- This site is optimized with the Yoast SEO plugin v25.5 - https:\/\/yoast.com\/wordpress\/plugins\/seo\/ -->\n<title>Fuji Electric differencinio sl\u0117gio jutiklis \u2013 FKC - Invertas<\/title>\n<meta name=\"description\" content=\"Diferencinio sl\u0117gio jutiklis FKC \u2013 tikslus ir patikimas sprendimas lygio, srauto, tankio bei filtravimo matavimams net sud\u0117tingose s\u0105lygose.\" \/>\n<meta name=\"robots\" content=\"index, follow, max-snippet:-1, max-image-preview:large, max-video-preview:-1\" \/>\n<link rel=\"canonical\" href=\"https:\/\/invertas.lt\/en\/produktai\/slegio-jutikliai\/differential-pressure-transmitter-fkc\/\" \/>\n<meta property=\"og:locale\" content=\"en_GB\" \/>\n<meta property=\"og:type\" content=\"article\" \/>\n<meta property=\"og:title\" content=\"Fuji Electric differencinio sl\u0117gio jutiklis \u2013 FKC - Invertas\" \/>\n<meta property=\"og:description\" content=\"Diferencinio sl\u0117gio jutiklis FKC \u2013 tikslus ir patikimas sprendimas lygio, srauto, tankio bei filtravimo matavimams net sud\u0117tingose s\u0105lygose.\" \/>\n<meta property=\"og:url\" content=\"https:\/\/invertas.lt\/en\/produktai\/slegio-jutikliai\/differential-pressure-transmitter-fkc\/\" \/>\n<meta property=\"og:site_name\" content=\"Invertas\" \/>\n<meta property=\"article:modified_time\" content=\"2025-08-06T20:02:52+00:00\" \/>\n<meta property=\"og:image\" content=\"https:\/\/invertas.lt\/wp-content\/uploads\/2025\/04\/fkc-v6-l-vue-generale-diagonale-gauche-haut-header-fr-en.webp\" \/>\n\t<meta property=\"og:image:width\" content=\"682\" \/>\n\t<meta property=\"og:image:height\" content=\"682\" \/>\n\t<meta property=\"og:image:type\" content=\"image\/webp\" \/>\n<meta name=\"twitter:card\" content=\"summary_large_image\" \/>\n<meta name=\"twitter:label1\" content=\"Estimated reading time\" \/>\n\t<meta name=\"twitter:data1\" content=\"1 minute\" \/>\n<script type=\"application\/ld+json\" class=\"yoast-schema-graph\">{\"@context\":\"https:\/\/schema.org\",\"@graph\":[{\"@type\":\"WebPage\",\"@id\":\"https:\/\/invertas.lt\/produktai\/slegio-jutikliai\/differential-pressure-transmitter-fkc\/\",\"url\":\"https:\/\/invertas.lt\/produktai\/slegio-jutikliai\/differential-pressure-transmitter-fkc\/\",\"name\":\"Fuji Electric differencinio sl\u0117gio jutiklis \u2013 FKC - Invertas\",\"isPartOf\":{\"@id\":\"https:\/\/invertas.lt\/#website\"},\"primaryImageOfPage\":{\"@id\":\"https:\/\/invertas.lt\/produktai\/slegio-jutikliai\/differential-pressure-transmitter-fkc\/#primaryimage\"},\"image\":{\"@id\":\"https:\/\/invertas.lt\/produktai\/slegio-jutikliai\/differential-pressure-transmitter-fkc\/#primaryimage\"},\"thumbnailUrl\":\"https:\/\/invertas.lt\/wp-content\/uploads\/2025\/04\/fkc-v6-l-vue-generale-diagonale-gauche-haut-header-fr-en.webp\",\"datePublished\":\"2025-04-09T10:52:54+00:00\",\"dateModified\":\"2025-08-06T20:02:52+00:00\",\"description\":\"Diferencinio sl\u0117gio jutiklis FKC \u2013 tikslus ir patikimas sprendimas lygio, srauto, tankio bei filtravimo matavimams net sud\u0117tingose s\u0105lygose.\",\"breadcrumb\":{\"@id\":\"https:\/\/invertas.lt\/produktai\/slegio-jutikliai\/differential-pressure-transmitter-fkc\/#breadcrumb\"},\"inLanguage\":\"en-GB\",\"potentialAction\":[{\"@type\":\"ReadAction\",\"target\":[\"https:\/\/invertas.lt\/produktai\/slegio-jutikliai\/differential-pressure-transmitter-fkc\/\"]}]},{\"@type\":\"ImageObject\",\"inLanguage\":\"en-GB\",\"@id\":\"https:\/\/invertas.lt\/produktai\/slegio-jutikliai\/differential-pressure-transmitter-fkc\/#primaryimage\",\"url\":\"https:\/\/invertas.lt\/wp-content\/uploads\/2025\/04\/fkc-v6-l-vue-generale-diagonale-gauche-haut-header-fr-en.webp\",\"contentUrl\":\"https:\/\/invertas.lt\/wp-content\/uploads\/2025\/04\/fkc-v6-l-vue-generale-diagonale-gauche-haut-header-fr-en.webp\",\"width\":682,\"height\":682,\"caption\":\"differential pressure transmitter FKC\"},{\"@type\":\"BreadcrumbList\",\"@id\":\"https:\/\/invertas.lt\/produktai\/slegio-jutikliai\/differential-pressure-transmitter-fkc\/#breadcrumb\",\"itemListElement\":[{\"@type\":\"ListItem\",\"position\":1,\"name\":\"Prad\u017eia\",\"item\":\"https:\/\/invertas.lt\/\"},{\"@type\":\"ListItem\",\"position\":2,\"name\":\"Products\",\"item\":\"https:\/\/invertas.lt\/shop\/\"},{\"@type\":\"ListItem\",\"position\":3,\"name\":\"Sl\u0117gio jutikliai\",\"item\":\"https:\/\/invertas.lt\/.\/slegio-jutikliai\/\"},{\"@type\":\"ListItem\",\"position\":4,\"name\":\"Fuji Electric differencinio sl\u0117gio jutiklis \u2013 FKC\"}]},{\"@type\":\"WebSite\",\"@id\":\"https:\/\/invertas.lt\/#website\",\"url\":\"https:\/\/invertas.lt\/\",\"name\":\"Invertas\",\"description\":\"\",\"publisher\":{\"@id\":\"https:\/\/invertas.lt\/#organization\"},\"potentialAction\":[{\"@type\":\"SearchAction\",\"target\":{\"@type\":\"EntryPoint\",\"urlTemplate\":\"https:\/\/invertas.lt\/?s={search_term_string}\"},\"query-input\":{\"@type\":\"PropertyValueSpecification\",\"valueRequired\":true,\"valueName\":\"search_term_string\"}}],\"inLanguage\":\"en-GB\"},{\"@type\":\"Organization\",\"@id\":\"https:\/\/invertas.lt\/#organization\",\"name\":\"Invertas\",\"url\":\"https:\/\/invertas.lt\/\",\"logo\":{\"@type\":\"ImageObject\",\"inLanguage\":\"en-GB\",\"@id\":\"https:\/\/invertas.lt\/#\/schema\/logo\/image\/\",\"url\":\"https:\/\/invertas.lt\/wp-content\/uploads\/2025\/03\/New-Text-Document-2.svg\",\"contentUrl\":\"https:\/\/invertas.lt\/wp-content\/uploads\/2025\/03\/New-Text-Document-2.svg\",\"width\":140,\"height\":39,\"caption\":\"Invertas\"},\"image\":{\"@id\":\"https:\/\/invertas.lt\/#\/schema\/logo\/image\/\"}}]}<\/script>\n<!-- \/ Yoast SEO plugin. -->","yoast_head_json":{"title":"Fuji Electric differencinio sl\u0117gio jutiklis \u2013 FKC - Invertas","description":"Diferencinio sl\u0117gio jutiklis FKC \u2013 tikslus ir patikimas sprendimas lygio, srauto, tankio bei filtravimo matavimams net sud\u0117tingose s\u0105lygose.","robots":{"index":"index","follow":"follow","max-snippet":"max-snippet:-1","max-image-preview":"max-image-preview:large","max-video-preview":"max-video-preview:-1"},"canonical":"https:\/\/invertas.lt\/en\/produktai\/slegio-jutikliai\/differential-pressure-transmitter-fkc\/","og_locale":"en_GB","og_type":"article","og_title":"Fuji Electric differencinio sl\u0117gio jutiklis \u2013 FKC - Invertas","og_description":"Diferencinio sl\u0117gio jutiklis FKC \u2013 tikslus ir patikimas sprendimas lygio, srauto, tankio bei filtravimo matavimams net sud\u0117tingose s\u0105lygose.","og_url":"https:\/\/invertas.lt\/en\/produktai\/slegio-jutikliai\/differential-pressure-transmitter-fkc\/","og_site_name":"Invertas","article_modified_time":"2025-08-06T20:02:52+00:00","og_image":[{"width":682,"height":682,"url":"https:\/\/invertas.lt\/wp-content\/uploads\/2025\/04\/fkc-v6-l-vue-generale-diagonale-gauche-haut-header-fr-en.webp","type":"image\/webp"}],"twitter_card":"summary_large_image","twitter_misc":{"Estimated reading time":"1 minute"},"schema":{"@context":"https:\/\/schema.org","@graph":[{"@type":"WebPage","@id":"https:\/\/invertas.lt\/produktai\/slegio-jutikliai\/differential-pressure-transmitter-fkc\/","url":"https:\/\/invertas.lt\/produktai\/slegio-jutikliai\/differential-pressure-transmitter-fkc\/","name":"Fuji Electric differencinio sl\u0117gio jutiklis \u2013 FKC - Invertas","isPartOf":{"@id":"https:\/\/invertas.lt\/#website"},"primaryImageOfPage":{"@id":"https:\/\/invertas.lt\/produktai\/slegio-jutikliai\/differential-pressure-transmitter-fkc\/#primaryimage"},"image":{"@id":"https:\/\/invertas.lt\/produktai\/slegio-jutikliai\/differential-pressure-transmitter-fkc\/#primaryimage"},"thumbnailUrl":"https:\/\/invertas.lt\/wp-content\/uploads\/2025\/04\/fkc-v6-l-vue-generale-diagonale-gauche-haut-header-fr-en.webp","datePublished":"2025-04-09T10:52:54+00:00","dateModified":"2025-08-06T20:02:52+00:00","description":"Diferencinio sl\u0117gio jutiklis FKC \u2013 tikslus ir patikimas sprendimas lygio, srauto, tankio bei filtravimo matavimams net sud\u0117tingose s\u0105lygose.","breadcrumb":{"@id":"https:\/\/invertas.lt\/produktai\/slegio-jutikliai\/differential-pressure-transmitter-fkc\/#breadcrumb"},"inLanguage":"en-GB","potentialAction":[{"@type":"ReadAction","target":["https:\/\/invertas.lt\/produktai\/slegio-jutikliai\/differential-pressure-transmitter-fkc\/"]}]},{"@type":"ImageObject","inLanguage":"en-GB","@id":"https:\/\/invertas.lt\/produktai\/slegio-jutikliai\/differential-pressure-transmitter-fkc\/#primaryimage","url":"https:\/\/invertas.lt\/wp-content\/uploads\/2025\/04\/fkc-v6-l-vue-generale-diagonale-gauche-haut-header-fr-en.webp","contentUrl":"https:\/\/invertas.lt\/wp-content\/uploads\/2025\/04\/fkc-v6-l-vue-generale-diagonale-gauche-haut-header-fr-en.webp","width":682,"height":682,"caption":"differential pressure transmitter FKC"},{"@type":"BreadcrumbList","@id":"https:\/\/invertas.lt\/produktai\/slegio-jutikliai\/differential-pressure-transmitter-fkc\/#breadcrumb","itemListElement":[{"@type":"ListItem","position":1,"name":"Prad\u017eia","item":"https:\/\/invertas.lt\/"},{"@type":"ListItem","position":2,"name":"Products","item":"https:\/\/invertas.lt\/shop\/"},{"@type":"ListItem","position":3,"name":"Sl\u0117gio jutikliai","item":"https:\/\/invertas.lt\/.\/slegio-jutikliai\/"},{"@type":"ListItem","position":4,"name":"Fuji Electric differencinio sl\u0117gio jutiklis \u2013 FKC"}]},{"@type":"WebSite","@id":"https:\/\/invertas.lt\/#website","url":"https:\/\/invertas.lt\/","name":"Invert","description":"","publisher":{"@id":"https:\/\/invertas.lt\/#organization"},"potentialAction":[{"@type":"SearchAction","target":{"@type":"EntryPoint","urlTemplate":"https:\/\/invertas.lt\/?s={search_term_string}"},"query-input":{"@type":"PropertyValueSpecification","valueRequired":true,"valueName":"search_term_string"}}],"inLanguage":"en-GB"},{"@type":"Organization","@id":"https:\/\/invertas.lt\/#organization","name":"Invert","url":"https:\/\/invertas.lt\/","logo":{"@type":"ImageObject","inLanguage":"en-GB","@id":"https:\/\/invertas.lt\/#\/schema\/logo\/image\/","url":"https:\/\/invertas.lt\/wp-content\/uploads\/2025\/03\/New-Text-Document-2.svg","contentUrl":"https:\/\/invertas.lt\/wp-content\/uploads\/2025\/03\/New-Text-Document-2.svg","width":140,"height":39,"caption":"Invertas"},"image":{"@id":"https:\/\/invertas.lt\/#\/schema\/logo\/image\/"}}]}},"_links":{"self":[{"href":"https:\/\/invertas.lt\/en\/wp-json\/wp\/v2\/product\/2809","targetHints":{"allow":["GET"]}}],"collection":[{"href":"https:\/\/invertas.lt\/en\/wp-json\/wp\/v2\/product"}],"about":[{"href":"https:\/\/invertas.lt\/en\/wp-json\/wp\/v2\/types\/product"}],"replies":[{"embeddable":true,"href":"https:\/\/invertas.lt\/en\/wp-json\/wp\/v2\/comments?post=2809"}],"wp:featuredmedia":[{"embeddable":true,"href":"https:\/\/invertas.lt\/en\/wp-json\/wp\/v2\/media\/2814"}],"wp:attachment":[{"href":"https:\/\/invertas.lt\/en\/wp-json\/wp\/v2\/media?parent=2809"}],"wp:term":[{"taxonomy":"product_brand","embeddable":true,"href":"https:\/\/invertas.lt\/en\/wp-json\/wp\/v2\/product_brand?post=2809"},{"taxonomy":"product_cat","embeddable":true,"href":"https:\/\/invertas.lt\/en\/wp-json\/wp\/v2\/product_cat?post=2809"},{"taxonomy":"product_tag","embeddable":true,"href":"https:\/\/invertas.lt\/en\/wp-json\/wp\/v2\/product_tag?post=2809"}],"curies":[{"name":"wp","href":"https:\/\/api.w.org\/{rel}","templated":true}]}}