{"id":10822,"date":"2025-10-10T10:27:26","date_gmt":"2025-10-10T10:27:26","guid":{"rendered":"https:\/\/invertas.lt\/?post_type=product&#038;p=10822"},"modified":"2025-10-15T19:28:35","modified_gmt":"2025-10-15T19:28:35","slug":"kietuju-medziagu-dregmes-matuoklis-t8","status":"publish","type":"product","link":"https:\/\/invertas.lt\/en\/produktai\/dregmes-matavimas\/kietuju-medziagu-dregmes-matuoklis-t8\/","title":{"rendered":"Finna Sensors solids moisture meter T8"},"content":{"rendered":"<p data-start=\"0\" data-end=\"15\"><strong data-start=\"0\" data-end=\"13\">Description<\/strong><\/p>\n<p data-start=\"17\" data-end=\"103\">Model T8 \u2013 non-destructive moisture meter for thin, flat or curved materials.<\/p>\n<p data-start=\"105\" data-end=\"119\"><strong data-start=\"105\" data-end=\"117\">Features:<\/strong><\/p>\n<ul>\n<li data-start=\"122\" data-end=\"166\">RF capacitive method, penetration 3\u20136 mm.<\/li>\n<li data-start=\"169\" data-end=\"208\">4 sensitivity levels, range 0-35 %.<\/li>\n<li data-start=\"211\" data-end=\"266\">Built-in standards and trimmers for quick calibration.<\/li>\n<li data-start=\"269\" data-end=\"318\">Durable, lightweight, comfortable to use with one hand.<\/li>\n<li data-start=\"321\" data-end=\"379\">Rechargeable Ni-Cd battery, case and instructions included.<\/li>\n<\/ul>","protected":false},"excerpt":{"rendered":"<p>Apra\u0161ymas Model T8 \u2013 neardomas dr\u0117gm\u0117s matuoklis plonoms, plok\u0161\u010dioms ar i\u0161lenktoms med\u017eiagoms. Savyb\u0117s: RF talpinis metodas, \u012fsiskverbimas 3\u20136 mm. 4 jautrumo lygiai, diapazonas 0\u201335 %. \u012emontuoti etalonai ir trimeriai greitam kalibravimui. Patvarus, lengvas, patogus naudoti viena ranka. \u012ekraunama Ni-Cd baterija, komplekte d\u0117klas ir instrukcija.<\/p>","protected":false},"featured_media":10823,"comment_status":"open","ping_status":"closed","template":"","meta":{"_acf_changed":false,"inline_featured_image":false},"product_brand":[],"product_cat":[609],"product_tag":[618,617,607,623,622],"class_list":{"0":"post-10822","1":"product","2":"type-product","3":"status-publish","4":"has-post-thumbnail","6":"product_cat-dregmes-matavimas","7":"product_tag-dregmes-matavimas","8":"product_tag-finna-sensors","9":"product_tag-invertas","10":"product_tag-moisture-measurement","11":"product_tag-omnir","13":"first","14":"instock","15":"shipping-taxable","16":"purchasable","17":"product-type-simple"},"acf":[],"yoast_head":"<!-- This site is optimized with the Yoast SEO plugin v25.5 - https:\/\/yoast.com\/wordpress\/plugins\/seo\/ -->\n<title>Finna Sensors kiet\u0173j\u0173 med\u017eiag\u0173 dr\u0117gm\u0117s matuoklis T8 - Invertas<\/title>\n<meta name=\"description\" content=\"Pa\u017eang\u016bs dr\u0117gm\u0117s matavimo sprendimai biokuro, gr\u016bd\u0173, chemijos, anglies ir kit\u0173 aplikacij\u0173 i\u0161 lyderiaujan\u010dio JAV gamintojo Finna Sensors.\" \/>\n<meta name=\"robots\" content=\"index, follow, max-snippet:-1, max-image-preview:large, max-video-preview:-1\" \/>\n<link rel=\"canonical\" href=\"https:\/\/invertas.lt\/en\/produktai\/dregmes-matavimas\/kietuju-medziagu-dregmes-matuoklis-t8\/\" \/>\n<meta property=\"og:locale\" content=\"en_GB\" \/>\n<meta property=\"og:type\" content=\"article\" \/>\n<meta property=\"og:title\" content=\"Finna Sensors kiet\u0173j\u0173 med\u017eiag\u0173 dr\u0117gm\u0117s matuoklis T8 - Invertas\" \/>\n<meta property=\"og:description\" content=\"Pa\u017eang\u016bs dr\u0117gm\u0117s matavimo sprendimai biokuro, gr\u016bd\u0173, chemijos, anglies ir kit\u0173 aplikacij\u0173 i\u0161 lyderiaujan\u010dio JAV gamintojo Finna Sensors.\" \/>\n<meta property=\"og:url\" content=\"https:\/\/invertas.lt\/en\/produktai\/dregmes-matavimas\/kietuju-medziagu-dregmes-matuoklis-t8\/\" \/>\n<meta property=\"og:site_name\" content=\"Invertas\" \/>\n<meta property=\"article:modified_time\" content=\"2025-10-15T19:28:35+00:00\" \/>\n<meta property=\"og:image\" content=\"https:\/\/invertas.lt\/wp-content\/uploads\/2025\/10\/4594575-18955301.webp\" \/>\n\t<meta property=\"og:image:width\" content=\"700\" \/>\n\t<meta property=\"og:image:height\" content=\"700\" \/>\n\t<meta property=\"og:image:type\" content=\"image\/webp\" \/>\n<meta name=\"twitter:card\" content=\"summary_large_image\" \/>\n<meta name=\"twitter:label1\" content=\"Estimated reading time\" \/>\n\t<meta name=\"twitter:data1\" content=\"1 minute\" \/>\n<script type=\"application\/ld+json\" class=\"yoast-schema-graph\">{\"@context\":\"https:\/\/schema.org\",\"@graph\":[{\"@type\":\"WebPage\",\"@id\":\"https:\/\/invertas.lt\/produktai\/dregmes-matavimas\/kietuju-medziagu-dregmes-matuoklis-t8\/\",\"url\":\"https:\/\/invertas.lt\/produktai\/dregmes-matavimas\/kietuju-medziagu-dregmes-matuoklis-t8\/\",\"name\":\"Finna Sensors kiet\u0173j\u0173 med\u017eiag\u0173 dr\u0117gm\u0117s matuoklis T8 - Invertas\",\"isPartOf\":{\"@id\":\"https:\/\/invertas.lt\/#website\"},\"primaryImageOfPage\":{\"@id\":\"https:\/\/invertas.lt\/produktai\/dregmes-matavimas\/kietuju-medziagu-dregmes-matuoklis-t8\/#primaryimage\"},\"image\":{\"@id\":\"https:\/\/invertas.lt\/produktai\/dregmes-matavimas\/kietuju-medziagu-dregmes-matuoklis-t8\/#primaryimage\"},\"thumbnailUrl\":\"https:\/\/invertas.lt\/wp-content\/uploads\/2025\/10\/4594575-18955301.webp\",\"datePublished\":\"2025-10-10T10:27:26+00:00\",\"dateModified\":\"2025-10-15T19:28:35+00:00\",\"description\":\"Pa\u017eang\u016bs dr\u0117gm\u0117s matavimo sprendimai biokuro, gr\u016bd\u0173, chemijos, anglies ir kit\u0173 aplikacij\u0173 i\u0161 lyderiaujan\u010dio JAV gamintojo Finna Sensors.\",\"breadcrumb\":{\"@id\":\"https:\/\/invertas.lt\/produktai\/dregmes-matavimas\/kietuju-medziagu-dregmes-matuoklis-t8\/#breadcrumb\"},\"inLanguage\":\"en-GB\",\"potentialAction\":[{\"@type\":\"ReadAction\",\"target\":[\"https:\/\/invertas.lt\/produktai\/dregmes-matavimas\/kietuju-medziagu-dregmes-matuoklis-t8\/\"]}]},{\"@type\":\"ImageObject\",\"inLanguage\":\"en-GB\",\"@id\":\"https:\/\/invertas.lt\/produktai\/dregmes-matavimas\/kietuju-medziagu-dregmes-matuoklis-t8\/#primaryimage\",\"url\":\"https:\/\/invertas.lt\/wp-content\/uploads\/2025\/10\/4594575-18955301.webp\",\"contentUrl\":\"https:\/\/invertas.lt\/wp-content\/uploads\/2025\/10\/4594575-18955301.webp\",\"width\":700,\"height\":700},{\"@type\":\"BreadcrumbList\",\"@id\":\"https:\/\/invertas.lt\/produktai\/dregmes-matavimas\/kietuju-medziagu-dregmes-matuoklis-t8\/#breadcrumb\",\"itemListElement\":[{\"@type\":\"ListItem\",\"position\":1,\"name\":\"Prad\u017eia\",\"item\":\"https:\/\/invertas.lt\/\"},{\"@type\":\"ListItem\",\"position\":2,\"name\":\"Products\",\"item\":\"https:\/\/invertas.lt\/shop\/\"},{\"@type\":\"ListItem\",\"position\":3,\"name\":\"Dr\u0117gm\u0117s matuokliai\",\"item\":\"https:\/\/invertas.lt\/.\/dregmes-matavimas\/\"},{\"@type\":\"ListItem\",\"position\":4,\"name\":\"Finna Sensors kiet\u0173j\u0173 med\u017eiag\u0173 dr\u0117gm\u0117s matuoklis T8\"}]},{\"@type\":\"WebSite\",\"@id\":\"https:\/\/invertas.lt\/#website\",\"url\":\"https:\/\/invertas.lt\/\",\"name\":\"Invertas\",\"description\":\"\",\"publisher\":{\"@id\":\"https:\/\/invertas.lt\/#organization\"},\"potentialAction\":[{\"@type\":\"SearchAction\",\"target\":{\"@type\":\"EntryPoint\",\"urlTemplate\":\"https:\/\/invertas.lt\/?s={search_term_string}\"},\"query-input\":{\"@type\":\"PropertyValueSpecification\",\"valueRequired\":true,\"valueName\":\"search_term_string\"}}],\"inLanguage\":\"en-GB\"},{\"@type\":\"Organization\",\"@id\":\"https:\/\/invertas.lt\/#organization\",\"name\":\"Invertas\",\"url\":\"https:\/\/invertas.lt\/\",\"logo\":{\"@type\":\"ImageObject\",\"inLanguage\":\"en-GB\",\"@id\":\"https:\/\/invertas.lt\/#\/schema\/logo\/image\/\",\"url\":\"https:\/\/invertas.lt\/wp-content\/uploads\/2025\/03\/New-Text-Document-2.svg\",\"contentUrl\":\"https:\/\/invertas.lt\/wp-content\/uploads\/2025\/03\/New-Text-Document-2.svg\",\"width\":140,\"height\":39,\"caption\":\"Invertas\"},\"image\":{\"@id\":\"https:\/\/invertas.lt\/#\/schema\/logo\/image\/\"}}]}<\/script>\n<!-- \/ Yoast SEO plugin. -->","yoast_head_json":{"title":"Finna Sensors kiet\u0173j\u0173 med\u017eiag\u0173 dr\u0117gm\u0117s matuoklis T8 - Invertas","description":"Pa\u017eang\u016bs dr\u0117gm\u0117s matavimo sprendimai biokuro, gr\u016bd\u0173, chemijos, anglies ir kit\u0173 aplikacij\u0173 i\u0161 lyderiaujan\u010dio JAV gamintojo Finna Sensors.","robots":{"index":"index","follow":"follow","max-snippet":"max-snippet:-1","max-image-preview":"max-image-preview:large","max-video-preview":"max-video-preview:-1"},"canonical":"https:\/\/invertas.lt\/en\/produktai\/dregmes-matavimas\/kietuju-medziagu-dregmes-matuoklis-t8\/","og_locale":"en_GB","og_type":"article","og_title":"Finna Sensors kiet\u0173j\u0173 med\u017eiag\u0173 dr\u0117gm\u0117s matuoklis T8 - Invertas","og_description":"Pa\u017eang\u016bs dr\u0117gm\u0117s matavimo sprendimai biokuro, gr\u016bd\u0173, chemijos, anglies ir kit\u0173 aplikacij\u0173 i\u0161 lyderiaujan\u010dio JAV gamintojo Finna Sensors.","og_url":"https:\/\/invertas.lt\/en\/produktai\/dregmes-matavimas\/kietuju-medziagu-dregmes-matuoklis-t8\/","og_site_name":"Invertas","article_modified_time":"2025-10-15T19:28:35+00:00","og_image":[{"width":700,"height":700,"url":"https:\/\/invertas.lt\/wp-content\/uploads\/2025\/10\/4594575-18955301.webp","type":"image\/webp"}],"twitter_card":"summary_large_image","twitter_misc":{"Estimated reading time":"1 minute"},"schema":{"@context":"https:\/\/schema.org","@graph":[{"@type":"WebPage","@id":"https:\/\/invertas.lt\/produktai\/dregmes-matavimas\/kietuju-medziagu-dregmes-matuoklis-t8\/","url":"https:\/\/invertas.lt\/produktai\/dregmes-matavimas\/kietuju-medziagu-dregmes-matuoklis-t8\/","name":"Finna Sensors kiet\u0173j\u0173 med\u017eiag\u0173 dr\u0117gm\u0117s matuoklis T8 - Invertas","isPartOf":{"@id":"https:\/\/invertas.lt\/#website"},"primaryImageOfPage":{"@id":"https:\/\/invertas.lt\/produktai\/dregmes-matavimas\/kietuju-medziagu-dregmes-matuoklis-t8\/#primaryimage"},"image":{"@id":"https:\/\/invertas.lt\/produktai\/dregmes-matavimas\/kietuju-medziagu-dregmes-matuoklis-t8\/#primaryimage"},"thumbnailUrl":"https:\/\/invertas.lt\/wp-content\/uploads\/2025\/10\/4594575-18955301.webp","datePublished":"2025-10-10T10:27:26+00:00","dateModified":"2025-10-15T19:28:35+00:00","description":"Pa\u017eang\u016bs dr\u0117gm\u0117s matavimo sprendimai biokuro, gr\u016bd\u0173, chemijos, anglies ir kit\u0173 aplikacij\u0173 i\u0161 lyderiaujan\u010dio JAV gamintojo Finna Sensors.","breadcrumb":{"@id":"https:\/\/invertas.lt\/produktai\/dregmes-matavimas\/kietuju-medziagu-dregmes-matuoklis-t8\/#breadcrumb"},"inLanguage":"en-GB","potentialAction":[{"@type":"ReadAction","target":["https:\/\/invertas.lt\/produktai\/dregmes-matavimas\/kietuju-medziagu-dregmes-matuoklis-t8\/"]}]},{"@type":"ImageObject","inLanguage":"en-GB","@id":"https:\/\/invertas.lt\/produktai\/dregmes-matavimas\/kietuju-medziagu-dregmes-matuoklis-t8\/#primaryimage","url":"https:\/\/invertas.lt\/wp-content\/uploads\/2025\/10\/4594575-18955301.webp","contentUrl":"https:\/\/invertas.lt\/wp-content\/uploads\/2025\/10\/4594575-18955301.webp","width":700,"height":700},{"@type":"BreadcrumbList","@id":"https:\/\/invertas.lt\/produktai\/dregmes-matavimas\/kietuju-medziagu-dregmes-matuoklis-t8\/#breadcrumb","itemListElement":[{"@type":"ListItem","position":1,"name":"Prad\u017eia","item":"https:\/\/invertas.lt\/"},{"@type":"ListItem","position":2,"name":"Products","item":"https:\/\/invertas.lt\/shop\/"},{"@type":"ListItem","position":3,"name":"Dr\u0117gm\u0117s matuokliai","item":"https:\/\/invertas.lt\/.\/dregmes-matavimas\/"},{"@type":"ListItem","position":4,"name":"Finna Sensors kiet\u0173j\u0173 med\u017eiag\u0173 dr\u0117gm\u0117s matuoklis T8"}]},{"@type":"WebSite","@id":"https:\/\/invertas.lt\/#website","url":"https:\/\/invertas.lt\/","name":"Invert","description":"","publisher":{"@id":"https:\/\/invertas.lt\/#organization"},"potentialAction":[{"@type":"SearchAction","target":{"@type":"EntryPoint","urlTemplate":"https:\/\/invertas.lt\/?s={search_term_string}"},"query-input":{"@type":"PropertyValueSpecification","valueRequired":true,"valueName":"search_term_string"}}],"inLanguage":"en-GB"},{"@type":"Organization","@id":"https:\/\/invertas.lt\/#organization","name":"Invert","url":"https:\/\/invertas.lt\/","logo":{"@type":"ImageObject","inLanguage":"en-GB","@id":"https:\/\/invertas.lt\/#\/schema\/logo\/image\/","url":"https:\/\/invertas.lt\/wp-content\/uploads\/2025\/03\/New-Text-Document-2.svg","contentUrl":"https:\/\/invertas.lt\/wp-content\/uploads\/2025\/03\/New-Text-Document-2.svg","width":140,"height":39,"caption":"Invertas"},"image":{"@id":"https:\/\/invertas.lt\/#\/schema\/logo\/image\/"}}]}},"_links":{"self":[{"href":"https:\/\/invertas.lt\/en\/wp-json\/wp\/v2\/product\/10822","targetHints":{"allow":["GET"]}}],"collection":[{"href":"https:\/\/invertas.lt\/en\/wp-json\/wp\/v2\/product"}],"about":[{"href":"https:\/\/invertas.lt\/en\/wp-json\/wp\/v2\/types\/product"}],"replies":[{"embeddable":true,"href":"https:\/\/invertas.lt\/en\/wp-json\/wp\/v2\/comments?post=10822"}],"wp:featuredmedia":[{"embeddable":true,"href":"https:\/\/invertas.lt\/en\/wp-json\/wp\/v2\/media\/10823"}],"wp:attachment":[{"href":"https:\/\/invertas.lt\/en\/wp-json\/wp\/v2\/media?parent=10822"}],"wp:term":[{"taxonomy":"product_brand","embeddable":true,"href":"https:\/\/invertas.lt\/en\/wp-json\/wp\/v2\/product_brand?post=10822"},{"taxonomy":"product_cat","embeddable":true,"href":"https:\/\/invertas.lt\/en\/wp-json\/wp\/v2\/product_cat?post=10822"},{"taxonomy":"product_tag","embeddable":true,"href":"https:\/\/invertas.lt\/en\/wp-json\/wp\/v2\/product_tag?post=10822"}],"curies":[{"name":"wp","href":"https:\/\/api.w.org\/{rel}","templated":true}]}}