{"id":10799,"date":"2025-10-10T09:17:51","date_gmt":"2025-10-10T09:17:51","guid":{"rendered":"https:\/\/invertas.lt\/?post_type=product&#038;p=10799"},"modified":"2025-10-15T19:25:16","modified_gmt":"2025-10-15T19:25:16","slug":"statybiniu-medziagu-dregmes-matuoklis-lgf2","status":"publish","type":"product","link":"https:\/\/invertas.lt\/en\/produktai\/dregmes-matavimas\/statybiniu-medziagu-dregmes-matuoklis-lgf2\/","title":{"rendered":"Finna Sensors building materials moisture meter LGF2"},"content":{"rendered":"<p data-start=\"0\" data-end=\"15\"><strong data-start=\"0\" data-end=\"13\">Description<\/strong><\/p>\n<p data-start=\"17\" data-end=\"137\">Model LGF-2 \u2013 dual-sensitivity drywall moisture meter designed for quick, non-destructive assessment of board moisture.<\/p>\n<p data-start=\"139\" data-end=\"153\"><strong data-start=\"139\" data-end=\"151\">Features:<\/strong><\/p>\n<ul>\n<li data-start=\"156\" data-end=\"200\">2 sensitivity modes: normal and \u00bd sensitivity<\/li>\n<li data-start=\"203\" data-end=\"257\">Low sensitivity suitable for dense or damp panels<\/li>\n<li data-start=\"260\" data-end=\"298\">Color indication for Dry\/OK\/Wet<\/li>\n<li data-start=\"301\" data-end=\"350\">Lightweight, mobile, suitable for moving panels<\/li>\n<li data-start=\"353\" data-end=\"399\">Includes NiMH battery, case, instructions<\/li>\n<li data-start=\"402\" data-end=\"427\">Power supply: 115\/220VAC<\/li>\n<\/ul>","protected":false},"excerpt":{"rendered":"<p>Apra\u0161ymas Model LGF-2 \u2013 dviej\u0173 jautrum\u0173 gipso kartono dr\u0117gm\u0117s matuoklis, skirtas greitam, neardomam plok\u0161\u010di\u0173 dr\u0117gnio vertinimui. Savyb\u0117s: 2 jautrumo r\u0117\u017eimai: normalus ir \u00bd jautrumo \u017demas jautrumas tinka tankioms ar dr\u0117gnoms plok\u0161t\u0117ms Spalvin\u0117 \u201eDry \/ OK \/ Wet\u201c indikacija Lengvas, mobilus, tinkamas judan\u010dioms plok\u0161t\u0117ms Komplekte NiMH baterija, d\u0117klas, instrukcija Maitinimas: 115 \/ 220 VAC<\/p>","protected":false},"featured_media":10800,"comment_status":"open","ping_status":"closed","template":"","meta":{"_acf_changed":false,"inline_featured_image":false},"product_brand":[],"product_cat":[609],"product_tag":[618,617,607,623,622],"class_list":{"0":"post-10799","1":"product","2":"type-product","3":"status-publish","4":"has-post-thumbnail","6":"product_cat-dregmes-matavimas","7":"product_tag-dregmes-matavimas","8":"product_tag-finna-sensors","9":"product_tag-invertas","10":"product_tag-moisture-measurement","11":"product_tag-omnir","13":"first","14":"instock","15":"shipping-taxable","16":"purchasable","17":"product-type-simple"},"acf":[],"yoast_head":"<!-- This site is optimized with the Yoast SEO plugin v25.5 - https:\/\/yoast.com\/wordpress\/plugins\/seo\/ -->\n<title>Finna Sensors statybini\u0173 med\u017eiag\u0173 dr\u0117gm\u0117s matuoklis LGF2 - Invertas<\/title>\n<meta name=\"description\" content=\"Pa\u017eang\u016bs dr\u0117gm\u0117s matavimo sprendimai biokuro, gr\u016bd\u0173, chemijos, anglies ir kit\u0173 aplikacij\u0173 i\u0161 lyderiaujan\u010dio JAV gamintojo Finna Sensors.\" \/>\n<meta name=\"robots\" content=\"index, follow, max-snippet:-1, max-image-preview:large, max-video-preview:-1\" \/>\n<link rel=\"canonical\" href=\"https:\/\/invertas.lt\/en\/produktai\/dregmes-matavimas\/statybiniu-medziagu-dregmes-matuoklis-lgf2\/\" \/>\n<meta property=\"og:locale\" content=\"en_GB\" \/>\n<meta property=\"og:type\" content=\"article\" \/>\n<meta property=\"og:title\" content=\"Finna Sensors statybini\u0173 med\u017eiag\u0173 dr\u0117gm\u0117s matuoklis LGF2 - Invertas\" \/>\n<meta property=\"og:description\" content=\"Pa\u017eang\u016bs dr\u0117gm\u0117s matavimo sprendimai biokuro, gr\u016bd\u0173, chemijos, anglies ir kit\u0173 aplikacij\u0173 i\u0161 lyderiaujan\u010dio JAV gamintojo Finna Sensors.\" \/>\n<meta property=\"og:url\" content=\"https:\/\/invertas.lt\/en\/produktai\/dregmes-matavimas\/statybiniu-medziagu-dregmes-matuoklis-lgf2\/\" \/>\n<meta property=\"og:site_name\" content=\"Invertas\" \/>\n<meta property=\"article:modified_time\" content=\"2025-10-15T19:25:16+00:00\" \/>\n<meta property=\"og:image\" content=\"https:\/\/invertas.lt\/wp-content\/uploads\/2025\/10\/4594575-18955212.webp\" \/>\n\t<meta property=\"og:image:width\" content=\"700\" \/>\n\t<meta property=\"og:image:height\" content=\"700\" \/>\n\t<meta property=\"og:image:type\" content=\"image\/webp\" \/>\n<meta name=\"twitter:card\" content=\"summary_large_image\" \/>\n<meta name=\"twitter:label1\" content=\"Estimated reading time\" \/>\n\t<meta name=\"twitter:data1\" content=\"1 minute\" \/>\n<script type=\"application\/ld+json\" class=\"yoast-schema-graph\">{\"@context\":\"https:\/\/schema.org\",\"@graph\":[{\"@type\":\"WebPage\",\"@id\":\"https:\/\/invertas.lt\/produktai\/dregmes-matavimas\/statybiniu-medziagu-dregmes-matuoklis-lgf2\/\",\"url\":\"https:\/\/invertas.lt\/produktai\/dregmes-matavimas\/statybiniu-medziagu-dregmes-matuoklis-lgf2\/\",\"name\":\"Finna Sensors statybini\u0173 med\u017eiag\u0173 dr\u0117gm\u0117s matuoklis LGF2 - Invertas\",\"isPartOf\":{\"@id\":\"https:\/\/invertas.lt\/#website\"},\"primaryImageOfPage\":{\"@id\":\"https:\/\/invertas.lt\/produktai\/dregmes-matavimas\/statybiniu-medziagu-dregmes-matuoklis-lgf2\/#primaryimage\"},\"image\":{\"@id\":\"https:\/\/invertas.lt\/produktai\/dregmes-matavimas\/statybiniu-medziagu-dregmes-matuoklis-lgf2\/#primaryimage\"},\"thumbnailUrl\":\"https:\/\/invertas.lt\/wp-content\/uploads\/2025\/10\/4594575-18955212.webp\",\"datePublished\":\"2025-10-10T09:17:51+00:00\",\"dateModified\":\"2025-10-15T19:25:16+00:00\",\"description\":\"Pa\u017eang\u016bs dr\u0117gm\u0117s matavimo sprendimai biokuro, gr\u016bd\u0173, chemijos, anglies ir kit\u0173 aplikacij\u0173 i\u0161 lyderiaujan\u010dio JAV gamintojo Finna Sensors.\",\"breadcrumb\":{\"@id\":\"https:\/\/invertas.lt\/produktai\/dregmes-matavimas\/statybiniu-medziagu-dregmes-matuoklis-lgf2\/#breadcrumb\"},\"inLanguage\":\"en-GB\",\"potentialAction\":[{\"@type\":\"ReadAction\",\"target\":[\"https:\/\/invertas.lt\/produktai\/dregmes-matavimas\/statybiniu-medziagu-dregmes-matuoklis-lgf2\/\"]}]},{\"@type\":\"ImageObject\",\"inLanguage\":\"en-GB\",\"@id\":\"https:\/\/invertas.lt\/produktai\/dregmes-matavimas\/statybiniu-medziagu-dregmes-matuoklis-lgf2\/#primaryimage\",\"url\":\"https:\/\/invertas.lt\/wp-content\/uploads\/2025\/10\/4594575-18955212.webp\",\"contentUrl\":\"https:\/\/invertas.lt\/wp-content\/uploads\/2025\/10\/4594575-18955212.webp\",\"width\":700,\"height\":700},{\"@type\":\"BreadcrumbList\",\"@id\":\"https:\/\/invertas.lt\/produktai\/dregmes-matavimas\/statybiniu-medziagu-dregmes-matuoklis-lgf2\/#breadcrumb\",\"itemListElement\":[{\"@type\":\"ListItem\",\"position\":1,\"name\":\"Prad\u017eia\",\"item\":\"https:\/\/invertas.lt\/\"},{\"@type\":\"ListItem\",\"position\":2,\"name\":\"Products\",\"item\":\"https:\/\/invertas.lt\/shop\/\"},{\"@type\":\"ListItem\",\"position\":3,\"name\":\"Dr\u0117gm\u0117s matuokliai\",\"item\":\"https:\/\/invertas.lt\/.\/dregmes-matavimas\/\"},{\"@type\":\"ListItem\",\"position\":4,\"name\":\"Finna Sensors statybini\u0173 med\u017eiag\u0173 dr\u0117gm\u0117s matuoklis LGF2\"}]},{\"@type\":\"WebSite\",\"@id\":\"https:\/\/invertas.lt\/#website\",\"url\":\"https:\/\/invertas.lt\/\",\"name\":\"Invertas\",\"description\":\"\",\"publisher\":{\"@id\":\"https:\/\/invertas.lt\/#organization\"},\"potentialAction\":[{\"@type\":\"SearchAction\",\"target\":{\"@type\":\"EntryPoint\",\"urlTemplate\":\"https:\/\/invertas.lt\/?s={search_term_string}\"},\"query-input\":{\"@type\":\"PropertyValueSpecification\",\"valueRequired\":true,\"valueName\":\"search_term_string\"}}],\"inLanguage\":\"en-GB\"},{\"@type\":\"Organization\",\"@id\":\"https:\/\/invertas.lt\/#organization\",\"name\":\"Invertas\",\"url\":\"https:\/\/invertas.lt\/\",\"logo\":{\"@type\":\"ImageObject\",\"inLanguage\":\"en-GB\",\"@id\":\"https:\/\/invertas.lt\/#\/schema\/logo\/image\/\",\"url\":\"https:\/\/invertas.lt\/wp-content\/uploads\/2025\/03\/New-Text-Document-2.svg\",\"contentUrl\":\"https:\/\/invertas.lt\/wp-content\/uploads\/2025\/03\/New-Text-Document-2.svg\",\"width\":140,\"height\":39,\"caption\":\"Invertas\"},\"image\":{\"@id\":\"https:\/\/invertas.lt\/#\/schema\/logo\/image\/\"}}]}<\/script>\n<!-- \/ Yoast SEO plugin. -->","yoast_head_json":{"title":"Finna Sensors statybini\u0173 med\u017eiag\u0173 dr\u0117gm\u0117s matuoklis LGF2 - Invertas","description":"Pa\u017eang\u016bs dr\u0117gm\u0117s matavimo sprendimai biokuro, gr\u016bd\u0173, chemijos, anglies ir kit\u0173 aplikacij\u0173 i\u0161 lyderiaujan\u010dio JAV gamintojo Finna Sensors.","robots":{"index":"index","follow":"follow","max-snippet":"max-snippet:-1","max-image-preview":"max-image-preview:large","max-video-preview":"max-video-preview:-1"},"canonical":"https:\/\/invertas.lt\/en\/produktai\/dregmes-matavimas\/statybiniu-medziagu-dregmes-matuoklis-lgf2\/","og_locale":"en_GB","og_type":"article","og_title":"Finna Sensors statybini\u0173 med\u017eiag\u0173 dr\u0117gm\u0117s matuoklis LGF2 - Invertas","og_description":"Pa\u017eang\u016bs dr\u0117gm\u0117s matavimo sprendimai biokuro, gr\u016bd\u0173, chemijos, anglies ir kit\u0173 aplikacij\u0173 i\u0161 lyderiaujan\u010dio JAV gamintojo Finna Sensors.","og_url":"https:\/\/invertas.lt\/en\/produktai\/dregmes-matavimas\/statybiniu-medziagu-dregmes-matuoklis-lgf2\/","og_site_name":"Invertas","article_modified_time":"2025-10-15T19:25:16+00:00","og_image":[{"width":700,"height":700,"url":"https:\/\/invertas.lt\/wp-content\/uploads\/2025\/10\/4594575-18955212.webp","type":"image\/webp"}],"twitter_card":"summary_large_image","twitter_misc":{"Estimated reading time":"1 minute"},"schema":{"@context":"https:\/\/schema.org","@graph":[{"@type":"WebPage","@id":"https:\/\/invertas.lt\/produktai\/dregmes-matavimas\/statybiniu-medziagu-dregmes-matuoklis-lgf2\/","url":"https:\/\/invertas.lt\/produktai\/dregmes-matavimas\/statybiniu-medziagu-dregmes-matuoklis-lgf2\/","name":"Finna Sensors statybini\u0173 med\u017eiag\u0173 dr\u0117gm\u0117s matuoklis LGF2 - Invertas","isPartOf":{"@id":"https:\/\/invertas.lt\/#website"},"primaryImageOfPage":{"@id":"https:\/\/invertas.lt\/produktai\/dregmes-matavimas\/statybiniu-medziagu-dregmes-matuoklis-lgf2\/#primaryimage"},"image":{"@id":"https:\/\/invertas.lt\/produktai\/dregmes-matavimas\/statybiniu-medziagu-dregmes-matuoklis-lgf2\/#primaryimage"},"thumbnailUrl":"https:\/\/invertas.lt\/wp-content\/uploads\/2025\/10\/4594575-18955212.webp","datePublished":"2025-10-10T09:17:51+00:00","dateModified":"2025-10-15T19:25:16+00:00","description":"Pa\u017eang\u016bs dr\u0117gm\u0117s matavimo sprendimai biokuro, gr\u016bd\u0173, chemijos, anglies ir kit\u0173 aplikacij\u0173 i\u0161 lyderiaujan\u010dio JAV gamintojo Finna Sensors.","breadcrumb":{"@id":"https:\/\/invertas.lt\/produktai\/dregmes-matavimas\/statybiniu-medziagu-dregmes-matuoklis-lgf2\/#breadcrumb"},"inLanguage":"en-GB","potentialAction":[{"@type":"ReadAction","target":["https:\/\/invertas.lt\/produktai\/dregmes-matavimas\/statybiniu-medziagu-dregmes-matuoklis-lgf2\/"]}]},{"@type":"ImageObject","inLanguage":"en-GB","@id":"https:\/\/invertas.lt\/produktai\/dregmes-matavimas\/statybiniu-medziagu-dregmes-matuoklis-lgf2\/#primaryimage","url":"https:\/\/invertas.lt\/wp-content\/uploads\/2025\/10\/4594575-18955212.webp","contentUrl":"https:\/\/invertas.lt\/wp-content\/uploads\/2025\/10\/4594575-18955212.webp","width":700,"height":700},{"@type":"BreadcrumbList","@id":"https:\/\/invertas.lt\/produktai\/dregmes-matavimas\/statybiniu-medziagu-dregmes-matuoklis-lgf2\/#breadcrumb","itemListElement":[{"@type":"ListItem","position":1,"name":"Prad\u017eia","item":"https:\/\/invertas.lt\/"},{"@type":"ListItem","position":2,"name":"Products","item":"https:\/\/invertas.lt\/shop\/"},{"@type":"ListItem","position":3,"name":"Dr\u0117gm\u0117s matuokliai","item":"https:\/\/invertas.lt\/.\/dregmes-matavimas\/"},{"@type":"ListItem","position":4,"name":"Finna Sensors statybini\u0173 med\u017eiag\u0173 dr\u0117gm\u0117s matuoklis LGF2"}]},{"@type":"WebSite","@id":"https:\/\/invertas.lt\/#website","url":"https:\/\/invertas.lt\/","name":"Invert","description":"","publisher":{"@id":"https:\/\/invertas.lt\/#organization"},"potentialAction":[{"@type":"SearchAction","target":{"@type":"EntryPoint","urlTemplate":"https:\/\/invertas.lt\/?s={search_term_string}"},"query-input":{"@type":"PropertyValueSpecification","valueRequired":true,"valueName":"search_term_string"}}],"inLanguage":"en-GB"},{"@type":"Organization","@id":"https:\/\/invertas.lt\/#organization","name":"Invert","url":"https:\/\/invertas.lt\/","logo":{"@type":"ImageObject","inLanguage":"en-GB","@id":"https:\/\/invertas.lt\/#\/schema\/logo\/image\/","url":"https:\/\/invertas.lt\/wp-content\/uploads\/2025\/03\/New-Text-Document-2.svg","contentUrl":"https:\/\/invertas.lt\/wp-content\/uploads\/2025\/03\/New-Text-Document-2.svg","width":140,"height":39,"caption":"Invertas"},"image":{"@id":"https:\/\/invertas.lt\/#\/schema\/logo\/image\/"}}]}},"_links":{"self":[{"href":"https:\/\/invertas.lt\/en\/wp-json\/wp\/v2\/product\/10799","targetHints":{"allow":["GET"]}}],"collection":[{"href":"https:\/\/invertas.lt\/en\/wp-json\/wp\/v2\/product"}],"about":[{"href":"https:\/\/invertas.lt\/en\/wp-json\/wp\/v2\/types\/product"}],"replies":[{"embeddable":true,"href":"https:\/\/invertas.lt\/en\/wp-json\/wp\/v2\/comments?post=10799"}],"wp:featuredmedia":[{"embeddable":true,"href":"https:\/\/invertas.lt\/en\/wp-json\/wp\/v2\/media\/10800"}],"wp:attachment":[{"href":"https:\/\/invertas.lt\/en\/wp-json\/wp\/v2\/media?parent=10799"}],"wp:term":[{"taxonomy":"product_brand","embeddable":true,"href":"https:\/\/invertas.lt\/en\/wp-json\/wp\/v2\/product_brand?post=10799"},{"taxonomy":"product_cat","embeddable":true,"href":"https:\/\/invertas.lt\/en\/wp-json\/wp\/v2\/product_cat?post=10799"},{"taxonomy":"product_tag","embeddable":true,"href":"https:\/\/invertas.lt\/en\/wp-json\/wp\/v2\/product_tag?post=10799"}],"curies":[{"name":"wp","href":"https:\/\/api.w.org\/{rel}","templated":true}]}}