{"id":10764,"date":"2025-10-09T18:25:25","date_gmt":"2025-10-09T18:25:25","guid":{"rendered":"https:\/\/invertas.lt\/?post_type=product&#038;p=10764"},"modified":"2025-10-15T09:07:16","modified_gmt":"2025-10-15T09:07:16","slug":"popieriaus-dregmes-matuoklis-dc-2000-bp","status":"publish","type":"product","link":"https:\/\/invertas.lt\/en\/produktai\/dregmes-matavimas\/popieriaus-dregmes-matuoklis-dc-2000-bp\/","title":{"rendered":"Finna sensor paper moisture meter DC-2000-BP"},"content":{"rendered":"<p data-start=\"0\" data-end=\"15\"><strong data-start=\"0\" data-end=\"13\">Description<\/strong><\/p>\n<p data-start=\"17\" data-end=\"235\">DC-2000-BP is a fast and accurate press paper bale moisture meter for factories, mills and yards. It allows you to determine the internal moisture content, preventing processing problems and excessive water use.<\/p>\n<p data-start=\"237\" data-end=\"251\"><strong data-start=\"237\" data-end=\"249\">Features:<\/strong><\/p>\n<ul>\n<li data-start=\"254\" data-end=\"315\">Humidity measurement 5\u201325 % with autoranging<\/li>\n<li data-start=\"318\" data-end=\"349\">Calibrated for paper scores<\/li>\n<li data-start=\"352\" data-end=\"434\">Probe length 12.7 cm, durable insulation (stainless steel, Teflon\u00ae, Delrin\u00ae)<\/li>\n<li data-start=\"437\" data-end=\"482\">Precise measurement in the inner layer of the score<\/li>\n<li data-start=\"485\" data-end=\"553\">Included: electrode, cables, 9V battery, case and instructions<\/li>\n<\/ul>","protected":false},"excerpt":{"rendered":"<p>Apra\u0161ymas DC-2000-BP \u2013 greitas ir tikslus presuoto popieriaus bal\u0173 dr\u0117gm\u0117s matuoklis gamykloms, mal\u016bnams ir aik\u0161tel\u0117ms. Leid\u017eia nustatyti vidin\u0119 dr\u0117gm\u0119, u\u017ekertant keli\u0105 perdirbimo problemoms ir pertekliniam vandens naudojimui. Savyb\u0117s: Dr\u0117gm\u0117s matavimas 5\u201325\u202f% su automatinio diapazono parinkimu Kalibruotas popieriaus balams Zondo ilgis 12,7\u202fcm, patvari izoliacija (ner\u016bdijantis plienas, Teflon\u00ae, Delrin\u00ae) Tikslus matavimas vidiniame bal\u0173 sluoksnyje Komplekte: elektrodas, kabeliai, [&hellip;]<\/p>","protected":false},"featured_media":10765,"comment_status":"open","ping_status":"closed","template":"","meta":{"_acf_changed":false,"inline_featured_image":false},"product_brand":[],"product_cat":[609],"product_tag":[637,642,634,643,640,618,617,607,641,635,623,622,638,639,636],"class_list":{"0":"post-10764","1":"product","2":"type-product","3":"status-publish","4":"has-post-thumbnail","6":"product_cat-dregmes-matavimas","7":"product_tag-7-cm","8":"product_tag-9-v-baterija","9":"product_tag-aprasymas-dc-2000-bp-greitas-ir-tikslus-presuoto-popieriaus-balu-dregmes-matuoklis-gamykloms","10":"product_tag-deklas-ir-instrukcija","11":"product_tag-delrin-tikslus-matavimas-vidiniame-balu-sluoksnyje-komplekte-elektrodas","12":"product_tag-dregmes-matavimas","13":"product_tag-finna-sensors","14":"product_tag-invertas","15":"product_tag-kabeliai","16":"product_tag-malunams-ir-aikstelems-leidzia-nustatyti-vidine-dregme","17":"product_tag-moisture-measurement","18":"product_tag-omnir","19":"product_tag-patvari-izoliacija-nerudijantis-plienas","20":"product_tag-teflon","21":"product_tag-uzkertant-kelia-perdirbimo-problemoms-ir-pertekliniam-vandens-naudojimui-savybes-dregmes-matavimas-5-25-su-automatinio-diapazono-parinkimu-kalibruotas-popieriaus-balams-zondo-ilgis","23":"first","24":"instock","25":"shipping-taxable","26":"purchasable","27":"product-type-simple"},"acf":[],"yoast_head":"<!-- This site is optimized with the Yoast SEO plugin v25.5 - https:\/\/yoast.com\/wordpress\/plugins\/seo\/ -->\n<title>Finna sensors popieriaus dr\u0117gm\u0117s matuoklis DC-2000-BP - Invertas<\/title>\n<meta name=\"description\" content=\"Pa\u017eang\u016bs dr\u0117gm\u0117s matavimo sprendimai biokuro, gr\u016bd\u0173, chemijos, anglies ir kit\u0173 aplikacij\u0173 i\u0161 lyderiaujan\u010dio JAV gamintojo Finna Sensors.\" \/>\n<meta name=\"robots\" content=\"index, follow, max-snippet:-1, max-image-preview:large, max-video-preview:-1\" \/>\n<link rel=\"canonical\" href=\"https:\/\/invertas.lt\/en\/produktai\/dregmes-matavimas\/popieriaus-dregmes-matuoklis-dc-2000-bp\/\" \/>\n<meta property=\"og:locale\" content=\"en_GB\" \/>\n<meta property=\"og:type\" content=\"article\" \/>\n<meta property=\"og:title\" content=\"Finna sensors popieriaus dr\u0117gm\u0117s matuoklis DC-2000-BP - Invertas\" \/>\n<meta property=\"og:description\" content=\"Pa\u017eang\u016bs dr\u0117gm\u0117s matavimo sprendimai biokuro, gr\u016bd\u0173, chemijos, anglies ir kit\u0173 aplikacij\u0173 i\u0161 lyderiaujan\u010dio JAV gamintojo Finna Sensors.\" \/>\n<meta property=\"og:url\" content=\"https:\/\/invertas.lt\/en\/produktai\/dregmes-matavimas\/popieriaus-dregmes-matuoklis-dc-2000-bp\/\" \/>\n<meta property=\"og:site_name\" content=\"Invertas\" \/>\n<meta property=\"article:modified_time\" content=\"2025-10-15T09:07:16+00:00\" \/>\n<meta property=\"og:image\" content=\"https:\/\/invertas.lt\/wp-content\/uploads\/2025\/10\/4594575-18955031.webp\" \/>\n\t<meta property=\"og:image:width\" content=\"700\" \/>\n\t<meta property=\"og:image:height\" content=\"700\" \/>\n\t<meta property=\"og:image:type\" content=\"image\/webp\" \/>\n<meta name=\"twitter:card\" content=\"summary_large_image\" \/>\n<meta name=\"twitter:label1\" content=\"Estimated reading time\" \/>\n\t<meta name=\"twitter:data1\" content=\"1 minute\" \/>\n<script type=\"application\/ld+json\" class=\"yoast-schema-graph\">{\"@context\":\"https:\/\/schema.org\",\"@graph\":[{\"@type\":\"WebPage\",\"@id\":\"https:\/\/invertas.lt\/produktai\/dregmes-matavimas\/popieriaus-dregmes-matuoklis-dc-2000-bp\/\",\"url\":\"https:\/\/invertas.lt\/produktai\/dregmes-matavimas\/popieriaus-dregmes-matuoklis-dc-2000-bp\/\",\"name\":\"Finna sensors popieriaus dr\u0117gm\u0117s matuoklis DC-2000-BP - Invertas\",\"isPartOf\":{\"@id\":\"https:\/\/invertas.lt\/#website\"},\"primaryImageOfPage\":{\"@id\":\"https:\/\/invertas.lt\/produktai\/dregmes-matavimas\/popieriaus-dregmes-matuoklis-dc-2000-bp\/#primaryimage\"},\"image\":{\"@id\":\"https:\/\/invertas.lt\/produktai\/dregmes-matavimas\/popieriaus-dregmes-matuoklis-dc-2000-bp\/#primaryimage\"},\"thumbnailUrl\":\"https:\/\/invertas.lt\/wp-content\/uploads\/2025\/10\/4594575-18955031.webp\",\"datePublished\":\"2025-10-09T18:25:25+00:00\",\"dateModified\":\"2025-10-15T09:07:16+00:00\",\"description\":\"Pa\u017eang\u016bs dr\u0117gm\u0117s matavimo sprendimai biokuro, gr\u016bd\u0173, chemijos, anglies ir kit\u0173 aplikacij\u0173 i\u0161 lyderiaujan\u010dio JAV gamintojo Finna Sensors.\",\"breadcrumb\":{\"@id\":\"https:\/\/invertas.lt\/produktai\/dregmes-matavimas\/popieriaus-dregmes-matuoklis-dc-2000-bp\/#breadcrumb\"},\"inLanguage\":\"en-GB\",\"potentialAction\":[{\"@type\":\"ReadAction\",\"target\":[\"https:\/\/invertas.lt\/produktai\/dregmes-matavimas\/popieriaus-dregmes-matuoklis-dc-2000-bp\/\"]}]},{\"@type\":\"ImageObject\",\"inLanguage\":\"en-GB\",\"@id\":\"https:\/\/invertas.lt\/produktai\/dregmes-matavimas\/popieriaus-dregmes-matuoklis-dc-2000-bp\/#primaryimage\",\"url\":\"https:\/\/invertas.lt\/wp-content\/uploads\/2025\/10\/4594575-18955031.webp\",\"contentUrl\":\"https:\/\/invertas.lt\/wp-content\/uploads\/2025\/10\/4594575-18955031.webp\",\"width\":700,\"height\":700},{\"@type\":\"BreadcrumbList\",\"@id\":\"https:\/\/invertas.lt\/produktai\/dregmes-matavimas\/popieriaus-dregmes-matuoklis-dc-2000-bp\/#breadcrumb\",\"itemListElement\":[{\"@type\":\"ListItem\",\"position\":1,\"name\":\"Prad\u017eia\",\"item\":\"https:\/\/invertas.lt\/\"},{\"@type\":\"ListItem\",\"position\":2,\"name\":\"Products\",\"item\":\"https:\/\/invertas.lt\/shop\/\"},{\"@type\":\"ListItem\",\"position\":3,\"name\":\"Dr\u0117gm\u0117s matuokliai\",\"item\":\"https:\/\/invertas.lt\/.\/dregmes-matavimas\/\"},{\"@type\":\"ListItem\",\"position\":4,\"name\":\"Finna sensors popieriaus dr\u0117gm\u0117s matuoklis DC-2000-BP\"}]},{\"@type\":\"WebSite\",\"@id\":\"https:\/\/invertas.lt\/#website\",\"url\":\"https:\/\/invertas.lt\/\",\"name\":\"Invertas\",\"description\":\"\",\"publisher\":{\"@id\":\"https:\/\/invertas.lt\/#organization\"},\"potentialAction\":[{\"@type\":\"SearchAction\",\"target\":{\"@type\":\"EntryPoint\",\"urlTemplate\":\"https:\/\/invertas.lt\/?s={search_term_string}\"},\"query-input\":{\"@type\":\"PropertyValueSpecification\",\"valueRequired\":true,\"valueName\":\"search_term_string\"}}],\"inLanguage\":\"en-GB\"},{\"@type\":\"Organization\",\"@id\":\"https:\/\/invertas.lt\/#organization\",\"name\":\"Invertas\",\"url\":\"https:\/\/invertas.lt\/\",\"logo\":{\"@type\":\"ImageObject\",\"inLanguage\":\"en-GB\",\"@id\":\"https:\/\/invertas.lt\/#\/schema\/logo\/image\/\",\"url\":\"https:\/\/invertas.lt\/wp-content\/uploads\/2025\/03\/New-Text-Document-2.svg\",\"contentUrl\":\"https:\/\/invertas.lt\/wp-content\/uploads\/2025\/03\/New-Text-Document-2.svg\",\"width\":140,\"height\":39,\"caption\":\"Invertas\"},\"image\":{\"@id\":\"https:\/\/invertas.lt\/#\/schema\/logo\/image\/\"}}]}<\/script>\n<!-- \/ Yoast SEO plugin. -->","yoast_head_json":{"title":"Finna sensors popieriaus dr\u0117gm\u0117s matuoklis DC-2000-BP - Invertas","description":"Pa\u017eang\u016bs dr\u0117gm\u0117s matavimo sprendimai biokuro, gr\u016bd\u0173, chemijos, anglies ir kit\u0173 aplikacij\u0173 i\u0161 lyderiaujan\u010dio JAV gamintojo Finna Sensors.","robots":{"index":"index","follow":"follow","max-snippet":"max-snippet:-1","max-image-preview":"max-image-preview:large","max-video-preview":"max-video-preview:-1"},"canonical":"https:\/\/invertas.lt\/en\/produktai\/dregmes-matavimas\/popieriaus-dregmes-matuoklis-dc-2000-bp\/","og_locale":"en_GB","og_type":"article","og_title":"Finna sensors popieriaus dr\u0117gm\u0117s matuoklis DC-2000-BP - Invertas","og_description":"Pa\u017eang\u016bs dr\u0117gm\u0117s matavimo sprendimai biokuro, gr\u016bd\u0173, chemijos, anglies ir kit\u0173 aplikacij\u0173 i\u0161 lyderiaujan\u010dio JAV gamintojo Finna Sensors.","og_url":"https:\/\/invertas.lt\/en\/produktai\/dregmes-matavimas\/popieriaus-dregmes-matuoklis-dc-2000-bp\/","og_site_name":"Invertas","article_modified_time":"2025-10-15T09:07:16+00:00","og_image":[{"width":700,"height":700,"url":"https:\/\/invertas.lt\/wp-content\/uploads\/2025\/10\/4594575-18955031.webp","type":"image\/webp"}],"twitter_card":"summary_large_image","twitter_misc":{"Estimated reading time":"1 minute"},"schema":{"@context":"https:\/\/schema.org","@graph":[{"@type":"WebPage","@id":"https:\/\/invertas.lt\/produktai\/dregmes-matavimas\/popieriaus-dregmes-matuoklis-dc-2000-bp\/","url":"https:\/\/invertas.lt\/produktai\/dregmes-matavimas\/popieriaus-dregmes-matuoklis-dc-2000-bp\/","name":"Finna sensors popieriaus dr\u0117gm\u0117s matuoklis DC-2000-BP - Invertas","isPartOf":{"@id":"https:\/\/invertas.lt\/#website"},"primaryImageOfPage":{"@id":"https:\/\/invertas.lt\/produktai\/dregmes-matavimas\/popieriaus-dregmes-matuoklis-dc-2000-bp\/#primaryimage"},"image":{"@id":"https:\/\/invertas.lt\/produktai\/dregmes-matavimas\/popieriaus-dregmes-matuoklis-dc-2000-bp\/#primaryimage"},"thumbnailUrl":"https:\/\/invertas.lt\/wp-content\/uploads\/2025\/10\/4594575-18955031.webp","datePublished":"2025-10-09T18:25:25+00:00","dateModified":"2025-10-15T09:07:16+00:00","description":"Pa\u017eang\u016bs dr\u0117gm\u0117s matavimo sprendimai biokuro, gr\u016bd\u0173, chemijos, anglies ir kit\u0173 aplikacij\u0173 i\u0161 lyderiaujan\u010dio JAV gamintojo Finna Sensors.","breadcrumb":{"@id":"https:\/\/invertas.lt\/produktai\/dregmes-matavimas\/popieriaus-dregmes-matuoklis-dc-2000-bp\/#breadcrumb"},"inLanguage":"en-GB","potentialAction":[{"@type":"ReadAction","target":["https:\/\/invertas.lt\/produktai\/dregmes-matavimas\/popieriaus-dregmes-matuoklis-dc-2000-bp\/"]}]},{"@type":"ImageObject","inLanguage":"en-GB","@id":"https:\/\/invertas.lt\/produktai\/dregmes-matavimas\/popieriaus-dregmes-matuoklis-dc-2000-bp\/#primaryimage","url":"https:\/\/invertas.lt\/wp-content\/uploads\/2025\/10\/4594575-18955031.webp","contentUrl":"https:\/\/invertas.lt\/wp-content\/uploads\/2025\/10\/4594575-18955031.webp","width":700,"height":700},{"@type":"BreadcrumbList","@id":"https:\/\/invertas.lt\/produktai\/dregmes-matavimas\/popieriaus-dregmes-matuoklis-dc-2000-bp\/#breadcrumb","itemListElement":[{"@type":"ListItem","position":1,"name":"Prad\u017eia","item":"https:\/\/invertas.lt\/"},{"@type":"ListItem","position":2,"name":"Products","item":"https:\/\/invertas.lt\/shop\/"},{"@type":"ListItem","position":3,"name":"Dr\u0117gm\u0117s matuokliai","item":"https:\/\/invertas.lt\/.\/dregmes-matavimas\/"},{"@type":"ListItem","position":4,"name":"Finna sensors popieriaus dr\u0117gm\u0117s matuoklis DC-2000-BP"}]},{"@type":"WebSite","@id":"https:\/\/invertas.lt\/#website","url":"https:\/\/invertas.lt\/","name":"Invert","description":"","publisher":{"@id":"https:\/\/invertas.lt\/#organization"},"potentialAction":[{"@type":"SearchAction","target":{"@type":"EntryPoint","urlTemplate":"https:\/\/invertas.lt\/?s={search_term_string}"},"query-input":{"@type":"PropertyValueSpecification","valueRequired":true,"valueName":"search_term_string"}}],"inLanguage":"en-GB"},{"@type":"Organization","@id":"https:\/\/invertas.lt\/#organization","name":"Invert","url":"https:\/\/invertas.lt\/","logo":{"@type":"ImageObject","inLanguage":"en-GB","@id":"https:\/\/invertas.lt\/#\/schema\/logo\/image\/","url":"https:\/\/invertas.lt\/wp-content\/uploads\/2025\/03\/New-Text-Document-2.svg","contentUrl":"https:\/\/invertas.lt\/wp-content\/uploads\/2025\/03\/New-Text-Document-2.svg","width":140,"height":39,"caption":"Invertas"},"image":{"@id":"https:\/\/invertas.lt\/#\/schema\/logo\/image\/"}}]}},"_links":{"self":[{"href":"https:\/\/invertas.lt\/en\/wp-json\/wp\/v2\/product\/10764","targetHints":{"allow":["GET"]}}],"collection":[{"href":"https:\/\/invertas.lt\/en\/wp-json\/wp\/v2\/product"}],"about":[{"href":"https:\/\/invertas.lt\/en\/wp-json\/wp\/v2\/types\/product"}],"replies":[{"embeddable":true,"href":"https:\/\/invertas.lt\/en\/wp-json\/wp\/v2\/comments?post=10764"}],"wp:featuredmedia":[{"embeddable":true,"href":"https:\/\/invertas.lt\/en\/wp-json\/wp\/v2\/media\/10765"}],"wp:attachment":[{"href":"https:\/\/invertas.lt\/en\/wp-json\/wp\/v2\/media?parent=10764"}],"wp:term":[{"taxonomy":"product_brand","embeddable":true,"href":"https:\/\/invertas.lt\/en\/wp-json\/wp\/v2\/product_brand?post=10764"},{"taxonomy":"product_cat","embeddable":true,"href":"https:\/\/invertas.lt\/en\/wp-json\/wp\/v2\/product_cat?post=10764"},{"taxonomy":"product_tag","embeddable":true,"href":"https:\/\/invertas.lt\/en\/wp-json\/wp\/v2\/product_tag?post=10764"}],"curies":[{"name":"wp","href":"https:\/\/api.w.org\/{rel}","templated":true}]}}