{"id":10734,"date":"2025-10-09T12:29:36","date_gmt":"2025-10-09T12:29:36","guid":{"rendered":"https:\/\/invertas.lt\/?post_type=product&#038;p=10734"},"modified":"2025-10-15T19:14:51","modified_gmt":"2025-10-15T19:14:51","slug":"rankinis-dregmes-matuoklis-a8-af","status":"publish","type":"product","link":"https:\/\/invertas.lt\/en\/produktai\/dregmes-matavimas\/rankinis-dregmes-matuoklis-a8-af\/","title":{"rendered":"Finna Sensors handheld moisture meter A8-AF"},"content":{"rendered":"<p data-start=\"0\" data-end=\"15\"><strong data-start=\"0\" data-end=\"13\">Description<\/strong><\/p>\n<p data-start=\"17\" data-end=\"416\">A8-AF \u2013 handheld moisture meter designed to detect moisture in aircraft radome honeycomb filler. Early detection of water absorption that can cause delamination, core decay or radar performance errors. Approved by the US Air Force, widely used in commercial and military service stations; Finna Sensors \u2013 OEM manufacturer and the only licensed calibration service provider.<\/p>\n<p data-start=\"418\" data-end=\"432\"><strong data-start=\"418\" data-end=\"430\">Features:<\/strong><\/p>\n<ul>\n<li data-start=\"435\" data-end=\"476\">Handheld, easy-to-use device<\/li>\n<li data-start=\"479\" data-end=\"530\">Early detection of moisture in radome honeycomb core<\/li>\n<li data-start=\"533\" data-end=\"581\">Helps prevent delamination and core decay<\/li>\n<li data-start=\"584\" data-end=\"621\">Approved by the US Air Force<\/li>\n<li data-start=\"624\" data-end=\"686\">Widely used in commercial and military service stations<\/li>\n<\/ul>","protected":false},"excerpt":{"rendered":"<p>Apra\u0161ymas A8-AF \u2013 rankinis dr\u0117gm\u0117s matuoklis skirtas l\u0117ktuv\u0173 radom\u0173 korio (honeycomb) u\u017epildo dr\u0117gmei aptikti. Anksti nustato vandens \u012fsig\u0117rim\u0105, kuris gali sukelti delaminacij\u0105, \u0161erdies irim\u0105 ar radar\u0173 veiklos klaidas. Patvirtintas JAV karini\u0173 oro paj\u0117g\u0173, pla\u010diai naudojamas komercin\u0117se ir karin\u0117se aptarnavimo stotyse; Finna Sensors \u2013 OEM gamintojas ir vienintel\u0117 licencijuota kalibravimo paslaug\u0173 teik\u0117ja. Savyb\u0117s: Rankinis, lengvai naudojamas [&hellip;]<\/p>","protected":false},"featured_media":10735,"comment_status":"open","ping_status":"closed","template":"","meta":{"_acf_changed":false,"inline_featured_image":false},"product_brand":[],"product_cat":[609],"product_tag":[618,617,607,623,622],"class_list":{"0":"post-10734","1":"product","2":"type-product","3":"status-publish","4":"has-post-thumbnail","6":"product_cat-dregmes-matavimas","7":"product_tag-dregmes-matavimas","8":"product_tag-finna-sensors","9":"product_tag-invertas","10":"product_tag-moisture-measurement","11":"product_tag-omnir","13":"first","14":"instock","15":"shipping-taxable","16":"purchasable","17":"product-type-simple"},"acf":[],"yoast_head":"<!-- This site is optimized with the Yoast SEO plugin v25.5 - https:\/\/yoast.com\/wordpress\/plugins\/seo\/ -->\n<title>Finna Sensors rankinis dr\u0117gm\u0117s matuoklis A8-AF - Invertas<\/title>\n<meta name=\"description\" content=\"Pa\u017eang\u016bs dr\u0117gm\u0117s matavimo sprendimai biokuro, gr\u016bd\u0173, chemijos, anglies ir kit\u0173 aplikacij\u0173 i\u0161 lyderiaujan\u010dio JAV gamintojo Finna Sensors.\" \/>\n<meta name=\"robots\" content=\"index, follow, max-snippet:-1, max-image-preview:large, max-video-preview:-1\" \/>\n<link rel=\"canonical\" href=\"https:\/\/invertas.lt\/en\/produktai\/dregmes-matavimas\/rankinis-dregmes-matuoklis-a8-af\/\" \/>\n<meta property=\"og:locale\" content=\"en_GB\" \/>\n<meta property=\"og:type\" content=\"article\" \/>\n<meta property=\"og:title\" content=\"Finna Sensors rankinis dr\u0117gm\u0117s matuoklis A8-AF - Invertas\" \/>\n<meta property=\"og:description\" content=\"Pa\u017eang\u016bs dr\u0117gm\u0117s matavimo sprendimai biokuro, gr\u016bd\u0173, chemijos, anglies ir kit\u0173 aplikacij\u0173 i\u0161 lyderiaujan\u010dio JAV gamintojo Finna Sensors.\" \/>\n<meta property=\"og:url\" content=\"https:\/\/invertas.lt\/en\/produktai\/dregmes-matavimas\/rankinis-dregmes-matuoklis-a8-af\/\" \/>\n<meta property=\"og:site_name\" content=\"Invertas\" \/>\n<meta property=\"article:modified_time\" content=\"2025-10-15T19:14:51+00:00\" \/>\n<meta property=\"og:image\" content=\"https:\/\/invertas.lt\/wp-content\/uploads\/2025\/10\/4594575-18954772.webp\" \/>\n\t<meta property=\"og:image:width\" content=\"700\" \/>\n\t<meta property=\"og:image:height\" content=\"700\" \/>\n\t<meta property=\"og:image:type\" content=\"image\/webp\" \/>\n<meta name=\"twitter:card\" content=\"summary_large_image\" \/>\n<meta name=\"twitter:label1\" content=\"Estimated reading time\" \/>\n\t<meta name=\"twitter:data1\" content=\"1 minute\" \/>\n<script type=\"application\/ld+json\" class=\"yoast-schema-graph\">{\"@context\":\"https:\/\/schema.org\",\"@graph\":[{\"@type\":\"WebPage\",\"@id\":\"https:\/\/invertas.lt\/produktai\/dregmes-matavimas\/rankinis-dregmes-matuoklis-a8-af\/\",\"url\":\"https:\/\/invertas.lt\/produktai\/dregmes-matavimas\/rankinis-dregmes-matuoklis-a8-af\/\",\"name\":\"Finna Sensors rankinis dr\u0117gm\u0117s matuoklis A8-AF - Invertas\",\"isPartOf\":{\"@id\":\"https:\/\/invertas.lt\/#website\"},\"primaryImageOfPage\":{\"@id\":\"https:\/\/invertas.lt\/produktai\/dregmes-matavimas\/rankinis-dregmes-matuoklis-a8-af\/#primaryimage\"},\"image\":{\"@id\":\"https:\/\/invertas.lt\/produktai\/dregmes-matavimas\/rankinis-dregmes-matuoklis-a8-af\/#primaryimage\"},\"thumbnailUrl\":\"https:\/\/invertas.lt\/wp-content\/uploads\/2025\/10\/4594575-18954772.webp\",\"datePublished\":\"2025-10-09T12:29:36+00:00\",\"dateModified\":\"2025-10-15T19:14:51+00:00\",\"description\":\"Pa\u017eang\u016bs dr\u0117gm\u0117s matavimo sprendimai biokuro, gr\u016bd\u0173, chemijos, anglies ir kit\u0173 aplikacij\u0173 i\u0161 lyderiaujan\u010dio JAV gamintojo Finna Sensors.\",\"breadcrumb\":{\"@id\":\"https:\/\/invertas.lt\/produktai\/dregmes-matavimas\/rankinis-dregmes-matuoklis-a8-af\/#breadcrumb\"},\"inLanguage\":\"en-GB\",\"potentialAction\":[{\"@type\":\"ReadAction\",\"target\":[\"https:\/\/invertas.lt\/produktai\/dregmes-matavimas\/rankinis-dregmes-matuoklis-a8-af\/\"]}]},{\"@type\":\"ImageObject\",\"inLanguage\":\"en-GB\",\"@id\":\"https:\/\/invertas.lt\/produktai\/dregmes-matavimas\/rankinis-dregmes-matuoklis-a8-af\/#primaryimage\",\"url\":\"https:\/\/invertas.lt\/wp-content\/uploads\/2025\/10\/4594575-18954772.webp\",\"contentUrl\":\"https:\/\/invertas.lt\/wp-content\/uploads\/2025\/10\/4594575-18954772.webp\",\"width\":700,\"height\":700},{\"@type\":\"BreadcrumbList\",\"@id\":\"https:\/\/invertas.lt\/produktai\/dregmes-matavimas\/rankinis-dregmes-matuoklis-a8-af\/#breadcrumb\",\"itemListElement\":[{\"@type\":\"ListItem\",\"position\":1,\"name\":\"Prad\u017eia\",\"item\":\"https:\/\/invertas.lt\/\"},{\"@type\":\"ListItem\",\"position\":2,\"name\":\"Products\",\"item\":\"https:\/\/invertas.lt\/shop\/\"},{\"@type\":\"ListItem\",\"position\":3,\"name\":\"Dr\u0117gm\u0117s matuokliai\",\"item\":\"https:\/\/invertas.lt\/.\/dregmes-matavimas\/\"},{\"@type\":\"ListItem\",\"position\":4,\"name\":\"Finna Sensors rankinis dr\u0117gm\u0117s matuoklis A8-AF\"}]},{\"@type\":\"WebSite\",\"@id\":\"https:\/\/invertas.lt\/#website\",\"url\":\"https:\/\/invertas.lt\/\",\"name\":\"Invertas\",\"description\":\"\",\"publisher\":{\"@id\":\"https:\/\/invertas.lt\/#organization\"},\"potentialAction\":[{\"@type\":\"SearchAction\",\"target\":{\"@type\":\"EntryPoint\",\"urlTemplate\":\"https:\/\/invertas.lt\/?s={search_term_string}\"},\"query-input\":{\"@type\":\"PropertyValueSpecification\",\"valueRequired\":true,\"valueName\":\"search_term_string\"}}],\"inLanguage\":\"en-GB\"},{\"@type\":\"Organization\",\"@id\":\"https:\/\/invertas.lt\/#organization\",\"name\":\"Invertas\",\"url\":\"https:\/\/invertas.lt\/\",\"logo\":{\"@type\":\"ImageObject\",\"inLanguage\":\"en-GB\",\"@id\":\"https:\/\/invertas.lt\/#\/schema\/logo\/image\/\",\"url\":\"https:\/\/invertas.lt\/wp-content\/uploads\/2025\/03\/New-Text-Document-2.svg\",\"contentUrl\":\"https:\/\/invertas.lt\/wp-content\/uploads\/2025\/03\/New-Text-Document-2.svg\",\"width\":140,\"height\":39,\"caption\":\"Invertas\"},\"image\":{\"@id\":\"https:\/\/invertas.lt\/#\/schema\/logo\/image\/\"}}]}<\/script>\n<!-- \/ Yoast SEO plugin. -->","yoast_head_json":{"title":"Finna Sensors rankinis dr\u0117gm\u0117s matuoklis A8-AF - Invertas","description":"Pa\u017eang\u016bs dr\u0117gm\u0117s matavimo sprendimai biokuro, gr\u016bd\u0173, chemijos, anglies ir kit\u0173 aplikacij\u0173 i\u0161 lyderiaujan\u010dio JAV gamintojo Finna Sensors.","robots":{"index":"index","follow":"follow","max-snippet":"max-snippet:-1","max-image-preview":"max-image-preview:large","max-video-preview":"max-video-preview:-1"},"canonical":"https:\/\/invertas.lt\/en\/produktai\/dregmes-matavimas\/rankinis-dregmes-matuoklis-a8-af\/","og_locale":"en_GB","og_type":"article","og_title":"Finna Sensors rankinis dr\u0117gm\u0117s matuoklis A8-AF - Invertas","og_description":"Pa\u017eang\u016bs dr\u0117gm\u0117s matavimo sprendimai biokuro, gr\u016bd\u0173, chemijos, anglies ir kit\u0173 aplikacij\u0173 i\u0161 lyderiaujan\u010dio JAV gamintojo Finna Sensors.","og_url":"https:\/\/invertas.lt\/en\/produktai\/dregmes-matavimas\/rankinis-dregmes-matuoklis-a8-af\/","og_site_name":"Invertas","article_modified_time":"2025-10-15T19:14:51+00:00","og_image":[{"width":700,"height":700,"url":"https:\/\/invertas.lt\/wp-content\/uploads\/2025\/10\/4594575-18954772.webp","type":"image\/webp"}],"twitter_card":"summary_large_image","twitter_misc":{"Estimated reading time":"1 minute"},"schema":{"@context":"https:\/\/schema.org","@graph":[{"@type":"WebPage","@id":"https:\/\/invertas.lt\/produktai\/dregmes-matavimas\/rankinis-dregmes-matuoklis-a8-af\/","url":"https:\/\/invertas.lt\/produktai\/dregmes-matavimas\/rankinis-dregmes-matuoklis-a8-af\/","name":"Finna Sensors rankinis dr\u0117gm\u0117s matuoklis A8-AF - Invertas","isPartOf":{"@id":"https:\/\/invertas.lt\/#website"},"primaryImageOfPage":{"@id":"https:\/\/invertas.lt\/produktai\/dregmes-matavimas\/rankinis-dregmes-matuoklis-a8-af\/#primaryimage"},"image":{"@id":"https:\/\/invertas.lt\/produktai\/dregmes-matavimas\/rankinis-dregmes-matuoklis-a8-af\/#primaryimage"},"thumbnailUrl":"https:\/\/invertas.lt\/wp-content\/uploads\/2025\/10\/4594575-18954772.webp","datePublished":"2025-10-09T12:29:36+00:00","dateModified":"2025-10-15T19:14:51+00:00","description":"Pa\u017eang\u016bs dr\u0117gm\u0117s matavimo sprendimai biokuro, gr\u016bd\u0173, chemijos, anglies ir kit\u0173 aplikacij\u0173 i\u0161 lyderiaujan\u010dio JAV gamintojo Finna Sensors.","breadcrumb":{"@id":"https:\/\/invertas.lt\/produktai\/dregmes-matavimas\/rankinis-dregmes-matuoklis-a8-af\/#breadcrumb"},"inLanguage":"en-GB","potentialAction":[{"@type":"ReadAction","target":["https:\/\/invertas.lt\/produktai\/dregmes-matavimas\/rankinis-dregmes-matuoklis-a8-af\/"]}]},{"@type":"ImageObject","inLanguage":"en-GB","@id":"https:\/\/invertas.lt\/produktai\/dregmes-matavimas\/rankinis-dregmes-matuoklis-a8-af\/#primaryimage","url":"https:\/\/invertas.lt\/wp-content\/uploads\/2025\/10\/4594575-18954772.webp","contentUrl":"https:\/\/invertas.lt\/wp-content\/uploads\/2025\/10\/4594575-18954772.webp","width":700,"height":700},{"@type":"BreadcrumbList","@id":"https:\/\/invertas.lt\/produktai\/dregmes-matavimas\/rankinis-dregmes-matuoklis-a8-af\/#breadcrumb","itemListElement":[{"@type":"ListItem","position":1,"name":"Prad\u017eia","item":"https:\/\/invertas.lt\/"},{"@type":"ListItem","position":2,"name":"Products","item":"https:\/\/invertas.lt\/shop\/"},{"@type":"ListItem","position":3,"name":"Dr\u0117gm\u0117s matuokliai","item":"https:\/\/invertas.lt\/.\/dregmes-matavimas\/"},{"@type":"ListItem","position":4,"name":"Finna Sensors rankinis dr\u0117gm\u0117s matuoklis A8-AF"}]},{"@type":"WebSite","@id":"https:\/\/invertas.lt\/#website","url":"https:\/\/invertas.lt\/","name":"Invert","description":"","publisher":{"@id":"https:\/\/invertas.lt\/#organization"},"potentialAction":[{"@type":"SearchAction","target":{"@type":"EntryPoint","urlTemplate":"https:\/\/invertas.lt\/?s={search_term_string}"},"query-input":{"@type":"PropertyValueSpecification","valueRequired":true,"valueName":"search_term_string"}}],"inLanguage":"en-GB"},{"@type":"Organization","@id":"https:\/\/invertas.lt\/#organization","name":"Invert","url":"https:\/\/invertas.lt\/","logo":{"@type":"ImageObject","inLanguage":"en-GB","@id":"https:\/\/invertas.lt\/#\/schema\/logo\/image\/","url":"https:\/\/invertas.lt\/wp-content\/uploads\/2025\/03\/New-Text-Document-2.svg","contentUrl":"https:\/\/invertas.lt\/wp-content\/uploads\/2025\/03\/New-Text-Document-2.svg","width":140,"height":39,"caption":"Invertas"},"image":{"@id":"https:\/\/invertas.lt\/#\/schema\/logo\/image\/"}}]}},"_links":{"self":[{"href":"https:\/\/invertas.lt\/en\/wp-json\/wp\/v2\/product\/10734","targetHints":{"allow":["GET"]}}],"collection":[{"href":"https:\/\/invertas.lt\/en\/wp-json\/wp\/v2\/product"}],"about":[{"href":"https:\/\/invertas.lt\/en\/wp-json\/wp\/v2\/types\/product"}],"replies":[{"embeddable":true,"href":"https:\/\/invertas.lt\/en\/wp-json\/wp\/v2\/comments?post=10734"}],"wp:featuredmedia":[{"embeddable":true,"href":"https:\/\/invertas.lt\/en\/wp-json\/wp\/v2\/media\/10735"}],"wp:attachment":[{"href":"https:\/\/invertas.lt\/en\/wp-json\/wp\/v2\/media?parent=10734"}],"wp:term":[{"taxonomy":"product_brand","embeddable":true,"href":"https:\/\/invertas.lt\/en\/wp-json\/wp\/v2\/product_brand?post=10734"},{"taxonomy":"product_cat","embeddable":true,"href":"https:\/\/invertas.lt\/en\/wp-json\/wp\/v2\/product_cat?post=10734"},{"taxonomy":"product_tag","embeddable":true,"href":"https:\/\/invertas.lt\/en\/wp-json\/wp\/v2\/product_tag?post=10734"}],"curies":[{"name":"wp","href":"https:\/\/api.w.org\/{rel}","templated":true}]}}