{"id":10710,"date":"2025-10-08T18:39:24","date_gmt":"2025-10-08T18:39:24","guid":{"rendered":"https:\/\/invertas.lt\/?post_type=product&#038;p=10710"},"modified":"2025-10-15T09:09:09","modified_gmt":"2025-10-15T09:09:09","slug":"infraraudonuju-spinduliu-dregmes-jutiklis-omnir","status":"publish","type":"product","link":"https:\/\/invertas.lt\/en\/produktai\/dregmes-matavimas\/infraraudonuju-spinduliu-dregmes-jutiklis-omnir\/","title":{"rendered":"Finna Sensors infrared humidity sensor OMNIR"},"content":{"rendered":"<p data-start=\"0\" data-end=\"15\"><strong data-start=\"0\" data-end=\"13\">Description<\/strong><\/p>\n<p data-start=\"17\" data-end=\"247\">The OMNIR\u2122 NIR moisture sensor is designed for modern, automated manufacturing. It collects and analyzes data in real time to help optimize processes. Integrated IoT and AI capabilities ensure smart, accurate, and efficient operation.<\/p>\n<p data-start=\"249\" data-end=\"263\"><strong data-start=\"249\" data-end=\"261\">Features:<\/strong><\/p>\n<ul>\n<li data-start=\"266\" data-end=\"304\">Advanced data analysis algorithms<\/li>\n<li data-start=\"307\" data-end=\"330\">IoT and AI integration<\/li>\n<li data-start=\"333\" data-end=\"372\">Precise real-time humidity control<\/li>\n<li data-start=\"375\" data-end=\"406\">Reliable, modern electronics<\/li>\n<li data-start=\"409\" data-end=\"453\">Easy integration into automated systems<\/li>\n<\/ul>","protected":false},"excerpt":{"rendered":"<p>Apra\u0161ymas OMNIR\u2122 NIR dr\u0117gm\u0117s jutiklis sukurtas moderniai, automatizuotai gamybai. Jis realiu laiku renka ir analizuoja duomenis, pad\u0117damas optimizuoti procesus. Integruotos IoT ir DI funkcijos u\u017etikrina i\u0161man\u0173, tiksl\u0173 ir efektyv\u0173 veikim\u0105. Savyb\u0117s: Pa\u017eang\u016bs duomen\u0173 analiz\u0117s algoritmai IoT ir DI integracija Tiksli realaus laiko dr\u0117gm\u0117s kontrol\u0117 Patikima, moderni elektronika Lengva integracija \u012f automatizuotas sistemas<\/p>","protected":false},"featured_media":10854,"comment_status":"open","ping_status":"closed","template":"","meta":{"_acf_changed":false,"inline_featured_image":false},"product_brand":[],"product_cat":[609],"product_tag":[618,617,607,623,622],"class_list":{"0":"post-10710","1":"product","2":"type-product","3":"status-publish","4":"has-post-thumbnail","6":"product_cat-dregmes-matavimas","7":"product_tag-dregmes-matavimas","8":"product_tag-finna-sensors","9":"product_tag-invertas","10":"product_tag-moisture-measurement","11":"product_tag-omnir","13":"first","14":"instock","15":"shipping-taxable","16":"purchasable","17":"product-type-simple"},"acf":[],"yoast_head":"<!-- This site is optimized with the Yoast SEO plugin v25.5 - https:\/\/yoast.com\/wordpress\/plugins\/seo\/ -->\n<title>Finna Sensors infraraudon\u0173j\u0173 spinduli\u0173 dr\u0117gm\u0117s jutiklis OMNIR - Invertas<\/title>\n<meta name=\"description\" content=\"Pa\u017eang\u016bs dr\u0117gm\u0117s matavimo sprendimai biokuro, gr\u016bd\u0173, chemijos, anglies ir kit\u0173 aplikacij\u0173 i\u0161 lyderiaujan\u010dio JAV gamintojo Finna Sensors.\" \/>\n<meta name=\"robots\" content=\"index, follow, max-snippet:-1, max-image-preview:large, max-video-preview:-1\" \/>\n<link rel=\"canonical\" href=\"https:\/\/invertas.lt\/en\/produktai\/dregmes-matavimas\/infraraudonuju-spinduliu-dregmes-jutiklis-omnir\/\" \/>\n<meta property=\"og:locale\" content=\"en_GB\" \/>\n<meta property=\"og:type\" content=\"article\" \/>\n<meta property=\"og:title\" content=\"Finna Sensors infraraudon\u0173j\u0173 spinduli\u0173 dr\u0117gm\u0117s jutiklis OMNIR - Invertas\" \/>\n<meta property=\"og:description\" content=\"Pa\u017eang\u016bs dr\u0117gm\u0117s matavimo sprendimai biokuro, gr\u016bd\u0173, chemijos, anglies ir kit\u0173 aplikacij\u0173 i\u0161 lyderiaujan\u010dio JAV gamintojo Finna Sensors.\" \/>\n<meta property=\"og:url\" content=\"https:\/\/invertas.lt\/en\/produktai\/dregmes-matavimas\/infraraudonuju-spinduliu-dregmes-jutiklis-omnir\/\" \/>\n<meta property=\"og:site_name\" content=\"Invertas\" \/>\n<meta property=\"article:modified_time\" content=\"2025-10-15T09:09:09+00:00\" \/>\n<meta property=\"og:image\" content=\"https:\/\/invertas.lt\/wp-content\/uploads\/2025\/10\/Screenshot-2025-10-13-at-22.21.32.png\" \/>\n\t<meta property=\"og:image:width\" content=\"626\" \/>\n\t<meta property=\"og:image:height\" content=\"690\" \/>\n\t<meta property=\"og:image:type\" content=\"image\/png\" \/>\n<meta name=\"twitter:card\" content=\"summary_large_image\" \/>\n<meta name=\"twitter:label1\" content=\"Estimated reading time\" \/>\n\t<meta name=\"twitter:data1\" content=\"1 minute\" \/>\n<script type=\"application\/ld+json\" class=\"yoast-schema-graph\">{\"@context\":\"https:\/\/schema.org\",\"@graph\":[{\"@type\":\"WebPage\",\"@id\":\"https:\/\/invertas.lt\/produktai\/dregmes-matavimas\/infraraudonuju-spinduliu-dregmes-jutiklis-omnir\/\",\"url\":\"https:\/\/invertas.lt\/produktai\/dregmes-matavimas\/infraraudonuju-spinduliu-dregmes-jutiklis-omnir\/\",\"name\":\"Finna Sensors infraraudon\u0173j\u0173 spinduli\u0173 dr\u0117gm\u0117s jutiklis OMNIR - Invertas\",\"isPartOf\":{\"@id\":\"https:\/\/invertas.lt\/#website\"},\"primaryImageOfPage\":{\"@id\":\"https:\/\/invertas.lt\/produktai\/dregmes-matavimas\/infraraudonuju-spinduliu-dregmes-jutiklis-omnir\/#primaryimage\"},\"image\":{\"@id\":\"https:\/\/invertas.lt\/produktai\/dregmes-matavimas\/infraraudonuju-spinduliu-dregmes-jutiklis-omnir\/#primaryimage\"},\"thumbnailUrl\":\"https:\/\/invertas.lt\/wp-content\/uploads\/2025\/10\/Screenshot-2025-10-13-at-22.21.32.png\",\"datePublished\":\"2025-10-08T18:39:24+00:00\",\"dateModified\":\"2025-10-15T09:09:09+00:00\",\"description\":\"Pa\u017eang\u016bs dr\u0117gm\u0117s matavimo sprendimai biokuro, gr\u016bd\u0173, chemijos, anglies ir kit\u0173 aplikacij\u0173 i\u0161 lyderiaujan\u010dio JAV gamintojo Finna Sensors.\",\"breadcrumb\":{\"@id\":\"https:\/\/invertas.lt\/produktai\/dregmes-matavimas\/infraraudonuju-spinduliu-dregmes-jutiklis-omnir\/#breadcrumb\"},\"inLanguage\":\"en-GB\",\"potentialAction\":[{\"@type\":\"ReadAction\",\"target\":[\"https:\/\/invertas.lt\/produktai\/dregmes-matavimas\/infraraudonuju-spinduliu-dregmes-jutiklis-omnir\/\"]}]},{\"@type\":\"ImageObject\",\"inLanguage\":\"en-GB\",\"@id\":\"https:\/\/invertas.lt\/produktai\/dregmes-matavimas\/infraraudonuju-spinduliu-dregmes-jutiklis-omnir\/#primaryimage\",\"url\":\"https:\/\/invertas.lt\/wp-content\/uploads\/2025\/10\/Screenshot-2025-10-13-at-22.21.32.png\",\"contentUrl\":\"https:\/\/invertas.lt\/wp-content\/uploads\/2025\/10\/Screenshot-2025-10-13-at-22.21.32.png\",\"width\":626,\"height\":690},{\"@type\":\"BreadcrumbList\",\"@id\":\"https:\/\/invertas.lt\/produktai\/dregmes-matavimas\/infraraudonuju-spinduliu-dregmes-jutiklis-omnir\/#breadcrumb\",\"itemListElement\":[{\"@type\":\"ListItem\",\"position\":1,\"name\":\"Prad\u017eia\",\"item\":\"https:\/\/invertas.lt\/\"},{\"@type\":\"ListItem\",\"position\":2,\"name\":\"Products\",\"item\":\"https:\/\/invertas.lt\/shop\/\"},{\"@type\":\"ListItem\",\"position\":3,\"name\":\"Dr\u0117gm\u0117s matuokliai\",\"item\":\"https:\/\/invertas.lt\/.\/dregmes-matavimas\/\"},{\"@type\":\"ListItem\",\"position\":4,\"name\":\"Finna Sensors infraraudon\u0173j\u0173 spinduli\u0173 dr\u0117gm\u0117s jutiklis OMNIR\"}]},{\"@type\":\"WebSite\",\"@id\":\"https:\/\/invertas.lt\/#website\",\"url\":\"https:\/\/invertas.lt\/\",\"name\":\"Invertas\",\"description\":\"\",\"publisher\":{\"@id\":\"https:\/\/invertas.lt\/#organization\"},\"potentialAction\":[{\"@type\":\"SearchAction\",\"target\":{\"@type\":\"EntryPoint\",\"urlTemplate\":\"https:\/\/invertas.lt\/?s={search_term_string}\"},\"query-input\":{\"@type\":\"PropertyValueSpecification\",\"valueRequired\":true,\"valueName\":\"search_term_string\"}}],\"inLanguage\":\"en-GB\"},{\"@type\":\"Organization\",\"@id\":\"https:\/\/invertas.lt\/#organization\",\"name\":\"Invertas\",\"url\":\"https:\/\/invertas.lt\/\",\"logo\":{\"@type\":\"ImageObject\",\"inLanguage\":\"en-GB\",\"@id\":\"https:\/\/invertas.lt\/#\/schema\/logo\/image\/\",\"url\":\"https:\/\/invertas.lt\/wp-content\/uploads\/2025\/03\/New-Text-Document-2.svg\",\"contentUrl\":\"https:\/\/invertas.lt\/wp-content\/uploads\/2025\/03\/New-Text-Document-2.svg\",\"width\":140,\"height\":39,\"caption\":\"Invertas\"},\"image\":{\"@id\":\"https:\/\/invertas.lt\/#\/schema\/logo\/image\/\"}}]}<\/script>\n<!-- \/ Yoast SEO plugin. -->","yoast_head_json":{"title":"Finna Sensors infraraudon\u0173j\u0173 spinduli\u0173 dr\u0117gm\u0117s jutiklis OMNIR - Invertas","description":"Pa\u017eang\u016bs dr\u0117gm\u0117s matavimo sprendimai biokuro, gr\u016bd\u0173, chemijos, anglies ir kit\u0173 aplikacij\u0173 i\u0161 lyderiaujan\u010dio JAV gamintojo Finna Sensors.","robots":{"index":"index","follow":"follow","max-snippet":"max-snippet:-1","max-image-preview":"max-image-preview:large","max-video-preview":"max-video-preview:-1"},"canonical":"https:\/\/invertas.lt\/en\/produktai\/dregmes-matavimas\/infraraudonuju-spinduliu-dregmes-jutiklis-omnir\/","og_locale":"en_GB","og_type":"article","og_title":"Finna Sensors infraraudon\u0173j\u0173 spinduli\u0173 dr\u0117gm\u0117s jutiklis OMNIR - Invertas","og_description":"Pa\u017eang\u016bs dr\u0117gm\u0117s matavimo sprendimai biokuro, gr\u016bd\u0173, chemijos, anglies ir kit\u0173 aplikacij\u0173 i\u0161 lyderiaujan\u010dio JAV gamintojo Finna Sensors.","og_url":"https:\/\/invertas.lt\/en\/produktai\/dregmes-matavimas\/infraraudonuju-spinduliu-dregmes-jutiklis-omnir\/","og_site_name":"Invertas","article_modified_time":"2025-10-15T09:09:09+00:00","og_image":[{"width":626,"height":690,"url":"https:\/\/invertas.lt\/wp-content\/uploads\/2025\/10\/Screenshot-2025-10-13-at-22.21.32.png","type":"image\/png"}],"twitter_card":"summary_large_image","twitter_misc":{"Estimated reading time":"1 minute"},"schema":{"@context":"https:\/\/schema.org","@graph":[{"@type":"WebPage","@id":"https:\/\/invertas.lt\/produktai\/dregmes-matavimas\/infraraudonuju-spinduliu-dregmes-jutiklis-omnir\/","url":"https:\/\/invertas.lt\/produktai\/dregmes-matavimas\/infraraudonuju-spinduliu-dregmes-jutiklis-omnir\/","name":"Finna Sensors infraraudon\u0173j\u0173 spinduli\u0173 dr\u0117gm\u0117s jutiklis OMNIR - Invertas","isPartOf":{"@id":"https:\/\/invertas.lt\/#website"},"primaryImageOfPage":{"@id":"https:\/\/invertas.lt\/produktai\/dregmes-matavimas\/infraraudonuju-spinduliu-dregmes-jutiklis-omnir\/#primaryimage"},"image":{"@id":"https:\/\/invertas.lt\/produktai\/dregmes-matavimas\/infraraudonuju-spinduliu-dregmes-jutiklis-omnir\/#primaryimage"},"thumbnailUrl":"https:\/\/invertas.lt\/wp-content\/uploads\/2025\/10\/Screenshot-2025-10-13-at-22.21.32.png","datePublished":"2025-10-08T18:39:24+00:00","dateModified":"2025-10-15T09:09:09+00:00","description":"Pa\u017eang\u016bs dr\u0117gm\u0117s matavimo sprendimai biokuro, gr\u016bd\u0173, chemijos, anglies ir kit\u0173 aplikacij\u0173 i\u0161 lyderiaujan\u010dio JAV gamintojo Finna Sensors.","breadcrumb":{"@id":"https:\/\/invertas.lt\/produktai\/dregmes-matavimas\/infraraudonuju-spinduliu-dregmes-jutiklis-omnir\/#breadcrumb"},"inLanguage":"en-GB","potentialAction":[{"@type":"ReadAction","target":["https:\/\/invertas.lt\/produktai\/dregmes-matavimas\/infraraudonuju-spinduliu-dregmes-jutiklis-omnir\/"]}]},{"@type":"ImageObject","inLanguage":"en-GB","@id":"https:\/\/invertas.lt\/produktai\/dregmes-matavimas\/infraraudonuju-spinduliu-dregmes-jutiklis-omnir\/#primaryimage","url":"https:\/\/invertas.lt\/wp-content\/uploads\/2025\/10\/Screenshot-2025-10-13-at-22.21.32.png","contentUrl":"https:\/\/invertas.lt\/wp-content\/uploads\/2025\/10\/Screenshot-2025-10-13-at-22.21.32.png","width":626,"height":690},{"@type":"BreadcrumbList","@id":"https:\/\/invertas.lt\/produktai\/dregmes-matavimas\/infraraudonuju-spinduliu-dregmes-jutiklis-omnir\/#breadcrumb","itemListElement":[{"@type":"ListItem","position":1,"name":"Prad\u017eia","item":"https:\/\/invertas.lt\/"},{"@type":"ListItem","position":2,"name":"Products","item":"https:\/\/invertas.lt\/shop\/"},{"@type":"ListItem","position":3,"name":"Dr\u0117gm\u0117s matuokliai","item":"https:\/\/invertas.lt\/.\/dregmes-matavimas\/"},{"@type":"ListItem","position":4,"name":"Finna Sensors infraraudon\u0173j\u0173 spinduli\u0173 dr\u0117gm\u0117s jutiklis OMNIR"}]},{"@type":"WebSite","@id":"https:\/\/invertas.lt\/#website","url":"https:\/\/invertas.lt\/","name":"Invert","description":"","publisher":{"@id":"https:\/\/invertas.lt\/#organization"},"potentialAction":[{"@type":"SearchAction","target":{"@type":"EntryPoint","urlTemplate":"https:\/\/invertas.lt\/?s={search_term_string}"},"query-input":{"@type":"PropertyValueSpecification","valueRequired":true,"valueName":"search_term_string"}}],"inLanguage":"en-GB"},{"@type":"Organization","@id":"https:\/\/invertas.lt\/#organization","name":"Invert","url":"https:\/\/invertas.lt\/","logo":{"@type":"ImageObject","inLanguage":"en-GB","@id":"https:\/\/invertas.lt\/#\/schema\/logo\/image\/","url":"https:\/\/invertas.lt\/wp-content\/uploads\/2025\/03\/New-Text-Document-2.svg","contentUrl":"https:\/\/invertas.lt\/wp-content\/uploads\/2025\/03\/New-Text-Document-2.svg","width":140,"height":39,"caption":"Invertas"},"image":{"@id":"https:\/\/invertas.lt\/#\/schema\/logo\/image\/"}}]}},"_links":{"self":[{"href":"https:\/\/invertas.lt\/en\/wp-json\/wp\/v2\/product\/10710","targetHints":{"allow":["GET"]}}],"collection":[{"href":"https:\/\/invertas.lt\/en\/wp-json\/wp\/v2\/product"}],"about":[{"href":"https:\/\/invertas.lt\/en\/wp-json\/wp\/v2\/types\/product"}],"replies":[{"embeddable":true,"href":"https:\/\/invertas.lt\/en\/wp-json\/wp\/v2\/comments?post=10710"}],"wp:featuredmedia":[{"embeddable":true,"href":"https:\/\/invertas.lt\/en\/wp-json\/wp\/v2\/media\/10854"}],"wp:attachment":[{"href":"https:\/\/invertas.lt\/en\/wp-json\/wp\/v2\/media?parent=10710"}],"wp:term":[{"taxonomy":"product_brand","embeddable":true,"href":"https:\/\/invertas.lt\/en\/wp-json\/wp\/v2\/product_brand?post=10710"},{"taxonomy":"product_cat","embeddable":true,"href":"https:\/\/invertas.lt\/en\/wp-json\/wp\/v2\/product_cat?post=10710"},{"taxonomy":"product_tag","embeddable":true,"href":"https:\/\/invertas.lt\/en\/wp-json\/wp\/v2\/product_tag?post=10710"}],"curies":[{"name":"wp","href":"https:\/\/api.w.org\/{rel}","templated":true}]}}