{"id":10660,"date":"2025-10-07T12:02:09","date_gmt":"2025-10-07T12:02:09","guid":{"rendered":"https:\/\/invertas.lt\/?post_type=product&#038;p=10660"},"modified":"2025-10-08T19:15:47","modified_gmt":"2025-10-08T19:15:47","slug":"sauso-kontakto-plokste","status":"publish","type":"product","link":"https:\/\/invertas.lt\/en\/produktai\/ups-nepertraukiamo-maitinimo-saltiniai\/sauso-kontakto-plokste\/","title":{"rendered":"AEC dry contact expansion board"},"content":{"rendered":"<h3 data-start=\"67\" data-end=\"85\">Description<\/h3>\n<p data-start=\"65\" data-end=\"225\">The relay or dry contact board provides several voltage-free (potential-free) normally open or closed contacts for signaling various UPS functions.<br data-start=\"217\" data-end=\"220\" \/>It is also possible to perform a manual or automatic shutdown of the UPS remotely.<\/p>\n<h3 data-start=\"331\" data-end=\"348\"><strong data-start=\"331\" data-end=\"346\">Advantages<\/strong><\/h3>\n<ul>\n<li>UPS is operating in bypass mode<\/li>\n<li>No input power supply<\/li>\n<li>UPS operates in inverter mode<\/li>\n<li>Incompatible batteries - inspection required<\/li>\n<li>General alarm detected - check required<\/li>\n<\/ul>","protected":false},"excerpt":{"rendered":"<p>Apra\u0161ymas Rel\u0117s arba sauso kontakto plok\u0161t\u0117 suteikia kelet\u0105 be\u012ftampi\u0173 (potencialo neturin\u010di\u0173) normaliai atvir\u0173 arba u\u017edar\u0173 kontakt\u0173, skirt\u0173 \u012fvairioms UPS funkcijoms signalizuoti.Taip pat galima vykdyti UPS i\u0161jungim\u0105 rankiniu ar automatiniu b\u016bdu nuotoliniu b\u016bdu. Privalumai UPS veikia apeinimo (bypass) re\u017eimu N\u0117ra \u012f\u0117jimo elektros tinklo UPS veikia inverterio re\u017eimu Netinkami akumuliatoriai \u2013 b\u016btina patikra U\u017efiksuotas bendrasis aliarmas \u2013 [&hellip;]<\/p>","protected":false},"featured_media":10661,"comment_status":"open","ping_status":"closed","template":"","meta":{"_acf_changed":false,"inline_featured_image":false},"product_brand":[],"product_cat":[581],"product_tag":[608,607,606,605],"class_list":{"0":"post-10660","1":"product","2":"type-product","3":"status-publish","4":"has-post-thumbnail","6":"product_cat-ups-nepertraukiamo-maitinimo-saltiniai","7":"product_tag-aec","8":"product_tag-invertas","9":"product_tag-nepertraukiamo-maitinimo-saltiniai","10":"product_tag-ups","12":"first","13":"instock","14":"shipping-taxable","15":"purchasable","16":"product-type-simple"},"acf":[],"yoast_head":"<!-- This site is optimized with the Yoast SEO plugin v25.5 - https:\/\/yoast.com\/wordpress\/plugins\/seo\/ -->\n<title>AEC sauso kontakto i\u0161pl\u0117timo plok\u0161t\u0117 - Invertas<\/title>\n<meta name=\"description\" content=\"AEC Ital\u0173 gamintojo kokybi\u0161ki UPS (Nepertraukiamo maitinimo \u0161altiniai). 3 met\u0173 garantija, greitas tiekimas, nepriekai\u0161tinga kokyb\u0117.\" \/>\n<meta name=\"robots\" content=\"index, follow, max-snippet:-1, max-image-preview:large, max-video-preview:-1\" \/>\n<link rel=\"canonical\" href=\"https:\/\/invertas.lt\/en\/produktai\/ups-nepertraukiamo-maitinimo-saltiniai\/sauso-kontakto-plokste\/\" \/>\n<meta property=\"og:locale\" content=\"en_GB\" \/>\n<meta property=\"og:type\" content=\"article\" \/>\n<meta property=\"og:title\" content=\"AEC sauso kontakto i\u0161pl\u0117timo plok\u0161t\u0117 - Invertas\" \/>\n<meta property=\"og:description\" content=\"AEC Ital\u0173 gamintojo kokybi\u0161ki UPS (Nepertraukiamo maitinimo \u0161altiniai). 3 met\u0173 garantija, greitas tiekimas, nepriekai\u0161tinga kokyb\u0117.\" \/>\n<meta property=\"og:url\" content=\"https:\/\/invertas.lt\/en\/produktai\/ups-nepertraukiamo-maitinimo-saltiniai\/sauso-kontakto-plokste\/\" \/>\n<meta property=\"og:site_name\" content=\"Invertas\" \/>\n<meta property=\"article:modified_time\" content=\"2025-10-08T19:15:47+00:00\" \/>\n<meta property=\"og:image\" content=\"https:\/\/invertas.lt\/wp-content\/uploads\/2025\/10\/scheda-dry-contact-per-ups-optimized.webp\" \/>\n\t<meta property=\"og:image:width\" content=\"382\" \/>\n\t<meta property=\"og:image:height\" content=\"364\" \/>\n\t<meta property=\"og:image:type\" content=\"image\/webp\" \/>\n<meta name=\"twitter:card\" content=\"summary_large_image\" \/>\n<meta name=\"twitter:label1\" content=\"Estimated reading time\" \/>\n\t<meta name=\"twitter:data1\" content=\"1 minute\" \/>\n<script type=\"application\/ld+json\" class=\"yoast-schema-graph\">{\"@context\":\"https:\/\/schema.org\",\"@graph\":[{\"@type\":\"WebPage\",\"@id\":\"https:\/\/invertas.lt\/produktai\/ups-nepertraukiamo-maitinimo-saltiniai\/sauso-kontakto-plokste\/\",\"url\":\"https:\/\/invertas.lt\/produktai\/ups-nepertraukiamo-maitinimo-saltiniai\/sauso-kontakto-plokste\/\",\"name\":\"AEC sauso kontakto i\u0161pl\u0117timo plok\u0161t\u0117 - Invertas\",\"isPartOf\":{\"@id\":\"https:\/\/invertas.lt\/#website\"},\"primaryImageOfPage\":{\"@id\":\"https:\/\/invertas.lt\/produktai\/ups-nepertraukiamo-maitinimo-saltiniai\/sauso-kontakto-plokste\/#primaryimage\"},\"image\":{\"@id\":\"https:\/\/invertas.lt\/produktai\/ups-nepertraukiamo-maitinimo-saltiniai\/sauso-kontakto-plokste\/#primaryimage\"},\"thumbnailUrl\":\"https:\/\/invertas.lt\/wp-content\/uploads\/2025\/10\/scheda-dry-contact-per-ups-optimized.webp\",\"datePublished\":\"2025-10-07T12:02:09+00:00\",\"dateModified\":\"2025-10-08T19:15:47+00:00\",\"description\":\"AEC Ital\u0173 gamintojo kokybi\u0161ki UPS (Nepertraukiamo maitinimo \u0161altiniai). 3 met\u0173 garantija, greitas tiekimas, nepriekai\u0161tinga kokyb\u0117.\",\"breadcrumb\":{\"@id\":\"https:\/\/invertas.lt\/produktai\/ups-nepertraukiamo-maitinimo-saltiniai\/sauso-kontakto-plokste\/#breadcrumb\"},\"inLanguage\":\"en-GB\",\"potentialAction\":[{\"@type\":\"ReadAction\",\"target\":[\"https:\/\/invertas.lt\/produktai\/ups-nepertraukiamo-maitinimo-saltiniai\/sauso-kontakto-plokste\/\"]}]},{\"@type\":\"ImageObject\",\"inLanguage\":\"en-GB\",\"@id\":\"https:\/\/invertas.lt\/produktai\/ups-nepertraukiamo-maitinimo-saltiniai\/sauso-kontakto-plokste\/#primaryimage\",\"url\":\"https:\/\/invertas.lt\/wp-content\/uploads\/2025\/10\/scheda-dry-contact-per-ups-optimized.webp\",\"contentUrl\":\"https:\/\/invertas.lt\/wp-content\/uploads\/2025\/10\/scheda-dry-contact-per-ups-optimized.webp\",\"width\":382,\"height\":364},{\"@type\":\"BreadcrumbList\",\"@id\":\"https:\/\/invertas.lt\/produktai\/ups-nepertraukiamo-maitinimo-saltiniai\/sauso-kontakto-plokste\/#breadcrumb\",\"itemListElement\":[{\"@type\":\"ListItem\",\"position\":1,\"name\":\"Prad\u017eia\",\"item\":\"https:\/\/invertas.lt\/\"},{\"@type\":\"ListItem\",\"position\":2,\"name\":\"Products\",\"item\":\"https:\/\/invertas.lt\/shop\/\"},{\"@type\":\"ListItem\",\"position\":3,\"name\":\"UPS\",\"item\":\"https:\/\/invertas.lt\/.\/ups-nepertraukiamo-maitinimo-saltiniai\/\"},{\"@type\":\"ListItem\",\"position\":4,\"name\":\"AEC sauso kontakto i\u0161pl\u0117timo plok\u0161t\u0117\"}]},{\"@type\":\"WebSite\",\"@id\":\"https:\/\/invertas.lt\/#website\",\"url\":\"https:\/\/invertas.lt\/\",\"name\":\"Invertas\",\"description\":\"\",\"publisher\":{\"@id\":\"https:\/\/invertas.lt\/#organization\"},\"potentialAction\":[{\"@type\":\"SearchAction\",\"target\":{\"@type\":\"EntryPoint\",\"urlTemplate\":\"https:\/\/invertas.lt\/?s={search_term_string}\"},\"query-input\":{\"@type\":\"PropertyValueSpecification\",\"valueRequired\":true,\"valueName\":\"search_term_string\"}}],\"inLanguage\":\"en-GB\"},{\"@type\":\"Organization\",\"@id\":\"https:\/\/invertas.lt\/#organization\",\"name\":\"Invertas\",\"url\":\"https:\/\/invertas.lt\/\",\"logo\":{\"@type\":\"ImageObject\",\"inLanguage\":\"en-GB\",\"@id\":\"https:\/\/invertas.lt\/#\/schema\/logo\/image\/\",\"url\":\"https:\/\/invertas.lt\/wp-content\/uploads\/2025\/03\/New-Text-Document-2.svg\",\"contentUrl\":\"https:\/\/invertas.lt\/wp-content\/uploads\/2025\/03\/New-Text-Document-2.svg\",\"width\":140,\"height\":39,\"caption\":\"Invertas\"},\"image\":{\"@id\":\"https:\/\/invertas.lt\/#\/schema\/logo\/image\/\"}}]}<\/script>\n<!-- \/ Yoast SEO plugin. -->","yoast_head_json":{"title":"AEC sauso kontakto i\u0161pl\u0117timo plok\u0161t\u0117 - Invertas","description":"AEC Ital\u0173 gamintojo kokybi\u0161ki UPS (Nepertraukiamo maitinimo \u0161altiniai). 3 met\u0173 garantija, greitas tiekimas, nepriekai\u0161tinga kokyb\u0117.","robots":{"index":"index","follow":"follow","max-snippet":"max-snippet:-1","max-image-preview":"max-image-preview:large","max-video-preview":"max-video-preview:-1"},"canonical":"https:\/\/invertas.lt\/en\/produktai\/ups-nepertraukiamo-maitinimo-saltiniai\/sauso-kontakto-plokste\/","og_locale":"en_GB","og_type":"article","og_title":"AEC sauso kontakto i\u0161pl\u0117timo plok\u0161t\u0117 - Invertas","og_description":"AEC Ital\u0173 gamintojo kokybi\u0161ki UPS (Nepertraukiamo maitinimo \u0161altiniai). 3 met\u0173 garantija, greitas tiekimas, nepriekai\u0161tinga kokyb\u0117.","og_url":"https:\/\/invertas.lt\/en\/produktai\/ups-nepertraukiamo-maitinimo-saltiniai\/sauso-kontakto-plokste\/","og_site_name":"Invertas","article_modified_time":"2025-10-08T19:15:47+00:00","og_image":[{"width":382,"height":364,"url":"https:\/\/invertas.lt\/wp-content\/uploads\/2025\/10\/scheda-dry-contact-per-ups-optimized.webp","type":"image\/webp"}],"twitter_card":"summary_large_image","twitter_misc":{"Estimated reading time":"1 minute"},"schema":{"@context":"https:\/\/schema.org","@graph":[{"@type":"WebPage","@id":"https:\/\/invertas.lt\/produktai\/ups-nepertraukiamo-maitinimo-saltiniai\/sauso-kontakto-plokste\/","url":"https:\/\/invertas.lt\/produktai\/ups-nepertraukiamo-maitinimo-saltiniai\/sauso-kontakto-plokste\/","name":"AEC sauso kontakto i\u0161pl\u0117timo plok\u0161t\u0117 - Invertas","isPartOf":{"@id":"https:\/\/invertas.lt\/#website"},"primaryImageOfPage":{"@id":"https:\/\/invertas.lt\/produktai\/ups-nepertraukiamo-maitinimo-saltiniai\/sauso-kontakto-plokste\/#primaryimage"},"image":{"@id":"https:\/\/invertas.lt\/produktai\/ups-nepertraukiamo-maitinimo-saltiniai\/sauso-kontakto-plokste\/#primaryimage"},"thumbnailUrl":"https:\/\/invertas.lt\/wp-content\/uploads\/2025\/10\/scheda-dry-contact-per-ups-optimized.webp","datePublished":"2025-10-07T12:02:09+00:00","dateModified":"2025-10-08T19:15:47+00:00","description":"AEC Ital\u0173 gamintojo kokybi\u0161ki UPS (Nepertraukiamo maitinimo \u0161altiniai). 3 met\u0173 garantija, greitas tiekimas, nepriekai\u0161tinga kokyb\u0117.","breadcrumb":{"@id":"https:\/\/invertas.lt\/produktai\/ups-nepertraukiamo-maitinimo-saltiniai\/sauso-kontakto-plokste\/#breadcrumb"},"inLanguage":"en-GB","potentialAction":[{"@type":"ReadAction","target":["https:\/\/invertas.lt\/produktai\/ups-nepertraukiamo-maitinimo-saltiniai\/sauso-kontakto-plokste\/"]}]},{"@type":"ImageObject","inLanguage":"en-GB","@id":"https:\/\/invertas.lt\/produktai\/ups-nepertraukiamo-maitinimo-saltiniai\/sauso-kontakto-plokste\/#primaryimage","url":"https:\/\/invertas.lt\/wp-content\/uploads\/2025\/10\/scheda-dry-contact-per-ups-optimized.webp","contentUrl":"https:\/\/invertas.lt\/wp-content\/uploads\/2025\/10\/scheda-dry-contact-per-ups-optimized.webp","width":382,"height":364},{"@type":"BreadcrumbList","@id":"https:\/\/invertas.lt\/produktai\/ups-nepertraukiamo-maitinimo-saltiniai\/sauso-kontakto-plokste\/#breadcrumb","itemListElement":[{"@type":"ListItem","position":1,"name":"Prad\u017eia","item":"https:\/\/invertas.lt\/"},{"@type":"ListItem","position":2,"name":"Products","item":"https:\/\/invertas.lt\/shop\/"},{"@type":"ListItem","position":3,"name":"UPS","item":"https:\/\/invertas.lt\/.\/ups-nepertraukiamo-maitinimo-saltiniai\/"},{"@type":"ListItem","position":4,"name":"AEC sauso kontakto i\u0161pl\u0117timo plok\u0161t\u0117"}]},{"@type":"WebSite","@id":"https:\/\/invertas.lt\/#website","url":"https:\/\/invertas.lt\/","name":"Invert","description":"","publisher":{"@id":"https:\/\/invertas.lt\/#organization"},"potentialAction":[{"@type":"SearchAction","target":{"@type":"EntryPoint","urlTemplate":"https:\/\/invertas.lt\/?s={search_term_string}"},"query-input":{"@type":"PropertyValueSpecification","valueRequired":true,"valueName":"search_term_string"}}],"inLanguage":"en-GB"},{"@type":"Organization","@id":"https:\/\/invertas.lt\/#organization","name":"Invert","url":"https:\/\/invertas.lt\/","logo":{"@type":"ImageObject","inLanguage":"en-GB","@id":"https:\/\/invertas.lt\/#\/schema\/logo\/image\/","url":"https:\/\/invertas.lt\/wp-content\/uploads\/2025\/03\/New-Text-Document-2.svg","contentUrl":"https:\/\/invertas.lt\/wp-content\/uploads\/2025\/03\/New-Text-Document-2.svg","width":140,"height":39,"caption":"Invertas"},"image":{"@id":"https:\/\/invertas.lt\/#\/schema\/logo\/image\/"}}]}},"_links":{"self":[{"href":"https:\/\/invertas.lt\/en\/wp-json\/wp\/v2\/product\/10660","targetHints":{"allow":["GET"]}}],"collection":[{"href":"https:\/\/invertas.lt\/en\/wp-json\/wp\/v2\/product"}],"about":[{"href":"https:\/\/invertas.lt\/en\/wp-json\/wp\/v2\/types\/product"}],"replies":[{"embeddable":true,"href":"https:\/\/invertas.lt\/en\/wp-json\/wp\/v2\/comments?post=10660"}],"wp:featuredmedia":[{"embeddable":true,"href":"https:\/\/invertas.lt\/en\/wp-json\/wp\/v2\/media\/10661"}],"wp:attachment":[{"href":"https:\/\/invertas.lt\/en\/wp-json\/wp\/v2\/media?parent=10660"}],"wp:term":[{"taxonomy":"product_brand","embeddable":true,"href":"https:\/\/invertas.lt\/en\/wp-json\/wp\/v2\/product_brand?post=10660"},{"taxonomy":"product_cat","embeddable":true,"href":"https:\/\/invertas.lt\/en\/wp-json\/wp\/v2\/product_cat?post=10660"},{"taxonomy":"product_tag","embeddable":true,"href":"https:\/\/invertas.lt\/en\/wp-json\/wp\/v2\/product_tag?post=10660"}],"curies":[{"name":"wp","href":"https:\/\/api.w.org\/{rel}","templated":true}]}}