{"id":10627,"date":"2025-10-06T19:22:50","date_gmt":"2025-10-06T19:22:50","guid":{"rendered":"https:\/\/invertas.lt\/?post_type=product&#038;p=10627"},"modified":"2025-10-08T18:17:25","modified_gmt":"2025-10-08T18:17:25","slug":"bateriju-spinta-bb8","status":"publish","type":"product","link":"https:\/\/invertas.lt\/en\/produktai\/ups-nepertraukiamo-maitinimo-saltiniai\/bateriju-spinta-bb8\/","title":{"rendered":"AEC Battery Cabinet | BB8"},"content":{"rendered":"<h3 data-start=\"67\" data-end=\"85\">Description<\/h3>\n<p>Extend UPS autonomy with the BB8 battery cabinet designed by AEC!<br data-start=\"98\" data-end=\"101\" \/>A battery cabinet is a device designed to house the batteries that power an uninterruptible power supply (UPS). In the event of a power outage, a UPS system ensures that your devices continue to operate by using the energy stored in the battery cabinet.<\/p>\n<p data-start=\"331\" data-end=\"348\"><strong data-start=\"331\" data-end=\"346\">Advantages:<\/strong><\/p>\n<ul>\n<li>Compatible with UPS IST7 (single-phase and three-phase double-conversion tower UPS).<\/li>\n<li>Capacity: up to 64 pcs. 12 V AGM VRLA 100 Ah batteries.<\/li>\n<li>Application: compatible with UPS from 1 to 1200 kVA.<\/li>\n<li>Conformity to standard: IEC\/EN 62040-1.<\/li>\n<li>Design: RAL 9005 (intense black), linear and elegant.<\/li>\n<li>Example configuration: IST7 40 kVA + BB8 with 40\u00d7 12 V AGM VRLA 100 Ah batteries.<\/li>\n<\/ul>","protected":false},"excerpt":{"rendered":"<p>Apra\u0161ymas Prat\u0119skite UPS autonomij\u0105 su AEC sukurta BB8 akumuliatori\u0173 spinta!Akumuliatori\u0173 spinta \u2013 tai \u012frenginys, skirtas talpinti akumuliatorius, kurie maitina nepertraukiamo maitinimo \u0161altin\u012f (UPS). Dingus elektros tiekimui, UPS sistema u\u017etikrina, kad j\u016bs\u0173 \u012frenginiai ir toliau veikt\u0173, naudodami akumuliatori\u0173 spintoje sukaupt\u0105 energij\u0105. Privalumai: Suderinama su UPS IST7 (vienfaziais ir trifaziais dvigubos konversijos bok\u0161tiniais UPS). Talpa: iki 64 [&hellip;]<\/p>","protected":false},"featured_media":10628,"comment_status":"open","ping_status":"closed","template":"","meta":{"_acf_changed":false,"inline_featured_image":false},"product_brand":[],"product_cat":[581],"product_tag":[608,607,606,605],"class_list":{"0":"post-10627","1":"product","2":"type-product","3":"status-publish","4":"has-post-thumbnail","6":"product_cat-ups-nepertraukiamo-maitinimo-saltiniai","7":"product_tag-aec","8":"product_tag-invertas","9":"product_tag-nepertraukiamo-maitinimo-saltiniai","10":"product_tag-ups","12":"first","13":"instock","14":"shipping-taxable","15":"purchasable","16":"product-type-simple"},"acf":[],"yoast_head":"<!-- This site is optimized with the Yoast SEO plugin v25.5 - https:\/\/yoast.com\/wordpress\/plugins\/seo\/ -->\n<title>AEC baterij\u0173 spinta | BB8 - Invertas<\/title>\n<meta name=\"description\" content=\"AEC Ital\u0173 gamintojo kokybi\u0161ki UPS (Nepertraukiamo maitinimo \u0161altiniai). 3 met\u0173 garantija, greitas tiekimas, nepriekai\u0161tinga kokyb\u0117.\" \/>\n<meta name=\"robots\" content=\"index, follow, max-snippet:-1, max-image-preview:large, max-video-preview:-1\" \/>\n<link rel=\"canonical\" href=\"https:\/\/invertas.lt\/en\/produktai\/ups-nepertraukiamo-maitinimo-saltiniai\/bateriju-spinta-bb8\/\" \/>\n<meta property=\"og:locale\" content=\"en_GB\" \/>\n<meta property=\"og:type\" content=\"article\" \/>\n<meta property=\"og:title\" content=\"AEC baterij\u0173 spinta | BB8 - Invertas\" \/>\n<meta property=\"og:description\" content=\"AEC Ital\u0173 gamintojo kokybi\u0161ki UPS (Nepertraukiamo maitinimo \u0161altiniai). 3 met\u0173 garantija, greitas tiekimas, nepriekai\u0161tinga kokyb\u0117.\" \/>\n<meta property=\"og:url\" content=\"https:\/\/invertas.lt\/en\/produktai\/ups-nepertraukiamo-maitinimo-saltiniai\/bateriju-spinta-bb8\/\" \/>\n<meta property=\"og:site_name\" content=\"Invertas\" \/>\n<meta property=\"article:modified_time\" content=\"2025-10-08T18:17:25+00:00\" \/>\n<meta property=\"og:image\" content=\"https:\/\/invertas.lt\/wp-content\/uploads\/2025\/10\/batteries-cabinet-ups-bb8-optimized.webp\" \/>\n\t<meta property=\"og:image:width\" content=\"597\" \/>\n\t<meta property=\"og:image:height\" content=\"785\" \/>\n\t<meta property=\"og:image:type\" content=\"image\/webp\" \/>\n<meta name=\"twitter:card\" content=\"summary_large_image\" \/>\n<meta name=\"twitter:label1\" content=\"Estimated reading time\" \/>\n\t<meta name=\"twitter:data1\" content=\"1 minute\" \/>\n<script type=\"application\/ld+json\" class=\"yoast-schema-graph\">{\"@context\":\"https:\/\/schema.org\",\"@graph\":[{\"@type\":\"WebPage\",\"@id\":\"https:\/\/invertas.lt\/produktai\/ups-nepertraukiamo-maitinimo-saltiniai\/bateriju-spinta-bb8\/\",\"url\":\"https:\/\/invertas.lt\/produktai\/ups-nepertraukiamo-maitinimo-saltiniai\/bateriju-spinta-bb8\/\",\"name\":\"AEC baterij\u0173 spinta | BB8 - Invertas\",\"isPartOf\":{\"@id\":\"https:\/\/invertas.lt\/#website\"},\"primaryImageOfPage\":{\"@id\":\"https:\/\/invertas.lt\/produktai\/ups-nepertraukiamo-maitinimo-saltiniai\/bateriju-spinta-bb8\/#primaryimage\"},\"image\":{\"@id\":\"https:\/\/invertas.lt\/produktai\/ups-nepertraukiamo-maitinimo-saltiniai\/bateriju-spinta-bb8\/#primaryimage\"},\"thumbnailUrl\":\"https:\/\/invertas.lt\/wp-content\/uploads\/2025\/10\/batteries-cabinet-ups-bb8-optimized.webp\",\"datePublished\":\"2025-10-06T19:22:50+00:00\",\"dateModified\":\"2025-10-08T18:17:25+00:00\",\"description\":\"AEC Ital\u0173 gamintojo kokybi\u0161ki UPS (Nepertraukiamo maitinimo \u0161altiniai). 3 met\u0173 garantija, greitas tiekimas, nepriekai\u0161tinga kokyb\u0117.\",\"breadcrumb\":{\"@id\":\"https:\/\/invertas.lt\/produktai\/ups-nepertraukiamo-maitinimo-saltiniai\/bateriju-spinta-bb8\/#breadcrumb\"},\"inLanguage\":\"en-GB\",\"potentialAction\":[{\"@type\":\"ReadAction\",\"target\":[\"https:\/\/invertas.lt\/produktai\/ups-nepertraukiamo-maitinimo-saltiniai\/bateriju-spinta-bb8\/\"]}]},{\"@type\":\"ImageObject\",\"inLanguage\":\"en-GB\",\"@id\":\"https:\/\/invertas.lt\/produktai\/ups-nepertraukiamo-maitinimo-saltiniai\/bateriju-spinta-bb8\/#primaryimage\",\"url\":\"https:\/\/invertas.lt\/wp-content\/uploads\/2025\/10\/batteries-cabinet-ups-bb8-optimized.webp\",\"contentUrl\":\"https:\/\/invertas.lt\/wp-content\/uploads\/2025\/10\/batteries-cabinet-ups-bb8-optimized.webp\",\"width\":597,\"height\":785},{\"@type\":\"BreadcrumbList\",\"@id\":\"https:\/\/invertas.lt\/produktai\/ups-nepertraukiamo-maitinimo-saltiniai\/bateriju-spinta-bb8\/#breadcrumb\",\"itemListElement\":[{\"@type\":\"ListItem\",\"position\":1,\"name\":\"Prad\u017eia\",\"item\":\"https:\/\/invertas.lt\/\"},{\"@type\":\"ListItem\",\"position\":2,\"name\":\"Products\",\"item\":\"https:\/\/invertas.lt\/shop\/\"},{\"@type\":\"ListItem\",\"position\":3,\"name\":\"UPS\",\"item\":\"https:\/\/invertas.lt\/.\/ups-nepertraukiamo-maitinimo-saltiniai\/\"},{\"@type\":\"ListItem\",\"position\":4,\"name\":\"AEC baterij\u0173 spinta | BB8\"}]},{\"@type\":\"WebSite\",\"@id\":\"https:\/\/invertas.lt\/#website\",\"url\":\"https:\/\/invertas.lt\/\",\"name\":\"Invertas\",\"description\":\"\",\"publisher\":{\"@id\":\"https:\/\/invertas.lt\/#organization\"},\"potentialAction\":[{\"@type\":\"SearchAction\",\"target\":{\"@type\":\"EntryPoint\",\"urlTemplate\":\"https:\/\/invertas.lt\/?s={search_term_string}\"},\"query-input\":{\"@type\":\"PropertyValueSpecification\",\"valueRequired\":true,\"valueName\":\"search_term_string\"}}],\"inLanguage\":\"en-GB\"},{\"@type\":\"Organization\",\"@id\":\"https:\/\/invertas.lt\/#organization\",\"name\":\"Invertas\",\"url\":\"https:\/\/invertas.lt\/\",\"logo\":{\"@type\":\"ImageObject\",\"inLanguage\":\"en-GB\",\"@id\":\"https:\/\/invertas.lt\/#\/schema\/logo\/image\/\",\"url\":\"https:\/\/invertas.lt\/wp-content\/uploads\/2025\/03\/New-Text-Document-2.svg\",\"contentUrl\":\"https:\/\/invertas.lt\/wp-content\/uploads\/2025\/03\/New-Text-Document-2.svg\",\"width\":140,\"height\":39,\"caption\":\"Invertas\"},\"image\":{\"@id\":\"https:\/\/invertas.lt\/#\/schema\/logo\/image\/\"}}]}<\/script>\n<!-- \/ Yoast SEO plugin. -->","yoast_head_json":{"title":"AEC baterij\u0173 spinta | BB8 - Invertas","description":"AEC Ital\u0173 gamintojo kokybi\u0161ki UPS (Nepertraukiamo maitinimo \u0161altiniai). 3 met\u0173 garantija, greitas tiekimas, nepriekai\u0161tinga kokyb\u0117.","robots":{"index":"index","follow":"follow","max-snippet":"max-snippet:-1","max-image-preview":"max-image-preview:large","max-video-preview":"max-video-preview:-1"},"canonical":"https:\/\/invertas.lt\/en\/produktai\/ups-nepertraukiamo-maitinimo-saltiniai\/bateriju-spinta-bb8\/","og_locale":"en_GB","og_type":"article","og_title":"AEC baterij\u0173 spinta | BB8 - Invertas","og_description":"AEC Ital\u0173 gamintojo kokybi\u0161ki UPS (Nepertraukiamo maitinimo \u0161altiniai). 3 met\u0173 garantija, greitas tiekimas, nepriekai\u0161tinga kokyb\u0117.","og_url":"https:\/\/invertas.lt\/en\/produktai\/ups-nepertraukiamo-maitinimo-saltiniai\/bateriju-spinta-bb8\/","og_site_name":"Invertas","article_modified_time":"2025-10-08T18:17:25+00:00","og_image":[{"width":597,"height":785,"url":"https:\/\/invertas.lt\/wp-content\/uploads\/2025\/10\/batteries-cabinet-ups-bb8-optimized.webp","type":"image\/webp"}],"twitter_card":"summary_large_image","twitter_misc":{"Estimated reading time":"1 minute"},"schema":{"@context":"https:\/\/schema.org","@graph":[{"@type":"WebPage","@id":"https:\/\/invertas.lt\/produktai\/ups-nepertraukiamo-maitinimo-saltiniai\/bateriju-spinta-bb8\/","url":"https:\/\/invertas.lt\/produktai\/ups-nepertraukiamo-maitinimo-saltiniai\/bateriju-spinta-bb8\/","name":"AEC baterij\u0173 spinta | BB8 - Invertas","isPartOf":{"@id":"https:\/\/invertas.lt\/#website"},"primaryImageOfPage":{"@id":"https:\/\/invertas.lt\/produktai\/ups-nepertraukiamo-maitinimo-saltiniai\/bateriju-spinta-bb8\/#primaryimage"},"image":{"@id":"https:\/\/invertas.lt\/produktai\/ups-nepertraukiamo-maitinimo-saltiniai\/bateriju-spinta-bb8\/#primaryimage"},"thumbnailUrl":"https:\/\/invertas.lt\/wp-content\/uploads\/2025\/10\/batteries-cabinet-ups-bb8-optimized.webp","datePublished":"2025-10-06T19:22:50+00:00","dateModified":"2025-10-08T18:17:25+00:00","description":"AEC Ital\u0173 gamintojo kokybi\u0161ki UPS (Nepertraukiamo maitinimo \u0161altiniai). 3 met\u0173 garantija, greitas tiekimas, nepriekai\u0161tinga kokyb\u0117.","breadcrumb":{"@id":"https:\/\/invertas.lt\/produktai\/ups-nepertraukiamo-maitinimo-saltiniai\/bateriju-spinta-bb8\/#breadcrumb"},"inLanguage":"en-GB","potentialAction":[{"@type":"ReadAction","target":["https:\/\/invertas.lt\/produktai\/ups-nepertraukiamo-maitinimo-saltiniai\/bateriju-spinta-bb8\/"]}]},{"@type":"ImageObject","inLanguage":"en-GB","@id":"https:\/\/invertas.lt\/produktai\/ups-nepertraukiamo-maitinimo-saltiniai\/bateriju-spinta-bb8\/#primaryimage","url":"https:\/\/invertas.lt\/wp-content\/uploads\/2025\/10\/batteries-cabinet-ups-bb8-optimized.webp","contentUrl":"https:\/\/invertas.lt\/wp-content\/uploads\/2025\/10\/batteries-cabinet-ups-bb8-optimized.webp","width":597,"height":785},{"@type":"BreadcrumbList","@id":"https:\/\/invertas.lt\/produktai\/ups-nepertraukiamo-maitinimo-saltiniai\/bateriju-spinta-bb8\/#breadcrumb","itemListElement":[{"@type":"ListItem","position":1,"name":"Prad\u017eia","item":"https:\/\/invertas.lt\/"},{"@type":"ListItem","position":2,"name":"Products","item":"https:\/\/invertas.lt\/shop\/"},{"@type":"ListItem","position":3,"name":"UPS","item":"https:\/\/invertas.lt\/.\/ups-nepertraukiamo-maitinimo-saltiniai\/"},{"@type":"ListItem","position":4,"name":"AEC baterij\u0173 spinta | BB8"}]},{"@type":"WebSite","@id":"https:\/\/invertas.lt\/#website","url":"https:\/\/invertas.lt\/","name":"Invert","description":"","publisher":{"@id":"https:\/\/invertas.lt\/#organization"},"potentialAction":[{"@type":"SearchAction","target":{"@type":"EntryPoint","urlTemplate":"https:\/\/invertas.lt\/?s={search_term_string}"},"query-input":{"@type":"PropertyValueSpecification","valueRequired":true,"valueName":"search_term_string"}}],"inLanguage":"en-GB"},{"@type":"Organization","@id":"https:\/\/invertas.lt\/#organization","name":"Invert","url":"https:\/\/invertas.lt\/","logo":{"@type":"ImageObject","inLanguage":"en-GB","@id":"https:\/\/invertas.lt\/#\/schema\/logo\/image\/","url":"https:\/\/invertas.lt\/wp-content\/uploads\/2025\/03\/New-Text-Document-2.svg","contentUrl":"https:\/\/invertas.lt\/wp-content\/uploads\/2025\/03\/New-Text-Document-2.svg","width":140,"height":39,"caption":"Invertas"},"image":{"@id":"https:\/\/invertas.lt\/#\/schema\/logo\/image\/"}}]}},"_links":{"self":[{"href":"https:\/\/invertas.lt\/en\/wp-json\/wp\/v2\/product\/10627","targetHints":{"allow":["GET"]}}],"collection":[{"href":"https:\/\/invertas.lt\/en\/wp-json\/wp\/v2\/product"}],"about":[{"href":"https:\/\/invertas.lt\/en\/wp-json\/wp\/v2\/types\/product"}],"replies":[{"embeddable":true,"href":"https:\/\/invertas.lt\/en\/wp-json\/wp\/v2\/comments?post=10627"}],"wp:featuredmedia":[{"embeddable":true,"href":"https:\/\/invertas.lt\/en\/wp-json\/wp\/v2\/media\/10628"}],"wp:attachment":[{"href":"https:\/\/invertas.lt\/en\/wp-json\/wp\/v2\/media?parent=10627"}],"wp:term":[{"taxonomy":"product_brand","embeddable":true,"href":"https:\/\/invertas.lt\/en\/wp-json\/wp\/v2\/product_brand?post=10627"},{"taxonomy":"product_cat","embeddable":true,"href":"https:\/\/invertas.lt\/en\/wp-json\/wp\/v2\/product_cat?post=10627"},{"taxonomy":"product_tag","embeddable":true,"href":"https:\/\/invertas.lt\/en\/wp-json\/wp\/v2\/product_tag?post=10627"}],"curies":[{"name":"wp","href":"https:\/\/api.w.org\/{rel}","templated":true}]}}