{"id":10544,"date":"2025-10-06T15:31:33","date_gmt":"2025-10-06T15:31:33","guid":{"rendered":"https:\/\/invertas.lt\/?post_type=product&#038;p=10544"},"modified":"2025-10-08T18:14:32","modified_gmt":"2025-10-08T18:14:32","slug":"cpss-centrine-maitinimo-sistema-7-serija","status":"publish","type":"product","link":"https:\/\/invertas.lt\/en\/produktai\/ups-nepertraukiamo-maitinimo-saltiniai\/cpss-centrine-maitinimo-sistema-7-serija\/","title":{"rendered":"AEC CPSS \u2013 Central Power System | 7 Series | 10-200 kVA"},"content":{"rendered":"<p data-start=\"0\" data-end=\"17\"><strong>CPSS7 (10-200 kVA)<\/strong><\/p>\n<p data-start=\"0\" data-end=\"17\">Static type central emergency power supply system with advanced 3-level converter technology. Ensures high 96 % efficiency, compactness and reliable power supply for data centers and other critical equipment.<\/p>\n<p data-start=\"0\" data-end=\"17\"><strong data-start=\"0\" data-end=\"15\">Advantages:<\/strong><\/p>\n<ul>\n<li data-start=\"20\" data-end=\"68\">3-level technology, high efficiency 96 %<\/li>\n<li data-start=\"71\" data-end=\"100\">120 % overload tolerance<\/li>\n<li data-start=\"103\" data-end=\"164\">Battery life 10-12 years, charging &lt;12 hours.<\/li>\n<li data-start=\"167\" data-end=\"196\">On-site expansion (50-120 kVA)<\/li>\n<li data-start=\"199\" data-end=\"232\">Complies with CEI EN 62040 standard<\/li>\n<li data-start=\"235\" data-end=\"288\">Self-cleaning function and black box recording<\/li>\n<\/ul>","protected":false},"excerpt":{"rendered":"<p>CPSS7 (10\u2013200 kVA) Statinio tipo centrin\u0117 avarin\u0117 maitinimo sistema su pa\u017eangia 3 lygi\u0173 keitiklio technologija. U\u017etikrina auk\u0161t\u0105 96 % efektyvum\u0105, kompakti\u0161kum\u0105 ir patikim\u0105 energijos tiekim\u0105 duomen\u0173 centrams bei kitai svarbiai \u012frangai. Privalumai: 3 lygi\u0173 technologija, auk\u0161tas 96 % efektyvumas 120 % perkrovos tolerancija Akumuliatori\u0173 tarnavimo laikas 10\u201312 m., \u012fkrovimas &lt;12 val. Pl\u0117tra vietoje (50\u2013120 kVA) [&hellip;]<\/p>","protected":false},"featured_media":10551,"comment_status":"open","ping_status":"closed","template":"","meta":{"_acf_changed":false,"inline_featured_image":false},"product_brand":[],"product_cat":[581],"product_tag":[608,607,606,605],"class_list":{"0":"post-10544","1":"product","2":"type-product","3":"status-publish","4":"has-post-thumbnail","6":"product_cat-ups-nepertraukiamo-maitinimo-saltiniai","7":"product_tag-aec","8":"product_tag-invertas","9":"product_tag-nepertraukiamo-maitinimo-saltiniai","10":"product_tag-ups","12":"first","13":"instock","14":"shipping-taxable","15":"purchasable","16":"product-type-variable"},"acf":[],"yoast_head":"<!-- This site is optimized with the Yoast SEO plugin v25.5 - https:\/\/yoast.com\/wordpress\/plugins\/seo\/ -->\n<title>AEC CPSS \u2013 Centrin\u0117 maitinimo sistema | 7 serija | 10-200 kVA - Invertas<\/title>\n<meta name=\"description\" content=\"AEC Ital\u0173 gamintojo kokybi\u0161ki UPS (Nepertraukiamo maitinimo \u0161altiniai). 3 met\u0173 garantija, greitas tiekimas, nepriekai\u0161tinga kokyb\u0117.\" \/>\n<meta name=\"robots\" content=\"index, follow, max-snippet:-1, max-image-preview:large, max-video-preview:-1\" \/>\n<link rel=\"canonical\" href=\"https:\/\/invertas.lt\/en\/produktai\/ups-nepertraukiamo-maitinimo-saltiniai\/cpss-centrine-maitinimo-sistema-7-serija\/\" \/>\n<meta property=\"og:locale\" content=\"en_GB\" \/>\n<meta property=\"og:type\" content=\"article\" \/>\n<meta property=\"og:title\" content=\"AEC CPSS \u2013 Centrin\u0117 maitinimo sistema | 7 serija | 10-200 kVA - Invertas\" \/>\n<meta property=\"og:description\" content=\"AEC Ital\u0173 gamintojo kokybi\u0161ki UPS (Nepertraukiamo maitinimo \u0161altiniai). 3 met\u0173 garantija, greitas tiekimas, nepriekai\u0161tinga kokyb\u0117.\" \/>\n<meta property=\"og:url\" content=\"https:\/\/invertas.lt\/en\/produktai\/ups-nepertraukiamo-maitinimo-saltiniai\/cpss-centrine-maitinimo-sistema-7-serija\/\" \/>\n<meta property=\"og:site_name\" content=\"Invertas\" \/>\n<meta property=\"article:modified_time\" content=\"2025-10-08T18:14:32+00:00\" \/>\n<meta property=\"og:image\" content=\"https:\/\/invertas.lt\/wp-content\/uploads\/2025\/10\/soccorritore-cpss-7-1-optimized.webp\" \/>\n\t<meta property=\"og:image:width\" content=\"734\" \/>\n\t<meta property=\"og:image:height\" content=\"593\" \/>\n\t<meta property=\"og:image:type\" content=\"image\/webp\" \/>\n<meta name=\"twitter:card\" content=\"summary_large_image\" \/>\n<meta name=\"twitter:label1\" content=\"Estimated reading time\" \/>\n\t<meta name=\"twitter:data1\" content=\"1 minute\" \/>\n<script type=\"application\/ld+json\" class=\"yoast-schema-graph\">{\"@context\":\"https:\/\/schema.org\",\"@graph\":[{\"@type\":\"WebPage\",\"@id\":\"https:\/\/invertas.lt\/produktai\/ups-nepertraukiamo-maitinimo-saltiniai\/cpss-centrine-maitinimo-sistema-7-serija\/\",\"url\":\"https:\/\/invertas.lt\/produktai\/ups-nepertraukiamo-maitinimo-saltiniai\/cpss-centrine-maitinimo-sistema-7-serija\/\",\"name\":\"AEC CPSS \u2013 Centrin\u0117 maitinimo sistema | 7 serija | 10-200 kVA - Invertas\",\"isPartOf\":{\"@id\":\"https:\/\/invertas.lt\/#website\"},\"primaryImageOfPage\":{\"@id\":\"https:\/\/invertas.lt\/produktai\/ups-nepertraukiamo-maitinimo-saltiniai\/cpss-centrine-maitinimo-sistema-7-serija\/#primaryimage\"},\"image\":{\"@id\":\"https:\/\/invertas.lt\/produktai\/ups-nepertraukiamo-maitinimo-saltiniai\/cpss-centrine-maitinimo-sistema-7-serija\/#primaryimage\"},\"thumbnailUrl\":\"https:\/\/invertas.lt\/wp-content\/uploads\/2025\/10\/soccorritore-cpss-7-1-optimized.webp\",\"datePublished\":\"2025-10-06T15:31:33+00:00\",\"dateModified\":\"2025-10-08T18:14:32+00:00\",\"description\":\"AEC Ital\u0173 gamintojo kokybi\u0161ki UPS (Nepertraukiamo maitinimo \u0161altiniai). 3 met\u0173 garantija, greitas tiekimas, nepriekai\u0161tinga kokyb\u0117.\",\"breadcrumb\":{\"@id\":\"https:\/\/invertas.lt\/produktai\/ups-nepertraukiamo-maitinimo-saltiniai\/cpss-centrine-maitinimo-sistema-7-serija\/#breadcrumb\"},\"inLanguage\":\"en-GB\",\"potentialAction\":[{\"@type\":\"ReadAction\",\"target\":[\"https:\/\/invertas.lt\/produktai\/ups-nepertraukiamo-maitinimo-saltiniai\/cpss-centrine-maitinimo-sistema-7-serija\/\"]}]},{\"@type\":\"ImageObject\",\"inLanguage\":\"en-GB\",\"@id\":\"https:\/\/invertas.lt\/produktai\/ups-nepertraukiamo-maitinimo-saltiniai\/cpss-centrine-maitinimo-sistema-7-serija\/#primaryimage\",\"url\":\"https:\/\/invertas.lt\/wp-content\/uploads\/2025\/10\/soccorritore-cpss-7-1-optimized.webp\",\"contentUrl\":\"https:\/\/invertas.lt\/wp-content\/uploads\/2025\/10\/soccorritore-cpss-7-1-optimized.webp\",\"width\":734,\"height\":593},{\"@type\":\"BreadcrumbList\",\"@id\":\"https:\/\/invertas.lt\/produktai\/ups-nepertraukiamo-maitinimo-saltiniai\/cpss-centrine-maitinimo-sistema-7-serija\/#breadcrumb\",\"itemListElement\":[{\"@type\":\"ListItem\",\"position\":1,\"name\":\"Prad\u017eia\",\"item\":\"https:\/\/invertas.lt\/\"},{\"@type\":\"ListItem\",\"position\":2,\"name\":\"Products\",\"item\":\"https:\/\/invertas.lt\/shop\/\"},{\"@type\":\"ListItem\",\"position\":3,\"name\":\"UPS\",\"item\":\"https:\/\/invertas.lt\/.\/ups-nepertraukiamo-maitinimo-saltiniai\/\"},{\"@type\":\"ListItem\",\"position\":4,\"name\":\"AEC CPSS \u2013 Centrin\u0117 maitinimo sistema | 7 serija | 10-200 kVA\"}]},{\"@type\":\"WebSite\",\"@id\":\"https:\/\/invertas.lt\/#website\",\"url\":\"https:\/\/invertas.lt\/\",\"name\":\"Invertas\",\"description\":\"\",\"publisher\":{\"@id\":\"https:\/\/invertas.lt\/#organization\"},\"potentialAction\":[{\"@type\":\"SearchAction\",\"target\":{\"@type\":\"EntryPoint\",\"urlTemplate\":\"https:\/\/invertas.lt\/?s={search_term_string}\"},\"query-input\":{\"@type\":\"PropertyValueSpecification\",\"valueRequired\":true,\"valueName\":\"search_term_string\"}}],\"inLanguage\":\"en-GB\"},{\"@type\":\"Organization\",\"@id\":\"https:\/\/invertas.lt\/#organization\",\"name\":\"Invertas\",\"url\":\"https:\/\/invertas.lt\/\",\"logo\":{\"@type\":\"ImageObject\",\"inLanguage\":\"en-GB\",\"@id\":\"https:\/\/invertas.lt\/#\/schema\/logo\/image\/\",\"url\":\"https:\/\/invertas.lt\/wp-content\/uploads\/2025\/03\/New-Text-Document-2.svg\",\"contentUrl\":\"https:\/\/invertas.lt\/wp-content\/uploads\/2025\/03\/New-Text-Document-2.svg\",\"width\":140,\"height\":39,\"caption\":\"Invertas\"},\"image\":{\"@id\":\"https:\/\/invertas.lt\/#\/schema\/logo\/image\/\"}}]}<\/script>\n<!-- \/ Yoast SEO plugin. -->","yoast_head_json":{"title":"AEC CPSS \u2013 Centrin\u0117 maitinimo sistema | 7 serija | 10-200 kVA - Invertas","description":"AEC Ital\u0173 gamintojo kokybi\u0161ki UPS (Nepertraukiamo maitinimo \u0161altiniai). 3 met\u0173 garantija, greitas tiekimas, nepriekai\u0161tinga kokyb\u0117.","robots":{"index":"index","follow":"follow","max-snippet":"max-snippet:-1","max-image-preview":"max-image-preview:large","max-video-preview":"max-video-preview:-1"},"canonical":"https:\/\/invertas.lt\/en\/produktai\/ups-nepertraukiamo-maitinimo-saltiniai\/cpss-centrine-maitinimo-sistema-7-serija\/","og_locale":"en_GB","og_type":"article","og_title":"AEC CPSS \u2013 Centrin\u0117 maitinimo sistema | 7 serija | 10-200 kVA - Invertas","og_description":"AEC Ital\u0173 gamintojo kokybi\u0161ki UPS (Nepertraukiamo maitinimo \u0161altiniai). 3 met\u0173 garantija, greitas tiekimas, nepriekai\u0161tinga kokyb\u0117.","og_url":"https:\/\/invertas.lt\/en\/produktai\/ups-nepertraukiamo-maitinimo-saltiniai\/cpss-centrine-maitinimo-sistema-7-serija\/","og_site_name":"Invertas","article_modified_time":"2025-10-08T18:14:32+00:00","og_image":[{"width":734,"height":593,"url":"https:\/\/invertas.lt\/wp-content\/uploads\/2025\/10\/soccorritore-cpss-7-1-optimized.webp","type":"image\/webp"}],"twitter_card":"summary_large_image","twitter_misc":{"Estimated reading time":"1 minute"},"schema":{"@context":"https:\/\/schema.org","@graph":[{"@type":"WebPage","@id":"https:\/\/invertas.lt\/produktai\/ups-nepertraukiamo-maitinimo-saltiniai\/cpss-centrine-maitinimo-sistema-7-serija\/","url":"https:\/\/invertas.lt\/produktai\/ups-nepertraukiamo-maitinimo-saltiniai\/cpss-centrine-maitinimo-sistema-7-serija\/","name":"AEC CPSS \u2013 Centrin\u0117 maitinimo sistema | 7 serija | 10-200 kVA - Invertas","isPartOf":{"@id":"https:\/\/invertas.lt\/#website"},"primaryImageOfPage":{"@id":"https:\/\/invertas.lt\/produktai\/ups-nepertraukiamo-maitinimo-saltiniai\/cpss-centrine-maitinimo-sistema-7-serija\/#primaryimage"},"image":{"@id":"https:\/\/invertas.lt\/produktai\/ups-nepertraukiamo-maitinimo-saltiniai\/cpss-centrine-maitinimo-sistema-7-serija\/#primaryimage"},"thumbnailUrl":"https:\/\/invertas.lt\/wp-content\/uploads\/2025\/10\/soccorritore-cpss-7-1-optimized.webp","datePublished":"2025-10-06T15:31:33+00:00","dateModified":"2025-10-08T18:14:32+00:00","description":"AEC Ital\u0173 gamintojo kokybi\u0161ki UPS (Nepertraukiamo maitinimo \u0161altiniai). 3 met\u0173 garantija, greitas tiekimas, nepriekai\u0161tinga kokyb\u0117.","breadcrumb":{"@id":"https:\/\/invertas.lt\/produktai\/ups-nepertraukiamo-maitinimo-saltiniai\/cpss-centrine-maitinimo-sistema-7-serija\/#breadcrumb"},"inLanguage":"en-GB","potentialAction":[{"@type":"ReadAction","target":["https:\/\/invertas.lt\/produktai\/ups-nepertraukiamo-maitinimo-saltiniai\/cpss-centrine-maitinimo-sistema-7-serija\/"]}]},{"@type":"ImageObject","inLanguage":"en-GB","@id":"https:\/\/invertas.lt\/produktai\/ups-nepertraukiamo-maitinimo-saltiniai\/cpss-centrine-maitinimo-sistema-7-serija\/#primaryimage","url":"https:\/\/invertas.lt\/wp-content\/uploads\/2025\/10\/soccorritore-cpss-7-1-optimized.webp","contentUrl":"https:\/\/invertas.lt\/wp-content\/uploads\/2025\/10\/soccorritore-cpss-7-1-optimized.webp","width":734,"height":593},{"@type":"BreadcrumbList","@id":"https:\/\/invertas.lt\/produktai\/ups-nepertraukiamo-maitinimo-saltiniai\/cpss-centrine-maitinimo-sistema-7-serija\/#breadcrumb","itemListElement":[{"@type":"ListItem","position":1,"name":"Prad\u017eia","item":"https:\/\/invertas.lt\/"},{"@type":"ListItem","position":2,"name":"Products","item":"https:\/\/invertas.lt\/shop\/"},{"@type":"ListItem","position":3,"name":"UPS","item":"https:\/\/invertas.lt\/.\/ups-nepertraukiamo-maitinimo-saltiniai\/"},{"@type":"ListItem","position":4,"name":"AEC CPSS \u2013 Centrin\u0117 maitinimo sistema | 7 serija | 10-200 kVA"}]},{"@type":"WebSite","@id":"https:\/\/invertas.lt\/#website","url":"https:\/\/invertas.lt\/","name":"Invert","description":"","publisher":{"@id":"https:\/\/invertas.lt\/#organization"},"potentialAction":[{"@type":"SearchAction","target":{"@type":"EntryPoint","urlTemplate":"https:\/\/invertas.lt\/?s={search_term_string}"},"query-input":{"@type":"PropertyValueSpecification","valueRequired":true,"valueName":"search_term_string"}}],"inLanguage":"en-GB"},{"@type":"Organization","@id":"https:\/\/invertas.lt\/#organization","name":"Invert","url":"https:\/\/invertas.lt\/","logo":{"@type":"ImageObject","inLanguage":"en-GB","@id":"https:\/\/invertas.lt\/#\/schema\/logo\/image\/","url":"https:\/\/invertas.lt\/wp-content\/uploads\/2025\/03\/New-Text-Document-2.svg","contentUrl":"https:\/\/invertas.lt\/wp-content\/uploads\/2025\/03\/New-Text-Document-2.svg","width":140,"height":39,"caption":"Invertas"},"image":{"@id":"https:\/\/invertas.lt\/#\/schema\/logo\/image\/"}}]}},"_links":{"self":[{"href":"https:\/\/invertas.lt\/en\/wp-json\/wp\/v2\/product\/10544","targetHints":{"allow":["GET"]}}],"collection":[{"href":"https:\/\/invertas.lt\/en\/wp-json\/wp\/v2\/product"}],"about":[{"href":"https:\/\/invertas.lt\/en\/wp-json\/wp\/v2\/types\/product"}],"replies":[{"embeddable":true,"href":"https:\/\/invertas.lt\/en\/wp-json\/wp\/v2\/comments?post=10544"}],"wp:featuredmedia":[{"embeddable":true,"href":"https:\/\/invertas.lt\/en\/wp-json\/wp\/v2\/media\/10551"}],"wp:attachment":[{"href":"https:\/\/invertas.lt\/en\/wp-json\/wp\/v2\/media?parent=10544"}],"wp:term":[{"taxonomy":"product_brand","embeddable":true,"href":"https:\/\/invertas.lt\/en\/wp-json\/wp\/v2\/product_brand?post=10544"},{"taxonomy":"product_cat","embeddable":true,"href":"https:\/\/invertas.lt\/en\/wp-json\/wp\/v2\/product_cat?post=10544"},{"taxonomy":"product_tag","embeddable":true,"href":"https:\/\/invertas.lt\/en\/wp-json\/wp\/v2\/product_tag?post=10544"}],"curies":[{"name":"wp","href":"https:\/\/api.w.org\/{rel}","templated":true}]}}