{"id":10520,"date":"2025-10-06T13:35:50","date_gmt":"2025-10-06T13:35:50","guid":{"rendered":"https:\/\/invertas.lt\/?post_type=product&#038;p=10520"},"modified":"2025-10-08T18:14:02","modified_gmt":"2025-10-08T18:14:02","slug":"cpss-centrine-maitinimo-sistema-3-serija","status":"publish","type":"product","link":"https:\/\/invertas.lt\/en\/produktai\/ups-nepertraukiamo-maitinimo-saltiniai\/cpss-centrine-maitinimo-sistema-3-serija\/","title":{"rendered":"AEC CPSS \u2013 Central Power System | Series 3 | 1-10 kVA"},"content":{"rendered":"<p data-start=\"67\" data-end=\"85\"><strong>CPSS 3 Central Power System (1-10 kVA) <\/strong><\/p>\n<p data-start=\"67\" data-end=\"85\">Tower-type device with digital control and high-frequency switching technology. Ensures high efficiency, energy saving and stable, safe power supply to connected equipment even under difficult network conditions.<\/p>\n<p data-start=\"504\" data-end=\"521\"><strong data-start=\"504\" data-end=\"519\">Advantages:<\/strong><\/p>\n<ul>\n<li data-start=\"524\" data-end=\"563\"><strong data-start=\"524\" data-end=\"550\">Overload tolerance:<\/strong> up to 120 %.<\/li>\n<li data-start=\"566\" data-end=\"621\"><strong data-start=\"566\" data-end=\"607\">Long battery life:<\/strong> 10\u201312 years.<\/li>\n<li data-start=\"624\" data-end=\"667\"><strong data-start=\"624\" data-end=\"646\">Fast charging:<\/strong> less than 12 hours<\/li>\n<\/ul>","protected":false},"excerpt":{"rendered":"<p>CPSS 3 centrin\u0117 maitinimo sistema (1\u201310 kVA) Bok\u0161tinio tipo \u012frenginys su skaitmeniniu valdymu ir auk\u0161to da\u017enio keitimo technologija. U\u017etikrina didel\u012f efektyvum\u0105, energijos taupym\u0105 ir stabil\u0173, saug\u0173 maitinim\u0105 prijungtai \u012frangai net sud\u0117tingomis tinklo s\u0105lygomis. Privalumai: Perkrovos tolerancija: iki 120 %. Ilgas akumuliatori\u0173 tarnavimo laikas: 10\u201312 met\u0173. Greitas \u012fkrovimas: ma\u017eiau nei 12 val.<\/p>","protected":false},"featured_media":10534,"comment_status":"open","ping_status":"closed","template":"","meta":{"_acf_changed":false,"inline_featured_image":false},"product_brand":[],"product_cat":[581],"product_tag":[608,607,606,605],"class_list":{"0":"post-10520","1":"product","2":"type-product","3":"status-publish","4":"has-post-thumbnail","6":"product_cat-ups-nepertraukiamo-maitinimo-saltiniai","7":"product_tag-aec","8":"product_tag-invertas","9":"product_tag-nepertraukiamo-maitinimo-saltiniai","10":"product_tag-ups","12":"first","13":"instock","14":"shipping-taxable","15":"purchasable","16":"product-type-variable"},"acf":[],"yoast_head":"<!-- This site is optimized with the Yoast SEO plugin v25.5 - https:\/\/yoast.com\/wordpress\/plugins\/seo\/ -->\n<title>AEC CPSS \u2013 Centrin\u0117 maitinimo sistema | 3 serija | 1-10 kVA - Invertas<\/title>\n<meta name=\"description\" content=\"AEC Ital\u0173 gamintojo kokybi\u0161ki UPS (Nepertraukiamo maitinimo \u0161altiniai). 3 met\u0173 garantija, greitas tiekimas, nepriekai\u0161tinga kokyb\u0117.\" \/>\n<meta name=\"robots\" content=\"index, follow, max-snippet:-1, max-image-preview:large, max-video-preview:-1\" \/>\n<link rel=\"canonical\" href=\"https:\/\/invertas.lt\/en\/produktai\/ups-nepertraukiamo-maitinimo-saltiniai\/cpss-centrine-maitinimo-sistema-3-serija\/\" \/>\n<meta property=\"og:locale\" content=\"en_GB\" \/>\n<meta property=\"og:type\" content=\"article\" \/>\n<meta property=\"og:title\" content=\"AEC CPSS \u2013 Centrin\u0117 maitinimo sistema | 3 serija | 1-10 kVA - Invertas\" \/>\n<meta property=\"og:description\" content=\"AEC Ital\u0173 gamintojo kokybi\u0161ki UPS (Nepertraukiamo maitinimo \u0161altiniai). 3 met\u0173 garantija, greitas tiekimas, nepriekai\u0161tinga kokyb\u0117.\" \/>\n<meta property=\"og:url\" content=\"https:\/\/invertas.lt\/en\/produktai\/ups-nepertraukiamo-maitinimo-saltiniai\/cpss-centrine-maitinimo-sistema-3-serija\/\" \/>\n<meta property=\"og:site_name\" content=\"Invertas\" \/>\n<meta property=\"article:modified_time\" content=\"2025-10-08T18:14:02+00:00\" \/>\n<meta property=\"og:image\" content=\"https:\/\/invertas.lt\/wp-content\/uploads\/2025\/10\/CPSS3-soccorittore-optimized.webp\" \/>\n\t<meta property=\"og:image:width\" content=\"882\" \/>\n\t<meta property=\"og:image:height\" content=\"694\" \/>\n\t<meta property=\"og:image:type\" content=\"image\/webp\" \/>\n<meta name=\"twitter:card\" content=\"summary_large_image\" \/>\n<meta name=\"twitter:label1\" content=\"Estimated reading time\" \/>\n\t<meta name=\"twitter:data1\" content=\"1 minute\" \/>\n<script type=\"application\/ld+json\" class=\"yoast-schema-graph\">{\"@context\":\"https:\/\/schema.org\",\"@graph\":[{\"@type\":\"WebPage\",\"@id\":\"https:\/\/invertas.lt\/produktai\/ups-nepertraukiamo-maitinimo-saltiniai\/cpss-centrine-maitinimo-sistema-3-serija\/\",\"url\":\"https:\/\/invertas.lt\/produktai\/ups-nepertraukiamo-maitinimo-saltiniai\/cpss-centrine-maitinimo-sistema-3-serija\/\",\"name\":\"AEC CPSS \u2013 Centrin\u0117 maitinimo sistema | 3 serija | 1-10 kVA - Invertas\",\"isPartOf\":{\"@id\":\"https:\/\/invertas.lt\/#website\"},\"primaryImageOfPage\":{\"@id\":\"https:\/\/invertas.lt\/produktai\/ups-nepertraukiamo-maitinimo-saltiniai\/cpss-centrine-maitinimo-sistema-3-serija\/#primaryimage\"},\"image\":{\"@id\":\"https:\/\/invertas.lt\/produktai\/ups-nepertraukiamo-maitinimo-saltiniai\/cpss-centrine-maitinimo-sistema-3-serija\/#primaryimage\"},\"thumbnailUrl\":\"https:\/\/invertas.lt\/wp-content\/uploads\/2025\/10\/CPSS3-soccorittore-optimized.webp\",\"datePublished\":\"2025-10-06T13:35:50+00:00\",\"dateModified\":\"2025-10-08T18:14:02+00:00\",\"description\":\"AEC Ital\u0173 gamintojo kokybi\u0161ki UPS (Nepertraukiamo maitinimo \u0161altiniai). 3 met\u0173 garantija, greitas tiekimas, nepriekai\u0161tinga kokyb\u0117.\",\"breadcrumb\":{\"@id\":\"https:\/\/invertas.lt\/produktai\/ups-nepertraukiamo-maitinimo-saltiniai\/cpss-centrine-maitinimo-sistema-3-serija\/#breadcrumb\"},\"inLanguage\":\"en-GB\",\"potentialAction\":[{\"@type\":\"ReadAction\",\"target\":[\"https:\/\/invertas.lt\/produktai\/ups-nepertraukiamo-maitinimo-saltiniai\/cpss-centrine-maitinimo-sistema-3-serija\/\"]}]},{\"@type\":\"ImageObject\",\"inLanguage\":\"en-GB\",\"@id\":\"https:\/\/invertas.lt\/produktai\/ups-nepertraukiamo-maitinimo-saltiniai\/cpss-centrine-maitinimo-sistema-3-serija\/#primaryimage\",\"url\":\"https:\/\/invertas.lt\/wp-content\/uploads\/2025\/10\/CPSS3-soccorittore-optimized.webp\",\"contentUrl\":\"https:\/\/invertas.lt\/wp-content\/uploads\/2025\/10\/CPSS3-soccorittore-optimized.webp\",\"width\":882,\"height\":694},{\"@type\":\"BreadcrumbList\",\"@id\":\"https:\/\/invertas.lt\/produktai\/ups-nepertraukiamo-maitinimo-saltiniai\/cpss-centrine-maitinimo-sistema-3-serija\/#breadcrumb\",\"itemListElement\":[{\"@type\":\"ListItem\",\"position\":1,\"name\":\"Prad\u017eia\",\"item\":\"https:\/\/invertas.lt\/\"},{\"@type\":\"ListItem\",\"position\":2,\"name\":\"Products\",\"item\":\"https:\/\/invertas.lt\/shop\/\"},{\"@type\":\"ListItem\",\"position\":3,\"name\":\"UPS\",\"item\":\"https:\/\/invertas.lt\/.\/ups-nepertraukiamo-maitinimo-saltiniai\/\"},{\"@type\":\"ListItem\",\"position\":4,\"name\":\"AEC CPSS \u2013 Centrin\u0117 maitinimo sistema | 3 serija | 1-10 kVA\"}]},{\"@type\":\"WebSite\",\"@id\":\"https:\/\/invertas.lt\/#website\",\"url\":\"https:\/\/invertas.lt\/\",\"name\":\"Invertas\",\"description\":\"\",\"publisher\":{\"@id\":\"https:\/\/invertas.lt\/#organization\"},\"potentialAction\":[{\"@type\":\"SearchAction\",\"target\":{\"@type\":\"EntryPoint\",\"urlTemplate\":\"https:\/\/invertas.lt\/?s={search_term_string}\"},\"query-input\":{\"@type\":\"PropertyValueSpecification\",\"valueRequired\":true,\"valueName\":\"search_term_string\"}}],\"inLanguage\":\"en-GB\"},{\"@type\":\"Organization\",\"@id\":\"https:\/\/invertas.lt\/#organization\",\"name\":\"Invertas\",\"url\":\"https:\/\/invertas.lt\/\",\"logo\":{\"@type\":\"ImageObject\",\"inLanguage\":\"en-GB\",\"@id\":\"https:\/\/invertas.lt\/#\/schema\/logo\/image\/\",\"url\":\"https:\/\/invertas.lt\/wp-content\/uploads\/2025\/03\/New-Text-Document-2.svg\",\"contentUrl\":\"https:\/\/invertas.lt\/wp-content\/uploads\/2025\/03\/New-Text-Document-2.svg\",\"width\":140,\"height\":39,\"caption\":\"Invertas\"},\"image\":{\"@id\":\"https:\/\/invertas.lt\/#\/schema\/logo\/image\/\"}}]}<\/script>\n<!-- \/ Yoast SEO plugin. -->","yoast_head_json":{"title":"AEC CPSS \u2013 Centrin\u0117 maitinimo sistema | 3 serija | 1-10 kVA - Invertas","description":"AEC Ital\u0173 gamintojo kokybi\u0161ki UPS (Nepertraukiamo maitinimo \u0161altiniai). 3 met\u0173 garantija, greitas tiekimas, nepriekai\u0161tinga kokyb\u0117.","robots":{"index":"index","follow":"follow","max-snippet":"max-snippet:-1","max-image-preview":"max-image-preview:large","max-video-preview":"max-video-preview:-1"},"canonical":"https:\/\/invertas.lt\/en\/produktai\/ups-nepertraukiamo-maitinimo-saltiniai\/cpss-centrine-maitinimo-sistema-3-serija\/","og_locale":"en_GB","og_type":"article","og_title":"AEC CPSS \u2013 Centrin\u0117 maitinimo sistema | 3 serija | 1-10 kVA - Invertas","og_description":"AEC Ital\u0173 gamintojo kokybi\u0161ki UPS (Nepertraukiamo maitinimo \u0161altiniai). 3 met\u0173 garantija, greitas tiekimas, nepriekai\u0161tinga kokyb\u0117.","og_url":"https:\/\/invertas.lt\/en\/produktai\/ups-nepertraukiamo-maitinimo-saltiniai\/cpss-centrine-maitinimo-sistema-3-serija\/","og_site_name":"Invertas","article_modified_time":"2025-10-08T18:14:02+00:00","og_image":[{"width":882,"height":694,"url":"https:\/\/invertas.lt\/wp-content\/uploads\/2025\/10\/CPSS3-soccorittore-optimized.webp","type":"image\/webp"}],"twitter_card":"summary_large_image","twitter_misc":{"Estimated reading time":"1 minute"},"schema":{"@context":"https:\/\/schema.org","@graph":[{"@type":"WebPage","@id":"https:\/\/invertas.lt\/produktai\/ups-nepertraukiamo-maitinimo-saltiniai\/cpss-centrine-maitinimo-sistema-3-serija\/","url":"https:\/\/invertas.lt\/produktai\/ups-nepertraukiamo-maitinimo-saltiniai\/cpss-centrine-maitinimo-sistema-3-serija\/","name":"AEC CPSS \u2013 Centrin\u0117 maitinimo sistema | 3 serija | 1-10 kVA - Invertas","isPartOf":{"@id":"https:\/\/invertas.lt\/#website"},"primaryImageOfPage":{"@id":"https:\/\/invertas.lt\/produktai\/ups-nepertraukiamo-maitinimo-saltiniai\/cpss-centrine-maitinimo-sistema-3-serija\/#primaryimage"},"image":{"@id":"https:\/\/invertas.lt\/produktai\/ups-nepertraukiamo-maitinimo-saltiniai\/cpss-centrine-maitinimo-sistema-3-serija\/#primaryimage"},"thumbnailUrl":"https:\/\/invertas.lt\/wp-content\/uploads\/2025\/10\/CPSS3-soccorittore-optimized.webp","datePublished":"2025-10-06T13:35:50+00:00","dateModified":"2025-10-08T18:14:02+00:00","description":"AEC Ital\u0173 gamintojo kokybi\u0161ki UPS (Nepertraukiamo maitinimo \u0161altiniai). 3 met\u0173 garantija, greitas tiekimas, nepriekai\u0161tinga kokyb\u0117.","breadcrumb":{"@id":"https:\/\/invertas.lt\/produktai\/ups-nepertraukiamo-maitinimo-saltiniai\/cpss-centrine-maitinimo-sistema-3-serija\/#breadcrumb"},"inLanguage":"en-GB","potentialAction":[{"@type":"ReadAction","target":["https:\/\/invertas.lt\/produktai\/ups-nepertraukiamo-maitinimo-saltiniai\/cpss-centrine-maitinimo-sistema-3-serija\/"]}]},{"@type":"ImageObject","inLanguage":"en-GB","@id":"https:\/\/invertas.lt\/produktai\/ups-nepertraukiamo-maitinimo-saltiniai\/cpss-centrine-maitinimo-sistema-3-serija\/#primaryimage","url":"https:\/\/invertas.lt\/wp-content\/uploads\/2025\/10\/CPSS3-soccorittore-optimized.webp","contentUrl":"https:\/\/invertas.lt\/wp-content\/uploads\/2025\/10\/CPSS3-soccorittore-optimized.webp","width":882,"height":694},{"@type":"BreadcrumbList","@id":"https:\/\/invertas.lt\/produktai\/ups-nepertraukiamo-maitinimo-saltiniai\/cpss-centrine-maitinimo-sistema-3-serija\/#breadcrumb","itemListElement":[{"@type":"ListItem","position":1,"name":"Prad\u017eia","item":"https:\/\/invertas.lt\/"},{"@type":"ListItem","position":2,"name":"Products","item":"https:\/\/invertas.lt\/shop\/"},{"@type":"ListItem","position":3,"name":"UPS","item":"https:\/\/invertas.lt\/.\/ups-nepertraukiamo-maitinimo-saltiniai\/"},{"@type":"ListItem","position":4,"name":"AEC CPSS \u2013 Centrin\u0117 maitinimo sistema | 3 serija | 1-10 kVA"}]},{"@type":"WebSite","@id":"https:\/\/invertas.lt\/#website","url":"https:\/\/invertas.lt\/","name":"Invert","description":"","publisher":{"@id":"https:\/\/invertas.lt\/#organization"},"potentialAction":[{"@type":"SearchAction","target":{"@type":"EntryPoint","urlTemplate":"https:\/\/invertas.lt\/?s={search_term_string}"},"query-input":{"@type":"PropertyValueSpecification","valueRequired":true,"valueName":"search_term_string"}}],"inLanguage":"en-GB"},{"@type":"Organization","@id":"https:\/\/invertas.lt\/#organization","name":"Invert","url":"https:\/\/invertas.lt\/","logo":{"@type":"ImageObject","inLanguage":"en-GB","@id":"https:\/\/invertas.lt\/#\/schema\/logo\/image\/","url":"https:\/\/invertas.lt\/wp-content\/uploads\/2025\/03\/New-Text-Document-2.svg","contentUrl":"https:\/\/invertas.lt\/wp-content\/uploads\/2025\/03\/New-Text-Document-2.svg","width":140,"height":39,"caption":"Invertas"},"image":{"@id":"https:\/\/invertas.lt\/#\/schema\/logo\/image\/"}}]}},"_links":{"self":[{"href":"https:\/\/invertas.lt\/en\/wp-json\/wp\/v2\/product\/10520","targetHints":{"allow":["GET"]}}],"collection":[{"href":"https:\/\/invertas.lt\/en\/wp-json\/wp\/v2\/product"}],"about":[{"href":"https:\/\/invertas.lt\/en\/wp-json\/wp\/v2\/types\/product"}],"replies":[{"embeddable":true,"href":"https:\/\/invertas.lt\/en\/wp-json\/wp\/v2\/comments?post=10520"}],"wp:featuredmedia":[{"embeddable":true,"href":"https:\/\/invertas.lt\/en\/wp-json\/wp\/v2\/media\/10534"}],"wp:attachment":[{"href":"https:\/\/invertas.lt\/en\/wp-json\/wp\/v2\/media?parent=10520"}],"wp:term":[{"taxonomy":"product_brand","embeddable":true,"href":"https:\/\/invertas.lt\/en\/wp-json\/wp\/v2\/product_brand?post=10520"},{"taxonomy":"product_cat","embeddable":true,"href":"https:\/\/invertas.lt\/en\/wp-json\/wp\/v2\/product_cat?post=10520"},{"taxonomy":"product_tag","embeddable":true,"href":"https:\/\/invertas.lt\/en\/wp-json\/wp\/v2\/product_tag?post=10520"}],"curies":[{"name":"wp","href":"https:\/\/api.w.org\/{rel}","templated":true}]}}