{"id":36,"date":"2025-02-05T13:54:14","date_gmt":"2025-02-05T13:54:14","guid":{"rendered":"https:\/\/aurimasb15.sg-host.com\/?page_id=36"},"modified":"2025-10-01T08:52:15","modified_gmt":"2025-10-01T08:52:15","slug":"servisas","status":"publish","type":"page","link":"https:\/\/invertas.lt\/en\/servisas\/","title":{"rendered":"Service"},"content":{"rendered":"<div data-elementor-type=\"wp-page\" data-elementor-id=\"36\" class=\"elementor elementor-36\">\n\t\t\t\t<div class=\"elementor-element elementor-element-fe3bb55 after-img e-flex e-con-boxed e-con e-parent\" data-id=\"fe3bb55\" data-element_type=\"container\">\n\t\t\t\t\t<div class=\"e-con-inner\">\n\t\t\t\t<div class=\"elementor-element elementor-element-421a102 elementor-absolute elementor-widget elementor-widget-image\" data-id=\"421a102\" data-element_type=\"widget\" data-settings=\"{&quot;_position&quot;:&quot;absolute&quot;}\" data-widget_type=\"image.default\">\n\t\t\t\t<div class=\"elementor-widget-container\">\n\t\t\t\t\t\t\t\t\t\t\t\t\t\t\t<img fetchpriority=\"high\" decoding=\"async\" width=\"2816\" height=\"1408\" src=\"https:\/\/invertas.lt\/wp-content\/uploads\/2025\/02\/service-header.png\" class=\"attachment-full size-full wp-image-445\" alt=\"\" srcset=\"https:\/\/invertas.lt\/wp-content\/uploads\/2025\/02\/service-header.png 2816w, https:\/\/invertas.lt\/wp-content\/uploads\/2025\/02\/service-header-300x150.png 300w, https:\/\/invertas.lt\/wp-content\/uploads\/2025\/02\/service-header-1024x512.png 1024w, https:\/\/invertas.lt\/wp-content\/uploads\/2025\/02\/service-header-768x384.png 768w, https:\/\/invertas.lt\/wp-content\/uploads\/2025\/02\/service-header-1536x768.png 1536w, https:\/\/invertas.lt\/wp-content\/uploads\/2025\/02\/service-header-2048x1024.png 2048w, https:\/\/invertas.lt\/wp-content\/uploads\/2025\/02\/service-header-18x9.png 18w, https:\/\/invertas.lt\/wp-content\/uploads\/2025\/02\/service-header-600x300.png 600w\" sizes=\"(max-width: 2816px) 100vw, 2816px\" \/>\t\t\t\t\t\t\t\t\t\t\t\t\t\t\t<\/div>\n\t\t\t\t<\/div>\n\t\t<div class=\"elementor-element elementor-element-46d6099 e-con-full e-flex e-con e-child\" data-id=\"46d6099\" data-element_type=\"container\">\n\t\t\t\t<div class=\"elementor-element elementor-element-cd983a0 elementor-widget elementor-widget-heading\" data-id=\"cd983a0\" data-element_type=\"widget\" data-widget_type=\"heading.default\">\n\t\t\t\t<div class=\"elementor-widget-container\">\n\t\t\t\t\t<h2 class=\"elementor-heading-title elementor-size-default\">Service<\/h2>\t\t\t\t<\/div>\n\t\t\t\t<\/div>\n\t\t\t\t<div class=\"elementor-element elementor-element-f229988 elementor-widget__width-initial elementor-widget elementor-widget-heading\" data-id=\"f229988\" data-element_type=\"widget\" data-widget_type=\"heading.default\">\n\t\t\t\t<div class=\"elementor-widget-container\">\n\t\t\t\t\t<p class=\"elementor-heading-title elementor-size-default\">We provide service across Lithuania for the products of the manufacturers we represent.\n<\/p>\t\t\t\t<\/div>\n\t\t\t\t<\/div>\n\t\t\t\t<\/div>\n\t\t\t\t\t<\/div>\n\t\t\t\t<\/div>\n\t\t<div class=\"elementor-element elementor-element-37547ca e-flex e-con-boxed e-con e-parent\" data-id=\"37547ca\" data-element_type=\"container\">\n\t\t\t\t\t<div class=\"e-con-inner\">\n\t\t<div class=\"elementor-element elementor-element-a0227e1 e-con-full e-flex e-con e-child\" data-id=\"a0227e1\" data-element_type=\"container\">\n\t\t\t\t<div class=\"elementor-element elementor-element-dcba9b8 elementor-widget elementor-widget-image\" data-id=\"dcba9b8\" data-element_type=\"widget\" data-widget_type=\"image.default\">\n\t\t\t\t<div class=\"elementor-widget-container\">\n\t\t\t\t\t\t\t\t\t\t\t\t\t\t\t<img decoding=\"async\" width=\"2816\" height=\"1408\" src=\"https:\/\/invertas.lt\/wp-content\/uploads\/2025\/02\/service_img-1.png\" class=\"attachment-full size-full wp-image-450\" alt=\"\" srcset=\"https:\/\/invertas.lt\/wp-content\/uploads\/2025\/02\/service_img-1.png 2816w, https:\/\/invertas.lt\/wp-content\/uploads\/2025\/02\/service_img-1-300x150.png 300w, https:\/\/invertas.lt\/wp-content\/uploads\/2025\/02\/service_img-1-1024x512.png 1024w, https:\/\/invertas.lt\/wp-content\/uploads\/2025\/02\/service_img-1-768x384.png 768w, https:\/\/invertas.lt\/wp-content\/uploads\/2025\/02\/service_img-1-1536x768.png 1536w, https:\/\/invertas.lt\/wp-content\/uploads\/2025\/02\/service_img-1-2048x1024.png 2048w, https:\/\/invertas.lt\/wp-content\/uploads\/2025\/02\/service_img-1-18x9.png 18w, https:\/\/invertas.lt\/wp-content\/uploads\/2025\/02\/service_img-1-600x300.png 600w\" sizes=\"(max-width: 2816px) 100vw, 2816px\" \/>\t\t\t\t\t\t\t\t\t\t\t\t\t\t\t<\/div>\n\t\t\t\t<\/div>\n\t\t<div class=\"elementor-element elementor-element-3965675 e-con-full e-flex e-con e-child\" data-id=\"3965675\" data-element_type=\"container\">\n\t\t\t\t<div class=\"elementor-element elementor-element-18b94fb elementor-widget elementor-widget-heading\" data-id=\"18b94fb\" data-element_type=\"widget\" data-widget_type=\"heading.default\">\n\t\t\t\t<div class=\"elementor-widget-container\">\n\t\t\t\t\t<h3 class=\"elementor-heading-title elementor-size-default\">Service services are classified under the following points<\/h3>\t\t\t\t<\/div>\n\t\t\t\t<\/div>\n\t\t\t\t<div class=\"elementor-element elementor-element-d02e6a6 ul-bullet-padding elementor-widget elementor-widget-text-editor\" data-id=\"d02e6a6\" data-element_type=\"widget\" data-widget_type=\"text-editor.default\">\n\t\t\t\t<div class=\"elementor-widget-container\">\n\t\t\t\t\t\t\t\t\t<ul><li>Diagnostics<\/li><li>Preventive maintenance and service contracts<\/li><li>Repair and maintenance<\/li><li>Overhaul and complete repair<\/li><li>Programming, commissioning, and adjustment worK<\/li><\/ul>\t\t\t\t\t\t\t\t<\/div>\n\t\t\t\t<\/div>\n\t\t\t\t<\/div>\n\t\t\t\t<\/div>\n\t\t<div class=\"elementor-element elementor-element-9b92f77 e-con-full e-flex e-con e-child\" data-id=\"9b92f77\" data-element_type=\"container\">\n\t\t<div class=\"elementor-element elementor-element-465dec4 e-con-full e-flex e-con e-child\" data-id=\"465dec4\" data-element_type=\"container\">\n\t\t\t\t<div class=\"elementor-element elementor-element-9d63084 elementor-widget elementor-widget-heading\" data-id=\"9d63084\" data-element_type=\"widget\" data-widget_type=\"heading.default\">\n\t\t\t\t<div class=\"elementor-widget-container\">\n\t\t\t\t\t<h3 class=\"elementor-heading-title elementor-size-default\">We provide service across Lithuania for the products of the manufacturers we represent.<\/h3>\t\t\t\t<\/div>\n\t\t\t\t<\/div>\n\t\t\t\t<div class=\"elementor-element elementor-element-24d1fdd elementor-widget elementor-widget-heading\" data-id=\"24d1fdd\" data-element_type=\"widget\" data-widget_type=\"heading.default\">\n\t\t\t\t<div class=\"elementor-widget-container\">\n\t\t\t\t\t<p class=\"elementor-heading-title elementor-size-default\">We tailor our service delivery to your needs and offer the necessary engineering support, whether it's emergency or routine maintenance, whenever and wherever you need it.\n\n<br> <br> \n\nAll repair, maintenance, and overhaul work is carried out using original OEM components to ensure quality, helping you manage the program lifecycle within a controlled budget.\n\n<br> <br> \n\nOur service and repair support ranges from regular preventive maintenance to on-site emergency assistance, available 24\/7.<\/p>\t\t\t\t<\/div>\n\t\t\t\t<\/div>\n\t\t\t\t<\/div>\n\t\t\t\t<div class=\"elementor-element elementor-element-fe131e4 elementor-widget elementor-widget-image\" data-id=\"fe131e4\" data-element_type=\"widget\" data-widget_type=\"image.default\">\n\t\t\t\t<div class=\"elementor-widget-container\">\n\t\t\t\t\t\t\t\t\t\t\t\t\t\t\t<img decoding=\"async\" width=\"2816\" height=\"1408\" src=\"https:\/\/invertas.lt\/wp-content\/uploads\/2025\/02\/service_img-2.png\" class=\"attachment-full size-full wp-image-481\" alt=\"\" srcset=\"https:\/\/invertas.lt\/wp-content\/uploads\/2025\/02\/service_img-2.png 2816w, https:\/\/invertas.lt\/wp-content\/uploads\/2025\/02\/service_img-2-300x150.png 300w, https:\/\/invertas.lt\/wp-content\/uploads\/2025\/02\/service_img-2-1024x512.png 1024w, https:\/\/invertas.lt\/wp-content\/uploads\/2025\/02\/service_img-2-768x384.png 768w, https:\/\/invertas.lt\/wp-content\/uploads\/2025\/02\/service_img-2-1536x768.png 1536w, https:\/\/invertas.lt\/wp-content\/uploads\/2025\/02\/service_img-2-2048x1024.png 2048w, https:\/\/invertas.lt\/wp-content\/uploads\/2025\/02\/service_img-2-18x9.png 18w, https:\/\/invertas.lt\/wp-content\/uploads\/2025\/02\/service_img-2-600x300.png 600w\" sizes=\"(max-width: 2816px) 100vw, 2816px\" \/>\t\t\t\t\t\t\t\t\t\t\t\t\t\t\t<\/div>\n\t\t\t\t<\/div>\n\t\t\t\t<\/div>\n\t\t\t\t\t<\/div>\n\t\t\t\t<\/div>\n\t\t\t\t<\/div>","protected":false},"excerpt":{"rendered":"<p>Servisas Atliekame servis\u0105 visoje Lietuvoje m\u016bs\u0173 atstovaujamiems gamintoj\u0173 produktams. Serviso paslaugos klasifikuojamos sekan\u010diais punktais Diagnostika Prevencin\u0117s prie\u017ei\u016bros ir aptarnavimo sutartys Remontas ir prie\u017ei\u016bra Kapitalinis remontas ir pilnas remontas Programavimo, paleidimo ir derinimo darbai Atliekame servis\u0105 visoje Lietuvoje m\u016bs\u0173 atstovaujamiems gamintoj\u0173 produktams Mes pritaikome savo paslaug\u0173 teikim\u0105 pagal j\u016bs\u0173 poreikius ir teikiame reikiam\u0105 in\u017einerin\u0119 pagalb\u0105, nesvarbu, [&hellip;]<\/p>","protected":false},"author":1,"featured_media":0,"parent":0,"menu_order":0,"comment_status":"closed","ping_status":"closed","template":"","meta":{"_acf_changed":false,"inline_featured_image":false,"footnotes":""},"class_list":["post-36","page","type-page","status-publish","hentry"],"acf":[],"yoast_head":"<!-- This site is optimized with the Yoast SEO plugin v25.5 - https:\/\/yoast.com\/wordpress\/plugins\/seo\/ -->\n<title>Servisas - Invertas<\/title>\n<meta name=\"description\" content=\"Atliekame servis\u0105 visoje Lietuvoje m\u016bs\u0173 atstovaujamiems gamintoj\u0173 produktams. Prie\u017ei\u016bra tiek garantiniu, tiek pogarantiniu laikotarpiu.\" \/>\n<meta name=\"robots\" content=\"index, follow, max-snippet:-1, max-image-preview:large, max-video-preview:-1\" \/>\n<link rel=\"canonical\" href=\"https:\/\/invertas.lt\/en\/servisas\/\" \/>\n<meta property=\"og:locale\" content=\"en_GB\" \/>\n<meta property=\"og:type\" content=\"article\" \/>\n<meta property=\"og:title\" content=\"Servisas - Invertas\" \/>\n<meta property=\"og:description\" content=\"Atliekame servis\u0105 visoje Lietuvoje m\u016bs\u0173 atstovaujamiems gamintoj\u0173 produktams. Prie\u017ei\u016bra tiek garantiniu, tiek pogarantiniu laikotarpiu.\" \/>\n<meta property=\"og:url\" content=\"https:\/\/invertas.lt\/en\/servisas\/\" \/>\n<meta property=\"og:site_name\" content=\"Invertas\" \/>\n<meta property=\"article:modified_time\" content=\"2025-10-01T08:52:15+00:00\" \/>\n<meta property=\"og:image\" content=\"http:\/\/aurimasb15.sg-host.com\/wp-content\/uploads\/2025\/02\/service-header.png\" \/>\n<meta name=\"twitter:card\" content=\"summary_large_image\" \/>\n<meta name=\"twitter:label1\" content=\"Estimated reading time\" \/>\n\t<meta name=\"twitter:data1\" content=\"2 minutes\" \/>\n<script type=\"application\/ld+json\" class=\"yoast-schema-graph\">{\"@context\":\"https:\/\/schema.org\",\"@graph\":[{\"@type\":\"WebPage\",\"@id\":\"https:\/\/invertas.lt\/servisas\/\",\"url\":\"https:\/\/invertas.lt\/servisas\/\",\"name\":\"Servisas - Invertas\",\"isPartOf\":{\"@id\":\"https:\/\/invertas.lt\/#website\"},\"primaryImageOfPage\":{\"@id\":\"https:\/\/invertas.lt\/servisas\/#primaryimage\"},\"image\":{\"@id\":\"https:\/\/invertas.lt\/servisas\/#primaryimage\"},\"thumbnailUrl\":\"http:\/\/aurimasb15.sg-host.com\/wp-content\/uploads\/2025\/02\/service-header.png\",\"datePublished\":\"2025-02-05T13:54:14+00:00\",\"dateModified\":\"2025-10-01T08:52:15+00:00\",\"description\":\"Atliekame servis\u0105 visoje Lietuvoje m\u016bs\u0173 atstovaujamiems gamintoj\u0173 produktams. Prie\u017ei\u016bra tiek garantiniu, tiek pogarantiniu laikotarpiu.\",\"breadcrumb\":{\"@id\":\"https:\/\/invertas.lt\/servisas\/#breadcrumb\"},\"inLanguage\":\"en-GB\",\"potentialAction\":[{\"@type\":\"ReadAction\",\"target\":[\"https:\/\/invertas.lt\/servisas\/\"]}]},{\"@type\":\"ImageObject\",\"inLanguage\":\"en-GB\",\"@id\":\"https:\/\/invertas.lt\/servisas\/#primaryimage\",\"url\":\"http:\/\/aurimasb15.sg-host.com\/wp-content\/uploads\/2025\/02\/service-header.png\",\"contentUrl\":\"http:\/\/aurimasb15.sg-host.com\/wp-content\/uploads\/2025\/02\/service-header.png\"},{\"@type\":\"BreadcrumbList\",\"@id\":\"https:\/\/invertas.lt\/servisas\/#breadcrumb\",\"itemListElement\":[{\"@type\":\"ListItem\",\"position\":1,\"name\":\"Prad\u017eia\",\"item\":\"https:\/\/invertas.lt\/\"},{\"@type\":\"ListItem\",\"position\":2,\"name\":\"Servisas\"}]},{\"@type\":\"WebSite\",\"@id\":\"https:\/\/invertas.lt\/#website\",\"url\":\"https:\/\/invertas.lt\/\",\"name\":\"Invertas\",\"description\":\"\",\"publisher\":{\"@id\":\"https:\/\/invertas.lt\/#organization\"},\"potentialAction\":[{\"@type\":\"SearchAction\",\"target\":{\"@type\":\"EntryPoint\",\"urlTemplate\":\"https:\/\/invertas.lt\/?s={search_term_string}\"},\"query-input\":{\"@type\":\"PropertyValueSpecification\",\"valueRequired\":true,\"valueName\":\"search_term_string\"}}],\"inLanguage\":\"en-GB\"},{\"@type\":\"Organization\",\"@id\":\"https:\/\/invertas.lt\/#organization\",\"name\":\"Invertas\",\"url\":\"https:\/\/invertas.lt\/\",\"logo\":{\"@type\":\"ImageObject\",\"inLanguage\":\"en-GB\",\"@id\":\"https:\/\/invertas.lt\/#\/schema\/logo\/image\/\",\"url\":\"https:\/\/invertas.lt\/wp-content\/uploads\/2025\/03\/New-Text-Document-2.svg\",\"contentUrl\":\"https:\/\/invertas.lt\/wp-content\/uploads\/2025\/03\/New-Text-Document-2.svg\",\"width\":140,\"height\":39,\"caption\":\"Invertas\"},\"image\":{\"@id\":\"https:\/\/invertas.lt\/#\/schema\/logo\/image\/\"}}]}<\/script>\n<!-- \/ Yoast SEO plugin. -->","yoast_head_json":{"title":"Servisas - Invertas","description":"Atliekame servis\u0105 visoje Lietuvoje m\u016bs\u0173 atstovaujamiems gamintoj\u0173 produktams. Prie\u017ei\u016bra tiek garantiniu, tiek pogarantiniu laikotarpiu.","robots":{"index":"index","follow":"follow","max-snippet":"max-snippet:-1","max-image-preview":"max-image-preview:large","max-video-preview":"max-video-preview:-1"},"canonical":"https:\/\/invertas.lt\/en\/servisas\/","og_locale":"en_GB","og_type":"article","og_title":"Servisas - Invertas","og_description":"Atliekame servis\u0105 visoje Lietuvoje m\u016bs\u0173 atstovaujamiems gamintoj\u0173 produktams. Prie\u017ei\u016bra tiek garantiniu, tiek pogarantiniu laikotarpiu.","og_url":"https:\/\/invertas.lt\/en\/servisas\/","og_site_name":"Invertas","article_modified_time":"2025-10-01T08:52:15+00:00","og_image":[{"url":"http:\/\/aurimasb15.sg-host.com\/wp-content\/uploads\/2025\/02\/service-header.png","type":"","width":"","height":""}],"twitter_card":"summary_large_image","twitter_misc":{"Estimated reading time":"2 minutes"},"schema":{"@context":"https:\/\/schema.org","@graph":[{"@type":"WebPage","@id":"https:\/\/invertas.lt\/servisas\/","url":"https:\/\/invertas.lt\/servisas\/","name":"Servisas - Invertas","isPartOf":{"@id":"https:\/\/invertas.lt\/#website"},"primaryImageOfPage":{"@id":"https:\/\/invertas.lt\/servisas\/#primaryimage"},"image":{"@id":"https:\/\/invertas.lt\/servisas\/#primaryimage"},"thumbnailUrl":"http:\/\/aurimasb15.sg-host.com\/wp-content\/uploads\/2025\/02\/service-header.png","datePublished":"2025-02-05T13:54:14+00:00","dateModified":"2025-10-01T08:52:15+00:00","description":"Atliekame servis\u0105 visoje Lietuvoje m\u016bs\u0173 atstovaujamiems gamintoj\u0173 produktams. Prie\u017ei\u016bra tiek garantiniu, tiek pogarantiniu laikotarpiu.","breadcrumb":{"@id":"https:\/\/invertas.lt\/servisas\/#breadcrumb"},"inLanguage":"en-GB","potentialAction":[{"@type":"ReadAction","target":["https:\/\/invertas.lt\/servisas\/"]}]},{"@type":"ImageObject","inLanguage":"en-GB","@id":"https:\/\/invertas.lt\/servisas\/#primaryimage","url":"http:\/\/aurimasb15.sg-host.com\/wp-content\/uploads\/2025\/02\/service-header.png","contentUrl":"http:\/\/aurimasb15.sg-host.com\/wp-content\/uploads\/2025\/02\/service-header.png"},{"@type":"BreadcrumbList","@id":"https:\/\/invertas.lt\/servisas\/#breadcrumb","itemListElement":[{"@type":"ListItem","position":1,"name":"Prad\u017eia","item":"https:\/\/invertas.lt\/"},{"@type":"ListItem","position":2,"name":"Servisas"}]},{"@type":"WebSite","@id":"https:\/\/invertas.lt\/#website","url":"https:\/\/invertas.lt\/","name":"Invert","description":"","publisher":{"@id":"https:\/\/invertas.lt\/#organization"},"potentialAction":[{"@type":"SearchAction","target":{"@type":"EntryPoint","urlTemplate":"https:\/\/invertas.lt\/?s={search_term_string}"},"query-input":{"@type":"PropertyValueSpecification","valueRequired":true,"valueName":"search_term_string"}}],"inLanguage":"en-GB"},{"@type":"Organization","@id":"https:\/\/invertas.lt\/#organization","name":"Invert","url":"https:\/\/invertas.lt\/","logo":{"@type":"ImageObject","inLanguage":"en-GB","@id":"https:\/\/invertas.lt\/#\/schema\/logo\/image\/","url":"https:\/\/invertas.lt\/wp-content\/uploads\/2025\/03\/New-Text-Document-2.svg","contentUrl":"https:\/\/invertas.lt\/wp-content\/uploads\/2025\/03\/New-Text-Document-2.svg","width":140,"height":39,"caption":"Invertas"},"image":{"@id":"https:\/\/invertas.lt\/#\/schema\/logo\/image\/"}}]}},"_links":{"self":[{"href":"https:\/\/invertas.lt\/en\/wp-json\/wp\/v2\/pages\/36","targetHints":{"allow":["GET"]}}],"collection":[{"href":"https:\/\/invertas.lt\/en\/wp-json\/wp\/v2\/pages"}],"about":[{"href":"https:\/\/invertas.lt\/en\/wp-json\/wp\/v2\/types\/page"}],"author":[{"embeddable":true,"href":"https:\/\/invertas.lt\/en\/wp-json\/wp\/v2\/users\/1"}],"replies":[{"embeddable":true,"href":"https:\/\/invertas.lt\/en\/wp-json\/wp\/v2\/comments?post=36"}],"version-history":[{"count":0,"href":"https:\/\/invertas.lt\/en\/wp-json\/wp\/v2\/pages\/36\/revisions"}],"wp:attachment":[{"href":"https:\/\/invertas.lt\/en\/wp-json\/wp\/v2\/media?parent=36"}],"curies":[{"name":"wp","href":"https:\/\/api.w.org\/{rel}","templated":true}]}}