{"id":280,"date":"2025-02-16T17:28:33","date_gmt":"2025-02-16T17:28:33","guid":{"rendered":"https:\/\/aurimasb15.sg-host.com\/?page_id=280"},"modified":"2025-10-01T09:00:25","modified_gmt":"2025-10-01T09:00:25","slug":"teirautis","status":"publish","type":"page","link":"https:\/\/invertas.lt\/en\/teirautis\/","title":{"rendered":"Contacts"},"content":{"rendered":"<div data-elementor-type=\"wp-page\" data-elementor-id=\"280\" class=\"elementor elementor-280\">\n\t\t\t\t<div class=\"elementor-element elementor-element-b5603fe e-con-full e-flex e-con e-parent\" data-id=\"b5603fe\" data-element_type=\"container\" data-settings=\"{&quot;background_background&quot;:&quot;classic&quot;}\">\n\t\t<div class=\"elementor-element elementor-element-fef40ee e-con-full e-flex e-con e-child\" data-id=\"fef40ee\" data-element_type=\"container\">\n\t\t\t\t<div class=\"elementor-element elementor-element-e752337 elementor-widget__width-inherit elementor-widget elementor-widget-shortcode\" data-id=\"e752337\" data-element_type=\"widget\" data-widget_type=\"shortcode.default\">\n\t\t\t\t<div class=\"elementor-widget-container\">\n\t\t\t\t\t\t\t<div class=\"elementor-shortcode\">            <div class=\"inquiry-form-container hover-accent-border\">\n            <h2>REQUEST FORM<\/h2>\n            <form class=\"inquiry-form\" method=\"post\" action=\"\" data-trp-original-action=\"\">\n                <input type=\"hidden\" id=\"inquiry_form_nonce_field\" name=\"inquiry_form_nonce_field\" value=\"1d5a727a35\" \/><input type=\"hidden\" name=\"_wp_http_referer\" value=\"\/en\/wp-json\/wp\/v2\/pages\/280\" \/>                <input type=\"hidden\" name=\"custom_inquiry_form_submitted\" value=\"1\" \/>\n                <input type=\"hidden\" name=\"form_type\" value=\"inquiry\" \/>\n\n                                    <p style=\"text-align: center; margin-top: 0; margin-bottom: 32px;\">\n                        No products selected.\n                    <\/p>\n                \n                <p class=\"inquiry-input\">\n                    <label for=\"company\">COMPANY NAME <span style=\"color: red;\">*<\/span><\/label><br>\n                    <input type=\"text\" placeholder=\"Company name\" id=\"company\" name=\"company\" required \/>\n                <\/p>\n                <p class=\"inquiry-input\">\n                    <label for=\"full_name\">FULL NAME <span style=\"color: red;\">*<\/span><\/label><br>\n                    <input type=\"text\" placeholder=\"Your name, surname\" id=\"full_name\" name=\"full_name\" required \/>\n                <\/p>\n                <p class=\"inquiry-input\">\n                    <label for=\"email\">EMAIL <span style=\"color: red;\">*<\/span><\/label><br>\n                    <input type=\"email\" placeholder=\"Your email address\" id=\"email\" name=\"email\" required \/>\n                <\/p>\n                <p class=\"inquiry-input\">\n                    <label for=\"message\">MESSAGE <span style=\"color: red;\">*<\/span><\/label><br>\n                    <textarea id=\"message\" placeholder=\"Write a message\" name=\"message\" rows=\"8\" required><\/textarea>\n                <\/p>\n\n                <button class=\"inquiry-submit-button\" type=\"submit\">Send<\/button>\n            <input type=\"hidden\" name=\"trp-form-language\" value=\"en\"\/><\/form>\n        <\/div>\n    <\/div>\n\t\t\t\t\t\t<\/div>\n\t\t\t\t<\/div>\n\t\t\t\t<\/div>\n\t\t\t\t<div class=\"elementor-element elementor-element-e9741f0 elementor-absolute elementor-widget elementor-widget-html\" data-id=\"e9741f0\" data-element_type=\"widget\" data-settings=\"{&quot;_position&quot;:&quot;absolute&quot;}\" data-widget_type=\"html.default\">\n\t\t\t\t<div class=\"elementor-widget-container\">\n\t\t\t\t\t<svg width=\"938\" height=\"784\" viewbox=\"0 0 938 784\" fill=\"none\" xmlns=\"http:\/\/www.w3.org\/2000\/svg\">\n<path opacity=\"0.05\" fill-rule=\"evenodd\" clip-rule=\"evenodd\" d=\"M65.9762 312.219C65.9762 305.609 60.7493 300.25 54.3016 300.25C47.8539 300.25 42.627 305.609 42.627 312.219V376.015L21.7927 339.02C18.5689 333.295 11.4288 331.333 5.8449 334.639C3.73774 335.886 2.1533 337.705 1.17039 339.794C0.420614 341.374 0 343.148 0 345.024V420.7C0 427.31 5.22691 432.669 11.6746 432.669C18.1223 432.669 23.3493 427.31 23.3493 420.7V389.659L44.1455 426.587C44.2902 426.844 44.4428 427.093 44.6027 427.335C46.6984 430.534 50.2602 432.639 54.3016 432.639C60.7493 432.639 65.9762 427.281 65.9762 420.671V312.219ZM24.0183 312.572C24.0183 319.36 18.6508 324.863 12.0296 324.863C5.4085 324.863 0.0410156 319.36 0.0410156 312.572C0.0410156 305.784 5.4085 300.281 12.0296 300.281C18.6508 300.281 24.0183 305.784 24.0183 312.572Z\" fill=\"url(#paint0_linear_2496_6480)\"\/>\n<path opacity=\"0.1\" fill-rule=\"evenodd\" clip-rule=\"evenodd\" d=\"M223.207 276.655C223.207 264.29 213.429 254.266 201.368 254.266C189.307 254.266 179.529 264.29 179.529 276.655V396L140.554 326.791C134.523 316.083 121.167 312.414 110.722 318.596C106.876 320.873 103.961 324.167 102.113 327.956C100.625 330.982 99.7871 334.402 99.7871 338.022V479.584C99.7871 491.949 109.565 501.974 121.626 501.974C133.687 501.974 143.465 491.949 143.465 479.584V421.518L182.368 490.598C182.746 491.269 183.153 491.913 183.586 492.528C187.547 498.212 194.035 501.917 201.368 501.917C213.429 501.917 223.207 491.893 223.207 479.528V276.655ZM144.714 277.312C144.714 290.01 134.673 300.303 122.288 300.303C109.902 300.303 99.8613 290.01 99.8613 277.312C99.8613 264.614 109.902 254.32 122.288 254.32C134.673 254.32 144.714 264.614 144.714 277.312Z\" fill=\"url(#paint1_linear_2496_6480)\"\/>\n<path opacity=\"0.2\" fill-rule=\"evenodd\" clip-rule=\"evenodd\" d=\"M498.366 206.101C498.366 183.403 480.418 165.002 458.278 165.002C436.138 165.002 418.19 183.403 418.19 206.101V425.036L346.723 298.132C335.653 278.475 311.136 271.74 291.962 283.089C284.789 287.335 279.38 293.51 275.999 300.605C273.37 306.076 271.893 312.234 271.893 318.745V578.602C271.893 601.301 289.841 619.701 311.981 619.701C334.121 619.701 352.069 601.301 352.069 578.602V472.02L422.602 597.266C429.252 610.528 442.731 619.601 458.278 619.601C480.418 619.601 498.366 601.201 498.366 578.502V206.101ZM354.364 207.31C354.364 230.618 335.933 249.514 313.198 249.514C290.462 249.514 272.031 230.618 272.031 207.31C272.031 184.001 290.462 165.105 313.198 165.105C335.933 165.105 354.364 184.001 354.364 207.31Z\" fill=\"url(#paint2_linear_2496_6480)\"\/>\n<path opacity=\"0.3\" fill-rule=\"evenodd\" clip-rule=\"evenodd\" d=\"M937.684 70.8634C937.684 31.7266 906.737 0 868.563 0C830.388 0 799.441 31.7266 799.441 70.8634V448.594L676.083 229.545C656.995 195.652 614.722 184.039 581.661 203.608C569.41 210.859 560.143 221.375 554.303 233.466C549.665 242.984 547.057 253.723 547.057 265.086V713.137C547.057 752.273 578.003 784 616.178 784C654.352 784 685.299 752.273 685.299 713.137V529.364L808.425 748.001C809.59 750.069 810.841 752.053 812.17 753.953C824.696 772.033 845.285 783.829 868.563 783.829C906.737 783.829 937.684 752.102 937.684 712.965V70.8634ZM689.251 72.9489C689.251 113.138 657.472 145.718 618.271 145.718C579.07 145.718 547.291 113.138 547.291 72.9489C547.291 32.7596 579.07 0.179688 618.271 0.179688C657.472 0.179688 689.251 32.7596 689.251 72.9489Z\" fill=\"url(#paint3_linear_2496_6480)\"\/>\n<defs>\n<lineargradient id=\"paint0_linear_2496_6480\" x1=\"54.7511\" y1=\"412.929\" x2=\"-35.7398\" y2=\"367.647\" gradientunits=\"userSpaceOnUse\">\n<stop stop-color=\"#175270\"\/>\n<stop offset=\"1\" stop-color=\"#12223D\"\/>\n<\/lineargradient>\n<lineargradient id=\"paint1_linear_2496_6480\" x1=\"202.209\" y1=\"465.047\" x2=\"32.9307\" y2=\"380.339\" gradientunits=\"userSpaceOnUse\">\n<stop stop-color=\"#175270\"\/>\n<stop offset=\"1\" stop-color=\"#12223D\"\/>\n<\/lineargradient>\n<lineargradient id=\"paint2_linear_2496_6480\" x1=\"459.834\" y1=\"551.919\" x2=\"149.169\" y2=\"396.513\" gradientunits=\"userSpaceOnUse\">\n<stop stop-color=\"#175270\"\/>\n<stop offset=\"1\" stop-color=\"#12223D\"\/>\n<\/lineargradient>\n<lineargradient id=\"paint3_linear_2496_6480\" x1=\"871.223\" y1=\"667.128\" x2=\"335.455\" y2=\"399.024\" gradientunits=\"userSpaceOnUse\">\n<stop stop-color=\"#175270\"\/>\n<stop offset=\"1\" stop-color=\"#12223D\"\/>\n<\/lineargradient>\n<\/defs>\n<\/svg>\n\t\t\t\t<\/div>\n\t\t\t\t<\/div>\n\t\t\t\t<\/div>\n\t\t\t\t<\/div>","protected":false},"excerpt":{"rendered":"","protected":false},"author":1,"featured_media":0,"parent":0,"menu_order":0,"comment_status":"closed","ping_status":"closed","template":"","meta":{"_acf_changed":false,"inline_featured_image":false,"footnotes":""},"class_list":["post-280","page","type-page","status-publish","hentry"],"acf":[],"yoast_head":"<!-- This site is optimized with the Yoast SEO plugin v25.5 - https:\/\/yoast.com\/wordpress\/plugins\/seo\/ -->\n<title>Kontaktai - Invertas<\/title>\n<meta name=\"description\" content=\"Nor\u0117dami su\u017einoti daugiau apie m\u016bs\u0173 produktus ir paslaugas, kreipkit\u0117s \u012f mus telefonu, el. pa\u0161tu arba u\u017epild\u0119 kontakt\u0173 form\u0105.\" \/>\n<meta name=\"robots\" content=\"index, follow, max-snippet:-1, max-image-preview:large, max-video-preview:-1\" \/>\n<link rel=\"canonical\" href=\"https:\/\/invertas.lt\/en\/teirautis\/\" \/>\n<meta property=\"og:locale\" content=\"en_GB\" \/>\n<meta property=\"og:type\" content=\"article\" \/>\n<meta property=\"og:title\" content=\"Kontaktai - Invertas\" \/>\n<meta property=\"og:description\" content=\"Nor\u0117dami su\u017einoti daugiau apie m\u016bs\u0173 produktus ir paslaugas, kreipkit\u0117s \u012f mus telefonu, el. pa\u0161tu arba u\u017epild\u0119 kontakt\u0173 form\u0105.\" \/>\n<meta property=\"og:url\" content=\"https:\/\/invertas.lt\/en\/teirautis\/\" \/>\n<meta property=\"og:site_name\" content=\"Invertas\" \/>\n<meta property=\"article:modified_time\" content=\"2025-10-01T09:00:25+00:00\" \/>\n<meta name=\"twitter:card\" content=\"summary_large_image\" \/>\n<meta name=\"twitter:label1\" content=\"Estimated reading time\" \/>\n\t<meta name=\"twitter:data1\" content=\"1 minute\" \/>\n<script type=\"application\/ld+json\" class=\"yoast-schema-graph\">{\"@context\":\"https:\/\/schema.org\",\"@graph\":[{\"@type\":\"WebPage\",\"@id\":\"https:\/\/invertas.lt\/teirautis\/\",\"url\":\"https:\/\/invertas.lt\/teirautis\/\",\"name\":\"Kontaktai - Invertas\",\"isPartOf\":{\"@id\":\"https:\/\/invertas.lt\/#website\"},\"datePublished\":\"2025-02-16T17:28:33+00:00\",\"dateModified\":\"2025-10-01T09:00:25+00:00\",\"description\":\"Nor\u0117dami su\u017einoti daugiau apie m\u016bs\u0173 produktus ir paslaugas, kreipkit\u0117s \u012f mus telefonu, el. pa\u0161tu arba u\u017epild\u0119 kontakt\u0173 form\u0105.\",\"breadcrumb\":{\"@id\":\"https:\/\/invertas.lt\/teirautis\/#breadcrumb\"},\"inLanguage\":\"en-GB\",\"potentialAction\":[{\"@type\":\"ReadAction\",\"target\":[\"https:\/\/invertas.lt\/teirautis\/\"]}]},{\"@type\":\"BreadcrumbList\",\"@id\":\"https:\/\/invertas.lt\/teirautis\/#breadcrumb\",\"itemListElement\":[{\"@type\":\"ListItem\",\"position\":1,\"name\":\"Prad\u017eia\",\"item\":\"https:\/\/invertas.lt\/\"},{\"@type\":\"ListItem\",\"position\":2,\"name\":\"Kontaktai\"}]},{\"@type\":\"WebSite\",\"@id\":\"https:\/\/invertas.lt\/#website\",\"url\":\"https:\/\/invertas.lt\/\",\"name\":\"Invertas\",\"description\":\"\",\"publisher\":{\"@id\":\"https:\/\/invertas.lt\/#organization\"},\"potentialAction\":[{\"@type\":\"SearchAction\",\"target\":{\"@type\":\"EntryPoint\",\"urlTemplate\":\"https:\/\/invertas.lt\/?s={search_term_string}\"},\"query-input\":{\"@type\":\"PropertyValueSpecification\",\"valueRequired\":true,\"valueName\":\"search_term_string\"}}],\"inLanguage\":\"en-GB\"},{\"@type\":\"Organization\",\"@id\":\"https:\/\/invertas.lt\/#organization\",\"name\":\"Invertas\",\"url\":\"https:\/\/invertas.lt\/\",\"logo\":{\"@type\":\"ImageObject\",\"inLanguage\":\"en-GB\",\"@id\":\"https:\/\/invertas.lt\/#\/schema\/logo\/image\/\",\"url\":\"https:\/\/invertas.lt\/wp-content\/uploads\/2025\/03\/New-Text-Document-2.svg\",\"contentUrl\":\"https:\/\/invertas.lt\/wp-content\/uploads\/2025\/03\/New-Text-Document-2.svg\",\"width\":140,\"height\":39,\"caption\":\"Invertas\"},\"image\":{\"@id\":\"https:\/\/invertas.lt\/#\/schema\/logo\/image\/\"}}]}<\/script>\n<!-- \/ Yoast SEO plugin. -->","yoast_head_json":{"title":"Contacts - Invert","description":"To learn more about our products and services, please contact us by phone, email, or by filling out the contact form.","robots":{"index":"index","follow":"follow","max-snippet":"max-snippet:-1","max-image-preview":"max-image-preview:large","max-video-preview":"max-video-preview:-1"},"canonical":"https:\/\/invertas.lt\/en\/teirautis\/","og_locale":"en_GB","og_type":"article","og_title":"Kontaktai - Invertas","og_description":"Nor\u0117dami su\u017einoti daugiau apie m\u016bs\u0173 produktus ir paslaugas, kreipkit\u0117s \u012f mus telefonu, el. pa\u0161tu arba u\u017epild\u0119 kontakt\u0173 form\u0105.","og_url":"https:\/\/invertas.lt\/en\/teirautis\/","og_site_name":"Invertas","article_modified_time":"2025-10-01T09:00:25+00:00","twitter_card":"summary_large_image","twitter_misc":{"Estimated reading time":"1 minute"},"schema":{"@context":"https:\/\/schema.org","@graph":[{"@type":"WebPage","@id":"https:\/\/invertas.lt\/teirautis\/","url":"https:\/\/invertas.lt\/teirautis\/","name":"Contacts - Invert","isPartOf":{"@id":"https:\/\/invertas.lt\/#website"},"datePublished":"2025-02-16T17:28:33+00:00","dateModified":"2025-10-01T09:00:25+00:00","description":"To learn more about our products and services, please contact us by phone, email, or by filling out the contact form.","breadcrumb":{"@id":"https:\/\/invertas.lt\/teirautis\/#breadcrumb"},"inLanguage":"en-GB","potentialAction":[{"@type":"ReadAction","target":["https:\/\/invertas.lt\/teirautis\/"]}]},{"@type":"BreadcrumbList","@id":"https:\/\/invertas.lt\/teirautis\/#breadcrumb","itemListElement":[{"@type":"ListItem","position":1,"name":"Prad\u017eia","item":"https:\/\/invertas.lt\/"},{"@type":"ListItem","position":2,"name":"Kontaktai"}]},{"@type":"WebSite","@id":"https:\/\/invertas.lt\/#website","url":"https:\/\/invertas.lt\/","name":"Invert","description":"","publisher":{"@id":"https:\/\/invertas.lt\/#organization"},"potentialAction":[{"@type":"SearchAction","target":{"@type":"EntryPoint","urlTemplate":"https:\/\/invertas.lt\/?s={search_term_string}"},"query-input":{"@type":"PropertyValueSpecification","valueRequired":true,"valueName":"search_term_string"}}],"inLanguage":"en-GB"},{"@type":"Organization","@id":"https:\/\/invertas.lt\/#organization","name":"Invert","url":"https:\/\/invertas.lt\/","logo":{"@type":"ImageObject","inLanguage":"en-GB","@id":"https:\/\/invertas.lt\/#\/schema\/logo\/image\/","url":"https:\/\/invertas.lt\/wp-content\/uploads\/2025\/03\/New-Text-Document-2.svg","contentUrl":"https:\/\/invertas.lt\/wp-content\/uploads\/2025\/03\/New-Text-Document-2.svg","width":140,"height":39,"caption":"Invertas"},"image":{"@id":"https:\/\/invertas.lt\/#\/schema\/logo\/image\/"}}]}},"_links":{"self":[{"href":"https:\/\/invertas.lt\/en\/wp-json\/wp\/v2\/pages\/280","targetHints":{"allow":["GET"]}}],"collection":[{"href":"https:\/\/invertas.lt\/en\/wp-json\/wp\/v2\/pages"}],"about":[{"href":"https:\/\/invertas.lt\/en\/wp-json\/wp\/v2\/types\/page"}],"author":[{"embeddable":true,"href":"https:\/\/invertas.lt\/en\/wp-json\/wp\/v2\/users\/1"}],"replies":[{"embeddable":true,"href":"https:\/\/invertas.lt\/en\/wp-json\/wp\/v2\/comments?post=280"}],"version-history":[{"count":0,"href":"https:\/\/invertas.lt\/en\/wp-json\/wp\/v2\/pages\/280\/revisions"}],"wp:attachment":[{"href":"https:\/\/invertas.lt\/en\/wp-json\/wp\/v2\/media?parent=280"}],"curies":[{"name":"wp","href":"https:\/\/api.w.org\/{rel}","templated":true}]}}